{"id":2899,"date":"2025-05-05T09:14:27","date_gmt":"2025-05-05T02:14:27","guid":{"rendered":"https:\/\/puttercorner.com\/?post_type=product&#038;p=2899"},"modified":"2025-05-05T09:14:27","modified_gmt":"2025-05-05T02:14:27","slug":"phien-ban-mau-hong-duong-3-soc-mieng-dan-duong-ngam-cho-putter-odssey-2-ball-mieng-dan-che-vet-xuoc-khong-trong-suot","status":"publish","type":"product","link":"https:\/\/puttercorner.com\/en\/shop\/phien-ban-mau-hong-duong-3-soc-mieng-dan-duong-ngam-cho-putter-odssey-2-ball-mieng-dan-che-vet-xuoc-khong-trong-suot\/","title":{"rendered":"Phi\u00ean b\u1ea3n m\u00e0u h\u1ed3ng \u0111\u01b0\u1eddng 3 s\u1ecdc &#8211; Mi\u1ebfng d\u00e1n \u0111\u01b0\u1eddng ng\u1eafm cho putter Odssey 2-Ball ( Mi\u1ebfng d\u00e1n che v\u1ebft x\u01b0\u1edbc &#8211; kh\u00f4ng trong su\u1ed1t )"},"content":{"rendered":"","protected":false},"excerpt":{"rendered":"","protected":false},"featured_media":2900,"comment_status":"closed","ping_status":"closed","template":"","meta":[],"product_brand":[],"product_cat":[85],"product_tag":[],"class_list":{"0":"post-2899","1":"product","2":"type-product","3":"status-publish","4":"has-post-thumbnail","6":"product_cat-phu-kien","8":"first","9":"instock","10":"taxable","11":"shipping-taxable","12":"product-type-simple"},"yoast_head":"<!-- This site is optimized with the Yoast SEO plugin v24.8.1 - https:\/\/yoast.com\/wordpress\/plugins\/seo\/ -->\n<title>Phi\u00ean b\u1ea3n m\u00e0u h\u1ed3ng \u0111\u01b0\u1eddng 3 s\u1ecdc - Mi\u1ebfng d\u00e1n \u0111\u01b0\u1eddng ng\u1eafm cho putter Odssey 2-Ball ( Mi\u1ebfng d\u00e1n che v\u1ebft x\u01b0\u1edbc - kh\u00f4ng trong su\u1ed1t ) - Puttercorner.com<\/title>\n<meta name=\"robots\" content=\"index, follow, max-snippet:-1, max-image-preview:large, max-video-preview:-1\" \/>\n<link rel=\"canonical\" href=\"https:\/\/puttercorner.com\/en\/shop\/phien-ban-mau-hong-duong-3-soc-mieng-dan-duong-ngam-cho-putter-odssey-2-ball-mieng-dan-che-vet-xuoc-khong-trong-suot\/\" \/>\n<meta property=\"og:locale\" content=\"en_US\" \/>\n<meta property=\"og:type\" content=\"article\" \/>\n<meta property=\"og:title\" content=\"Phi\u00ean b\u1ea3n m\u00e0u h\u1ed3ng \u0111\u01b0\u1eddng 3 s\u1ecdc - Mi\u1ebfng d\u00e1n \u0111\u01b0\u1eddng ng\u1eafm cho putter Odssey 2-Ball ( Mi\u1ebfng d\u00e1n che v\u1ebft x\u01b0\u1edbc - kh\u00f4ng trong su\u1ed1t ) - Puttercorner.com\" \/>\n<meta property=\"og:url\" content=\"https:\/\/puttercorner.com\/en\/shop\/phien-ban-mau-hong-duong-3-soc-mieng-dan-duong-ngam-cho-putter-odssey-2-ball-mieng-dan-che-vet-xuoc-khong-trong-suot\/\" \/>\n<meta property=\"og:site_name\" content=\"Puttercorner.com\" \/>\n<meta property=\"article:publisher\" content=\"https:\/\/www.facebook.com\/people\/Putter-Corner\/61569123132539\/\" \/>\n<meta property=\"og:image\" content=\"https:\/\/puttercorner.com\/wp-content\/uploads\/2025\/05\/z6568969269774_35a0129091ff3f6521f1f8a1520eef1d.jpg\" \/>\n\t<meta property=\"og:image:width\" content=\"1200\" \/>\n\t<meta property=\"og:image:height\" content=\"1200\" \/>\n\t<meta property=\"og:image:type\" content=\"image\/jpeg\" \/>\n<meta name=\"twitter:card\" content=\"summary_large_image\" \/>\n<meta name=\"twitter:label1\" content=\"Est. reading time\" \/>\n\t<meta name=\"twitter:data1\" content=\"1 minute\" \/>\n<script type=\"application\/ld+json\" class=\"yoast-schema-graph\">{\"@context\":\"https:\/\/schema.org\",\"@graph\":[{\"@type\":\"WebPage\",\"@id\":\"https:\/\/puttercorner.com\/shop\/phien-ban-mau-hong-duong-3-soc-mieng-dan-duong-ngam-cho-putter-odssey-2-ball-mieng-dan-che-vet-xuoc-khong-trong-suot\/\",\"url\":\"https:\/\/puttercorner.com\/shop\/phien-ban-mau-hong-duong-3-soc-mieng-dan-duong-ngam-cho-putter-odssey-2-ball-mieng-dan-che-vet-xuoc-khong-trong-suot\/\",\"name\":\"Phi\u00ean b\u1ea3n m\u00e0u h\u1ed3ng \u0111\u01b0\u1eddng 3 s\u1ecdc - Mi\u1ebfng d\u00e1n \u0111\u01b0\u1eddng ng\u1eafm cho putter Odssey 2-Ball ( Mi\u1ebfng d\u00e1n che v\u1ebft x\u01b0\u1edbc - kh\u00f4ng trong su\u1ed1t ) - Puttercorner.com\",\"isPartOf\":{\"@id\":\"https:\/\/puttercorner.com\/#website\"},\"primaryImageOfPage\":{\"@id\":\"https:\/\/puttercorner.com\/shop\/phien-ban-mau-hong-duong-3-soc-mieng-dan-duong-ngam-cho-putter-odssey-2-ball-mieng-dan-che-vet-xuoc-khong-trong-suot\/#primaryimage\"},\"image\":{\"@id\":\"https:\/\/puttercorner.com\/shop\/phien-ban-mau-hong-duong-3-soc-mieng-dan-duong-ngam-cho-putter-odssey-2-ball-mieng-dan-che-vet-xuoc-khong-trong-suot\/#primaryimage\"},\"thumbnailUrl\":\"https:\/\/puttercorner.com\/wp-content\/uploads\/2025\/05\/z6568969269774_35a0129091ff3f6521f1f8a1520eef1d.jpg\",\"datePublished\":\"2025-05-05T02:14:27+00:00\",\"breadcrumb\":{\"@id\":\"https:\/\/puttercorner.com\/shop\/phien-ban-mau-hong-duong-3-soc-mieng-dan-duong-ngam-cho-putter-odssey-2-ball-mieng-dan-che-vet-xuoc-khong-trong-suot\/#breadcrumb\"},\"inLanguage\":\"en-US\",\"potentialAction\":[{\"@type\":\"ReadAction\",\"target\":[\"https:\/\/puttercorner.com\/shop\/phien-ban-mau-hong-duong-3-soc-mieng-dan-duong-ngam-cho-putter-odssey-2-ball-mieng-dan-che-vet-xuoc-khong-trong-suot\/\"]}]},{\"@type\":\"ImageObject\",\"inLanguage\":\"en-US\",\"@id\":\"https:\/\/puttercorner.com\/shop\/phien-ban-mau-hong-duong-3-soc-mieng-dan-duong-ngam-cho-putter-odssey-2-ball-mieng-dan-che-vet-xuoc-khong-trong-suot\/#primaryimage\",\"url\":\"https:\/\/puttercorner.com\/wp-content\/uploads\/2025\/05\/z6568969269774_35a0129091ff3f6521f1f8a1520eef1d.jpg\",\"contentUrl\":\"https:\/\/puttercorner.com\/wp-content\/uploads\/2025\/05\/z6568969269774_35a0129091ff3f6521f1f8a1520eef1d.jpg\",\"width\":1200,\"height\":1200},{\"@type\":\"BreadcrumbList\",\"@id\":\"https:\/\/puttercorner.com\/shop\/phien-ban-mau-hong-duong-3-soc-mieng-dan-duong-ngam-cho-putter-odssey-2-ball-mieng-dan-che-vet-xuoc-khong-trong-suot\/#breadcrumb\",\"itemListElement\":[{\"@type\":\"ListItem\",\"position\":1,\"name\":\"Home\",\"item\":\"https:\/\/puttercorner.com\/\"},{\"@type\":\"ListItem\",\"position\":2,\"name\":\"Shop\",\"item\":\"https:\/\/puttercorner.com\/shop\/\"},{\"@type\":\"ListItem\",\"position\":3,\"name\":\"Phi\u00ean b\u1ea3n m\u00e0u h\u1ed3ng \u0111\u01b0\u1eddng 3 s\u1ecdc &#8211; Mi\u1ebfng d\u00e1n \u0111\u01b0\u1eddng ng\u1eafm cho putter Odssey 2-Ball ( Mi\u1ebfng d\u00e1n che v\u1ebft x\u01b0\u1edbc &#8211; kh\u00f4ng trong su\u1ed1t )\"}]},{\"@type\":\"WebSite\",\"@id\":\"https:\/\/puttercorner.com\/#website\",\"url\":\"https:\/\/puttercorner.com\/\",\"name\":\"Putter Corner - \u0111\u01a1n v\u1ecb \u0111\u1ea7u ti\u00ean t\u1ea1i Vi\u1ec7t Nam chuy\u00ean v\u1ec1 d\u1ecbch v\u1ee5 t\u00e2n trang v\u00e0 c\u00e1 nh\u00e2n h\u00f3a g\u1eady golf.\",\"description\":\"\u0110\u01a1n v\u1ecb \u0111\u1ea7u ti\u00ean t\u1ea1i Vi\u1ec7t Nam chuy\u00ean v\u1ec1 d\u1ecbch v\u1ee5 t\u00e2n trang v\u00e0 c\u00e1 nh\u00e2n h\u00f3a g\u1eady golf.\",\"publisher\":{\"@id\":\"https:\/\/puttercorner.com\/#organization\"},\"potentialAction\":[{\"@type\":\"SearchAction\",\"target\":{\"@type\":\"EntryPoint\",\"urlTemplate\":\"https:\/\/puttercorner.com\/?s={search_term_string}\"},\"query-input\":{\"@type\":\"PropertyValueSpecification\",\"valueRequired\":true,\"valueName\":\"search_term_string\"}}],\"inLanguage\":\"en-US\"},{\"@type\":\"Organization\",\"@id\":\"https:\/\/puttercorner.com\/#organization\",\"name\":\"Putter Corner\",\"url\":\"https:\/\/puttercorner.com\/\",\"logo\":{\"@type\":\"ImageObject\",\"inLanguage\":\"en-US\",\"@id\":\"https:\/\/puttercorner.com\/#\/schema\/logo\/image\/\",\"url\":\"https:\/\/puttercorner.com\/wp-content\/uploads\/2025\/03\/logo50-1.png\",\"contentUrl\":\"https:\/\/puttercorner.com\/wp-content\/uploads\/2025\/03\/logo50-1.png\",\"width\":2300,\"height\":500,\"caption\":\"Putter Corner\"},\"image\":{\"@id\":\"https:\/\/puttercorner.com\/#\/schema\/logo\/image\/\"},\"sameAs\":[\"https:\/\/www.facebook.com\/people\/Putter-Corner\/61569123132539\/\"]}]}<\/script>\n<!-- \/ Yoast SEO plugin. -->","yoast_head_json":{"title":"Phi\u00ean b\u1ea3n m\u00e0u h\u1ed3ng \u0111\u01b0\u1eddng 3 s\u1ecdc - Mi\u1ebfng d\u00e1n \u0111\u01b0\u1eddng ng\u1eafm cho putter Odssey 2-Ball ( Mi\u1ebfng d\u00e1n che v\u1ebft x\u01b0\u1edbc - kh\u00f4ng trong su\u1ed1t ) - Puttercorner.com","robots":{"index":"index","follow":"follow","max-snippet":"max-snippet:-1","max-image-preview":"max-image-preview:large","max-video-preview":"max-video-preview:-1"},"canonical":"https:\/\/puttercorner.com\/en\/shop\/phien-ban-mau-hong-duong-3-soc-mieng-dan-duong-ngam-cho-putter-odssey-2-ball-mieng-dan-che-vet-xuoc-khong-trong-suot\/","og_locale":"en_US","og_type":"article","og_title":"Phi\u00ean b\u1ea3n m\u00e0u h\u1ed3ng \u0111\u01b0\u1eddng 3 s\u1ecdc - Mi\u1ebfng d\u00e1n \u0111\u01b0\u1eddng ng\u1eafm cho putter Odssey 2-Ball ( Mi\u1ebfng d\u00e1n che v\u1ebft x\u01b0\u1edbc - kh\u00f4ng trong su\u1ed1t ) - Puttercorner.com","og_url":"https:\/\/puttercorner.com\/en\/shop\/phien-ban-mau-hong-duong-3-soc-mieng-dan-duong-ngam-cho-putter-odssey-2-ball-mieng-dan-che-vet-xuoc-khong-trong-suot\/","og_site_name":"Puttercorner.com","article_publisher":"https:\/\/www.facebook.com\/people\/Putter-Corner\/61569123132539\/","og_image":[{"width":1200,"height":1200,"url":"https:\/\/puttercorner.com\/wp-content\/uploads\/2025\/05\/z6568969269774_35a0129091ff3f6521f1f8a1520eef1d.jpg","type":"image\/jpeg"}],"twitter_card":"summary_large_image","twitter_misc":{"Est. reading time":"1 minute"},"schema":{"@context":"https:\/\/schema.org","@graph":[{"@type":"WebPage","@id":"https:\/\/puttercorner.com\/shop\/phien-ban-mau-hong-duong-3-soc-mieng-dan-duong-ngam-cho-putter-odssey-2-ball-mieng-dan-che-vet-xuoc-khong-trong-suot\/","url":"https:\/\/puttercorner.com\/shop\/phien-ban-mau-hong-duong-3-soc-mieng-dan-duong-ngam-cho-putter-odssey-2-ball-mieng-dan-che-vet-xuoc-khong-trong-suot\/","name":"Phi\u00ean b\u1ea3n m\u00e0u h\u1ed3ng \u0111\u01b0\u1eddng 3 s\u1ecdc - Mi\u1ebfng d\u00e1n \u0111\u01b0\u1eddng ng\u1eafm cho putter Odssey 2-Ball ( Mi\u1ebfng d\u00e1n che v\u1ebft x\u01b0\u1edbc - kh\u00f4ng trong su\u1ed1t ) - Puttercorner.com","isPartOf":{"@id":"https:\/\/puttercorner.com\/#website"},"primaryImageOfPage":{"@id":"https:\/\/puttercorner.com\/shop\/phien-ban-mau-hong-duong-3-soc-mieng-dan-duong-ngam-cho-putter-odssey-2-ball-mieng-dan-che-vet-xuoc-khong-trong-suot\/#primaryimage"},"image":{"@id":"https:\/\/puttercorner.com\/shop\/phien-ban-mau-hong-duong-3-soc-mieng-dan-duong-ngam-cho-putter-odssey-2-ball-mieng-dan-che-vet-xuoc-khong-trong-suot\/#primaryimage"},"thumbnailUrl":"https:\/\/puttercorner.com\/wp-content\/uploads\/2025\/05\/z6568969269774_35a0129091ff3f6521f1f8a1520eef1d.jpg","datePublished":"2025-05-05T02:14:27+00:00","breadcrumb":{"@id":"https:\/\/puttercorner.com\/shop\/phien-ban-mau-hong-duong-3-soc-mieng-dan-duong-ngam-cho-putter-odssey-2-ball-mieng-dan-che-vet-xuoc-khong-trong-suot\/#breadcrumb"},"inLanguage":"en-US","potentialAction":[{"@type":"ReadAction","target":["https:\/\/puttercorner.com\/shop\/phien-ban-mau-hong-duong-3-soc-mieng-dan-duong-ngam-cho-putter-odssey-2-ball-mieng-dan-che-vet-xuoc-khong-trong-suot\/"]}]},{"@type":"ImageObject","inLanguage":"en-US","@id":"https:\/\/puttercorner.com\/shop\/phien-ban-mau-hong-duong-3-soc-mieng-dan-duong-ngam-cho-putter-odssey-2-ball-mieng-dan-che-vet-xuoc-khong-trong-suot\/#primaryimage","url":"https:\/\/puttercorner.com\/wp-content\/uploads\/2025\/05\/z6568969269774_35a0129091ff3f6521f1f8a1520eef1d.jpg","contentUrl":"https:\/\/puttercorner.com\/wp-content\/uploads\/2025\/05\/z6568969269774_35a0129091ff3f6521f1f8a1520eef1d.jpg","width":1200,"height":1200},{"@type":"BreadcrumbList","@id":"https:\/\/puttercorner.com\/shop\/phien-ban-mau-hong-duong-3-soc-mieng-dan-duong-ngam-cho-putter-odssey-2-ball-mieng-dan-che-vet-xuoc-khong-trong-suot\/#breadcrumb","itemListElement":[{"@type":"ListItem","position":1,"name":"Home","item":"https:\/\/puttercorner.com\/"},{"@type":"ListItem","position":2,"name":"Shop","item":"https:\/\/puttercorner.com\/shop\/"},{"@type":"ListItem","position":3,"name":"Phi\u00ean b\u1ea3n m\u00e0u h\u1ed3ng \u0111\u01b0\u1eddng 3 s\u1ecdc &#8211; Mi\u1ebfng d\u00e1n \u0111\u01b0\u1eddng ng\u1eafm cho putter Odssey 2-Ball ( Mi\u1ebfng d\u00e1n che v\u1ebft x\u01b0\u1edbc &#8211; kh\u00f4ng trong su\u1ed1t )"}]},{"@type":"WebSite","@id":"https:\/\/puttercorner.com\/#website","url":"https:\/\/puttercorner.com\/","name":"Putter Corner - \u0111\u01a1n v\u1ecb \u0111\u1ea7u ti\u00ean t\u1ea1i Vi\u1ec7t Nam chuy\u00ean v\u1ec1 d\u1ecbch v\u1ee5 t\u00e2n trang v\u00e0 c\u00e1 nh\u00e2n h\u00f3a g\u1eady golf.","description":"\u0110\u01a1n v\u1ecb \u0111\u1ea7u ti\u00ean t\u1ea1i Vi\u1ec7t Nam chuy\u00ean v\u1ec1 d\u1ecbch v\u1ee5 t\u00e2n trang v\u00e0 c\u00e1 nh\u00e2n h\u00f3a g\u1eady golf.","publisher":{"@id":"https:\/\/puttercorner.com\/#organization"},"potentialAction":[{"@type":"SearchAction","target":{"@type":"EntryPoint","urlTemplate":"https:\/\/puttercorner.com\/?s={search_term_string}"},"query-input":{"@type":"PropertyValueSpecification","valueRequired":true,"valueName":"search_term_string"}}],"inLanguage":"en-US"},{"@type":"Organization","@id":"https:\/\/puttercorner.com\/#organization","name":"Putter Corner","url":"https:\/\/puttercorner.com\/","logo":{"@type":"ImageObject","inLanguage":"en-US","@id":"https:\/\/puttercorner.com\/#\/schema\/logo\/image\/","url":"https:\/\/puttercorner.com\/wp-content\/uploads\/2025\/03\/logo50-1.png","contentUrl":"https:\/\/puttercorner.com\/wp-content\/uploads\/2025\/03\/logo50-1.png","width":2300,"height":500,"caption":"Putter Corner"},"image":{"@id":"https:\/\/puttercorner.com\/#\/schema\/logo\/image\/"},"sameAs":["https:\/\/www.facebook.com\/people\/Putter-Corner\/61569123132539\/"]}]}},"_links":{"self":[{"href":"https:\/\/puttercorner.com\/en\/wp-json\/wp\/v2\/product\/2899","targetHints":{"allow":["GET"]}}],"collection":[{"href":"https:\/\/puttercorner.com\/en\/wp-json\/wp\/v2\/product"}],"about":[{"href":"https:\/\/puttercorner.com\/en\/wp-json\/wp\/v2\/types\/product"}],"replies":[{"embeddable":true,"href":"https:\/\/puttercorner.com\/en\/wp-json\/wp\/v2\/comments?post=2899"}],"wp:featuredmedia":[{"embeddable":true,"href":"https:\/\/puttercorner.com\/en\/wp-json\/wp\/v2\/media\/2900"}],"wp:attachment":[{"href":"https:\/\/puttercorner.com\/en\/wp-json\/wp\/v2\/media?parent=2899"}],"wp:term":[{"taxonomy":"product_brand","embeddable":true,"href":"https:\/\/puttercorner.com\/en\/wp-json\/wp\/v2\/product_brand?post=2899"},{"taxonomy":"product_cat","embeddable":true,"href":"https:\/\/puttercorner.com\/en\/wp-json\/wp\/v2\/product_cat?post=2899"},{"taxonomy":"product_tag","embeddable":true,"href":"https:\/\/puttercorner.com\/en\/wp-json\/wp\/v2\/product_tag?post=2899"}],"curies":[{"name":"wp","href":"https:\/\/api.w.org\/{rel}","templated":true}]}}