{"id":2596,"date":"2025-04-04T14:37:47","date_gmt":"2025-04-04T07:37:47","guid":{"rendered":"https:\/\/puttercorner.com\/?post_type=product&#038;p=2596"},"modified":"2025-04-04T14:37:47","modified_gmt":"2025-04-04T07:37:47","slug":"dau-thuoc-do-da-nang","status":"publish","type":"product","link":"https:\/\/puttercorner.com\/en\/shop\/dau-thuoc-do-da-nang\/","title":{"rendered":"\u0110\u1ea7u th\u01b0\u1edbc \u0111o \u0111a n\u0103ng"},"content":{"rendered":"<p data-pm-slice=\"1 1 []\"><strong>\u0110\u1ea7u Th\u01b0\u1edbc \u0110o \u0110a N\u0103ng \u2013 C\u00f4ng C\u1ee5 Ho\u00e0n H\u1ea3o Cho Golfer Chuy\u00ean Nghi\u1ec7p<\/strong><\/p>\n<p>Trong th\u1ebf gi\u1edbi golf, \u0111\u1ed9 ch\u00ednh x\u00e1c v\u00e0 s\u1ef1 ki\u1ec3m so\u00e1t l\u00e0 hai y\u1ebfu t\u1ed1 quan tr\u1ecdng nh\u1ea5t \u0111\u1ec3 n\u00e2ng cao k\u1ef9 n\u0103ng v\u00e0 hi\u1ec7u su\u1ea5t ch\u01a1i. \u0110\u1ec3 h\u1ed7 tr\u1ee3 c\u00e1c golfer \u0111\u1ea1t \u0111\u01b0\u1ee3c \u0111i\u1ec1u n\u00e0y, s\u1ea3n ph\u1ea9m <strong>\u0110\u1ea7u Th\u01b0\u1edbc \u0110o \u0110a N\u0103ng<\/strong> ra \u0111\u1eddi nh\u01b0 m\u1ed9t gi\u1ea3i ph\u00e1p t\u1ed1i \u01b0u, gi\u00fap c\u1ea3i thi\u1ec7n c\u00fa \u0111\u00e1nh v\u00e0 n\u00e2ng cao tr\u1ea3i nghi\u1ec7m ch\u01a1i golf.<\/p>\n<h2><strong>Thi\u1ebft K\u1ebf Th\u00f4ng Minh, \u0110a Ch\u1ee9c N\u0103ng<\/strong><\/h2>\n<p>\u0110\u1ea7u Th\u01b0\u1edbc \u0110o \u0110a N\u0103ng \u0111\u01b0\u1ee3c ch\u1ebf t\u1ea1o v\u1edbi thi\u1ebft k\u1ebf nh\u1ecf g\u1ecdn, ti\u1ec7n l\u1ee3i nh\u01b0ng v\u1eabn \u0111\u1ea7y \u0111\u1ee7 t\u00ednh n\u0103ng c\u1ea7n thi\u1ebft. S\u1ea3n ph\u1ea9m c\u00f3 th\u1ec3 g\u1eafn tr\u1ef1c ti\u1ebfp l\u00ean g\u1eady golf, gi\u00fap golfer d\u1ec5 d\u00e0ng \u0111o l\u01b0\u1eddng c\u00e1c th\u00f4ng s\u1ed1 quan tr\u1ecdng nh\u01b0:<\/p>\n<ul data-spread=\"false\">\n<li><strong>G\u00f3c \u0111\u1ed9 g\u1eady<\/strong>: Gi\u00fap \u0111i\u1ec1u ch\u1ec9nh t\u01b0 th\u1ebf v\u00e0 h\u01b0\u1edbng vung g\u1eady ch\u00ednh x\u00e1c h\u01a1n.<\/li>\n<li><strong>\u0110\u1ed9 nghi\u00eang m\u1eb7t g\u1eady<\/strong>: H\u1ed7 tr\u1ee3 ki\u1ec3m tra \u0111\u1ed9 nghi\u00eang \u0111\u1ec3 \u0111\u1ea3m b\u1ea3o ti\u1ebfp x\u00fac b\u00f3ng t\u1ed1i \u01b0u.<\/li>\n<li><strong>C\u00e2n b\u1eb1ng g\u1eady<\/strong>: \u0110\u00e1nh gi\u00e1 tr\u1ecdng t\u00e2m g\u1eady gi\u00fap golfer \u0111i\u1ec1u ch\u1ec9nh \u0111\u1ec3 c\u00f3 c\u00fa \u0111\u00e1nh \u1ed5n \u0111\u1ecbnh h\u01a1n.<\/li>\n<\/ul>\n<h2><strong>C\u00f4ng Ngh\u1ec7 Hi\u1ec7n \u0110\u1ea1i, Ch\u1ea5t Li\u1ec7u Cao C\u1ea5p<\/strong><\/h2>\n<p>S\u1ea3n ph\u1ea9m \u0111\u01b0\u1ee3c l\u00e0m t\u1eeb h\u1ee3p kim nh\u00f4m v\u00e0 nh\u1ef1a ABS cao c\u1ea5p, \u0111\u1ea3m b\u1ea3o \u0111\u1ed9 b\u1ec1n v\u00e0 ch\u1ed1ng va \u0111\u1eadp t\u1ed1t. Ngo\u00e0i ra, c\u00f4ng ngh\u1ec7 \u0111o l\u01b0\u1eddng ti\u00ean ti\u1ebfn gi\u00fap hi\u1ec3n th\u1ecb th\u00f4ng s\u1ed1 m\u1ed9t c\u00e1ch ch\u00ednh x\u00e1c, gi\u00fap ng\u01b0\u1eddi ch\u01a1i c\u00f3 th\u1ec3 \u0111i\u1ec1u ch\u1ec9nh k\u1ef9 thu\u1eadt ngay l\u1eadp t\u1ee9c.<\/p>\n<h2><strong>L\u1ee3i \u00cdch Khi S\u1eed D\u1ee5ng \u0110\u1ea7u Th\u01b0\u1edbc \u0110o \u0110a N\u0103ng<\/strong><\/h2>\n<ol start=\"1\" data-spread=\"false\">\n<li><strong>C\u1ea3i thi\u1ec7n hi\u1ec7u su\u1ea5t ch\u01a1i golf<\/strong>: Gi\u00fap golfer t\u1ed1i \u01b0u h\u00f3a k\u1ef9 thu\u1eadt v\u00e0 n\u00e2ng cao tr\u00ecnh \u0111\u1ed9.<\/li>\n<li><strong>D\u1ec5 s\u1eed d\u1ee5ng<\/strong>: Ch\u1ec9 c\u1ea7n g\u1eafn l\u00ean g\u1eady v\u00e0 s\u1eed d\u1ee5ng m\u00e0 kh\u00f4ng c\u1ea7n c\u00f4ng c\u1ee5 h\u1ed7 tr\u1ee3 ph\u1ee9c t\u1ea1p.<\/li>\n<li><strong>Ph\u00f9 h\u1ee3p v\u1edbi m\u1ecdi golfer<\/strong>: D\u00e0nh cho c\u1ea3 ng\u01b0\u1eddi m\u1edbi b\u1eaft \u0111\u1ea7u v\u00e0 golfer chuy\u00ean nghi\u1ec7p.<\/li>\n<\/ol>\n<h2><strong>K\u1ebft Lu\u1eadn<\/strong><\/h2>\n<p>N\u1ebfu b\u1ea1n \u0111ang t\u00ecm ki\u1ebfm m\u1ed9t c\u00f4ng c\u1ee5 h\u1ed7 tr\u1ee3 gi\u00fap n\u00e2ng cao k\u1ef9 n\u0103ng ch\u01a1i golf m\u1ed9t c\u00e1ch hi\u1ec7u qu\u1ea3, <strong>\u0110\u1ea7u Th\u01b0\u1edbc \u0110o \u0110a N\u0103ng<\/strong> ch\u1eafc ch\u1eafn l\u00e0 m\u1ed9t l\u1ef1a ch\u1ecdn tuy\u1ec7t v\u1eddi. S\u1ea3n ph\u1ea9m kh\u00f4ng ch\u1ec9 gi\u00fap c\u1ea3i thi\u1ec7n k\u1ef9 thu\u1eadt m\u00e0 c\u00f2n mang \u0111\u1ebfn tr\u1ea3i nghi\u1ec7m ch\u01a1i golf chuy\u00ean nghi\u1ec7p h\u01a1n. H\u00e3y s\u1edf h\u1eefu ngay \u0111\u1ec3 t\u1eadn h\u01b0\u1edfng nh\u1eefng c\u00fa \u0111\u00e1nh ho\u00e0n h\u1ea3o tr\u00ean s\u00e2n golf!<\/p>","protected":false},"excerpt":{"rendered":"<p><strong>\u0110\u1ea7u Th\u01b0\u1edbc \u0110o \u0110a N\u0103ng \u2013 C\u00f4ng C\u1ee5 Ho\u00e0n H\u1ea3o Cho &#8230; <\/p>","protected":false},"featured_media":2600,"comment_status":"closed","ping_status":"closed","template":"","meta":[],"product_brand":[],"product_cat":[85],"product_tag":[],"class_list":{"0":"post-2596","1":"product","2":"type-product","3":"status-publish","4":"has-post-thumbnail","6":"product_cat-phu-kien","8":"first","9":"instock","10":"taxable","11":"shipping-taxable","12":"product-type-simple"},"yoast_head":"<!-- This site is optimized with the Yoast SEO plugin v24.8.1 - https:\/\/yoast.com\/wordpress\/plugins\/seo\/ -->\n<title>\u0110\u1ea7u th\u01b0\u1edbc \u0111o \u0111a n\u0103ng - Puttercorner.com<\/title>\n<meta name=\"robots\" content=\"index, follow, max-snippet:-1, max-image-preview:large, max-video-preview:-1\" \/>\n<link rel=\"canonical\" href=\"https:\/\/puttercorner.com\/en\/shop\/dau-thuoc-do-da-nang\/\" \/>\n<meta property=\"og:locale\" content=\"en_US\" \/>\n<meta property=\"og:type\" content=\"article\" \/>\n<meta property=\"og:title\" content=\"\u0110\u1ea7u th\u01b0\u1edbc \u0111o \u0111a n\u0103ng - Puttercorner.com\" \/>\n<meta property=\"og:description\" content=\"\u0110\u1ea7u Th\u01b0\u1edbc \u0110o \u0110a N\u0103ng \u2013 C\u00f4ng C\u1ee5 Ho\u00e0n H\u1ea3o Cho ...\" \/>\n<meta property=\"og:url\" content=\"https:\/\/puttercorner.com\/en\/shop\/dau-thuoc-do-da-nang\/\" \/>\n<meta property=\"og:site_name\" content=\"Puttercorner.com\" \/>\n<meta property=\"article:publisher\" content=\"https:\/\/www.facebook.com\/people\/Putter-Corner\/61569123132539\/\" \/>\n<meta property=\"og:image\" content=\"https:\/\/puttercorner.com\/wp-content\/uploads\/2025\/04\/z6472821688818_054fa2c7ab514ac34b0d8a17c7225d4e-scaled.jpg\" \/>\n\t<meta property=\"og:image:width\" content=\"1920\" \/>\n\t<meta property=\"og:image:height\" content=\"2560\" \/>\n\t<meta property=\"og:image:type\" content=\"image\/jpeg\" \/>\n<meta name=\"twitter:card\" content=\"summary_large_image\" \/>\n<meta name=\"twitter:label1\" content=\"Est. reading time\" \/>\n\t<meta name=\"twitter:data1\" content=\"3 minutes\" \/>\n<script type=\"application\/ld+json\" class=\"yoast-schema-graph\">{\"@context\":\"https:\/\/schema.org\",\"@graph\":[{\"@type\":\"WebPage\",\"@id\":\"https:\/\/puttercorner.com\/en\/shop\/dau-thuoc-do-da-nang\/\",\"url\":\"https:\/\/puttercorner.com\/en\/shop\/dau-thuoc-do-da-nang\/\",\"name\":\"\u0110\u1ea7u th\u01b0\u1edbc \u0111o \u0111a n\u0103ng - Puttercorner.com\",\"isPartOf\":{\"@id\":\"https:\/\/puttercorner.com\/#website\"},\"primaryImageOfPage\":{\"@id\":\"https:\/\/puttercorner.com\/en\/shop\/dau-thuoc-do-da-nang\/#primaryimage\"},\"image\":{\"@id\":\"https:\/\/puttercorner.com\/en\/shop\/dau-thuoc-do-da-nang\/#primaryimage\"},\"thumbnailUrl\":\"https:\/\/puttercorner.com\/wp-content\/uploads\/2025\/04\/z6472821688818_054fa2c7ab514ac34b0d8a17c7225d4e-scaled.jpg\",\"datePublished\":\"2025-04-04T07:37:47+00:00\",\"breadcrumb\":{\"@id\":\"https:\/\/puttercorner.com\/en\/shop\/dau-thuoc-do-da-nang\/#breadcrumb\"},\"inLanguage\":\"en-US\",\"potentialAction\":[{\"@type\":\"ReadAction\",\"target\":[\"https:\/\/puttercorner.com\/en\/shop\/dau-thuoc-do-da-nang\/\"]}]},{\"@type\":\"ImageObject\",\"inLanguage\":\"en-US\",\"@id\":\"https:\/\/puttercorner.com\/en\/shop\/dau-thuoc-do-da-nang\/#primaryimage\",\"url\":\"https:\/\/puttercorner.com\/wp-content\/uploads\/2025\/04\/z6472821688818_054fa2c7ab514ac34b0d8a17c7225d4e-scaled.jpg\",\"contentUrl\":\"https:\/\/puttercorner.com\/wp-content\/uploads\/2025\/04\/z6472821688818_054fa2c7ab514ac34b0d8a17c7225d4e-scaled.jpg\",\"width\":1920,\"height\":2560},{\"@type\":\"BreadcrumbList\",\"@id\":\"https:\/\/puttercorner.com\/en\/shop\/dau-thuoc-do-da-nang\/#breadcrumb\",\"itemListElement\":[{\"@type\":\"ListItem\",\"position\":1,\"name\":\"Home\",\"item\":\"https:\/\/puttercorner.com\/\"},{\"@type\":\"ListItem\",\"position\":2,\"name\":\"Shop\",\"item\":\"https:\/\/puttercorner.com\/shop\/\"},{\"@type\":\"ListItem\",\"position\":3,\"name\":\"\u0110\u1ea7u th\u01b0\u1edbc \u0111o \u0111a n\u0103ng\"}]},{\"@type\":\"WebSite\",\"@id\":\"https:\/\/puttercorner.com\/#website\",\"url\":\"https:\/\/puttercorner.com\/\",\"name\":\"Putter Corner - \u0111\u01a1n v\u1ecb \u0111\u1ea7u ti\u00ean t\u1ea1i Vi\u1ec7t Nam chuy\u00ean v\u1ec1 d\u1ecbch v\u1ee5 t\u00e2n trang v\u00e0 c\u00e1 nh\u00e2n h\u00f3a g\u1eady golf.\",\"description\":\"\u0110\u01a1n v\u1ecb \u0111\u1ea7u ti\u00ean t\u1ea1i Vi\u1ec7t Nam chuy\u00ean v\u1ec1 d\u1ecbch v\u1ee5 t\u00e2n trang v\u00e0 c\u00e1 nh\u00e2n h\u00f3a g\u1eady golf.\",\"publisher\":{\"@id\":\"https:\/\/puttercorner.com\/#organization\"},\"potentialAction\":[{\"@type\":\"SearchAction\",\"target\":{\"@type\":\"EntryPoint\",\"urlTemplate\":\"https:\/\/puttercorner.com\/?s={search_term_string}\"},\"query-input\":{\"@type\":\"PropertyValueSpecification\",\"valueRequired\":true,\"valueName\":\"search_term_string\"}}],\"inLanguage\":\"en-US\"},{\"@type\":\"Organization\",\"@id\":\"https:\/\/puttercorner.com\/#organization\",\"name\":\"Putter Corner\",\"url\":\"https:\/\/puttercorner.com\/\",\"logo\":{\"@type\":\"ImageObject\",\"inLanguage\":\"en-US\",\"@id\":\"https:\/\/puttercorner.com\/#\/schema\/logo\/image\/\",\"url\":\"https:\/\/puttercorner.com\/wp-content\/uploads\/2025\/03\/logo50-1.png\",\"contentUrl\":\"https:\/\/puttercorner.com\/wp-content\/uploads\/2025\/03\/logo50-1.png\",\"width\":2300,\"height\":500,\"caption\":\"Putter Corner\"},\"image\":{\"@id\":\"https:\/\/puttercorner.com\/#\/schema\/logo\/image\/\"},\"sameAs\":[\"https:\/\/www.facebook.com\/people\/Putter-Corner\/61569123132539\/\"]}]}<\/script>\n<!-- \/ Yoast SEO plugin. -->","yoast_head_json":{"title":"\u0110\u1ea7u th\u01b0\u1edbc \u0111o \u0111a n\u0103ng - Puttercorner.com","robots":{"index":"index","follow":"follow","max-snippet":"max-snippet:-1","max-image-preview":"max-image-preview:large","max-video-preview":"max-video-preview:-1"},"canonical":"https:\/\/puttercorner.com\/en\/shop\/dau-thuoc-do-da-nang\/","og_locale":"en_US","og_type":"article","og_title":"\u0110\u1ea7u th\u01b0\u1edbc \u0111o \u0111a n\u0103ng - Puttercorner.com","og_description":"\u0110\u1ea7u Th\u01b0\u1edbc \u0110o \u0110a N\u0103ng \u2013 C\u00f4ng C\u1ee5 Ho\u00e0n H\u1ea3o Cho ...","og_url":"https:\/\/puttercorner.com\/en\/shop\/dau-thuoc-do-da-nang\/","og_site_name":"Puttercorner.com","article_publisher":"https:\/\/www.facebook.com\/people\/Putter-Corner\/61569123132539\/","og_image":[{"width":1920,"height":2560,"url":"https:\/\/puttercorner.com\/wp-content\/uploads\/2025\/04\/z6472821688818_054fa2c7ab514ac34b0d8a17c7225d4e-scaled.jpg","type":"image\/jpeg"}],"twitter_card":"summary_large_image","twitter_misc":{"Est. reading time":"3 minutes"},"schema":{"@context":"https:\/\/schema.org","@graph":[{"@type":"WebPage","@id":"https:\/\/puttercorner.com\/en\/shop\/dau-thuoc-do-da-nang\/","url":"https:\/\/puttercorner.com\/en\/shop\/dau-thuoc-do-da-nang\/","name":"\u0110\u1ea7u th\u01b0\u1edbc \u0111o \u0111a n\u0103ng - Puttercorner.com","isPartOf":{"@id":"https:\/\/puttercorner.com\/#website"},"primaryImageOfPage":{"@id":"https:\/\/puttercorner.com\/en\/shop\/dau-thuoc-do-da-nang\/#primaryimage"},"image":{"@id":"https:\/\/puttercorner.com\/en\/shop\/dau-thuoc-do-da-nang\/#primaryimage"},"thumbnailUrl":"https:\/\/puttercorner.com\/wp-content\/uploads\/2025\/04\/z6472821688818_054fa2c7ab514ac34b0d8a17c7225d4e-scaled.jpg","datePublished":"2025-04-04T07:37:47+00:00","breadcrumb":{"@id":"https:\/\/puttercorner.com\/en\/shop\/dau-thuoc-do-da-nang\/#breadcrumb"},"inLanguage":"en-US","potentialAction":[{"@type":"ReadAction","target":["https:\/\/puttercorner.com\/en\/shop\/dau-thuoc-do-da-nang\/"]}]},{"@type":"ImageObject","inLanguage":"en-US","@id":"https:\/\/puttercorner.com\/en\/shop\/dau-thuoc-do-da-nang\/#primaryimage","url":"https:\/\/puttercorner.com\/wp-content\/uploads\/2025\/04\/z6472821688818_054fa2c7ab514ac34b0d8a17c7225d4e-scaled.jpg","contentUrl":"https:\/\/puttercorner.com\/wp-content\/uploads\/2025\/04\/z6472821688818_054fa2c7ab514ac34b0d8a17c7225d4e-scaled.jpg","width":1920,"height":2560},{"@type":"BreadcrumbList","@id":"https:\/\/puttercorner.com\/en\/shop\/dau-thuoc-do-da-nang\/#breadcrumb","itemListElement":[{"@type":"ListItem","position":1,"name":"Home","item":"https:\/\/puttercorner.com\/"},{"@type":"ListItem","position":2,"name":"Shop","item":"https:\/\/puttercorner.com\/shop\/"},{"@type":"ListItem","position":3,"name":"\u0110\u1ea7u th\u01b0\u1edbc \u0111o \u0111a n\u0103ng"}]},{"@type":"WebSite","@id":"https:\/\/puttercorner.com\/#website","url":"https:\/\/puttercorner.com\/","name":"Putter Corner - \u0111\u01a1n v\u1ecb \u0111\u1ea7u ti\u00ean t\u1ea1i Vi\u1ec7t Nam chuy\u00ean v\u1ec1 d\u1ecbch v\u1ee5 t\u00e2n trang v\u00e0 c\u00e1 nh\u00e2n h\u00f3a g\u1eady golf.","description":"\u0110\u01a1n v\u1ecb \u0111\u1ea7u ti\u00ean t\u1ea1i Vi\u1ec7t Nam chuy\u00ean v\u1ec1 d\u1ecbch v\u1ee5 t\u00e2n trang v\u00e0 c\u00e1 nh\u00e2n h\u00f3a g\u1eady golf.","publisher":{"@id":"https:\/\/puttercorner.com\/#organization"},"potentialAction":[{"@type":"SearchAction","target":{"@type":"EntryPoint","urlTemplate":"https:\/\/puttercorner.com\/?s={search_term_string}"},"query-input":{"@type":"PropertyValueSpecification","valueRequired":true,"valueName":"search_term_string"}}],"inLanguage":"en-US"},{"@type":"Organization","@id":"https:\/\/puttercorner.com\/#organization","name":"Putter Corner","url":"https:\/\/puttercorner.com\/","logo":{"@type":"ImageObject","inLanguage":"en-US","@id":"https:\/\/puttercorner.com\/#\/schema\/logo\/image\/","url":"https:\/\/puttercorner.com\/wp-content\/uploads\/2025\/03\/logo50-1.png","contentUrl":"https:\/\/puttercorner.com\/wp-content\/uploads\/2025\/03\/logo50-1.png","width":2300,"height":500,"caption":"Putter Corner"},"image":{"@id":"https:\/\/puttercorner.com\/#\/schema\/logo\/image\/"},"sameAs":["https:\/\/www.facebook.com\/people\/Putter-Corner\/61569123132539\/"]}]}},"_links":{"self":[{"href":"https:\/\/puttercorner.com\/en\/wp-json\/wp\/v2\/product\/2596","targetHints":{"allow":["GET"]}}],"collection":[{"href":"https:\/\/puttercorner.com\/en\/wp-json\/wp\/v2\/product"}],"about":[{"href":"https:\/\/puttercorner.com\/en\/wp-json\/wp\/v2\/types\/product"}],"replies":[{"embeddable":true,"href":"https:\/\/puttercorner.com\/en\/wp-json\/wp\/v2\/comments?post=2596"}],"wp:featuredmedia":[{"embeddable":true,"href":"https:\/\/puttercorner.com\/en\/wp-json\/wp\/v2\/media\/2600"}],"wp:attachment":[{"href":"https:\/\/puttercorner.com\/en\/wp-json\/wp\/v2\/media?parent=2596"}],"wp:term":[{"taxonomy":"product_brand","embeddable":true,"href":"https:\/\/puttercorner.com\/en\/wp-json\/wp\/v2\/product_brand?post=2596"},{"taxonomy":"product_cat","embeddable":true,"href":"https:\/\/puttercorner.com\/en\/wp-json\/wp\/v2\/product_cat?post=2596"},{"taxonomy":"product_tag","embeddable":true,"href":"https:\/\/puttercorner.com\/en\/wp-json\/wp\/v2\/product_tag?post=2596"}],"curies":[{"name":"wp","href":"https:\/\/api.w.org\/{rel}","templated":true}]}}