{"id":2311,"date":"2025-03-26T10:39:51","date_gmt":"2025-03-26T03:39:51","guid":{"rendered":"https:\/\/puttercorner.com\/?post_type=product&#038;p=2311"},"modified":"2025-03-26T10:51:13","modified_gmt":"2025-03-26T03:51:13","slug":"putter-vega-j-lindeberg","status":"publish","type":"product","link":"https:\/\/puttercorner.com\/en\/shop\/putter-vega-j-lindeberg\/","title":{"rendered":"Putter Vega J.LINDEBERG"},"content":{"rendered":"<p>Gi\u1edbi thi\u1ec7u Putter Vega J.LINDEBERG \u2013 \u0110\u1ec9nh Cao C\u1ee7a S\u1ef1 Ho\u00e0n M\u1ef9<\/p>\n<p>Trong th\u1ebf gi\u1edbi golf, vi\u1ec7c l\u1ef1a ch\u1ecdn m\u1ed9t c\u00e2y putter ph\u00f9 h\u1ee3p c\u00f3 th\u1ec3 t\u1ea1o n\u00ean s\u1ef1 kh\u00e1c bi\u1ec7t gi\u1eefa m\u1ed9t c\u00fa \u0111\u00e1nh ho\u00e0n h\u1ea3o v\u00e0 m\u1ed9t c\u00fa \u0111\u00e1nh k\u00e9m hi\u1ec7u qu\u1ea3. V\u1edbi s\u1ef1 k\u1ebft h\u1ee3p gi\u1eefa thi\u1ebft k\u1ebf \u0111\u1eb3ng c\u1ea5p v\u00e0 c\u00f4ng ngh\u1ec7 ti\u00ean ti\u1ebfn, Putter Vega J.LINDEBERG \u0111\u00e3 tr\u1edf th\u00e0nh m\u1ed9t l\u1ef1a ch\u1ecdn h\u00e0ng \u0111\u1ea7u cho nh\u1eefng golfer mu\u1ed1n n\u00e2ng cao tr\u00ecnh \u0111\u1ed9 c\u1ee7a m\u00ecnh.<\/p>\n<p>Thi\u1ebft K\u1ebf Sang Tr\u1ecdng V\u00e0 Hi\u1ec7n \u0110\u1ea1i<\/p>\n<p>Putter Vega J.LINDEBERG kh\u00f4ng ch\u1ec9 \u0111\u01a1n thu\u1ea7n l\u00e0 m\u1ed9t d\u1ee5ng c\u1ee5 ch\u01a1i golf m\u00e0 c\u00f2n l\u00e0 m\u1ed9t t\u00e1c ph\u1ea9m ngh\u1ec7 thu\u1eadt. V\u1edbi phong c\u00e1ch thi\u1ebft k\u1ebf \u0111\u1eb7c tr\u01b0ng c\u1ee7a th\u01b0\u01a1ng hi\u1ec7u th\u1eddi trang th\u1ec3 thao cao c\u1ea5p J.LINDEBERG, c\u00e2y putter n\u00e0y mang \u0111\u1ebfn s\u1ef1 sang tr\u1ecdng v\u00e0 hi\u1ec7n \u0111\u1ea1i.<\/p>\n<p>Ch\u1ea5t li\u1ec7u cao c\u1ea5p: Putter \u0111\u01b0\u1ee3c ch\u1ebf t\u00e1c t\u1eeb th\u00e9p kh\u00f4ng g\u1ec9 cao c\u1ea5p, mang l\u1ea1i c\u1ea3m gi\u00e1c ch\u1eafc ch\u1eafn v\u00e0 b\u1ec1n b\u1ec9 theo th\u1eddi gian.<\/p>\n<p>Ki\u1ec3u d\u00e1ng t\u1ed1i \u01b0u: V\u1edbi thi\u1ebft k\u1ebf \u0111\u1ea7u putter d\u1ea1ng mallet hi\u1ec7n \u0111\u1ea1i, Vega gi\u00fap t\u0103ng c\u01b0\u1eddng s\u1ef1 \u1ed5n \u0111\u1ecbnh trong t\u1eebng c\u00fa \u0111\u00e1nh.<\/p>\n<p>Tay c\u1ea7m ch\u1ed1ng tr\u01b0\u1ee3t: Tay c\u1ea7m \u0111\u01b0\u1ee3c thi\u1ebft k\u1ebf v\u1edbi c\u00f4ng ngh\u1ec7 ti\u00ean ti\u1ebfn, gi\u00fap ng\u01b0\u1eddi ch\u01a1i ki\u1ec3m so\u00e1t t\u1ed1t h\u01a1n v\u00e0 mang l\u1ea1i c\u1ea3m gi\u00e1c c\u1ea7m n\u1eafm tho\u1ea3i m\u00e1i.<\/p>\n<p>C\u00f4ng Ngh\u1ec7 Ti\u00ean Ti\u1ebfn \u2013 T\u0103ng C\u01b0\u1eddng Hi\u1ec7u Su\u1ea5t<\/p>\n<p>B\u00ean c\u1ea1nh thi\u1ebft k\u1ebf sang tr\u1ecdng, Putter Vega J.LINDEBERG c\u00f2n \u0111\u01b0\u1ee3c trang b\u1ecb nh\u1eefng c\u00f4ng ngh\u1ec7 ti\u00ean ti\u1ebfn \u0111\u1ec3 h\u1ed7 tr\u1ee3 golfer t\u1ed1i \u0111a:<\/p>\n<p>C\u00f4ng ngh\u1ec7 c\u00e2n b\u1eb1ng tr\u1ecdng t\u00e2m (CG Optimization): Gi\u00fap duy tr\u00ec qu\u1ef9 \u0111\u1ea1o b\u00f3ng \u1ed5n \u0111\u1ecbnh, gi\u1ea3m thi\u1ec3u l\u1ed7i trong qu\u00e1 tr\u00ecnh \u0111\u00e1nh b\u00f3ng.<\/p>\n<p>M\u1eb7t g\u1eady CNC Precision Milled: M\u1eb7t g\u1eady \u0111\u01b0\u1ee3c gia c\u00f4ng ch\u00ednh x\u00e1c b\u1eb1ng c\u00f4ng ngh\u1ec7 CNC gi\u00fap t\u1ea1o ra \u0111\u1ed9 ma s\u00e1t ho\u00e0n h\u1ea3o, t\u1ed1i \u01b0u h\u00f3a c\u1ea3m gi\u00e1c \u0111\u00e1nh v\u00e0 ki\u1ec3m so\u00e1t \u0111\u01b0\u1eddng b\u00f3ng.<\/p>\n<p>H\u1ec7 th\u1ed1ng c\u0103n ch\u1ec9nh th\u00f4ng minh: Gi\u00fap golfer d\u1ec5 d\u00e0ng c\u0103n ch\u1ec9nh h\u01b0\u1edbng \u0111\u00e1nh, c\u1ea3i thi\u1ec7n \u0111\u1ed9 ch\u00ednh x\u00e1c trong nh\u1eefng c\u00fa putt quan tr\u1ecdng.<\/p>\n<p>Hi\u1ec7u Su\u1ea5t Th\u1ef1c T\u1ebf \u2013 C\u1ea3m Gi\u00e1c Ch\u01a1i Golf \u0110\u1ec9nh Cao<\/p>\n<p>Nhi\u1ec1u golfer chuy\u00ean nghi\u1ec7p v\u00e0 ng\u01b0\u1eddi ch\u01a1i nghi\u1ec7p d\u01b0 \u0111\u00e3 d\u00e0nh nh\u1eefng l\u1eddi khen c\u00f3 c\u00e1nh cho Putter Vega J.LINDEBERG. V\u1edbi s\u1ef1 k\u1ebft h\u1ee3p gi\u1eefa c\u00f4ng ngh\u1ec7 hi\u1ec7n \u0111\u1ea1i v\u00e0 thi\u1ebft k\u1ebf tinh t\u1ebf, c\u00e2y putter n\u00e0y gi\u00fap c\u1ea3i thi\u1ec7n \u0111\u1ed9 ch\u00ednh x\u00e1c v\u00e0 t\u0103ng c\u1ea3m gi\u00e1c t\u1ef1 tin khi th\u1ef1c hi\u1ec7n c\u00fa \u0111\u00e1nh.<\/p>\n<p>C\u1ea3m gi\u00e1c m\u01b0\u1ee3t m\u00e0: Khi ti\u1ebfp x\u00fac v\u1edbi b\u00f3ng, Vega t\u1ea1o ra m\u1ed9t c\u1ea3m gi\u00e1c r\u1ea5t ch\u1eafc ch\u1eafn nh\u01b0ng v\u1eabn m\u1ec1m m\u1ea1i, gi\u00fap golfer c\u00f3 th\u1ec3 \u0111i\u1ec1u ch\u1ec9nh l\u1ef1c \u0111\u00e1nh m\u1ed9t c\u00e1ch d\u1ec5 d\u00e0ng.<\/p>\n<p>\u0110\u1ed9 ch\u00ednh x\u00e1c cao: Nh\u1edd v\u00e0o thi\u1ebft k\u1ebf th\u00f4ng minh, c\u00e2y putter n\u00e0y gi\u00fap golfer th\u1ef1c hi\u1ec7n nh\u1eefng c\u00fa putt chu\u1ea9n x\u00e1c h\u01a1n ngay c\u1ea3 trong nh\u1eefng t\u00ecnh hu\u1ed1ng \u00e1p l\u1ef1c cao.<\/p>\n<p>T\u00ednh linh ho\u1ea1t cao: Ph\u00f9 h\u1ee3p v\u1edbi nhi\u1ec1u ki\u1ec3u ch\u01a1i v\u00e0 nhi\u1ec1u tr\u00ecnh \u0111\u1ed9 kh\u00e1c nhau, t\u1eeb golfer chuy\u00ean nghi\u1ec7p \u0111\u1ebfn ng\u01b0\u1eddi m\u1edbi b\u1eaft \u0111\u1ea7u.<\/p>\n<p>K\u1ebft Lu\u1eadn \u2013 S\u1ef1 L\u1ef1a Ch\u1ecdn Ho\u00e0n H\u1ea3o Cho Golfer<\/p>\n<p>N\u1ebfu b\u1ea1n \u0111ang t\u00ecm ki\u1ebfm m\u1ed9t c\u00e2y putter v\u1eeba c\u00f3 thi\u1ebft k\u1ebf \u0111\u1eb3ng c\u1ea5p, v\u1eeba t\u00edch h\u1ee3p nh\u1eefng c\u00f4ng ngh\u1ec7 ti\u00ean ti\u1ebfn gi\u00fap c\u1ea3i thi\u1ec7n hi\u1ec7u su\u1ea5t ch\u01a1i golf, th\u00ec Putter Vega J.LINDEBERG ch\u00ednh l\u00e0 s\u1ef1 l\u1ef1a ch\u1ecdn l\u00fd t\u01b0\u1edfng. \u0110\u00e2y kh\u00f4ng ch\u1ec9 l\u00e0 m\u1ed9t d\u1ee5ng c\u1ee5 ch\u01a1i golf m\u00e0 c\u00f2n l\u00e0 bi\u1ec3u t\u01b0\u1ee3ng c\u1ee7a s\u1ef1 tinh t\u1ebf v\u00e0 \u0111\u1eb3ng c\u1ea5p tr\u00ean s\u00e2n c\u1ecf.<\/p>\n<p>H\u00e3y tr\u1ea3i nghi\u1ec7m ngay \u0111\u1ec3 c\u1ea3m nh\u1eadn s\u1ef1 kh\u00e1c bi\u1ec7t m\u00e0 Putter Vega J.LINDEBERG mang l\u1ea1i v\u00e0 n\u00e2ng t\u1ea7m tr\u00ecnh \u0111\u1ed9 golf c\u1ee7a b\u1ea1n!<\/p>","protected":false},"excerpt":{"rendered":"<p>Gi\u1edbi thi\u1ec7u Putter Vega J.LINDEBERG \u2013 \u0110\u1ec9nh Cao C\u1ee7a S\u1ef1 Ho\u00e0n &#8230; <\/p>","protected":false},"featured_media":2316,"comment_status":"closed","ping_status":"closed","template":"","meta":[],"product_brand":[84],"product_cat":[48],"product_tag":[],"class_list":{"0":"post-2311","1":"product","2":"type-product","3":"status-publish","4":"has-post-thumbnail","6":"product_brand-vega","7":"product_cat-gay-putter","9":"first","10":"instock","11":"taxable","12":"shipping-taxable","13":"product-type-simple"},"yoast_head":"<!-- This site is optimized with the Yoast SEO plugin v24.8.1 - https:\/\/yoast.com\/wordpress\/plugins\/seo\/ -->\n<title>Putter Vega J.LINDEBERG - Puttercorner.com<\/title>\n<meta name=\"robots\" content=\"index, follow, max-snippet:-1, max-image-preview:large, max-video-preview:-1\" \/>\n<link rel=\"canonical\" href=\"https:\/\/puttercorner.com\/en\/shop\/putter-vega-j-lindeberg\/\" \/>\n<meta property=\"og:locale\" content=\"en_US\" \/>\n<meta property=\"og:type\" content=\"article\" \/>\n<meta property=\"og:title\" content=\"Putter Vega J.LINDEBERG - Puttercorner.com\" \/>\n<meta property=\"og:description\" content=\"Gi\u1edbi thi\u1ec7u Putter Vega J.LINDEBERG \u2013 \u0110\u1ec9nh Cao C\u1ee7a S\u1ef1 Ho\u00e0n ...\" \/>\n<meta property=\"og:url\" content=\"https:\/\/puttercorner.com\/en\/shop\/putter-vega-j-lindeberg\/\" \/>\n<meta property=\"og:site_name\" content=\"Puttercorner.com\" \/>\n<meta property=\"article:publisher\" content=\"https:\/\/www.facebook.com\/people\/Putter-Corner\/61569123132539\/\" \/>\n<meta property=\"article:modified_time\" content=\"2025-03-26T03:51:13+00:00\" \/>\n<meta property=\"og:image\" content=\"https:\/\/puttercorner.com\/wp-content\/uploads\/2025\/03\/z6431032753063_8f55cf1d7bd9aa07b301a6e7bb2ae4db-scaled.jpg\" \/>\n\t<meta property=\"og:image:width\" content=\"1920\" \/>\n\t<meta property=\"og:image:height\" content=\"2560\" \/>\n\t<meta property=\"og:image:type\" content=\"image\/jpeg\" \/>\n<meta name=\"twitter:card\" content=\"summary_large_image\" \/>\n<meta name=\"twitter:label1\" content=\"Est. reading time\" \/>\n\t<meta name=\"twitter:data1\" content=\"5 minutes\" \/>\n<script type=\"application\/ld+json\" class=\"yoast-schema-graph\">{\"@context\":\"https:\/\/schema.org\",\"@graph\":[{\"@type\":\"WebPage\",\"@id\":\"https:\/\/puttercorner.com\/shop\/putter-vega-j-lindeberg\/\",\"url\":\"https:\/\/puttercorner.com\/shop\/putter-vega-j-lindeberg\/\",\"name\":\"Putter Vega J.LINDEBERG - Puttercorner.com\",\"isPartOf\":{\"@id\":\"https:\/\/puttercorner.com\/#website\"},\"primaryImageOfPage\":{\"@id\":\"https:\/\/puttercorner.com\/shop\/putter-vega-j-lindeberg\/#primaryimage\"},\"image\":{\"@id\":\"https:\/\/puttercorner.com\/shop\/putter-vega-j-lindeberg\/#primaryimage\"},\"thumbnailUrl\":\"https:\/\/puttercorner.com\/wp-content\/uploads\/2025\/03\/z6431032753063_8f55cf1d7bd9aa07b301a6e7bb2ae4db-scaled.jpg\",\"datePublished\":\"2025-03-26T03:39:51+00:00\",\"dateModified\":\"2025-03-26T03:51:13+00:00\",\"breadcrumb\":{\"@id\":\"https:\/\/puttercorner.com\/shop\/putter-vega-j-lindeberg\/#breadcrumb\"},\"inLanguage\":\"en-US\",\"potentialAction\":[{\"@type\":\"ReadAction\",\"target\":[\"https:\/\/puttercorner.com\/shop\/putter-vega-j-lindeberg\/\"]}]},{\"@type\":\"ImageObject\",\"inLanguage\":\"en-US\",\"@id\":\"https:\/\/puttercorner.com\/shop\/putter-vega-j-lindeberg\/#primaryimage\",\"url\":\"https:\/\/puttercorner.com\/wp-content\/uploads\/2025\/03\/z6431032753063_8f55cf1d7bd9aa07b301a6e7bb2ae4db-scaled.jpg\",\"contentUrl\":\"https:\/\/puttercorner.com\/wp-content\/uploads\/2025\/03\/z6431032753063_8f55cf1d7bd9aa07b301a6e7bb2ae4db-scaled.jpg\",\"width\":1920,\"height\":2560},{\"@type\":\"BreadcrumbList\",\"@id\":\"https:\/\/puttercorner.com\/shop\/putter-vega-j-lindeberg\/#breadcrumb\",\"itemListElement\":[{\"@type\":\"ListItem\",\"position\":1,\"name\":\"Home\",\"item\":\"https:\/\/puttercorner.com\/\"},{\"@type\":\"ListItem\",\"position\":2,\"name\":\"Shop\",\"item\":\"https:\/\/puttercorner.com\/shop\/\"},{\"@type\":\"ListItem\",\"position\":3,\"name\":\"Putter Vega J.LINDEBERG\"}]},{\"@type\":\"WebSite\",\"@id\":\"https:\/\/puttercorner.com\/#website\",\"url\":\"https:\/\/puttercorner.com\/\",\"name\":\"Putter Corner - \u0111\u01a1n v\u1ecb \u0111\u1ea7u ti\u00ean t\u1ea1i Vi\u1ec7t Nam chuy\u00ean v\u1ec1 d\u1ecbch v\u1ee5 t\u00e2n trang v\u00e0 c\u00e1 nh\u00e2n h\u00f3a g\u1eady golf.\",\"description\":\"\u0110\u01a1n v\u1ecb \u0111\u1ea7u ti\u00ean t\u1ea1i Vi\u1ec7t Nam chuy\u00ean v\u1ec1 d\u1ecbch v\u1ee5 t\u00e2n trang v\u00e0 c\u00e1 nh\u00e2n h\u00f3a g\u1eady golf.\",\"publisher\":{\"@id\":\"https:\/\/puttercorner.com\/#organization\"},\"potentialAction\":[{\"@type\":\"SearchAction\",\"target\":{\"@type\":\"EntryPoint\",\"urlTemplate\":\"https:\/\/puttercorner.com\/?s={search_term_string}\"},\"query-input\":{\"@type\":\"PropertyValueSpecification\",\"valueRequired\":true,\"valueName\":\"search_term_string\"}}],\"inLanguage\":\"en-US\"},{\"@type\":\"Organization\",\"@id\":\"https:\/\/puttercorner.com\/#organization\",\"name\":\"Putter Corner\",\"url\":\"https:\/\/puttercorner.com\/\",\"logo\":{\"@type\":\"ImageObject\",\"inLanguage\":\"en-US\",\"@id\":\"https:\/\/puttercorner.com\/#\/schema\/logo\/image\/\",\"url\":\"https:\/\/puttercorner.com\/wp-content\/uploads\/2025\/03\/logo50-1.png\",\"contentUrl\":\"https:\/\/puttercorner.com\/wp-content\/uploads\/2025\/03\/logo50-1.png\",\"width\":2300,\"height\":500,\"caption\":\"Putter Corner\"},\"image\":{\"@id\":\"https:\/\/puttercorner.com\/#\/schema\/logo\/image\/\"},\"sameAs\":[\"https:\/\/www.facebook.com\/people\/Putter-Corner\/61569123132539\/\"]}]}<\/script>\n<!-- \/ Yoast SEO plugin. -->","yoast_head_json":{"title":"Putter Vega J.LINDEBERG - Puttercorner.com","robots":{"index":"index","follow":"follow","max-snippet":"max-snippet:-1","max-image-preview":"max-image-preview:large","max-video-preview":"max-video-preview:-1"},"canonical":"https:\/\/puttercorner.com\/en\/shop\/putter-vega-j-lindeberg\/","og_locale":"en_US","og_type":"article","og_title":"Putter Vega J.LINDEBERG - Puttercorner.com","og_description":"Gi\u1edbi thi\u1ec7u Putter Vega J.LINDEBERG \u2013 \u0110\u1ec9nh Cao C\u1ee7a S\u1ef1 Ho\u00e0n ...","og_url":"https:\/\/puttercorner.com\/en\/shop\/putter-vega-j-lindeberg\/","og_site_name":"Puttercorner.com","article_publisher":"https:\/\/www.facebook.com\/people\/Putter-Corner\/61569123132539\/","article_modified_time":"2025-03-26T03:51:13+00:00","og_image":[{"width":1920,"height":2560,"url":"https:\/\/puttercorner.com\/wp-content\/uploads\/2025\/03\/z6431032753063_8f55cf1d7bd9aa07b301a6e7bb2ae4db-scaled.jpg","type":"image\/jpeg"}],"twitter_card":"summary_large_image","twitter_misc":{"Est. reading time":"5 minutes"},"schema":{"@context":"https:\/\/schema.org","@graph":[{"@type":"WebPage","@id":"https:\/\/puttercorner.com\/shop\/putter-vega-j-lindeberg\/","url":"https:\/\/puttercorner.com\/shop\/putter-vega-j-lindeberg\/","name":"Putter Vega J.LINDEBERG - Puttercorner.com","isPartOf":{"@id":"https:\/\/puttercorner.com\/#website"},"primaryImageOfPage":{"@id":"https:\/\/puttercorner.com\/shop\/putter-vega-j-lindeberg\/#primaryimage"},"image":{"@id":"https:\/\/puttercorner.com\/shop\/putter-vega-j-lindeberg\/#primaryimage"},"thumbnailUrl":"https:\/\/puttercorner.com\/wp-content\/uploads\/2025\/03\/z6431032753063_8f55cf1d7bd9aa07b301a6e7bb2ae4db-scaled.jpg","datePublished":"2025-03-26T03:39:51+00:00","dateModified":"2025-03-26T03:51:13+00:00","breadcrumb":{"@id":"https:\/\/puttercorner.com\/shop\/putter-vega-j-lindeberg\/#breadcrumb"},"inLanguage":"en-US","potentialAction":[{"@type":"ReadAction","target":["https:\/\/puttercorner.com\/shop\/putter-vega-j-lindeberg\/"]}]},{"@type":"ImageObject","inLanguage":"en-US","@id":"https:\/\/puttercorner.com\/shop\/putter-vega-j-lindeberg\/#primaryimage","url":"https:\/\/puttercorner.com\/wp-content\/uploads\/2025\/03\/z6431032753063_8f55cf1d7bd9aa07b301a6e7bb2ae4db-scaled.jpg","contentUrl":"https:\/\/puttercorner.com\/wp-content\/uploads\/2025\/03\/z6431032753063_8f55cf1d7bd9aa07b301a6e7bb2ae4db-scaled.jpg","width":1920,"height":2560},{"@type":"BreadcrumbList","@id":"https:\/\/puttercorner.com\/shop\/putter-vega-j-lindeberg\/#breadcrumb","itemListElement":[{"@type":"ListItem","position":1,"name":"Home","item":"https:\/\/puttercorner.com\/"},{"@type":"ListItem","position":2,"name":"Shop","item":"https:\/\/puttercorner.com\/shop\/"},{"@type":"ListItem","position":3,"name":"Putter Vega J.LINDEBERG"}]},{"@type":"WebSite","@id":"https:\/\/puttercorner.com\/#website","url":"https:\/\/puttercorner.com\/","name":"Putter Corner - \u0111\u01a1n v\u1ecb \u0111\u1ea7u ti\u00ean t\u1ea1i Vi\u1ec7t Nam chuy\u00ean v\u1ec1 d\u1ecbch v\u1ee5 t\u00e2n trang v\u00e0 c\u00e1 nh\u00e2n h\u00f3a g\u1eady golf.","description":"\u0110\u01a1n v\u1ecb \u0111\u1ea7u ti\u00ean t\u1ea1i Vi\u1ec7t Nam chuy\u00ean v\u1ec1 d\u1ecbch v\u1ee5 t\u00e2n trang v\u00e0 c\u00e1 nh\u00e2n h\u00f3a g\u1eady golf.","publisher":{"@id":"https:\/\/puttercorner.com\/#organization"},"potentialAction":[{"@type":"SearchAction","target":{"@type":"EntryPoint","urlTemplate":"https:\/\/puttercorner.com\/?s={search_term_string}"},"query-input":{"@type":"PropertyValueSpecification","valueRequired":true,"valueName":"search_term_string"}}],"inLanguage":"en-US"},{"@type":"Organization","@id":"https:\/\/puttercorner.com\/#organization","name":"Putter Corner","url":"https:\/\/puttercorner.com\/","logo":{"@type":"ImageObject","inLanguage":"en-US","@id":"https:\/\/puttercorner.com\/#\/schema\/logo\/image\/","url":"https:\/\/puttercorner.com\/wp-content\/uploads\/2025\/03\/logo50-1.png","contentUrl":"https:\/\/puttercorner.com\/wp-content\/uploads\/2025\/03\/logo50-1.png","width":2300,"height":500,"caption":"Putter Corner"},"image":{"@id":"https:\/\/puttercorner.com\/#\/schema\/logo\/image\/"},"sameAs":["https:\/\/www.facebook.com\/people\/Putter-Corner\/61569123132539\/"]}]}},"_links":{"self":[{"href":"https:\/\/puttercorner.com\/en\/wp-json\/wp\/v2\/product\/2311","targetHints":{"allow":["GET"]}}],"collection":[{"href":"https:\/\/puttercorner.com\/en\/wp-json\/wp\/v2\/product"}],"about":[{"href":"https:\/\/puttercorner.com\/en\/wp-json\/wp\/v2\/types\/product"}],"replies":[{"embeddable":true,"href":"https:\/\/puttercorner.com\/en\/wp-json\/wp\/v2\/comments?post=2311"}],"wp:featuredmedia":[{"embeddable":true,"href":"https:\/\/puttercorner.com\/en\/wp-json\/wp\/v2\/media\/2316"}],"wp:attachment":[{"href":"https:\/\/puttercorner.com\/en\/wp-json\/wp\/v2\/media?parent=2311"}],"wp:term":[{"taxonomy":"product_brand","embeddable":true,"href":"https:\/\/puttercorner.com\/en\/wp-json\/wp\/v2\/product_brand?post=2311"},{"taxonomy":"product_cat","embeddable":true,"href":"https:\/\/puttercorner.com\/en\/wp-json\/wp\/v2\/product_cat?post=2311"},{"taxonomy":"product_tag","embeddable":true,"href":"https:\/\/puttercorner.com\/en\/wp-json\/wp\/v2\/product_tag?post=2311"}],"curies":[{"name":"wp","href":"https:\/\/api.w.org\/{rel}","templated":true}]}}