{"id":2305,"date":"2025-03-26T10:38:00","date_gmt":"2025-03-26T03:38:00","guid":{"rendered":"https:\/\/puttercorner.com\/?post_type=product&#038;p=2305"},"modified":"2025-03-26T10:51:20","modified_gmt":"2025-03-26T03:51:20","slug":"gay-putter-taylormade-spider-tour","status":"publish","type":"product","link":"https:\/\/puttercorner.com\/en\/shop\/gay-putter-taylormade-spider-tour\/","title":{"rendered":"G\u1eady Putter Taylormade Spider Tour"},"content":{"rendered":"<p>G\u1eady Putter TaylorMade Spider Tour \u2013 S\u1ef1 L\u1ef1a Ch\u1ecdn Ho\u00e0n H\u1ea3o Cho C\u00fa Putt Ch\u00ednh X\u00e1c<\/p>\n<p>Gi\u1edbi Thi\u1ec7u Chung<\/p>\n<p>G\u1eady putter \u0111\u00f3ng vai tr\u00f2 quan tr\u1ecdng trong b\u1ed9 g\u1eady golf c\u1ee7a m\u1ed7i golfer, gi\u00fap t\u1ed1i \u01b0u h\u00f3a hi\u1ec7u su\u1ea5t tr\u00ean green. Trong s\u1ed1 nh\u1eefng d\u00f2ng putter n\u1ed5i b\u1eadt tr\u00ean th\u1ecb tr\u01b0\u1eddng, TaylorMade Spider Tour l\u00e0 m\u1ed9t trong nh\u1eefng l\u1ef1a ch\u1ecdn h\u00e0ng \u0111\u1ea7u nh\u1edd v\u00e0o thi\u1ebft k\u1ebf hi\u1ec7n \u0111\u1ea1i v\u00e0 c\u00f4ng ngh\u1ec7 ti\u00ean ti\u1ebfn.<\/p>\n<p>Thi\u1ebft K\u1ebf Hi\u1ec7n \u0110\u1ea1i &amp; \u0110\u1ed9t Ph\u00e1<\/p>\n<p>TaylorMade Spider Tour s\u1edf h\u1eefu thi\u1ebft k\u1ebf mallet v\u1edbi \u0111\u1ed9 \u1ed5n \u0111\u1ecbnh cao, gi\u00fap ng\u01b0\u1eddi ch\u01a1i d\u1ec5 d\u00e0ng ki\u1ec3m so\u00e1t qu\u1ef9 \u0111\u1ea1o b\u00f3ng. V\u1edbi tr\u1ecdng l\u01b0\u1ee3ng ph\u00e2n b\u1ed1 h\u1ee3p l\u00fd, g\u1eady gi\u00fap t\u0103ng c\u01b0\u1eddng s\u1ef1 \u1ed5n \u0111\u1ecbnh trong m\u1ed7i c\u00fa putt. Thi\u1ebft k\u1ebf kh\u00f4ng ch\u1ec9 mang l\u1ea1i s\u1ef1 c\u00e2n b\u1eb1ng ho\u00e0n h\u1ea3o m\u00e0 c\u00f2n h\u1ed7 tr\u1ee3 golfer c\u00f3 c\u1ea3m gi\u00e1c \u0111\u00e1nh ch\u1eafc ch\u1eafn h\u01a1n.<\/p>\n<p>C\u00f4ng Ngh\u1ec7 T\u00e2n Ti\u1ebfn<\/p>\n<p>Pure Roll\u2122 Insert: C\u00f4ng ngh\u1ec7 m\u1eb7t g\u1eady ti\u00ean ti\u1ebfn gi\u00fap b\u00f3ng l\u0103n m\u01b0\u1ee3t m\u00e0 v\u00e0 \u1ed5n \u0111\u1ecbnh h\u01a1n.<\/p>\n<p>High MOI (Moment of Inertia): Gia t\u0103ng \u0111\u1ed9 \u1ed5n \u0111\u1ecbnh, h\u1ea1n ch\u1ebf sai s\u1ed1 khi ti\u1ebfp x\u00fac b\u00f3ng.<\/p>\n<p>T-Sightline Alignment: H\u1ec7 th\u1ed1ng c\u0103n ch\u1ec9nh gi\u00fap golfer d\u1ec5 d\u00e0ng x\u00e1c \u0111\u1ecbnh h\u01b0\u1edbng \u0111\u00e1nh ch\u00ednh x\u00e1c.<\/p>\n<p>Tr\u1ecdng l\u01b0\u1ee3ng t\u1ed1i \u01b0u: G\u1eady c\u00f3 c\u1ea5u tr\u00fac \u0111a v\u1eadt li\u1ec7u, gi\u00fap ph\u00e2n b\u1ed1 tr\u1ecdng l\u01b0\u1ee3ng h\u1ee3p l\u00fd, t\u0103ng c\u01b0\u1eddng kh\u1ea3 n\u0103ng ki\u1ec3m so\u00e1t.<\/p>\n<p>C\u1ea3m Gi\u00e1c \u0110\u00e1nh &amp; Hi\u1ec7u Su\u1ea5t<\/p>\n<p>M\u1ed9t trong nh\u1eefng y\u1ebfu t\u1ed1 quan tr\u1ecdng nh\u1ea5t c\u1ee7a g\u1eady putter l\u00e0 c\u1ea3m gi\u00e1c \u0111\u00e1nh, v\u00e0 TaylorMade Spider Tour th\u1ef1c s\u1ef1 xu\u1ea5t s\u1eafc trong vi\u1ec7c mang l\u1ea1i s\u1ef1 m\u01b0\u1ee3t m\u00e0, ch\u1eafc ch\u1eafn. Nh\u1edd v\u00e0o c\u00f4ng ngh\u1ec7 Pure Roll\u2122 Insert, b\u00f3ng c\u00f3 \u0111\u1ed9 xo\u00e1y th\u00edch h\u1ee3p ngay khi ti\u1ebfp x\u00fac, gi\u00fap golfer c\u00f3 nh\u1eefng c\u00fa putt ch\u00ednh x\u00e1c h\u01a1n, ngay c\u1ea3 tr\u00ean nh\u1eefng green kh\u00f3.<\/p>\n<p>\u0110\u1ed1i T\u01b0\u1ee3ng Ph\u00f9 H\u1ee3p<\/p>\n<p>G\u1eady putter TaylorMade Spider Tour \u0111\u01b0\u1ee3c thi\u1ebft k\u1ebf ph\u00f9 h\u1ee3p cho m\u1ecdi tr\u00ecnh \u0111\u1ed9 golfer, t\u1eeb ng\u01b0\u1eddi ch\u01a1i nghi\u1ec7p d\u01b0 \u0111\u1ebfn c\u00e1c tay golf chuy\u00ean nghi\u1ec7p. \u0110\u1eb7c bi\u1ec7t, nh\u1eefng golfer mu\u1ed1n c\u00f3 s\u1ef1 \u1ed5n \u0111\u1ecbnh v\u00e0 ch\u00ednh x\u00e1c h\u01a1n tr\u00ean green ch\u1eafc ch\u1eafn s\u1ebd y\u00eau th\u00edch d\u00f2ng g\u1eady n\u00e0y.<\/p>\n<p>K\u1ebft Lu\u1eadn<\/p>\n<p>N\u1ebfu b\u1ea1n \u0111ang t\u00ecm ki\u1ebfm m\u1ed9t c\u00e2y putter ch\u1ea5t l\u01b0\u1ee3ng v\u1edbi hi\u1ec7u su\u1ea5t v\u01b0\u1ee3t tr\u1ed9i, TaylorMade Spider Tour l\u00e0 m\u1ed9t l\u1ef1a ch\u1ecdn kh\u00f4ng th\u1ec3 b\u1ecf qua. V\u1edbi c\u00f4ng ngh\u1ec7 ti\u00ean ti\u1ebfn, thi\u1ebft k\u1ebf \u1ed5n \u0111\u1ecbnh v\u00e0 c\u1ea3m gi\u00e1c \u0111\u00e1nh ho\u00e0n h\u1ea3o, \u0111\u00e2y l\u00e0 c\u00e2y putter c\u00f3 th\u1ec3 gi\u00fap b\u1ea1n c\u1ea3i thi\u1ec7n \u0111\u00e1ng k\u1ec3 \u0111i\u1ec3m s\u1ed1 tr\u00ean s\u00e2n.<\/p>\n<p>B\u1ea1n \u0111\u00e3 tr\u1ea3i nghi\u1ec7m TaylorMade Spider Tour ch\u01b0a? H\u00e3y chia s\u1ebb c\u1ea3m nh\u1eadn c\u1ee7a b\u1ea1n trong ph\u1ea7n b\u00ecnh lu\u1eadn nh\u00e9!<\/p>","protected":false},"excerpt":{"rendered":"<p>G\u1eady Putter TaylorMade Spider Tour \u2013 S\u1ef1 L\u1ef1a Ch\u1ecdn Ho\u00e0n H\u1ea3o &#8230; <\/p>","protected":false},"featured_media":2306,"comment_status":"closed","ping_status":"closed","template":"","meta":[],"product_brand":[83],"product_cat":[48],"product_tag":[],"class_list":{"0":"post-2305","1":"product","2":"type-product","3":"status-publish","4":"has-post-thumbnail","6":"product_brand-taylormade","7":"product_cat-gay-putter","9":"first","10":"instock","11":"taxable","12":"shipping-taxable","13":"product-type-simple"},"yoast_head":"<!-- This site is optimized with the Yoast SEO plugin v24.8.1 - https:\/\/yoast.com\/wordpress\/plugins\/seo\/ -->\n<title>G\u1eady Putter Taylormade Spider Tour - Puttercorner.com<\/title>\n<meta name=\"robots\" content=\"index, follow, max-snippet:-1, max-image-preview:large, max-video-preview:-1\" \/>\n<link rel=\"canonical\" href=\"https:\/\/puttercorner.com\/en\/shop\/gay-putter-taylormade-spider-tour\/\" \/>\n<meta property=\"og:locale\" content=\"en_US\" \/>\n<meta property=\"og:type\" content=\"article\" \/>\n<meta property=\"og:title\" content=\"G\u1eady Putter Taylormade Spider Tour - Puttercorner.com\" \/>\n<meta property=\"og:description\" content=\"G\u1eady Putter TaylorMade Spider Tour \u2013 S\u1ef1 L\u1ef1a Ch\u1ecdn Ho\u00e0n H\u1ea3o ...\" \/>\n<meta property=\"og:url\" content=\"https:\/\/puttercorner.com\/en\/shop\/gay-putter-taylormade-spider-tour\/\" \/>\n<meta property=\"og:site_name\" content=\"Puttercorner.com\" \/>\n<meta property=\"article:publisher\" content=\"https:\/\/www.facebook.com\/people\/Putter-Corner\/61569123132539\/\" \/>\n<meta property=\"article:modified_time\" content=\"2025-03-26T03:51:20+00:00\" \/>\n<meta property=\"og:image\" content=\"https:\/\/puttercorner.com\/wp-content\/uploads\/2025\/03\/z6431472324296_1d22c9723040ffc78ee8742c7cdac7b9-scaled.jpg\" \/>\n\t<meta property=\"og:image:width\" content=\"1920\" \/>\n\t<meta property=\"og:image:height\" content=\"2560\" \/>\n\t<meta property=\"og:image:type\" content=\"image\/jpeg\" \/>\n<meta name=\"twitter:card\" content=\"summary_large_image\" \/>\n<meta name=\"twitter:label1\" content=\"Est. reading time\" \/>\n\t<meta name=\"twitter:data1\" content=\"3 minutes\" \/>\n<script type=\"application\/ld+json\" class=\"yoast-schema-graph\">{\"@context\":\"https:\/\/schema.org\",\"@graph\":[{\"@type\":\"WebPage\",\"@id\":\"https:\/\/puttercorner.com\/shop\/gay-putter-taylormade-spider-tour\/\",\"url\":\"https:\/\/puttercorner.com\/shop\/gay-putter-taylormade-spider-tour\/\",\"name\":\"G\u1eady Putter Taylormade Spider Tour - Puttercorner.com\",\"isPartOf\":{\"@id\":\"https:\/\/puttercorner.com\/#website\"},\"primaryImageOfPage\":{\"@id\":\"https:\/\/puttercorner.com\/shop\/gay-putter-taylormade-spider-tour\/#primaryimage\"},\"image\":{\"@id\":\"https:\/\/puttercorner.com\/shop\/gay-putter-taylormade-spider-tour\/#primaryimage\"},\"thumbnailUrl\":\"https:\/\/puttercorner.com\/wp-content\/uploads\/2025\/03\/z6431472324296_1d22c9723040ffc78ee8742c7cdac7b9-scaled.jpg\",\"datePublished\":\"2025-03-26T03:38:00+00:00\",\"dateModified\":\"2025-03-26T03:51:20+00:00\",\"breadcrumb\":{\"@id\":\"https:\/\/puttercorner.com\/shop\/gay-putter-taylormade-spider-tour\/#breadcrumb\"},\"inLanguage\":\"en-US\",\"potentialAction\":[{\"@type\":\"ReadAction\",\"target\":[\"https:\/\/puttercorner.com\/shop\/gay-putter-taylormade-spider-tour\/\"]}]},{\"@type\":\"ImageObject\",\"inLanguage\":\"en-US\",\"@id\":\"https:\/\/puttercorner.com\/shop\/gay-putter-taylormade-spider-tour\/#primaryimage\",\"url\":\"https:\/\/puttercorner.com\/wp-content\/uploads\/2025\/03\/z6431472324296_1d22c9723040ffc78ee8742c7cdac7b9-scaled.jpg\",\"contentUrl\":\"https:\/\/puttercorner.com\/wp-content\/uploads\/2025\/03\/z6431472324296_1d22c9723040ffc78ee8742c7cdac7b9-scaled.jpg\",\"width\":1920,\"height\":2560},{\"@type\":\"BreadcrumbList\",\"@id\":\"https:\/\/puttercorner.com\/shop\/gay-putter-taylormade-spider-tour\/#breadcrumb\",\"itemListElement\":[{\"@type\":\"ListItem\",\"position\":1,\"name\":\"Home\",\"item\":\"https:\/\/puttercorner.com\/\"},{\"@type\":\"ListItem\",\"position\":2,\"name\":\"Shop\",\"item\":\"https:\/\/puttercorner.com\/shop\/\"},{\"@type\":\"ListItem\",\"position\":3,\"name\":\"G\u1eady Putter Taylormade Spider Tour\"}]},{\"@type\":\"WebSite\",\"@id\":\"https:\/\/puttercorner.com\/#website\",\"url\":\"https:\/\/puttercorner.com\/\",\"name\":\"Putter Corner - \u0111\u01a1n v\u1ecb \u0111\u1ea7u ti\u00ean t\u1ea1i Vi\u1ec7t Nam chuy\u00ean v\u1ec1 d\u1ecbch v\u1ee5 t\u00e2n trang v\u00e0 c\u00e1 nh\u00e2n h\u00f3a g\u1eady golf.\",\"description\":\"\u0110\u01a1n v\u1ecb \u0111\u1ea7u ti\u00ean t\u1ea1i Vi\u1ec7t Nam chuy\u00ean v\u1ec1 d\u1ecbch v\u1ee5 t\u00e2n trang v\u00e0 c\u00e1 nh\u00e2n h\u00f3a g\u1eady golf.\",\"publisher\":{\"@id\":\"https:\/\/puttercorner.com\/#organization\"},\"potentialAction\":[{\"@type\":\"SearchAction\",\"target\":{\"@type\":\"EntryPoint\",\"urlTemplate\":\"https:\/\/puttercorner.com\/?s={search_term_string}\"},\"query-input\":{\"@type\":\"PropertyValueSpecification\",\"valueRequired\":true,\"valueName\":\"search_term_string\"}}],\"inLanguage\":\"en-US\"},{\"@type\":\"Organization\",\"@id\":\"https:\/\/puttercorner.com\/#organization\",\"name\":\"Putter Corner\",\"url\":\"https:\/\/puttercorner.com\/\",\"logo\":{\"@type\":\"ImageObject\",\"inLanguage\":\"en-US\",\"@id\":\"https:\/\/puttercorner.com\/#\/schema\/logo\/image\/\",\"url\":\"https:\/\/puttercorner.com\/wp-content\/uploads\/2025\/03\/logo50-1.png\",\"contentUrl\":\"https:\/\/puttercorner.com\/wp-content\/uploads\/2025\/03\/logo50-1.png\",\"width\":2300,\"height\":500,\"caption\":\"Putter Corner\"},\"image\":{\"@id\":\"https:\/\/puttercorner.com\/#\/schema\/logo\/image\/\"},\"sameAs\":[\"https:\/\/www.facebook.com\/people\/Putter-Corner\/61569123132539\/\"]}]}<\/script>\n<!-- \/ Yoast SEO plugin. -->","yoast_head_json":{"title":"G\u1eady Putter Taylormade Spider Tour - Puttercorner.com","robots":{"index":"index","follow":"follow","max-snippet":"max-snippet:-1","max-image-preview":"max-image-preview:large","max-video-preview":"max-video-preview:-1"},"canonical":"https:\/\/puttercorner.com\/en\/shop\/gay-putter-taylormade-spider-tour\/","og_locale":"en_US","og_type":"article","og_title":"G\u1eady Putter Taylormade Spider Tour - Puttercorner.com","og_description":"G\u1eady Putter TaylorMade Spider Tour \u2013 S\u1ef1 L\u1ef1a Ch\u1ecdn Ho\u00e0n H\u1ea3o ...","og_url":"https:\/\/puttercorner.com\/en\/shop\/gay-putter-taylormade-spider-tour\/","og_site_name":"Puttercorner.com","article_publisher":"https:\/\/www.facebook.com\/people\/Putter-Corner\/61569123132539\/","article_modified_time":"2025-03-26T03:51:20+00:00","og_image":[{"width":1920,"height":2560,"url":"https:\/\/puttercorner.com\/wp-content\/uploads\/2025\/03\/z6431472324296_1d22c9723040ffc78ee8742c7cdac7b9-scaled.jpg","type":"image\/jpeg"}],"twitter_card":"summary_large_image","twitter_misc":{"Est. reading time":"3 minutes"},"schema":{"@context":"https:\/\/schema.org","@graph":[{"@type":"WebPage","@id":"https:\/\/puttercorner.com\/shop\/gay-putter-taylormade-spider-tour\/","url":"https:\/\/puttercorner.com\/shop\/gay-putter-taylormade-spider-tour\/","name":"G\u1eady Putter Taylormade Spider Tour - Puttercorner.com","isPartOf":{"@id":"https:\/\/puttercorner.com\/#website"},"primaryImageOfPage":{"@id":"https:\/\/puttercorner.com\/shop\/gay-putter-taylormade-spider-tour\/#primaryimage"},"image":{"@id":"https:\/\/puttercorner.com\/shop\/gay-putter-taylormade-spider-tour\/#primaryimage"},"thumbnailUrl":"https:\/\/puttercorner.com\/wp-content\/uploads\/2025\/03\/z6431472324296_1d22c9723040ffc78ee8742c7cdac7b9-scaled.jpg","datePublished":"2025-03-26T03:38:00+00:00","dateModified":"2025-03-26T03:51:20+00:00","breadcrumb":{"@id":"https:\/\/puttercorner.com\/shop\/gay-putter-taylormade-spider-tour\/#breadcrumb"},"inLanguage":"en-US","potentialAction":[{"@type":"ReadAction","target":["https:\/\/puttercorner.com\/shop\/gay-putter-taylormade-spider-tour\/"]}]},{"@type":"ImageObject","inLanguage":"en-US","@id":"https:\/\/puttercorner.com\/shop\/gay-putter-taylormade-spider-tour\/#primaryimage","url":"https:\/\/puttercorner.com\/wp-content\/uploads\/2025\/03\/z6431472324296_1d22c9723040ffc78ee8742c7cdac7b9-scaled.jpg","contentUrl":"https:\/\/puttercorner.com\/wp-content\/uploads\/2025\/03\/z6431472324296_1d22c9723040ffc78ee8742c7cdac7b9-scaled.jpg","width":1920,"height":2560},{"@type":"BreadcrumbList","@id":"https:\/\/puttercorner.com\/shop\/gay-putter-taylormade-spider-tour\/#breadcrumb","itemListElement":[{"@type":"ListItem","position":1,"name":"Home","item":"https:\/\/puttercorner.com\/"},{"@type":"ListItem","position":2,"name":"Shop","item":"https:\/\/puttercorner.com\/shop\/"},{"@type":"ListItem","position":3,"name":"G\u1eady Putter Taylormade Spider Tour"}]},{"@type":"WebSite","@id":"https:\/\/puttercorner.com\/#website","url":"https:\/\/puttercorner.com\/","name":"Putter Corner - \u0111\u01a1n v\u1ecb \u0111\u1ea7u ti\u00ean t\u1ea1i Vi\u1ec7t Nam chuy\u00ean v\u1ec1 d\u1ecbch v\u1ee5 t\u00e2n trang v\u00e0 c\u00e1 nh\u00e2n h\u00f3a g\u1eady golf.","description":"\u0110\u01a1n v\u1ecb \u0111\u1ea7u ti\u00ean t\u1ea1i Vi\u1ec7t Nam chuy\u00ean v\u1ec1 d\u1ecbch v\u1ee5 t\u00e2n trang v\u00e0 c\u00e1 nh\u00e2n h\u00f3a g\u1eady golf.","publisher":{"@id":"https:\/\/puttercorner.com\/#organization"},"potentialAction":[{"@type":"SearchAction","target":{"@type":"EntryPoint","urlTemplate":"https:\/\/puttercorner.com\/?s={search_term_string}"},"query-input":{"@type":"PropertyValueSpecification","valueRequired":true,"valueName":"search_term_string"}}],"inLanguage":"en-US"},{"@type":"Organization","@id":"https:\/\/puttercorner.com\/#organization","name":"Putter Corner","url":"https:\/\/puttercorner.com\/","logo":{"@type":"ImageObject","inLanguage":"en-US","@id":"https:\/\/puttercorner.com\/#\/schema\/logo\/image\/","url":"https:\/\/puttercorner.com\/wp-content\/uploads\/2025\/03\/logo50-1.png","contentUrl":"https:\/\/puttercorner.com\/wp-content\/uploads\/2025\/03\/logo50-1.png","width":2300,"height":500,"caption":"Putter Corner"},"image":{"@id":"https:\/\/puttercorner.com\/#\/schema\/logo\/image\/"},"sameAs":["https:\/\/www.facebook.com\/people\/Putter-Corner\/61569123132539\/"]}]}},"_links":{"self":[{"href":"https:\/\/puttercorner.com\/en\/wp-json\/wp\/v2\/product\/2305","targetHints":{"allow":["GET"]}}],"collection":[{"href":"https:\/\/puttercorner.com\/en\/wp-json\/wp\/v2\/product"}],"about":[{"href":"https:\/\/puttercorner.com\/en\/wp-json\/wp\/v2\/types\/product"}],"replies":[{"embeddable":true,"href":"https:\/\/puttercorner.com\/en\/wp-json\/wp\/v2\/comments?post=2305"}],"wp:featuredmedia":[{"embeddable":true,"href":"https:\/\/puttercorner.com\/en\/wp-json\/wp\/v2\/media\/2306"}],"wp:attachment":[{"href":"https:\/\/puttercorner.com\/en\/wp-json\/wp\/v2\/media?parent=2305"}],"wp:term":[{"taxonomy":"product_brand","embeddable":true,"href":"https:\/\/puttercorner.com\/en\/wp-json\/wp\/v2\/product_brand?post=2305"},{"taxonomy":"product_cat","embeddable":true,"href":"https:\/\/puttercorner.com\/en\/wp-json\/wp\/v2\/product_cat?post=2305"},{"taxonomy":"product_tag","embeddable":true,"href":"https:\/\/puttercorner.com\/en\/wp-json\/wp\/v2\/product_tag?post=2305"}],"curies":[{"name":"wp","href":"https:\/\/api.w.org\/{rel}","templated":true}]}}