{"id":2297,"date":"2025-03-26T10:36:31","date_gmt":"2025-03-26T03:36:31","guid":{"rendered":"https:\/\/puttercorner.com\/?post_type=product&#038;p=2297"},"modified":"2025-03-26T10:51:30","modified_gmt":"2025-03-26T03:51:30","slug":"gay-putter-spider-x-mau-cam-trang","status":"publish","type":"product","link":"https:\/\/puttercorner.com\/en\/shop\/gay-putter-spider-x-mau-cam-trang\/","title":{"rendered":"G\u1eady putter Spider X (M\u00e0u cam tr\u1eafng)"},"content":{"rendered":"<p>G\u1eady Putter Spider X (M\u00e0u Cam Tr\u1eafng) \u2013 S\u1ef1 L\u1ef1a Ch\u1ecdn Ho\u00e0n H\u1ea3o Cho C\u00fa Putt Ch\u00ednh X\u00e1c<\/p>\n<p>Gi\u1edbi Thi\u1ec7u<\/p>\n<p>G\u1eady putter \u0111\u00f3ng vai tr\u00f2 quan tr\u1ecdng trong b\u1ed9 g\u1eady golf, \u0111\u1eb7c bi\u1ec7t \u0111\u1ed1i v\u1edbi nh\u1eefng c\u00fa \u0111\u00e1nh quy\u1ebft \u0111\u1ecbnh tr\u00ean green. N\u1ebfu b\u1ea1n \u0111ang t\u00ecm ki\u1ebfm m\u1ed9t c\u00e2y putter mang l\u1ea1i \u0111\u1ed9 \u1ed5n \u0111\u1ecbnh cao, c\u1ea3m gi\u00e1c t\u1ed1t v\u00e0 thi\u1ebft k\u1ebf \u1ea5n t\u01b0\u1ee3ng, Spider X (M\u00e0u Cam Tr\u1eafng) t\u1eeb TaylorMade ch\u00ednh l\u00e0 s\u1ef1 l\u1ef1a ch\u1ecdn ho\u00e0n h\u1ea3o.<\/p>\n<p>Thi\u1ebft K\u1ebf N\u1ed5i B\u1eadt<\/p>\n<p>G\u1eady putter Spider X s\u1edf h\u1eefu thi\u1ebft k\u1ebf hi\u1ec7n \u0111\u1ea1i v\u1edbi s\u1ef1 k\u1ebft h\u1ee3p tinh t\u1ebf gi\u1eefa m\u00e0u cam n\u1ed5i b\u1eadt v\u00e0 s\u1eafc tr\u1eafng tinh khi\u1ebft, t\u1ea1o n\u00ean v\u1ebb ngo\u00e0i b\u1eaft m\u1eaft v\u00e0 chuy\u00ean nghi\u1ec7p. H\u1ec7 th\u1ed1ng True Path Alignment gi\u00fap ng\u01b0\u1eddi ch\u01a1i d\u1ec5 d\u00e0ng c\u0103n ch\u1ec9nh \u0111\u01b0\u1eddng b\u00f3ng, n\u00e2ng cao \u0111\u1ed9 ch\u00ednh x\u00e1c trong m\u1ed7i c\u00fa putt.<\/p>\n<p>C\u00f4ng Ngh\u1ec7 C\u1ea3i Ti\u1ebfn<\/p>\n<p>1. H\u1ec7 Th\u1ed1ng True Path Alignment<\/p>\n<p>C\u00f4ng ngh\u1ec7 n\u00e0y gi\u00fap c\u1ea3i thi\u1ec7n kh\u1ea3 n\u0103ng c\u0103n ch\u1ec9nh, gi\u00fap golfer d\u1ec5 d\u00e0ng \u0111\u01b0a b\u00f3ng \u0111i \u0111\u00fang h\u01b0\u1edbng. S\u1ef1 t\u01b0\u01a1ng ph\u1ea3n gi\u1eefa m\u00e0u cam v\u00e0 tr\u1eafng gi\u00fap t\u0103ng kh\u1ea3 n\u0103ng quan s\u00e1t, mang l\u1ea1i s\u1ef1 t\u1ef1 tin khi v\u00e0o b\u00f3ng.<\/p>\n<p>2. C\u1ea5u Tr\u00fac Frame Stability<\/p>\n<p>Khung g\u1eady Spider X \u0111\u01b0\u1ee3c thi\u1ebft k\u1ebf ch\u1eafc ch\u1eafn h\u01a1n v\u1edbi tr\u1ecdng l\u01b0\u1ee3ng ph\u00e2n b\u1ed5 h\u1ee3p l\u00fd, gi\u00fap t\u0103ng \u0111\u1ed9 \u1ed5n \u0111\u1ecbnh v\u00e0 h\u1ea1n ch\u1ebf xoay m\u1eb7t g\u1eady khi impact. \u0110i\u1ec1u n\u00e0y gi\u00fap golfer c\u00f3 \u0111\u01b0\u1ee3c nh\u1eefng c\u00fa putt \u1ed5n \u0111\u1ecbnh h\u01a1n, ngay c\u1ea3 khi kh\u00f4ng \u0111\u00e1nh \u0111\u00fang t\u00e2m m\u1eb7t g\u1eady.<\/p>\n<p>3. Pure Roll Insert<\/p>\n<p>M\u1eb7t g\u1eady \u0111\u01b0\u1ee3c t\u00edch h\u1ee3p c\u00f4ng ngh\u1ec7 Pure Roll v\u1edbi c\u00e1c r\u00e3nh \u0111\u01b0\u1ee3c thi\u1ebft k\u1ebf \u0111\u1eb7c bi\u1ec7t, gi\u00fap t\u0103ng \u0111\u1ed9 l\u0103n c\u1ee7a b\u00f3ng v\u00e0 gi\u1ea3m thi\u1ec3u \u0111\u1ed9 n\u1ea3y sau impact. Nh\u1edd \u0111\u00f3, b\u00f3ng l\u0103n m\u01b0\u1ee3t h\u01a1n v\u00e0 ki\u1ec3m so\u00e1t t\u1ed1c \u0111\u1ed9 t\u1ed1t h\u01a1n.<\/p>\n<p>C\u1ea3m Gi\u00e1c &amp; Hi\u1ec7u Su\u1ea5t<\/p>\n<p>G\u1eady Spider X mang l\u1ea1i c\u1ea3m gi\u00e1c m\u1ec1m m\u1ea1i khi impact, nh\u1edd v\u00e0o l\u1edbp insert \u0111\u1eb7c bi\u1ec7t tr\u00ean m\u1eb7t g\u1eady. Tr\u1ecdng l\u01b0\u1ee3ng c\u00e2n b\u1eb1ng gi\u00fap ng\u01b0\u1eddi ch\u01a1i d\u1ec5 d\u00e0ng ki\u1ec3m so\u00e1t \u0111\u1ed9 d\u00e0i c\u1ee7a c\u00fa putt v\u00e0 duy tr\u00ec s\u1ef1 \u1ed5n \u0111\u1ecbnh trong su\u1ed1t qu\u00e1 tr\u00ecnh swing.<\/p>\n<p>\u0110\u1ed1i T\u01b0\u1ee3ng S\u1eed D\u1ee5ng<\/p>\n<p>Ph\u00f9 h\u1ee3p v\u1edbi golfer \u1edf m\u1ecdi tr\u00ecnh \u0111\u1ed9, \u0111\u1eb7c bi\u1ec7t l\u00e0 nh\u1eefng ng\u01b0\u1eddi mu\u1ed1n n\u00e2ng cao \u0111\u1ed9 ch\u00ednh x\u00e1c c\u1ee7a c\u00fa putt.<\/p>\n<p>Nh\u1eefng golfer g\u1eb7p kh\u00f3 kh\u0103n trong vi\u1ec7c c\u0103n ch\u1ec9nh \u0111\u01b0\u1eddng b\u00f3ng s\u1ebd \u0111\u01b0\u1ee3c h\u1ed7 tr\u1ee3 t\u1ed1i \u0111a nh\u1edd h\u1ec7 th\u1ed1ng True Path Alignment.<\/p>\n<p>Ng\u01b0\u1eddi ch\u01a1i y\u00eau th\u00edch m\u1ed9t c\u00e2y putter c\u00f3 thi\u1ebft k\u1ebf hi\u1ec7n \u0111\u1ea1i, n\u1ed5i b\u1eadt tr\u00ean s\u00e2n golf.<\/p>\n<p>K\u1ebft Lu\u1eadn<\/p>\n<p>Spider X (M\u00e0u Cam Tr\u1eafng) kh\u00f4ng ch\u1ec9 l\u00e0 m\u1ed9t c\u00e2y putter c\u00f3 thi\u1ebft k\u1ebf \u0111\u1eb9p m\u1eaft m\u00e0 c\u00f2n \u0111\u01b0\u1ee3c trang b\u1ecb nh\u1eefng c\u00f4ng ngh\u1ec7 ti\u00ean ti\u1ebfn gi\u00fap c\u1ea3i thi\u1ec7n \u0111\u00e1ng k\u1ec3 hi\u1ec7u su\u1ea5t tr\u00ean green. N\u1ebfu b\u1ea1n \u0111ang t\u00ecm ki\u1ebfm m\u1ed9t tr\u1ee3 th\u1ee7 \u0111\u1eafc l\u1ef1c \u0111\u1ec3 n\u00e2ng cao kh\u1ea3 n\u0103ng putting, \u0111\u00e2y ch\u00ednh l\u00e0 m\u1ed9t trong nh\u1eefng l\u1ef1a ch\u1ecdn \u0111\u00e1ng c\u00e2n nh\u1eafc.<\/p>\n<p>H\u00e3y tr\u1ea3i nghi\u1ec7m ngay Spider X \u0111\u1ec3 c\u1ea3m nh\u1eadn s\u1ef1 kh\u00e1c bi\u1ec7t v\u00e0 n\u00e2ng t\u1ea7m k\u1ef9 thu\u1eadt putt c\u1ee7a b\u1ea1n!<\/p>","protected":false},"excerpt":{"rendered":"<p>G\u1eady Putter Spider X (M\u00e0u Cam Tr\u1eafng) \u2013 S\u1ef1 L\u1ef1a Ch\u1ecdn &#8230; <\/p>","protected":false},"featured_media":2300,"comment_status":"closed","ping_status":"closed","template":"","meta":[],"product_brand":[83],"product_cat":[48],"product_tag":[],"class_list":{"0":"post-2297","1":"product","2":"type-product","3":"status-publish","4":"has-post-thumbnail","6":"product_brand-taylormade","7":"product_cat-gay-putter","9":"first","10":"instock","11":"taxable","12":"shipping-taxable","13":"product-type-simple"},"yoast_head":"<!-- This site is optimized with the Yoast SEO plugin v24.8.1 - https:\/\/yoast.com\/wordpress\/plugins\/seo\/ -->\n<title>G\u1eady putter Spider X (M\u00e0u cam tr\u1eafng) - Puttercorner.com<\/title>\n<meta name=\"robots\" content=\"index, follow, max-snippet:-1, max-image-preview:large, max-video-preview:-1\" \/>\n<link rel=\"canonical\" href=\"https:\/\/puttercorner.com\/en\/shop\/gay-putter-spider-x-mau-cam-trang\/\" \/>\n<meta property=\"og:locale\" content=\"en_US\" \/>\n<meta property=\"og:type\" content=\"article\" \/>\n<meta property=\"og:title\" content=\"G\u1eady putter Spider X (M\u00e0u cam tr\u1eafng) - Puttercorner.com\" \/>\n<meta property=\"og:description\" content=\"G\u1eady Putter Spider X (M\u00e0u Cam Tr\u1eafng) \u2013 S\u1ef1 L\u1ef1a Ch\u1ecdn ...\" \/>\n<meta property=\"og:url\" content=\"https:\/\/puttercorner.com\/en\/shop\/gay-putter-spider-x-mau-cam-trang\/\" \/>\n<meta property=\"og:site_name\" content=\"Puttercorner.com\" \/>\n<meta property=\"article:publisher\" content=\"https:\/\/www.facebook.com\/people\/Putter-Corner\/61569123132539\/\" \/>\n<meta property=\"article:modified_time\" content=\"2025-03-26T03:51:30+00:00\" \/>\n<meta property=\"og:image\" content=\"https:\/\/puttercorner.com\/wp-content\/uploads\/2025\/03\/z6431023639017_41324a8f400ffa9305984c5e8d9c2140.jpg\" \/>\n\t<meta property=\"og:image:width\" content=\"961\" \/>\n\t<meta property=\"og:image:height\" content=\"1281\" \/>\n\t<meta property=\"og:image:type\" content=\"image\/jpeg\" \/>\n<meta name=\"twitter:card\" content=\"summary_large_image\" \/>\n<meta name=\"twitter:label1\" content=\"Est. reading time\" \/>\n\t<meta name=\"twitter:data1\" content=\"4 minutes\" \/>\n<script type=\"application\/ld+json\" class=\"yoast-schema-graph\">{\"@context\":\"https:\/\/schema.org\",\"@graph\":[{\"@type\":\"WebPage\",\"@id\":\"https:\/\/puttercorner.com\/shop\/gay-putter-spider-x-mau-cam-trang\/\",\"url\":\"https:\/\/puttercorner.com\/shop\/gay-putter-spider-x-mau-cam-trang\/\",\"name\":\"G\u1eady putter Spider X (M\u00e0u cam tr\u1eafng) - Puttercorner.com\",\"isPartOf\":{\"@id\":\"https:\/\/puttercorner.com\/#website\"},\"primaryImageOfPage\":{\"@id\":\"https:\/\/puttercorner.com\/shop\/gay-putter-spider-x-mau-cam-trang\/#primaryimage\"},\"image\":{\"@id\":\"https:\/\/puttercorner.com\/shop\/gay-putter-spider-x-mau-cam-trang\/#primaryimage\"},\"thumbnailUrl\":\"https:\/\/puttercorner.com\/wp-content\/uploads\/2025\/03\/z6431023639017_41324a8f400ffa9305984c5e8d9c2140.jpg\",\"datePublished\":\"2025-03-26T03:36:31+00:00\",\"dateModified\":\"2025-03-26T03:51:30+00:00\",\"breadcrumb\":{\"@id\":\"https:\/\/puttercorner.com\/shop\/gay-putter-spider-x-mau-cam-trang\/#breadcrumb\"},\"inLanguage\":\"en-US\",\"potentialAction\":[{\"@type\":\"ReadAction\",\"target\":[\"https:\/\/puttercorner.com\/shop\/gay-putter-spider-x-mau-cam-trang\/\"]}]},{\"@type\":\"ImageObject\",\"inLanguage\":\"en-US\",\"@id\":\"https:\/\/puttercorner.com\/shop\/gay-putter-spider-x-mau-cam-trang\/#primaryimage\",\"url\":\"https:\/\/puttercorner.com\/wp-content\/uploads\/2025\/03\/z6431023639017_41324a8f400ffa9305984c5e8d9c2140.jpg\",\"contentUrl\":\"https:\/\/puttercorner.com\/wp-content\/uploads\/2025\/03\/z6431023639017_41324a8f400ffa9305984c5e8d9c2140.jpg\",\"width\":961,\"height\":1281},{\"@type\":\"BreadcrumbList\",\"@id\":\"https:\/\/puttercorner.com\/shop\/gay-putter-spider-x-mau-cam-trang\/#breadcrumb\",\"itemListElement\":[{\"@type\":\"ListItem\",\"position\":1,\"name\":\"Home\",\"item\":\"https:\/\/puttercorner.com\/\"},{\"@type\":\"ListItem\",\"position\":2,\"name\":\"Shop\",\"item\":\"https:\/\/puttercorner.com\/shop\/\"},{\"@type\":\"ListItem\",\"position\":3,\"name\":\"G\u1eady putter Spider X (M\u00e0u cam tr\u1eafng)\"}]},{\"@type\":\"WebSite\",\"@id\":\"https:\/\/puttercorner.com\/#website\",\"url\":\"https:\/\/puttercorner.com\/\",\"name\":\"Putter Corner - \u0111\u01a1n v\u1ecb \u0111\u1ea7u ti\u00ean t\u1ea1i Vi\u1ec7t Nam chuy\u00ean v\u1ec1 d\u1ecbch v\u1ee5 t\u00e2n trang v\u00e0 c\u00e1 nh\u00e2n h\u00f3a g\u1eady golf.\",\"description\":\"\u0110\u01a1n v\u1ecb \u0111\u1ea7u ti\u00ean t\u1ea1i Vi\u1ec7t Nam chuy\u00ean v\u1ec1 d\u1ecbch v\u1ee5 t\u00e2n trang v\u00e0 c\u00e1 nh\u00e2n h\u00f3a g\u1eady golf.\",\"publisher\":{\"@id\":\"https:\/\/puttercorner.com\/#organization\"},\"potentialAction\":[{\"@type\":\"SearchAction\",\"target\":{\"@type\":\"EntryPoint\",\"urlTemplate\":\"https:\/\/puttercorner.com\/?s={search_term_string}\"},\"query-input\":{\"@type\":\"PropertyValueSpecification\",\"valueRequired\":true,\"valueName\":\"search_term_string\"}}],\"inLanguage\":\"en-US\"},{\"@type\":\"Organization\",\"@id\":\"https:\/\/puttercorner.com\/#organization\",\"name\":\"Putter Corner\",\"url\":\"https:\/\/puttercorner.com\/\",\"logo\":{\"@type\":\"ImageObject\",\"inLanguage\":\"en-US\",\"@id\":\"https:\/\/puttercorner.com\/#\/schema\/logo\/image\/\",\"url\":\"https:\/\/puttercorner.com\/wp-content\/uploads\/2025\/03\/logo50-1.png\",\"contentUrl\":\"https:\/\/puttercorner.com\/wp-content\/uploads\/2025\/03\/logo50-1.png\",\"width\":2300,\"height\":500,\"caption\":\"Putter Corner\"},\"image\":{\"@id\":\"https:\/\/puttercorner.com\/#\/schema\/logo\/image\/\"},\"sameAs\":[\"https:\/\/www.facebook.com\/people\/Putter-Corner\/61569123132539\/\"]}]}<\/script>\n<!-- \/ Yoast SEO plugin. -->","yoast_head_json":{"title":"G\u1eady putter Spider X (M\u00e0u cam tr\u1eafng) - Puttercorner.com","robots":{"index":"index","follow":"follow","max-snippet":"max-snippet:-1","max-image-preview":"max-image-preview:large","max-video-preview":"max-video-preview:-1"},"canonical":"https:\/\/puttercorner.com\/en\/shop\/gay-putter-spider-x-mau-cam-trang\/","og_locale":"en_US","og_type":"article","og_title":"G\u1eady putter Spider X (M\u00e0u cam tr\u1eafng) - Puttercorner.com","og_description":"G\u1eady Putter Spider X (M\u00e0u Cam Tr\u1eafng) \u2013 S\u1ef1 L\u1ef1a Ch\u1ecdn ...","og_url":"https:\/\/puttercorner.com\/en\/shop\/gay-putter-spider-x-mau-cam-trang\/","og_site_name":"Puttercorner.com","article_publisher":"https:\/\/www.facebook.com\/people\/Putter-Corner\/61569123132539\/","article_modified_time":"2025-03-26T03:51:30+00:00","og_image":[{"width":961,"height":1281,"url":"https:\/\/puttercorner.com\/wp-content\/uploads\/2025\/03\/z6431023639017_41324a8f400ffa9305984c5e8d9c2140.jpg","type":"image\/jpeg"}],"twitter_card":"summary_large_image","twitter_misc":{"Est. reading time":"4 minutes"},"schema":{"@context":"https:\/\/schema.org","@graph":[{"@type":"WebPage","@id":"https:\/\/puttercorner.com\/shop\/gay-putter-spider-x-mau-cam-trang\/","url":"https:\/\/puttercorner.com\/shop\/gay-putter-spider-x-mau-cam-trang\/","name":"G\u1eady putter Spider X (M\u00e0u cam tr\u1eafng) - Puttercorner.com","isPartOf":{"@id":"https:\/\/puttercorner.com\/#website"},"primaryImageOfPage":{"@id":"https:\/\/puttercorner.com\/shop\/gay-putter-spider-x-mau-cam-trang\/#primaryimage"},"image":{"@id":"https:\/\/puttercorner.com\/shop\/gay-putter-spider-x-mau-cam-trang\/#primaryimage"},"thumbnailUrl":"https:\/\/puttercorner.com\/wp-content\/uploads\/2025\/03\/z6431023639017_41324a8f400ffa9305984c5e8d9c2140.jpg","datePublished":"2025-03-26T03:36:31+00:00","dateModified":"2025-03-26T03:51:30+00:00","breadcrumb":{"@id":"https:\/\/puttercorner.com\/shop\/gay-putter-spider-x-mau-cam-trang\/#breadcrumb"},"inLanguage":"en-US","potentialAction":[{"@type":"ReadAction","target":["https:\/\/puttercorner.com\/shop\/gay-putter-spider-x-mau-cam-trang\/"]}]},{"@type":"ImageObject","inLanguage":"en-US","@id":"https:\/\/puttercorner.com\/shop\/gay-putter-spider-x-mau-cam-trang\/#primaryimage","url":"https:\/\/puttercorner.com\/wp-content\/uploads\/2025\/03\/z6431023639017_41324a8f400ffa9305984c5e8d9c2140.jpg","contentUrl":"https:\/\/puttercorner.com\/wp-content\/uploads\/2025\/03\/z6431023639017_41324a8f400ffa9305984c5e8d9c2140.jpg","width":961,"height":1281},{"@type":"BreadcrumbList","@id":"https:\/\/puttercorner.com\/shop\/gay-putter-spider-x-mau-cam-trang\/#breadcrumb","itemListElement":[{"@type":"ListItem","position":1,"name":"Home","item":"https:\/\/puttercorner.com\/"},{"@type":"ListItem","position":2,"name":"Shop","item":"https:\/\/puttercorner.com\/shop\/"},{"@type":"ListItem","position":3,"name":"G\u1eady putter Spider X (M\u00e0u cam tr\u1eafng)"}]},{"@type":"WebSite","@id":"https:\/\/puttercorner.com\/#website","url":"https:\/\/puttercorner.com\/","name":"Putter Corner - \u0111\u01a1n v\u1ecb \u0111\u1ea7u ti\u00ean t\u1ea1i Vi\u1ec7t Nam chuy\u00ean v\u1ec1 d\u1ecbch v\u1ee5 t\u00e2n trang v\u00e0 c\u00e1 nh\u00e2n h\u00f3a g\u1eady golf.","description":"\u0110\u01a1n v\u1ecb \u0111\u1ea7u ti\u00ean t\u1ea1i Vi\u1ec7t Nam chuy\u00ean v\u1ec1 d\u1ecbch v\u1ee5 t\u00e2n trang v\u00e0 c\u00e1 nh\u00e2n h\u00f3a g\u1eady golf.","publisher":{"@id":"https:\/\/puttercorner.com\/#organization"},"potentialAction":[{"@type":"SearchAction","target":{"@type":"EntryPoint","urlTemplate":"https:\/\/puttercorner.com\/?s={search_term_string}"},"query-input":{"@type":"PropertyValueSpecification","valueRequired":true,"valueName":"search_term_string"}}],"inLanguage":"en-US"},{"@type":"Organization","@id":"https:\/\/puttercorner.com\/#organization","name":"Putter Corner","url":"https:\/\/puttercorner.com\/","logo":{"@type":"ImageObject","inLanguage":"en-US","@id":"https:\/\/puttercorner.com\/#\/schema\/logo\/image\/","url":"https:\/\/puttercorner.com\/wp-content\/uploads\/2025\/03\/logo50-1.png","contentUrl":"https:\/\/puttercorner.com\/wp-content\/uploads\/2025\/03\/logo50-1.png","width":2300,"height":500,"caption":"Putter Corner"},"image":{"@id":"https:\/\/puttercorner.com\/#\/schema\/logo\/image\/"},"sameAs":["https:\/\/www.facebook.com\/people\/Putter-Corner\/61569123132539\/"]}]}},"_links":{"self":[{"href":"https:\/\/puttercorner.com\/en\/wp-json\/wp\/v2\/product\/2297","targetHints":{"allow":["GET"]}}],"collection":[{"href":"https:\/\/puttercorner.com\/en\/wp-json\/wp\/v2\/product"}],"about":[{"href":"https:\/\/puttercorner.com\/en\/wp-json\/wp\/v2\/types\/product"}],"replies":[{"embeddable":true,"href":"https:\/\/puttercorner.com\/en\/wp-json\/wp\/v2\/comments?post=2297"}],"wp:featuredmedia":[{"embeddable":true,"href":"https:\/\/puttercorner.com\/en\/wp-json\/wp\/v2\/media\/2300"}],"wp:attachment":[{"href":"https:\/\/puttercorner.com\/en\/wp-json\/wp\/v2\/media?parent=2297"}],"wp:term":[{"taxonomy":"product_brand","embeddable":true,"href":"https:\/\/puttercorner.com\/en\/wp-json\/wp\/v2\/product_brand?post=2297"},{"taxonomy":"product_cat","embeddable":true,"href":"https:\/\/puttercorner.com\/en\/wp-json\/wp\/v2\/product_cat?post=2297"},{"taxonomy":"product_tag","embeddable":true,"href":"https:\/\/puttercorner.com\/en\/wp-json\/wp\/v2\/product_tag?post=2297"}],"curies":[{"name":"wp","href":"https:\/\/api.w.org\/{rel}","templated":true}]}}