{"id":2292,"date":"2025-03-26T10:35:12","date_gmt":"2025-03-26T03:35:12","guid":{"rendered":"https:\/\/puttercorner.com\/?post_type=product&#038;p=2292"},"modified":"2025-03-26T10:51:45","modified_gmt":"2025-03-26T03:51:45","slug":"gay-putter-spider-ex-mau-den-trang","status":"publish","type":"product","link":"https:\/\/puttercorner.com\/en\/shop\/gay-putter-spider-ex-mau-den-trang\/","title":{"rendered":"G\u1eady putter Spider EX (M\u00e0u \u0111en tr\u1eafng)"},"content":{"rendered":"<p>G\u1eady Putter Spider EX (M\u00e0u \u0110en Tr\u1eafng) &#8211; S\u1ef1 K\u1ebft H\u1ee3p Ho\u00e0n H\u1ea3o Gi\u1eefa C\u00f4ng Ngh\u1ec7 V\u00e0 Hi\u1ec7u Su\u1ea5t<\/p>\n<p>Thi\u1ebft K\u1ebf \u0110\u1eb3ng C\u1ea5p, Tinh T\u1ebf<\/p>\n<p>G\u1eady putter Spider EX (m\u00e0u \u0111en tr\u1eafng) l\u00e0 m\u1ed9t trong nh\u1eefng d\u00f2ng s\u1ea3n ph\u1ea9m cao c\u1ea5p c\u1ee7a TaylorMade, \u0111\u01b0\u1ee3c thi\u1ebft k\u1ebf \u0111\u1ec3 mang \u0111\u1ebfn s\u1ef1 \u1ed5n \u0111\u1ecbnh v\u00e0 \u0111\u1ed9 ch\u00ednh x\u00e1c cao cho ng\u01b0\u1eddi ch\u01a1i golf. V\u1edbi ki\u1ec3u d\u00e1ng hi\u1ec7n \u0111\u1ea1i v\u00e0 m\u00e0u s\u1eafc thanh l\u1ecbch, Spider EX kh\u00f4ng ch\u1ec9 l\u00e0 m\u1ed9t c\u00f4ng c\u1ee5 h\u1ed7 tr\u1ee3 ch\u01a1i golf m\u00e0 c\u00f2n l\u00e0 m\u1ed9t tuy\u00ean ng\u00f4n v\u1ec1 phong c\u00e1ch tr\u00ean s\u00e2n.<\/p>\n<p>C\u00f4ng Ngh\u1ec7 Hi\u1ec7n \u0110\u1ea1i, C\u1ea3i Thi\u1ec7n Hi\u1ec7u Su\u1ea5t<\/p>\n<p>Spider EX s\u1edf h\u1eefu h\u00e0ng lo\u1ea1t c\u00f4ng ngh\u1ec7 ti\u00ean ti\u1ebfn gi\u00fap t\u1ed1i \u01b0u h\u00f3a c\u00fa putt:<\/p>\n<p>True Path Alignment: H\u1ec7 th\u1ed1ng c\u0103n ch\u1ec9nh quang h\u1ecdc gi\u00fap ng\u01b0\u1eddi ch\u01a1i d\u1ec5 d\u00e0ng \u0111\u01b0a g\u1eady v\u00e0o \u0111\u00fang h\u01b0\u1edbng.<\/p>\n<p>Pure Roll 2 Insert: B\u1ec1 m\u1eb7t ti\u1ebfp x\u00fac \u0111\u01b0\u1ee3c l\u00e0m t\u1eeb v\u1eadt li\u1ec7u TPU m\u1ec1m m\u1ea1i, gi\u00fap b\u00f3ng l\u0103n m\u01b0\u1ee3t m\u00e0 v\u00e0 \u1ed5n \u0111\u1ecbnh h\u01a1n.<\/p>\n<p>Multi-Material Design: C\u1ea5u tr\u00fac g\u1eady k\u1ebft h\u1ee3p nh\u00f4m, th\u00e9p v\u00e0 h\u1ee3p kim nh\u1eb9 gi\u00fap t\u0103ng MOI (Moment of Inertia), c\u1ea3i thi\u1ec7n s\u1ef1 \u1ed5n \u0111\u1ecbnh trong m\u1ed7i c\u00fa \u0111\u00e1nh.<\/p>\n<p>C\u1ea3m Gi\u00e1c G\u1ea1t B\u00f3ng Ho\u00e0n H\u1ea3o<\/p>\n<p>Thi\u1ebft k\u1ebf m\u1eb7t g\u1eady v\u1edbi c\u00f4ng ngh\u1ec7 Pure Roll 2 gi\u00fap t\u0103ng \u0111\u1ed9 b\u00e1m c\u1ee7a b\u00f3ng, gi\u1ea3m thi\u1ec3u hi\u1ec7n t\u01b0\u1ee3ng tr\u01b0\u1ee3t b\u00f3ng v\u00e0 mang l\u1ea1i c\u1ea3m gi\u00e1c g\u1ea1t b\u00f3ng ch\u1eafc ch\u1eafn, m\u01b0\u1ee3t m\u00e0. C\u00e1n g\u1eady Spider EX c\u0169ng \u0111\u01b0\u1ee3c thi\u1ebft k\u1ebf \u0111\u1ec3 t\u1ea1o c\u1ea3m gi\u00e1c c\u00e2n b\u1eb1ng, gi\u00fap ng\u01b0\u1eddi ch\u01a1i ki\u1ec3m so\u00e1t t\u1ed1t h\u01a1n trong t\u1eebng c\u00fa \u0111\u00e1nh.<\/p>\n<p>\u0110\u1ed1i T\u01b0\u1ee3ng S\u1eed D\u1ee5ng<\/p>\n<p>G\u1eady putter Spider EX (m\u00e0u \u0111en tr\u1eafng) ph\u00f9 h\u1ee3p v\u1edbi m\u1ecdi golfer, t\u1eeb ng\u01b0\u1eddi ch\u01a1i nghi\u1ec7p d\u01b0 \u0111\u1ebfn chuy\u00ean nghi\u1ec7p. Thi\u1ebft k\u1ebf th\u00e2n thi\u1ec7n, h\u1ed7 tr\u1ee3 \u0111i\u1ec1u ch\u1ec9nh t\u01b0 th\u1ebf v\u00e0 g\u00f3c \u0111\u00e1nh gi\u00fap ng\u01b0\u1eddi ch\u01a1i c\u1ea3i thi\u1ec7n th\u00e0nh t\u00edch tr\u00ean green m\u1ed9t c\u00e1ch \u0111\u00e1ng k\u1ec3.<\/p>\n<p>K\u1ebft Lu\u1eadn<\/p>\n<p>N\u1ebfu b\u1ea1n \u0111ang t\u00ecm ki\u1ebfm m\u1ed9t c\u00e2y putter mang l\u1ea1i s\u1ef1 \u1ed5n \u0111\u1ecbnh, \u0111\u1ed9 ch\u00ednh x\u00e1c v\u00e0 phong c\u00e1ch \u0111\u1eb3ng c\u1ea5p, Spider EX (m\u00e0u \u0111en tr\u1eafng) l\u00e0 s\u1ef1 l\u1ef1a ch\u1ecdn ho\u00e0n h\u1ea3o. V\u1edbi nh\u1eefng c\u1ea3i ti\u1ebfn c\u00f4ng ngh\u1ec7 ti\u00ean ti\u1ebfn v\u00e0 thi\u1ebft k\u1ebf sang tr\u1ecdng, \u0111\u00e2y ch\u1eafc ch\u1eafn l\u00e0 c\u00e2y g\u1eady m\u00e0 b\u1ea5t k\u1ef3 golfer n\u00e0o c\u0169ng mu\u1ed1n s\u1edf h\u1eefu.<\/p>","protected":false},"excerpt":{"rendered":"<p>G\u1eady Putter Spider EX (M\u00e0u \u0110en Tr\u1eafng) &#8211; S\u1ef1 K\u1ebft H\u1ee3p &#8230; <\/p>","protected":false},"featured_media":2293,"comment_status":"closed","ping_status":"closed","template":"","meta":[],"product_brand":[83],"product_cat":[48],"product_tag":[],"class_list":{"0":"post-2292","1":"product","2":"type-product","3":"status-publish","4":"has-post-thumbnail","6":"product_brand-taylormade","7":"product_cat-gay-putter","9":"first","10":"instock","11":"taxable","12":"shipping-taxable","13":"product-type-simple"},"yoast_head":"<!-- This site is optimized with the Yoast SEO plugin v24.8.1 - https:\/\/yoast.com\/wordpress\/plugins\/seo\/ -->\n<title>G\u1eady putter Spider EX (M\u00e0u \u0111en tr\u1eafng) - Puttercorner.com<\/title>\n<meta name=\"robots\" content=\"index, follow, max-snippet:-1, max-image-preview:large, max-video-preview:-1\" \/>\n<link rel=\"canonical\" href=\"https:\/\/puttercorner.com\/en\/shop\/gay-putter-spider-ex-mau-den-trang\/\" \/>\n<meta property=\"og:locale\" content=\"en_US\" \/>\n<meta property=\"og:type\" content=\"article\" \/>\n<meta property=\"og:title\" content=\"G\u1eady putter Spider EX (M\u00e0u \u0111en tr\u1eafng) - Puttercorner.com\" \/>\n<meta property=\"og:description\" content=\"G\u1eady Putter Spider EX (M\u00e0u \u0110en Tr\u1eafng) - S\u1ef1 K\u1ebft H\u1ee3p ...\" \/>\n<meta property=\"og:url\" content=\"https:\/\/puttercorner.com\/en\/shop\/gay-putter-spider-ex-mau-den-trang\/\" \/>\n<meta property=\"og:site_name\" content=\"Puttercorner.com\" \/>\n<meta property=\"article:publisher\" content=\"https:\/\/www.facebook.com\/people\/Putter-Corner\/61569123132539\/\" \/>\n<meta property=\"article:modified_time\" content=\"2025-03-26T03:51:45+00:00\" \/>\n<meta property=\"og:image\" content=\"https:\/\/puttercorner.com\/wp-content\/uploads\/2025\/03\/z6402788246199_b049ec5159f19b76d3600d46ac10acbd.jpg\" \/>\n\t<meta property=\"og:image:width\" content=\"956\" \/>\n\t<meta property=\"og:image:height\" content=\"1276\" \/>\n\t<meta property=\"og:image:type\" content=\"image\/jpeg\" \/>\n<meta name=\"twitter:card\" content=\"summary_large_image\" \/>\n<meta name=\"twitter:label1\" content=\"Est. reading time\" \/>\n\t<meta name=\"twitter:data1\" content=\"3 minutes\" \/>\n<script type=\"application\/ld+json\" class=\"yoast-schema-graph\">{\"@context\":\"https:\/\/schema.org\",\"@graph\":[{\"@type\":\"WebPage\",\"@id\":\"https:\/\/puttercorner.com\/shop\/gay-putter-spider-ex-mau-den-trang\/\",\"url\":\"https:\/\/puttercorner.com\/shop\/gay-putter-spider-ex-mau-den-trang\/\",\"name\":\"G\u1eady putter Spider EX (M\u00e0u \u0111en tr\u1eafng) - Puttercorner.com\",\"isPartOf\":{\"@id\":\"https:\/\/puttercorner.com\/#website\"},\"primaryImageOfPage\":{\"@id\":\"https:\/\/puttercorner.com\/shop\/gay-putter-spider-ex-mau-den-trang\/#primaryimage\"},\"image\":{\"@id\":\"https:\/\/puttercorner.com\/shop\/gay-putter-spider-ex-mau-den-trang\/#primaryimage\"},\"thumbnailUrl\":\"https:\/\/puttercorner.com\/wp-content\/uploads\/2025\/03\/z6402788246199_b049ec5159f19b76d3600d46ac10acbd.jpg\",\"datePublished\":\"2025-03-26T03:35:12+00:00\",\"dateModified\":\"2025-03-26T03:51:45+00:00\",\"breadcrumb\":{\"@id\":\"https:\/\/puttercorner.com\/shop\/gay-putter-spider-ex-mau-den-trang\/#breadcrumb\"},\"inLanguage\":\"en-US\",\"potentialAction\":[{\"@type\":\"ReadAction\",\"target\":[\"https:\/\/puttercorner.com\/shop\/gay-putter-spider-ex-mau-den-trang\/\"]}]},{\"@type\":\"ImageObject\",\"inLanguage\":\"en-US\",\"@id\":\"https:\/\/puttercorner.com\/shop\/gay-putter-spider-ex-mau-den-trang\/#primaryimage\",\"url\":\"https:\/\/puttercorner.com\/wp-content\/uploads\/2025\/03\/z6402788246199_b049ec5159f19b76d3600d46ac10acbd.jpg\",\"contentUrl\":\"https:\/\/puttercorner.com\/wp-content\/uploads\/2025\/03\/z6402788246199_b049ec5159f19b76d3600d46ac10acbd.jpg\",\"width\":956,\"height\":1276},{\"@type\":\"BreadcrumbList\",\"@id\":\"https:\/\/puttercorner.com\/shop\/gay-putter-spider-ex-mau-den-trang\/#breadcrumb\",\"itemListElement\":[{\"@type\":\"ListItem\",\"position\":1,\"name\":\"Home\",\"item\":\"https:\/\/puttercorner.com\/\"},{\"@type\":\"ListItem\",\"position\":2,\"name\":\"Shop\",\"item\":\"https:\/\/puttercorner.com\/shop\/\"},{\"@type\":\"ListItem\",\"position\":3,\"name\":\"G\u1eady putter Spider EX (M\u00e0u \u0111en tr\u1eafng)\"}]},{\"@type\":\"WebSite\",\"@id\":\"https:\/\/puttercorner.com\/#website\",\"url\":\"https:\/\/puttercorner.com\/\",\"name\":\"Putter Corner - \u0111\u01a1n v\u1ecb \u0111\u1ea7u ti\u00ean t\u1ea1i Vi\u1ec7t Nam chuy\u00ean v\u1ec1 d\u1ecbch v\u1ee5 t\u00e2n trang v\u00e0 c\u00e1 nh\u00e2n h\u00f3a g\u1eady golf.\",\"description\":\"\u0110\u01a1n v\u1ecb \u0111\u1ea7u ti\u00ean t\u1ea1i Vi\u1ec7t Nam chuy\u00ean v\u1ec1 d\u1ecbch v\u1ee5 t\u00e2n trang v\u00e0 c\u00e1 nh\u00e2n h\u00f3a g\u1eady golf.\",\"publisher\":{\"@id\":\"https:\/\/puttercorner.com\/#organization\"},\"potentialAction\":[{\"@type\":\"SearchAction\",\"target\":{\"@type\":\"EntryPoint\",\"urlTemplate\":\"https:\/\/puttercorner.com\/?s={search_term_string}\"},\"query-input\":{\"@type\":\"PropertyValueSpecification\",\"valueRequired\":true,\"valueName\":\"search_term_string\"}}],\"inLanguage\":\"en-US\"},{\"@type\":\"Organization\",\"@id\":\"https:\/\/puttercorner.com\/#organization\",\"name\":\"Putter Corner\",\"url\":\"https:\/\/puttercorner.com\/\",\"logo\":{\"@type\":\"ImageObject\",\"inLanguage\":\"en-US\",\"@id\":\"https:\/\/puttercorner.com\/#\/schema\/logo\/image\/\",\"url\":\"https:\/\/puttercorner.com\/wp-content\/uploads\/2025\/03\/logo50-1.png\",\"contentUrl\":\"https:\/\/puttercorner.com\/wp-content\/uploads\/2025\/03\/logo50-1.png\",\"width\":2300,\"height\":500,\"caption\":\"Putter Corner\"},\"image\":{\"@id\":\"https:\/\/puttercorner.com\/#\/schema\/logo\/image\/\"},\"sameAs\":[\"https:\/\/www.facebook.com\/people\/Putter-Corner\/61569123132539\/\"]}]}<\/script>\n<!-- \/ Yoast SEO plugin. -->","yoast_head_json":{"title":"G\u1eady putter Spider EX (M\u00e0u \u0111en tr\u1eafng) - Puttercorner.com","robots":{"index":"index","follow":"follow","max-snippet":"max-snippet:-1","max-image-preview":"max-image-preview:large","max-video-preview":"max-video-preview:-1"},"canonical":"https:\/\/puttercorner.com\/en\/shop\/gay-putter-spider-ex-mau-den-trang\/","og_locale":"en_US","og_type":"article","og_title":"G\u1eady putter Spider EX (M\u00e0u \u0111en tr\u1eafng) - Puttercorner.com","og_description":"G\u1eady Putter Spider EX (M\u00e0u \u0110en Tr\u1eafng) - S\u1ef1 K\u1ebft H\u1ee3p ...","og_url":"https:\/\/puttercorner.com\/en\/shop\/gay-putter-spider-ex-mau-den-trang\/","og_site_name":"Puttercorner.com","article_publisher":"https:\/\/www.facebook.com\/people\/Putter-Corner\/61569123132539\/","article_modified_time":"2025-03-26T03:51:45+00:00","og_image":[{"width":956,"height":1276,"url":"https:\/\/puttercorner.com\/wp-content\/uploads\/2025\/03\/z6402788246199_b049ec5159f19b76d3600d46ac10acbd.jpg","type":"image\/jpeg"}],"twitter_card":"summary_large_image","twitter_misc":{"Est. reading time":"3 minutes"},"schema":{"@context":"https:\/\/schema.org","@graph":[{"@type":"WebPage","@id":"https:\/\/puttercorner.com\/shop\/gay-putter-spider-ex-mau-den-trang\/","url":"https:\/\/puttercorner.com\/shop\/gay-putter-spider-ex-mau-den-trang\/","name":"G\u1eady putter Spider EX (M\u00e0u \u0111en tr\u1eafng) - Puttercorner.com","isPartOf":{"@id":"https:\/\/puttercorner.com\/#website"},"primaryImageOfPage":{"@id":"https:\/\/puttercorner.com\/shop\/gay-putter-spider-ex-mau-den-trang\/#primaryimage"},"image":{"@id":"https:\/\/puttercorner.com\/shop\/gay-putter-spider-ex-mau-den-trang\/#primaryimage"},"thumbnailUrl":"https:\/\/puttercorner.com\/wp-content\/uploads\/2025\/03\/z6402788246199_b049ec5159f19b76d3600d46ac10acbd.jpg","datePublished":"2025-03-26T03:35:12+00:00","dateModified":"2025-03-26T03:51:45+00:00","breadcrumb":{"@id":"https:\/\/puttercorner.com\/shop\/gay-putter-spider-ex-mau-den-trang\/#breadcrumb"},"inLanguage":"en-US","potentialAction":[{"@type":"ReadAction","target":["https:\/\/puttercorner.com\/shop\/gay-putter-spider-ex-mau-den-trang\/"]}]},{"@type":"ImageObject","inLanguage":"en-US","@id":"https:\/\/puttercorner.com\/shop\/gay-putter-spider-ex-mau-den-trang\/#primaryimage","url":"https:\/\/puttercorner.com\/wp-content\/uploads\/2025\/03\/z6402788246199_b049ec5159f19b76d3600d46ac10acbd.jpg","contentUrl":"https:\/\/puttercorner.com\/wp-content\/uploads\/2025\/03\/z6402788246199_b049ec5159f19b76d3600d46ac10acbd.jpg","width":956,"height":1276},{"@type":"BreadcrumbList","@id":"https:\/\/puttercorner.com\/shop\/gay-putter-spider-ex-mau-den-trang\/#breadcrumb","itemListElement":[{"@type":"ListItem","position":1,"name":"Home","item":"https:\/\/puttercorner.com\/"},{"@type":"ListItem","position":2,"name":"Shop","item":"https:\/\/puttercorner.com\/shop\/"},{"@type":"ListItem","position":3,"name":"G\u1eady putter Spider EX (M\u00e0u \u0111en tr\u1eafng)"}]},{"@type":"WebSite","@id":"https:\/\/puttercorner.com\/#website","url":"https:\/\/puttercorner.com\/","name":"Putter Corner - \u0111\u01a1n v\u1ecb \u0111\u1ea7u ti\u00ean t\u1ea1i Vi\u1ec7t Nam chuy\u00ean v\u1ec1 d\u1ecbch v\u1ee5 t\u00e2n trang v\u00e0 c\u00e1 nh\u00e2n h\u00f3a g\u1eady golf.","description":"\u0110\u01a1n v\u1ecb \u0111\u1ea7u ti\u00ean t\u1ea1i Vi\u1ec7t Nam chuy\u00ean v\u1ec1 d\u1ecbch v\u1ee5 t\u00e2n trang v\u00e0 c\u00e1 nh\u00e2n h\u00f3a g\u1eady golf.","publisher":{"@id":"https:\/\/puttercorner.com\/#organization"},"potentialAction":[{"@type":"SearchAction","target":{"@type":"EntryPoint","urlTemplate":"https:\/\/puttercorner.com\/?s={search_term_string}"},"query-input":{"@type":"PropertyValueSpecification","valueRequired":true,"valueName":"search_term_string"}}],"inLanguage":"en-US"},{"@type":"Organization","@id":"https:\/\/puttercorner.com\/#organization","name":"Putter Corner","url":"https:\/\/puttercorner.com\/","logo":{"@type":"ImageObject","inLanguage":"en-US","@id":"https:\/\/puttercorner.com\/#\/schema\/logo\/image\/","url":"https:\/\/puttercorner.com\/wp-content\/uploads\/2025\/03\/logo50-1.png","contentUrl":"https:\/\/puttercorner.com\/wp-content\/uploads\/2025\/03\/logo50-1.png","width":2300,"height":500,"caption":"Putter Corner"},"image":{"@id":"https:\/\/puttercorner.com\/#\/schema\/logo\/image\/"},"sameAs":["https:\/\/www.facebook.com\/people\/Putter-Corner\/61569123132539\/"]}]}},"_links":{"self":[{"href":"https:\/\/puttercorner.com\/en\/wp-json\/wp\/v2\/product\/2292","targetHints":{"allow":["GET"]}}],"collection":[{"href":"https:\/\/puttercorner.com\/en\/wp-json\/wp\/v2\/product"}],"about":[{"href":"https:\/\/puttercorner.com\/en\/wp-json\/wp\/v2\/types\/product"}],"replies":[{"embeddable":true,"href":"https:\/\/puttercorner.com\/en\/wp-json\/wp\/v2\/comments?post=2292"}],"wp:featuredmedia":[{"embeddable":true,"href":"https:\/\/puttercorner.com\/en\/wp-json\/wp\/v2\/media\/2293"}],"wp:attachment":[{"href":"https:\/\/puttercorner.com\/en\/wp-json\/wp\/v2\/media?parent=2292"}],"wp:term":[{"taxonomy":"product_brand","embeddable":true,"href":"https:\/\/puttercorner.com\/en\/wp-json\/wp\/v2\/product_brand?post=2292"},{"taxonomy":"product_cat","embeddable":true,"href":"https:\/\/puttercorner.com\/en\/wp-json\/wp\/v2\/product_cat?post=2292"},{"taxonomy":"product_tag","embeddable":true,"href":"https:\/\/puttercorner.com\/en\/wp-json\/wp\/v2\/product_tag?post=2292"}],"curies":[{"name":"wp","href":"https:\/\/api.w.org\/{rel}","templated":true}]}}