{"id":2286,"date":"2025-03-26T10:33:59","date_gmt":"2025-03-26T03:33:59","guid":{"rendered":"https:\/\/puttercorner.com\/?post_type=product&#038;p=2286"},"modified":"2025-03-26T10:51:51","modified_gmt":"2025-03-26T03:51:51","slug":"gay-putter-rossa-monza-spider-max","status":"publish","type":"product","link":"https:\/\/puttercorner.com\/en\/shop\/gay-putter-rossa-monza-spider-max\/","title":{"rendered":"G\u1eady putter Rossa Monza Spider Max"},"content":{"rendered":"<p>Gi\u1edbi thi\u1ec7u g\u1eady putter Rossa Monza Spider Max<\/p>\n<p>Thi\u1ebft k\u1ebf \u0111\u1ed9t ph\u00e1 \u2013 Hi\u1ec7u su\u1ea5t t\u1ed1i \u01b0u<\/p>\n<p>G\u1eady putter Rossa Monza Spider Max l\u00e0 m\u1ed9t trong nh\u1eefng d\u00f2ng putter \u0111\u1ed9t ph\u00e1 \u0111\u1ebfn t\u1eeb th\u01b0\u01a1ng hi\u1ec7u TaylorMade, n\u1ed5i b\u1eadt v\u1edbi thi\u1ebft k\u1ebf hi\u1ec7n \u0111\u1ea1i v\u00e0 c\u00f4ng ngh\u1ec7 ti\u00ean ti\u1ebfn. V\u1edbi s\u1ef1 k\u1ebft h\u1ee3p gi\u1eefa s\u1ef1 \u1ed5n \u0111\u1ecbnh, \u0111\u1ed9 ch\u00ednh x\u00e1c cao v\u00e0 c\u1ea3m gi\u00e1c tuy\u1ec7t v\u1eddi, \u0111\u00e2y l\u00e0 l\u1ef1a ch\u1ecdn ho\u00e0n h\u1ea3o d\u00e0nh cho nh\u1eefng golfer mong mu\u1ed1n c\u1ea3i thi\u1ec7n kh\u1ea3 n\u0103ng putting c\u1ee7a m\u00ecnh.<\/p>\n<p>C\u00f4ng ngh\u1ec7 v\u00e0 t\u00ednh n\u0103ng n\u1ed5i b\u1eadt<\/p>\n<p>1. Thi\u1ebft k\u1ebf h\u00ecnh nh\u1ec7n t\u1ed1i \u01b0u MOI<\/p>\n<p>Rossa Monza Spider Max s\u1edf h\u1eefu thi\u1ebft k\u1ebf mallet v\u1edbi khung h\u00ecnh nh\u1ec7n \u0111\u1eb7c tr\u01b0ng, gi\u00fap t\u1ed1i \u01b0u h\u00f3a Moment of Inertia (MOI), mang l\u1ea1i s\u1ef1 \u1ed5n \u0111\u1ecbnh tuy\u1ec7t v\u1eddi khi g\u1ea1t b\u00f3ng. \u0110i\u1ec1u n\u00e0y gi\u00fap gi\u1ea3m thi\u1ec3u t\u00e1c \u0111\u1ed9ng c\u1ee7a nh\u1eefng c\u00fa \u0111\u00e1nh l\u1ed7i v\u00e0 duy tr\u00ec \u0111\u01b0\u1eddng b\u00f3ng \u1ed5n \u0111\u1ecbnh h\u01a1n.<\/p>\n<p>2. C\u1ea5u tr\u00fac \u0111a v\u1eadt li\u1ec7u<\/p>\n<p>G\u1eady \u0111\u01b0\u1ee3c ch\u1ebf t\u1ea1o t\u1eeb s\u1ef1 k\u1ebft h\u1ee3p gi\u1eefa th\u00e9p kh\u00f4ng g\u1ec9, nh\u00f4m v\u00e0 polyme cao c\u1ea5p, gi\u00fap ph\u00e2n b\u1ed5 tr\u1ecdng l\u01b0\u1ee3ng h\u1ee3p l\u00fd \u0111\u1ec3 t\u1ea1o ra s\u1ef1 c\u00e2n b\u1eb1ng ho\u00e0n h\u1ea3o. Nh\u1edd \u0111\u00f3, ng\u01b0\u1eddi ch\u01a1i c\u00f3 th\u1ec3 ki\u1ec3m so\u00e1t t\u1ed1c \u0111\u1ed9 v\u00e0 h\u01b0\u1edbng \u0111i c\u1ee7a b\u00f3ng m\u1ed9t c\u00e1ch ch\u00ednh x\u00e1c.<\/p>\n<p>3. H\u1ec7 th\u1ed1ng True Path Alignment<\/p>\n<p>C\u00f4ng ngh\u1ec7 True Path Alignment gi\u00fap golfer d\u1ec5 d\u00e0ng c\u0103n ch\u1ec9nh \u0111\u01b0\u1eddng b\u00f3ng, n\u00e2ng cao kh\u1ea3 n\u0103ng nh\u1eafm m\u1ee5c ti\u00eau v\u00e0 th\u1ef1c hi\u1ec7n c\u00fa g\u1ea1t ch\u00ednh x\u00e1c h\u01a1n. H\u1ec7 th\u1ed1ng n\u00e0y \u0111\u01b0\u1ee3c thi\u1ebft k\u1ebf \u0111\u1ec3 h\u1ed7 tr\u1ee3 t\u1ea7m nh\u00ecn t\u1ed1t h\u01a1n, gi\u00fap ng\u01b0\u1eddi ch\u01a1i t\u1ef1 tin khi th\u1ef1c hi\u1ec7n c\u00fa putt.<\/p>\n<p>4. M\u1eb7t g\u1eady Pure Roll Insert<\/p>\n<p>M\u1eb7t g\u1eady \u0111\u01b0\u1ee3c trang b\u1ecb c\u00f4ng ngh\u1ec7 Pure Roll Insert v\u1edbi c\u00e1c r\u00e3nh nghi\u00eang, gi\u00fap t\u0103ng c\u01b0\u1eddng \u0111\u1ed9 xo\u00e1y ti\u1ebfn c\u1ee7a b\u00f3ng khi ti\u1ebfp x\u00fac, mang l\u1ea1i c\u1ea3m gi\u00e1c m\u1ec1m m\u1ea1i v\u00e0 ch\u00ednh x\u00e1c h\u01a1n trong t\u1eebng c\u00fa g\u1ea1t.<\/p>\n<p>Ai n\u00ean s\u1eed d\u1ee5ng Rossa Monza Spider Max?<\/p>\n<p>D\u00f2ng putter n\u00e0y ph\u00f9 h\u1ee3p v\u1edbi m\u1ecdi c\u1ea5p \u0111\u1ed9 golfer, t\u1eeb ng\u01b0\u1eddi m\u1edbi b\u1eaft \u0111\u1ea7u \u0111\u1ebfn c\u00e1c golfer chuy\u00ean nghi\u1ec7p. N\u1ebfu b\u1ea1n \u0111ang t\u00ecm ki\u1ebfm m\u1ed9t c\u00e2y g\u1eady putter c\u00f3 s\u1ef1 \u1ed5n \u0111\u1ecbnh cao, d\u1ec5 c\u0103n ch\u1ec9nh v\u00e0 mang l\u1ea1i s\u1ef1 t\u1ef1 tin tr\u00ean green, Rossa Monza Spider Max ch\u00ednh l\u00e0 l\u1ef1a ch\u1ecdn kh\u00f4ng th\u1ec3 b\u1ecf qua.<\/p>\n<p>K\u1ebft lu\u1eadn<\/p>\n<p>V\u1edbi thi\u1ebft k\u1ebf hi\u1ec7n \u0111\u1ea1i, c\u00f4ng ngh\u1ec7 ti\u00ean ti\u1ebfn v\u00e0 hi\u1ec7u su\u1ea5t v\u01b0\u1ee3t tr\u1ed9i, Rossa Monza Spider Max l\u00e0 m\u1ed9t trong nh\u1eefng c\u00e2y g\u1eady putter \u0111\u00e1ng s\u1edf h\u1eefu nh\u1ea5t hi\u1ec7n nay. H\u00e3y tr\u1ea3i nghi\u1ec7m ngay \u0111\u1ec3 n\u00e2ng cao<\/p>","protected":false},"excerpt":{"rendered":"<p>Gi\u1edbi thi\u1ec7u g\u1eady putter Rossa Monza Spider Max &#8230; <\/p>","protected":false},"featured_media":2291,"comment_status":"closed","ping_status":"closed","template":"","meta":[],"product_brand":[83],"product_cat":[48],"product_tag":[],"class_list":{"0":"post-2286","1":"product","2":"type-product","3":"status-publish","4":"has-post-thumbnail","6":"product_brand-taylormade","7":"product_cat-gay-putter","9":"first","10":"instock","11":"taxable","12":"shipping-taxable","13":"product-type-simple"},"yoast_head":"<!-- This site is optimized with the Yoast SEO plugin v24.8.1 - https:\/\/yoast.com\/wordpress\/plugins\/seo\/ -->\n<title>G\u1eady putter Rossa Monza Spider Max - Puttercorner.com<\/title>\n<meta name=\"robots\" content=\"index, follow, max-snippet:-1, max-image-preview:large, max-video-preview:-1\" \/>\n<link rel=\"canonical\" href=\"https:\/\/puttercorner.com\/en\/shop\/gay-putter-rossa-monza-spider-max\/\" \/>\n<meta property=\"og:locale\" content=\"en_US\" \/>\n<meta property=\"og:type\" content=\"article\" \/>\n<meta property=\"og:title\" content=\"G\u1eady putter Rossa Monza Spider Max - Puttercorner.com\" \/>\n<meta property=\"og:description\" content=\"Gi\u1edbi thi\u1ec7u g\u1eady putter Rossa Monza Spider Max ...\" \/>\n<meta property=\"og:url\" content=\"https:\/\/puttercorner.com\/en\/shop\/gay-putter-rossa-monza-spider-max\/\" \/>\n<meta property=\"og:site_name\" content=\"Puttercorner.com\" \/>\n<meta property=\"article:publisher\" content=\"https:\/\/www.facebook.com\/people\/Putter-Corner\/61569123132539\/\" \/>\n<meta property=\"article:modified_time\" content=\"2025-03-26T03:51:51+00:00\" \/>\n<meta property=\"og:image\" content=\"https:\/\/puttercorner.com\/wp-content\/uploads\/2025\/03\/z6431023285052_53b3e4e5a52a8be45326451657145c32-scaled.jpg\" \/>\n\t<meta property=\"og:image:width\" content=\"1920\" \/>\n\t<meta property=\"og:image:height\" content=\"2560\" \/>\n\t<meta property=\"og:image:type\" content=\"image\/jpeg\" \/>\n<meta name=\"twitter:card\" content=\"summary_large_image\" \/>\n<meta name=\"twitter:label1\" content=\"Est. reading time\" \/>\n\t<meta name=\"twitter:data1\" content=\"3 minutes\" \/>\n<script type=\"application\/ld+json\" class=\"yoast-schema-graph\">{\"@context\":\"https:\/\/schema.org\",\"@graph\":[{\"@type\":\"WebPage\",\"@id\":\"https:\/\/puttercorner.com\/shop\/gay-putter-rossa-monza-spider-max\/\",\"url\":\"https:\/\/puttercorner.com\/shop\/gay-putter-rossa-monza-spider-max\/\",\"name\":\"G\u1eady putter Rossa Monza Spider Max - Puttercorner.com\",\"isPartOf\":{\"@id\":\"https:\/\/puttercorner.com\/#website\"},\"primaryImageOfPage\":{\"@id\":\"https:\/\/puttercorner.com\/shop\/gay-putter-rossa-monza-spider-max\/#primaryimage\"},\"image\":{\"@id\":\"https:\/\/puttercorner.com\/shop\/gay-putter-rossa-monza-spider-max\/#primaryimage\"},\"thumbnailUrl\":\"https:\/\/puttercorner.com\/wp-content\/uploads\/2025\/03\/z6431023285052_53b3e4e5a52a8be45326451657145c32-scaled.jpg\",\"datePublished\":\"2025-03-26T03:33:59+00:00\",\"dateModified\":\"2025-03-26T03:51:51+00:00\",\"breadcrumb\":{\"@id\":\"https:\/\/puttercorner.com\/shop\/gay-putter-rossa-monza-spider-max\/#breadcrumb\"},\"inLanguage\":\"en-US\",\"potentialAction\":[{\"@type\":\"ReadAction\",\"target\":[\"https:\/\/puttercorner.com\/shop\/gay-putter-rossa-monza-spider-max\/\"]}]},{\"@type\":\"ImageObject\",\"inLanguage\":\"en-US\",\"@id\":\"https:\/\/puttercorner.com\/shop\/gay-putter-rossa-monza-spider-max\/#primaryimage\",\"url\":\"https:\/\/puttercorner.com\/wp-content\/uploads\/2025\/03\/z6431023285052_53b3e4e5a52a8be45326451657145c32-scaled.jpg\",\"contentUrl\":\"https:\/\/puttercorner.com\/wp-content\/uploads\/2025\/03\/z6431023285052_53b3e4e5a52a8be45326451657145c32-scaled.jpg\",\"width\":1920,\"height\":2560},{\"@type\":\"BreadcrumbList\",\"@id\":\"https:\/\/puttercorner.com\/shop\/gay-putter-rossa-monza-spider-max\/#breadcrumb\",\"itemListElement\":[{\"@type\":\"ListItem\",\"position\":1,\"name\":\"Home\",\"item\":\"https:\/\/puttercorner.com\/\"},{\"@type\":\"ListItem\",\"position\":2,\"name\":\"Shop\",\"item\":\"https:\/\/puttercorner.com\/shop\/\"},{\"@type\":\"ListItem\",\"position\":3,\"name\":\"G\u1eady putter Rossa Monza Spider Max\"}]},{\"@type\":\"WebSite\",\"@id\":\"https:\/\/puttercorner.com\/#website\",\"url\":\"https:\/\/puttercorner.com\/\",\"name\":\"Putter Corner - \u0111\u01a1n v\u1ecb \u0111\u1ea7u ti\u00ean t\u1ea1i Vi\u1ec7t Nam chuy\u00ean v\u1ec1 d\u1ecbch v\u1ee5 t\u00e2n trang v\u00e0 c\u00e1 nh\u00e2n h\u00f3a g\u1eady golf.\",\"description\":\"\u0110\u01a1n v\u1ecb \u0111\u1ea7u ti\u00ean t\u1ea1i Vi\u1ec7t Nam chuy\u00ean v\u1ec1 d\u1ecbch v\u1ee5 t\u00e2n trang v\u00e0 c\u00e1 nh\u00e2n h\u00f3a g\u1eady golf.\",\"publisher\":{\"@id\":\"https:\/\/puttercorner.com\/#organization\"},\"potentialAction\":[{\"@type\":\"SearchAction\",\"target\":{\"@type\":\"EntryPoint\",\"urlTemplate\":\"https:\/\/puttercorner.com\/?s={search_term_string}\"},\"query-input\":{\"@type\":\"PropertyValueSpecification\",\"valueRequired\":true,\"valueName\":\"search_term_string\"}}],\"inLanguage\":\"en-US\"},{\"@type\":\"Organization\",\"@id\":\"https:\/\/puttercorner.com\/#organization\",\"name\":\"Putter Corner\",\"url\":\"https:\/\/puttercorner.com\/\",\"logo\":{\"@type\":\"ImageObject\",\"inLanguage\":\"en-US\",\"@id\":\"https:\/\/puttercorner.com\/#\/schema\/logo\/image\/\",\"url\":\"https:\/\/puttercorner.com\/wp-content\/uploads\/2025\/03\/logo50-1.png\",\"contentUrl\":\"https:\/\/puttercorner.com\/wp-content\/uploads\/2025\/03\/logo50-1.png\",\"width\":2300,\"height\":500,\"caption\":\"Putter Corner\"},\"image\":{\"@id\":\"https:\/\/puttercorner.com\/#\/schema\/logo\/image\/\"},\"sameAs\":[\"https:\/\/www.facebook.com\/people\/Putter-Corner\/61569123132539\/\"]}]}<\/script>\n<!-- \/ Yoast SEO plugin. -->","yoast_head_json":{"title":"G\u1eady putter Rossa Monza Spider Max - Puttercorner.com","robots":{"index":"index","follow":"follow","max-snippet":"max-snippet:-1","max-image-preview":"max-image-preview:large","max-video-preview":"max-video-preview:-1"},"canonical":"https:\/\/puttercorner.com\/en\/shop\/gay-putter-rossa-monza-spider-max\/","og_locale":"en_US","og_type":"article","og_title":"G\u1eady putter Rossa Monza Spider Max - Puttercorner.com","og_description":"Gi\u1edbi thi\u1ec7u g\u1eady putter Rossa Monza Spider Max ...","og_url":"https:\/\/puttercorner.com\/en\/shop\/gay-putter-rossa-monza-spider-max\/","og_site_name":"Puttercorner.com","article_publisher":"https:\/\/www.facebook.com\/people\/Putter-Corner\/61569123132539\/","article_modified_time":"2025-03-26T03:51:51+00:00","og_image":[{"width":1920,"height":2560,"url":"https:\/\/puttercorner.com\/wp-content\/uploads\/2025\/03\/z6431023285052_53b3e4e5a52a8be45326451657145c32-scaled.jpg","type":"image\/jpeg"}],"twitter_card":"summary_large_image","twitter_misc":{"Est. reading time":"3 minutes"},"schema":{"@context":"https:\/\/schema.org","@graph":[{"@type":"WebPage","@id":"https:\/\/puttercorner.com\/shop\/gay-putter-rossa-monza-spider-max\/","url":"https:\/\/puttercorner.com\/shop\/gay-putter-rossa-monza-spider-max\/","name":"G\u1eady putter Rossa Monza Spider Max - Puttercorner.com","isPartOf":{"@id":"https:\/\/puttercorner.com\/#website"},"primaryImageOfPage":{"@id":"https:\/\/puttercorner.com\/shop\/gay-putter-rossa-monza-spider-max\/#primaryimage"},"image":{"@id":"https:\/\/puttercorner.com\/shop\/gay-putter-rossa-monza-spider-max\/#primaryimage"},"thumbnailUrl":"https:\/\/puttercorner.com\/wp-content\/uploads\/2025\/03\/z6431023285052_53b3e4e5a52a8be45326451657145c32-scaled.jpg","datePublished":"2025-03-26T03:33:59+00:00","dateModified":"2025-03-26T03:51:51+00:00","breadcrumb":{"@id":"https:\/\/puttercorner.com\/shop\/gay-putter-rossa-monza-spider-max\/#breadcrumb"},"inLanguage":"en-US","potentialAction":[{"@type":"ReadAction","target":["https:\/\/puttercorner.com\/shop\/gay-putter-rossa-monza-spider-max\/"]}]},{"@type":"ImageObject","inLanguage":"en-US","@id":"https:\/\/puttercorner.com\/shop\/gay-putter-rossa-monza-spider-max\/#primaryimage","url":"https:\/\/puttercorner.com\/wp-content\/uploads\/2025\/03\/z6431023285052_53b3e4e5a52a8be45326451657145c32-scaled.jpg","contentUrl":"https:\/\/puttercorner.com\/wp-content\/uploads\/2025\/03\/z6431023285052_53b3e4e5a52a8be45326451657145c32-scaled.jpg","width":1920,"height":2560},{"@type":"BreadcrumbList","@id":"https:\/\/puttercorner.com\/shop\/gay-putter-rossa-monza-spider-max\/#breadcrumb","itemListElement":[{"@type":"ListItem","position":1,"name":"Home","item":"https:\/\/puttercorner.com\/"},{"@type":"ListItem","position":2,"name":"Shop","item":"https:\/\/puttercorner.com\/shop\/"},{"@type":"ListItem","position":3,"name":"G\u1eady putter Rossa Monza Spider Max"}]},{"@type":"WebSite","@id":"https:\/\/puttercorner.com\/#website","url":"https:\/\/puttercorner.com\/","name":"Putter Corner - \u0111\u01a1n v\u1ecb \u0111\u1ea7u ti\u00ean t\u1ea1i Vi\u1ec7t Nam chuy\u00ean v\u1ec1 d\u1ecbch v\u1ee5 t\u00e2n trang v\u00e0 c\u00e1 nh\u00e2n h\u00f3a g\u1eady golf.","description":"\u0110\u01a1n v\u1ecb \u0111\u1ea7u ti\u00ean t\u1ea1i Vi\u1ec7t Nam chuy\u00ean v\u1ec1 d\u1ecbch v\u1ee5 t\u00e2n trang v\u00e0 c\u00e1 nh\u00e2n h\u00f3a g\u1eady golf.","publisher":{"@id":"https:\/\/puttercorner.com\/#organization"},"potentialAction":[{"@type":"SearchAction","target":{"@type":"EntryPoint","urlTemplate":"https:\/\/puttercorner.com\/?s={search_term_string}"},"query-input":{"@type":"PropertyValueSpecification","valueRequired":true,"valueName":"search_term_string"}}],"inLanguage":"en-US"},{"@type":"Organization","@id":"https:\/\/puttercorner.com\/#organization","name":"Putter Corner","url":"https:\/\/puttercorner.com\/","logo":{"@type":"ImageObject","inLanguage":"en-US","@id":"https:\/\/puttercorner.com\/#\/schema\/logo\/image\/","url":"https:\/\/puttercorner.com\/wp-content\/uploads\/2025\/03\/logo50-1.png","contentUrl":"https:\/\/puttercorner.com\/wp-content\/uploads\/2025\/03\/logo50-1.png","width":2300,"height":500,"caption":"Putter Corner"},"image":{"@id":"https:\/\/puttercorner.com\/#\/schema\/logo\/image\/"},"sameAs":["https:\/\/www.facebook.com\/people\/Putter-Corner\/61569123132539\/"]}]}},"_links":{"self":[{"href":"https:\/\/puttercorner.com\/en\/wp-json\/wp\/v2\/product\/2286","targetHints":{"allow":["GET"]}}],"collection":[{"href":"https:\/\/puttercorner.com\/en\/wp-json\/wp\/v2\/product"}],"about":[{"href":"https:\/\/puttercorner.com\/en\/wp-json\/wp\/v2\/types\/product"}],"replies":[{"embeddable":true,"href":"https:\/\/puttercorner.com\/en\/wp-json\/wp\/v2\/comments?post=2286"}],"wp:featuredmedia":[{"embeddable":true,"href":"https:\/\/puttercorner.com\/en\/wp-json\/wp\/v2\/media\/2291"}],"wp:attachment":[{"href":"https:\/\/puttercorner.com\/en\/wp-json\/wp\/v2\/media?parent=2286"}],"wp:term":[{"taxonomy":"product_brand","embeddable":true,"href":"https:\/\/puttercorner.com\/en\/wp-json\/wp\/v2\/product_brand?post=2286"},{"taxonomy":"product_cat","embeddable":true,"href":"https:\/\/puttercorner.com\/en\/wp-json\/wp\/v2\/product_cat?post=2286"},{"taxonomy":"product_tag","embeddable":true,"href":"https:\/\/puttercorner.com\/en\/wp-json\/wp\/v2\/product_tag?post=2286"}],"curies":[{"name":"wp","href":"https:\/\/api.w.org\/{rel}","templated":true}]}}