{"id":2282,"date":"2025-03-26T10:32:12","date_gmt":"2025-03-26T03:32:12","guid":{"rendered":"https:\/\/puttercorner.com\/?post_type=product&#038;p=2282"},"modified":"2025-03-26T10:51:59","modified_gmt":"2025-03-26T03:51:59","slug":"soctty-cameron-squareback-2","status":"publish","type":"product","link":"https:\/\/puttercorner.com\/en\/shop\/soctty-cameron-squareback-2\/","title":{"rendered":"SOCTTY CAMERON SQUAREBACK 2"},"content":{"rendered":"<p>Scotty Cameron Squareback 2 \u2013 Tinh T\u1ebf, \u1ed4n \u0110\u1ecbnh v\u00e0 Ch\u00ednh X\u00e1c<\/p>\n<p>N\u1ebfu b\u1ea1n l\u00e0 m\u1ed9t golfer \u0111ang t\u00ecm ki\u1ebfm m\u1ed9t chi\u1ebfc g\u1eady putter mang l\u1ea1i s\u1ef1 c\u00e2n b\u1eb1ng ho\u00e0n h\u1ea3o gi\u1eefa thi\u1ebft k\u1ebf c\u1ed5 \u0111i\u1ec3n v\u00e0 c\u00f4ng ngh\u1ec7 hi\u1ec7n \u0111\u1ea1i, Scotty Cameron Squareback 2 ch\u1eafc ch\u1eafn s\u1ebd l\u00e0 m\u1ed9t l\u1ef1a ch\u1ecdn \u0111\u00e1ng c\u00e2n nh\u1eafc. V\u1edbi di\u1ec7n m\u1ea1o sang tr\u1ecdng, c\u00f4ng ngh\u1ec7 ti\u00ean ti\u1ebfn v\u00e0 hi\u1ec7u su\u1ea5t v\u01b0\u1ee3t tr\u1ed9i, Squareback 2 l\u00e0 m\u1ed9t trong nh\u1eefng m\u1eabu putter \u0111\u01b0\u1ee3c y\u00eau th\u00edch nh\u1ea5t t\u1eeb th\u01b0\u01a1ng hi\u1ec7u Scotty Cameron.<\/p>\n<p>Thi\u1ebft K\u1ebf Sang Tr\u1ecdng v\u00e0 C\u00e2n B\u1eb1ng Ho\u00e0n H\u1ea3o<\/p>\n<p>Scotty Cameron Squareback 2 mang trong m\u00ecnh thi\u1ebft k\u1ebf Mid-Mallet v\u1edbi ph\u1ea7n topline d\u00e0y h\u01a1n, t\u1ea1o c\u1ea3m gi\u00e1c ch\u1eafc ch\u1eafn v\u00e0 \u1ed5n \u0111\u1ecbnh khi th\u1ef1c hi\u1ec7n c\u00fa putt. M\u1eb7t g\u1eady \u0111\u01b0\u1ee3c gia c\u00f4ng ch\u00ednh x\u00e1c b\u1eb1ng th\u00e9p kh\u00f4ng g\u1ec9 303, gi\u00fap t\u0103ng \u0111\u1ed9 b\u1ec1n v\u00e0 c\u1ea3i thi\u1ec7n ph\u1ea3n h\u1ed3i khi ti\u1ebfp x\u00fac v\u1edbi b\u00f3ng. Ph\u1ea7n sole (\u0111\u1ebf g\u1eady) c\u00f3 thi\u1ebft k\u1ebf m\u1edbi v\u1edbi tungsten weights gi\u00fap c\u1ea3i thi\u1ec7n MOI (Moment of Inertia), gi\u00fap g\u1eady \u00edt b\u1ecb xoay h\u01a1n khi ti\u1ebfp x\u00fac b\u00f3ng, \u0111\u1ea3m b\u1ea3o \u0111\u01b0\u1eddng b\u00f3ng \u1ed5n \u0111\u1ecbnh h\u01a1n.<\/p>\n<p>C\u00f4ng Ngh\u1ec7 Hi\u1ec7n \u0110\u1ea1i T\u00edch H\u1ee3p<\/p>\n<p>Face Technology \u2013 C\u1ea3m Gi\u00e1c Put Ch\u00ednh X\u00e1c<\/p>\n<p>G\u1eady putter Squareback 2 s\u1eed d\u1ee5ng c\u00f4ng ngh\u1ec7 Milled Face Technology, gi\u00fap m\u1eb7t g\u1eady c\u00f3 \u0111\u1ed9 nh\u00e1m nh\u1ea5t \u0111\u1ecbnh, t\u1ed1i \u01b0u \u0111\u1ed9 xo\u00e1y v\u00e0 mang l\u1ea1i c\u1ea3m gi\u00e1c ch\u1ea1m b\u00f3ng m\u1ec1m m\u1ea1i nh\u01b0ng v\u1eabn duy tr\u00ec s\u1ef1 ki\u1ec3m so\u00e1t t\u1ed1t.<\/p>\n<p>\u0110\u1ecbnh H\u01b0\u1edbng T\u1ed1t H\u01a1n v\u1edbi K\u1ebft C\u1ea5u Th\u00f4ng Minh<\/p>\n<p>H\u1ec7 th\u1ed1ng Single Alignment Line (\u0111\u01b0\u1eddng c\u0103n ch\u1ec9nh \u0111\u01a1n) \u1edf ph\u00eda sau m\u1eb7t g\u1eady gi\u00fap ng\u01b0\u1eddi ch\u01a1i d\u1ec5 d\u00e0ng c\u0103n ch\u1ec9nh b\u00f3ng v\u1edbi m\u1ee5c ti\u00eau, h\u1ea1n ch\u1ebf c\u00e1c c\u00fa putt b\u1ecb l\u1ec7ch h\u01b0\u1edbng.<\/p>\n<p>T\u00f9y Ch\u1ec9nh Tr\u1ecdng L\u01b0\u1ee3ng<\/p>\n<p>M\u1ed9t trong nh\u1eefng \u01b0u \u0111i\u1ec3m l\u1edbn c\u1ee7a Squareback 2 l\u00e0 kh\u1ea3 n\u0103ng t\u00f9y ch\u1ec9nh tr\u1ecdng l\u01b0\u1ee3ng th\u00f4ng qua h\u1ec7 th\u1ed1ng Sole Weights, cho ph\u00e9p ng\u01b0\u1eddi ch\u01a1i \u0111i\u1ec1u ch\u1ec9nh c\u1ea3m gi\u00e1c v\u00e0 \u0111\u1ed9 n\u1eb7ng c\u1ee7a g\u1eady theo s\u1edf th\u00edch c\u00e1 nh\u00e2n.<\/p>\n<p>Ai N\u00ean S\u1eed D\u1ee5ng Scotty Cameron Squareback 2?<\/p>\n<p>Golfer mu\u1ed1n m\u1ed9t g\u1eady putter \u1ed5n \u0111\u1ecbnh, d\u1ec5 c\u0103n ch\u1ec9nh v\u00e0 c\u00f3 MOI cao.<\/p>\n<p>Ng\u01b0\u1eddi ch\u01a1i y\u00eau th\u00edch thi\u1ebft k\u1ebf Mid-Mallet, kh\u00f4ng qu\u00e1 nh\u1ecf nh\u01b0 Blade nh\u01b0ng c\u0169ng kh\u00f4ng qu\u00e1 to nh\u01b0 Mallet.<\/p>\n<p>Nh\u1eefng ai mong mu\u1ed1n m\u1ed9t c\u1ea3m gi\u00e1c m\u01b0\u1ee3t m\u00e0, ki\u1ec3m so\u00e1t t\u1ed1t khi putt.<\/p>\n<p>K\u1ebft Lu\u1eadn<\/p>\n<p>Scotty Cameron Squareback 2 kh\u00f4ng ch\u1ec9 l\u00e0 m\u1ed9t c\u00e2y putter \u0111\u1eb9p m\u1eaft m\u00e0 c\u00f2n l\u00e0 m\u1ed9t c\u00f4ng c\u1ee5 h\u1ed7 tr\u1ee3 golfer c\u1ea3i thi\u1ec7n hi\u1ec7u su\u1ea5t tr\u00ean green. V\u1edbi thi\u1ebft k\u1ebf tinh x\u1ea3o, c\u00f4ng ngh\u1ec7 ti\u00ean ti\u1ebfn v\u00e0 c\u1ea3m gi\u00e1c \u0111\u00e1nh tuy\u1ec7t v\u1eddi, \u0111\u00e2y th\u1ef1c s\u1ef1 l\u00e0 m\u1ed9t l\u1ef1a ch\u1ecdn \u0111\u00e1ng gi\u00e1 cho nh\u1eefng ai mu\u1ed1n n\u00e2ng cao k\u1ef9 n\u0103ng putt c\u1ee7a m\u00ecnh. N\u1ebfu b\u1ea1n \u0111ang t\u00ecm ki\u1ebfm m\u1ed9t putter \u0111\u00e1ng tin c\u1eady \u0111\u1ec3 gi\u00fap b\u1ea1n ghi \u0111i\u1ec3m nhi\u1ec1u h\u01a1n, Squareback 2 ch\u00ednh l\u00e0 s\u1ef1 l\u1ef1a ch\u1ecdn kh\u00f4ng th\u1ec3 b\u1ecf qua!<\/p>","protected":false},"excerpt":{"rendered":"<p>Scotty Cameron Squareback 2 \u2013 Tinh T\u1ebf, \u1ed4n \u0110\u1ecbnh v\u00e0 Ch\u00ednh &#8230; <\/p>","protected":false},"featured_media":2284,"comment_status":"closed","ping_status":"closed","template":"","meta":[],"product_brand":[82],"product_cat":[48],"product_tag":[],"class_list":{"0":"post-2282","1":"product","2":"type-product","3":"status-publish","4":"has-post-thumbnail","6":"product_brand-scotty-cameron","7":"product_cat-gay-putter","9":"first","10":"instock","11":"taxable","12":"shipping-taxable","13":"product-type-simple"},"yoast_head":"<!-- This site is optimized with the Yoast SEO plugin v24.8.1 - https:\/\/yoast.com\/wordpress\/plugins\/seo\/ -->\n<title>SOCTTY CAMERON SQUAREBACK 2 - Puttercorner.com<\/title>\n<meta name=\"robots\" content=\"index, follow, max-snippet:-1, max-image-preview:large, max-video-preview:-1\" \/>\n<link rel=\"canonical\" href=\"https:\/\/puttercorner.com\/en\/shop\/soctty-cameron-squareback-2\/\" \/>\n<meta property=\"og:locale\" content=\"en_US\" \/>\n<meta property=\"og:type\" content=\"article\" \/>\n<meta property=\"og:title\" content=\"SOCTTY CAMERON SQUAREBACK 2 - Puttercorner.com\" \/>\n<meta property=\"og:description\" content=\"Scotty Cameron Squareback 2 \u2013 Tinh T\u1ebf, \u1ed4n \u0110\u1ecbnh v\u00e0 Ch\u00ednh ...\" \/>\n<meta property=\"og:url\" content=\"https:\/\/puttercorner.com\/en\/shop\/soctty-cameron-squareback-2\/\" \/>\n<meta property=\"og:site_name\" content=\"Puttercorner.com\" \/>\n<meta property=\"article:publisher\" content=\"https:\/\/www.facebook.com\/people\/Putter-Corner\/61569123132539\/\" \/>\n<meta property=\"article:modified_time\" content=\"2025-03-26T03:51:59+00:00\" \/>\n<meta property=\"og:image\" content=\"https:\/\/puttercorner.com\/wp-content\/uploads\/2025\/03\/z6431031878856_07762c09eec863946f5e7d5f558ee34c-scaled.jpg\" \/>\n\t<meta property=\"og:image:width\" content=\"1920\" \/>\n\t<meta property=\"og:image:height\" content=\"2560\" \/>\n\t<meta property=\"og:image:type\" content=\"image\/jpeg\" \/>\n<meta name=\"twitter:card\" content=\"summary_large_image\" \/>\n<meta name=\"twitter:label1\" content=\"Est. reading time\" \/>\n\t<meta name=\"twitter:data1\" content=\"4 minutes\" \/>\n<script type=\"application\/ld+json\" class=\"yoast-schema-graph\">{\"@context\":\"https:\/\/schema.org\",\"@graph\":[{\"@type\":\"WebPage\",\"@id\":\"https:\/\/puttercorner.com\/shop\/soctty-cameron-squareback-2\/\",\"url\":\"https:\/\/puttercorner.com\/shop\/soctty-cameron-squareback-2\/\",\"name\":\"SOCTTY CAMERON SQUAREBACK 2 - Puttercorner.com\",\"isPartOf\":{\"@id\":\"https:\/\/puttercorner.com\/#website\"},\"primaryImageOfPage\":{\"@id\":\"https:\/\/puttercorner.com\/shop\/soctty-cameron-squareback-2\/#primaryimage\"},\"image\":{\"@id\":\"https:\/\/puttercorner.com\/shop\/soctty-cameron-squareback-2\/#primaryimage\"},\"thumbnailUrl\":\"https:\/\/puttercorner.com\/wp-content\/uploads\/2025\/03\/z6431031878856_07762c09eec863946f5e7d5f558ee34c-scaled.jpg\",\"datePublished\":\"2025-03-26T03:32:12+00:00\",\"dateModified\":\"2025-03-26T03:51:59+00:00\",\"breadcrumb\":{\"@id\":\"https:\/\/puttercorner.com\/shop\/soctty-cameron-squareback-2\/#breadcrumb\"},\"inLanguage\":\"en-US\",\"potentialAction\":[{\"@type\":\"ReadAction\",\"target\":[\"https:\/\/puttercorner.com\/shop\/soctty-cameron-squareback-2\/\"]}]},{\"@type\":\"ImageObject\",\"inLanguage\":\"en-US\",\"@id\":\"https:\/\/puttercorner.com\/shop\/soctty-cameron-squareback-2\/#primaryimage\",\"url\":\"https:\/\/puttercorner.com\/wp-content\/uploads\/2025\/03\/z6431031878856_07762c09eec863946f5e7d5f558ee34c-scaled.jpg\",\"contentUrl\":\"https:\/\/puttercorner.com\/wp-content\/uploads\/2025\/03\/z6431031878856_07762c09eec863946f5e7d5f558ee34c-scaled.jpg\",\"width\":1920,\"height\":2560},{\"@type\":\"BreadcrumbList\",\"@id\":\"https:\/\/puttercorner.com\/shop\/soctty-cameron-squareback-2\/#breadcrumb\",\"itemListElement\":[{\"@type\":\"ListItem\",\"position\":1,\"name\":\"Home\",\"item\":\"https:\/\/puttercorner.com\/\"},{\"@type\":\"ListItem\",\"position\":2,\"name\":\"Shop\",\"item\":\"https:\/\/puttercorner.com\/shop\/\"},{\"@type\":\"ListItem\",\"position\":3,\"name\":\"SOCTTY CAMERON SQUAREBACK 2\"}]},{\"@type\":\"WebSite\",\"@id\":\"https:\/\/puttercorner.com\/#website\",\"url\":\"https:\/\/puttercorner.com\/\",\"name\":\"Putter Corner - \u0111\u01a1n v\u1ecb \u0111\u1ea7u ti\u00ean t\u1ea1i Vi\u1ec7t Nam chuy\u00ean v\u1ec1 d\u1ecbch v\u1ee5 t\u00e2n trang v\u00e0 c\u00e1 nh\u00e2n h\u00f3a g\u1eady golf.\",\"description\":\"\u0110\u01a1n v\u1ecb \u0111\u1ea7u ti\u00ean t\u1ea1i Vi\u1ec7t Nam chuy\u00ean v\u1ec1 d\u1ecbch v\u1ee5 t\u00e2n trang v\u00e0 c\u00e1 nh\u00e2n h\u00f3a g\u1eady golf.\",\"publisher\":{\"@id\":\"https:\/\/puttercorner.com\/#organization\"},\"potentialAction\":[{\"@type\":\"SearchAction\",\"target\":{\"@type\":\"EntryPoint\",\"urlTemplate\":\"https:\/\/puttercorner.com\/?s={search_term_string}\"},\"query-input\":{\"@type\":\"PropertyValueSpecification\",\"valueRequired\":true,\"valueName\":\"search_term_string\"}}],\"inLanguage\":\"en-US\"},{\"@type\":\"Organization\",\"@id\":\"https:\/\/puttercorner.com\/#organization\",\"name\":\"Putter Corner\",\"url\":\"https:\/\/puttercorner.com\/\",\"logo\":{\"@type\":\"ImageObject\",\"inLanguage\":\"en-US\",\"@id\":\"https:\/\/puttercorner.com\/#\/schema\/logo\/image\/\",\"url\":\"https:\/\/puttercorner.com\/wp-content\/uploads\/2025\/03\/logo50-1.png\",\"contentUrl\":\"https:\/\/puttercorner.com\/wp-content\/uploads\/2025\/03\/logo50-1.png\",\"width\":2300,\"height\":500,\"caption\":\"Putter Corner\"},\"image\":{\"@id\":\"https:\/\/puttercorner.com\/#\/schema\/logo\/image\/\"},\"sameAs\":[\"https:\/\/www.facebook.com\/people\/Putter-Corner\/61569123132539\/\"]}]}<\/script>\n<!-- \/ Yoast SEO plugin. -->","yoast_head_json":{"title":"SOCTTY CAMERON SQUAREBACK 2 - Puttercorner.com","robots":{"index":"index","follow":"follow","max-snippet":"max-snippet:-1","max-image-preview":"max-image-preview:large","max-video-preview":"max-video-preview:-1"},"canonical":"https:\/\/puttercorner.com\/en\/shop\/soctty-cameron-squareback-2\/","og_locale":"en_US","og_type":"article","og_title":"SOCTTY CAMERON SQUAREBACK 2 - Puttercorner.com","og_description":"Scotty Cameron Squareback 2 \u2013 Tinh T\u1ebf, \u1ed4n \u0110\u1ecbnh v\u00e0 Ch\u00ednh ...","og_url":"https:\/\/puttercorner.com\/en\/shop\/soctty-cameron-squareback-2\/","og_site_name":"Puttercorner.com","article_publisher":"https:\/\/www.facebook.com\/people\/Putter-Corner\/61569123132539\/","article_modified_time":"2025-03-26T03:51:59+00:00","og_image":[{"width":1920,"height":2560,"url":"https:\/\/puttercorner.com\/wp-content\/uploads\/2025\/03\/z6431031878856_07762c09eec863946f5e7d5f558ee34c-scaled.jpg","type":"image\/jpeg"}],"twitter_card":"summary_large_image","twitter_misc":{"Est. reading time":"4 minutes"},"schema":{"@context":"https:\/\/schema.org","@graph":[{"@type":"WebPage","@id":"https:\/\/puttercorner.com\/shop\/soctty-cameron-squareback-2\/","url":"https:\/\/puttercorner.com\/shop\/soctty-cameron-squareback-2\/","name":"SOCTTY CAMERON SQUAREBACK 2 - Puttercorner.com","isPartOf":{"@id":"https:\/\/puttercorner.com\/#website"},"primaryImageOfPage":{"@id":"https:\/\/puttercorner.com\/shop\/soctty-cameron-squareback-2\/#primaryimage"},"image":{"@id":"https:\/\/puttercorner.com\/shop\/soctty-cameron-squareback-2\/#primaryimage"},"thumbnailUrl":"https:\/\/puttercorner.com\/wp-content\/uploads\/2025\/03\/z6431031878856_07762c09eec863946f5e7d5f558ee34c-scaled.jpg","datePublished":"2025-03-26T03:32:12+00:00","dateModified":"2025-03-26T03:51:59+00:00","breadcrumb":{"@id":"https:\/\/puttercorner.com\/shop\/soctty-cameron-squareback-2\/#breadcrumb"},"inLanguage":"en-US","potentialAction":[{"@type":"ReadAction","target":["https:\/\/puttercorner.com\/shop\/soctty-cameron-squareback-2\/"]}]},{"@type":"ImageObject","inLanguage":"en-US","@id":"https:\/\/puttercorner.com\/shop\/soctty-cameron-squareback-2\/#primaryimage","url":"https:\/\/puttercorner.com\/wp-content\/uploads\/2025\/03\/z6431031878856_07762c09eec863946f5e7d5f558ee34c-scaled.jpg","contentUrl":"https:\/\/puttercorner.com\/wp-content\/uploads\/2025\/03\/z6431031878856_07762c09eec863946f5e7d5f558ee34c-scaled.jpg","width":1920,"height":2560},{"@type":"BreadcrumbList","@id":"https:\/\/puttercorner.com\/shop\/soctty-cameron-squareback-2\/#breadcrumb","itemListElement":[{"@type":"ListItem","position":1,"name":"Home","item":"https:\/\/puttercorner.com\/"},{"@type":"ListItem","position":2,"name":"Shop","item":"https:\/\/puttercorner.com\/shop\/"},{"@type":"ListItem","position":3,"name":"SOCTTY CAMERON SQUAREBACK 2"}]},{"@type":"WebSite","@id":"https:\/\/puttercorner.com\/#website","url":"https:\/\/puttercorner.com\/","name":"Putter Corner - \u0111\u01a1n v\u1ecb \u0111\u1ea7u ti\u00ean t\u1ea1i Vi\u1ec7t Nam chuy\u00ean v\u1ec1 d\u1ecbch v\u1ee5 t\u00e2n trang v\u00e0 c\u00e1 nh\u00e2n h\u00f3a g\u1eady golf.","description":"\u0110\u01a1n v\u1ecb \u0111\u1ea7u ti\u00ean t\u1ea1i Vi\u1ec7t Nam chuy\u00ean v\u1ec1 d\u1ecbch v\u1ee5 t\u00e2n trang v\u00e0 c\u00e1 nh\u00e2n h\u00f3a g\u1eady golf.","publisher":{"@id":"https:\/\/puttercorner.com\/#organization"},"potentialAction":[{"@type":"SearchAction","target":{"@type":"EntryPoint","urlTemplate":"https:\/\/puttercorner.com\/?s={search_term_string}"},"query-input":{"@type":"PropertyValueSpecification","valueRequired":true,"valueName":"search_term_string"}}],"inLanguage":"en-US"},{"@type":"Organization","@id":"https:\/\/puttercorner.com\/#organization","name":"Putter Corner","url":"https:\/\/puttercorner.com\/","logo":{"@type":"ImageObject","inLanguage":"en-US","@id":"https:\/\/puttercorner.com\/#\/schema\/logo\/image\/","url":"https:\/\/puttercorner.com\/wp-content\/uploads\/2025\/03\/logo50-1.png","contentUrl":"https:\/\/puttercorner.com\/wp-content\/uploads\/2025\/03\/logo50-1.png","width":2300,"height":500,"caption":"Putter Corner"},"image":{"@id":"https:\/\/puttercorner.com\/#\/schema\/logo\/image\/"},"sameAs":["https:\/\/www.facebook.com\/people\/Putter-Corner\/61569123132539\/"]}]}},"_links":{"self":[{"href":"https:\/\/puttercorner.com\/en\/wp-json\/wp\/v2\/product\/2282","targetHints":{"allow":["GET"]}}],"collection":[{"href":"https:\/\/puttercorner.com\/en\/wp-json\/wp\/v2\/product"}],"about":[{"href":"https:\/\/puttercorner.com\/en\/wp-json\/wp\/v2\/types\/product"}],"replies":[{"embeddable":true,"href":"https:\/\/puttercorner.com\/en\/wp-json\/wp\/v2\/comments?post=2282"}],"wp:featuredmedia":[{"embeddable":true,"href":"https:\/\/puttercorner.com\/en\/wp-json\/wp\/v2\/media\/2284"}],"wp:attachment":[{"href":"https:\/\/puttercorner.com\/en\/wp-json\/wp\/v2\/media?parent=2282"}],"wp:term":[{"taxonomy":"product_brand","embeddable":true,"href":"https:\/\/puttercorner.com\/en\/wp-json\/wp\/v2\/product_brand?post=2282"},{"taxonomy":"product_cat","embeddable":true,"href":"https:\/\/puttercorner.com\/en\/wp-json\/wp\/v2\/product_cat?post=2282"},{"taxonomy":"product_tag","embeddable":true,"href":"https:\/\/puttercorner.com\/en\/wp-json\/wp\/v2\/product_tag?post=2282"}],"curies":[{"name":"wp","href":"https:\/\/api.w.org\/{rel}","templated":true}]}}