{"id":2276,"date":"2025-03-26T10:30:52","date_gmt":"2025-03-26T03:30:52","guid":{"rendered":"https:\/\/puttercorner.com\/?post_type=product&#038;p=2276"},"modified":"2025-03-26T10:52:06","modified_gmt":"2025-03-26T03:52:06","slug":"scotty-cameron-select-newport-3","status":"publish","type":"product","link":"https:\/\/puttercorner.com\/en\/shop\/scotty-cameron-select-newport-3\/","title":{"rendered":"SCOTTY CAMERON SELECT NEWPORT 3"},"content":{"rendered":"<p>SCOTTY CAMERON SELECT NEWPORT 3 \u2013 S\u1ef0 HO\u00c0N H\u1ea2O CHO NH\u1eeeNG C\u00da PUTT CH\u00cdNH X\u00c1C<\/p>\n<p>N\u1ebfu b\u1ea1n l\u00e0 m\u1ed9t golfer \u0111am m\u00ea s\u1ef1 tinh t\u1ebf v\u00e0 hi\u1ec7u su\u1ea5t cao, ch\u1eafc ch\u1eafn kh\u00f4ng th\u1ec3 b\u1ecf qua Scotty Cameron Select Newport 3. \u0110\u00e2y l\u00e0 m\u1ed9t trong nh\u1eefng m\u1eabu g\u1eady putter thu\u1ed9c d\u00f2ng Select danh ti\u1ebfng c\u1ee7a Scotty Cameron, mang \u0111\u1ebfn tr\u1ea3i nghi\u1ec7m tuy\u1ec7t v\u1eddi v\u1edbi thi\u1ebft k\u1ebf c\u1ed5 \u0111i\u1ec3n nh\u01b0ng \u0111\u01b0\u1ee3c t\u1ed1i \u01b0u hi\u1ec7n \u0111\u1ea1i.<\/p>\n<p>Thi\u1ebft K\u1ebf \u0110\u1eb3ng C\u1ea5p v\u00e0 C\u00e2n B\u1eb1ng Ho\u00e0n H\u1ea3o<\/p>\n<p>Scotty Cameron Select Newport 3 s\u1edf h\u1eefu thi\u1ebft k\u1ebf blade v\u1edbi ph\u1ea7n hosel ki\u1ec3u &#8220;flow neck&#8221;, gi\u00fap t\u0103ng c\u1ea3m gi\u00e1c m\u01b0\u1ee3t m\u00e0 khi th\u1ef1c hi\u1ec7n nh\u1eefng c\u00fa putt. \u0110\u01b0\u1ee3c ch\u1ebf t\u00e1c t\u1eeb th\u00e9p kh\u00f4ng g\u1ec9 303 cao c\u1ea5p, m\u1eb7t g\u1eady mang l\u1ea1i c\u1ea3m gi\u00e1c ch\u1eafc ch\u1eafn v\u00e0 ph\u1ea3n h\u1ed3i t\u1ed1t.<\/p>\n<p>M\u1ed9t \u0111i\u1ec3m n\u1ed5i b\u1eadt c\u1ee7a Newport 3 l\u00e0 ph\u1ea7n toe flow cao, l\u00fd t\u01b0\u1edfng cho golfer c\u00f3 c\u00fa putting v\u1edbi v\u00f2ng cung t\u1ef1 nhi\u00ean. \u0110i\u1ec1u n\u00e0y gi\u00fap g\u1eady d\u1ec5 d\u00e0ng m\u1edf v\u00e0 \u0111\u00f3ng trong su\u1ed1t qu\u00e1 tr\u00ecnh \u0111\u00e1nh, t\u1ea1o s\u1ef1 \u1ed5n \u0111\u1ecbnh h\u01a1n tr\u00ean green.<\/p>\n<p>C\u00f4ng Ngh\u1ec7 T\u1ed1i \u01afu Hi\u1ec7u Su\u1ea5t<\/p>\n<p>Scotty Cameron \u0111\u00e3 trang b\u1ecb c\u00f4ng ngh\u1ec7 Multi-Material Technology, k\u1ebft h\u1ee3p gi\u1eefa th\u00e9p kh\u00f4ng g\u1ec9 v\u00e0 nh\u00f4m nh\u1eb9, gi\u00fap t\u1ed1i \u01b0u tr\u1ecdng l\u01b0\u1ee3ng v\u00e0 t\u0103ng \u0111\u1ed9 \u1ed5n \u0111\u1ecbnh khi \u0111\u00e1nh b\u00f3ng. Ngo\u00e0i ra, h\u1ec7 th\u1ed1ng gi\u1ea3m ch\u1ea5n Integrated Vibration Dampening System c\u0169ng gi\u00fap h\u1ea1n ch\u1ebf rung \u0111\u1ed9ng, mang l\u1ea1i c\u1ea3m gi\u00e1c m\u01b0\u1ee3t m\u00e0 h\u01a1n cho t\u1eebng c\u00fa putt.<\/p>\n<p>Ph\u1ea7n sole g\u1eady \u0111\u01b0\u1ee3c thi\u1ebft k\u1ebf four-way balance, gi\u00fap gi\u1eef g\u1eady n\u1eb1m c\u00e2n b\u1eb1ng tr\u00ean m\u1eb7t \u0111\u1ea5t ngay c\u1ea3 khi \u0111\u1eb7t xu\u1ed1ng. \u0110i\u1ec1u n\u00e0y gi\u00fap golfer c\u0103n ch\u1ec9nh ch\u00ednh x\u00e1c h\u01a1n tr\u01b0\u1edbc khi th\u1ef1c hi\u1ec7n c\u00fa \u0111\u00e1nh.<\/p>\n<p>Tr\u1ea3i Nghi\u1ec7m Ho\u00e0n H\u1ea3o Cho Golfer<\/p>\n<p>Scotty Cameron Select Newport 3 kh\u00f4ng ch\u1ec9 l\u00e0 m\u1ed9t c\u00e2y g\u1eady putter, m\u00e0 c\u00f2n l\u00e0 m\u1ed9t t\u00e1c ph\u1ea9m ngh\u1ec7 thu\u1eadt v\u1edbi t\u1eebng \u0111\u01b0\u1eddng n\u00e9t \u0111\u01b0\u1ee3c ch\u0103m ch\u00fat t\u1ec9 m\u1ec9. V\u1edbi thi\u1ebft k\u1ebf sang tr\u1ecdng, hi\u1ec7u su\u1ea5t v\u01b0\u1ee3t tr\u1ed9i v\u00e0 c\u1ea3m gi\u00e1c \u0111\u00e1nh ho\u00e0n h\u1ea3o, \u0111\u00e2y l\u00e0 l\u1ef1a ch\u1ecdn l\u00fd t\u01b0\u1edfng cho nh\u1eefng golfer mu\u1ed1n n\u00e2ng t\u1ea7m k\u1ef9 thu\u1eadt putting c\u1ee7a m\u00ecnh.<\/p>\n<p>T\u1ea1i sao n\u00ean ch\u1ecdn Scotty Cameron Select Newport 3?<\/p>\n<p>\u2714 Thi\u1ebft k\u1ebf tinh t\u1ebf, \u0111\u1eb3ng c\u1ea5p<br \/>\n\u2714 C\u00f4ng ngh\u1ec7 hi\u1ec7n \u0111\u1ea1i t\u1ed1i \u01b0u hi\u1ec7u su\u1ea5t<br \/>\n\u2714 C\u1ea3m gi\u00e1c \u0111\u00e1nh ch\u1eafc ch\u1eafn, m\u01b0\u1ee3t m\u00e0<br \/>\n\u2714 L\u00fd t\u01b0\u1edfng cho golfer c\u00f3 v\u00f2ng cung putting t\u1ef1 nhi\u00ean<\/p>\n<p>N\u1ebfu b\u1ea1n \u0111ang t\u00ecm ki\u1ebfm m\u1ed9t c\u00e2y g\u1eady putter gi\u00fap c\u1ea3i thi\u1ec7n \u0111\u1ed9 ch\u00ednh x\u00e1c v\u00e0 c\u1ea3m gi\u00e1c \u0111\u00e1nh b\u00f3ng, Scotty Cameron Select Newport 3 ch\u00ednh l\u00e0 s\u1ef1 l\u1ef1a ch\u1ecdn kh\u00f4ng th\u1ec3 b\u1ecf qua!<\/p>","protected":false},"excerpt":{"rendered":"<p>SCOTTY CAMERON SELECT NEWPORT 3 \u2013 S\u1ef0 HO\u00c0N H\u1ea2O CHO NH\u1eeeNG &#8230; <\/p>","protected":false},"featured_media":2280,"comment_status":"closed","ping_status":"closed","template":"","meta":[],"product_brand":[82],"product_cat":[48],"product_tag":[],"class_list":{"0":"post-2276","1":"product","2":"type-product","3":"status-publish","4":"has-post-thumbnail","6":"product_brand-scotty-cameron","7":"product_cat-gay-putter","9":"first","10":"instock","11":"taxable","12":"shipping-taxable","13":"product-type-simple"},"yoast_head":"<!-- This site is optimized with the Yoast SEO plugin v24.8.1 - https:\/\/yoast.com\/wordpress\/plugins\/seo\/ -->\n<title>SCOTTY CAMERON SELECT NEWPORT 3 - Puttercorner.com<\/title>\n<meta name=\"robots\" content=\"index, follow, max-snippet:-1, max-image-preview:large, max-video-preview:-1\" \/>\n<link rel=\"canonical\" href=\"https:\/\/puttercorner.com\/en\/shop\/scotty-cameron-select-newport-3\/\" \/>\n<meta property=\"og:locale\" content=\"en_US\" \/>\n<meta property=\"og:type\" content=\"article\" \/>\n<meta property=\"og:title\" content=\"SCOTTY CAMERON SELECT NEWPORT 3 - Puttercorner.com\" \/>\n<meta property=\"og:description\" content=\"SCOTTY CAMERON SELECT NEWPORT 3 \u2013 S\u1ef0 HO\u00c0N H\u1ea2O CHO NH\u1eeeNG ...\" \/>\n<meta property=\"og:url\" content=\"https:\/\/puttercorner.com\/en\/shop\/scotty-cameron-select-newport-3\/\" \/>\n<meta property=\"og:site_name\" content=\"Puttercorner.com\" \/>\n<meta property=\"article:publisher\" content=\"https:\/\/www.facebook.com\/people\/Putter-Corner\/61569123132539\/\" \/>\n<meta property=\"article:modified_time\" content=\"2025-03-26T03:52:06+00:00\" \/>\n<meta property=\"og:image\" content=\"https:\/\/puttercorner.com\/wp-content\/uploads\/2025\/03\/z6431022510228_c2e7c04bb50df467c0a60b78f884610c-scaled.jpg\" \/>\n\t<meta property=\"og:image:width\" content=\"1920\" \/>\n\t<meta property=\"og:image:height\" content=\"2560\" \/>\n\t<meta property=\"og:image:type\" content=\"image\/jpeg\" \/>\n<meta name=\"twitter:card\" content=\"summary_large_image\" \/>\n<meta name=\"twitter:label1\" content=\"Est. reading time\" \/>\n\t<meta name=\"twitter:data1\" content=\"3 minutes\" \/>\n<script type=\"application\/ld+json\" class=\"yoast-schema-graph\">{\"@context\":\"https:\/\/schema.org\",\"@graph\":[{\"@type\":\"WebPage\",\"@id\":\"https:\/\/puttercorner.com\/shop\/scotty-cameron-select-newport-3\/\",\"url\":\"https:\/\/puttercorner.com\/shop\/scotty-cameron-select-newport-3\/\",\"name\":\"SCOTTY CAMERON SELECT NEWPORT 3 - Puttercorner.com\",\"isPartOf\":{\"@id\":\"https:\/\/puttercorner.com\/#website\"},\"primaryImageOfPage\":{\"@id\":\"https:\/\/puttercorner.com\/shop\/scotty-cameron-select-newport-3\/#primaryimage\"},\"image\":{\"@id\":\"https:\/\/puttercorner.com\/shop\/scotty-cameron-select-newport-3\/#primaryimage\"},\"thumbnailUrl\":\"https:\/\/puttercorner.com\/wp-content\/uploads\/2025\/03\/z6431022510228_c2e7c04bb50df467c0a60b78f884610c-scaled.jpg\",\"datePublished\":\"2025-03-26T03:30:52+00:00\",\"dateModified\":\"2025-03-26T03:52:06+00:00\",\"breadcrumb\":{\"@id\":\"https:\/\/puttercorner.com\/shop\/scotty-cameron-select-newport-3\/#breadcrumb\"},\"inLanguage\":\"en-US\",\"potentialAction\":[{\"@type\":\"ReadAction\",\"target\":[\"https:\/\/puttercorner.com\/shop\/scotty-cameron-select-newport-3\/\"]}]},{\"@type\":\"ImageObject\",\"inLanguage\":\"en-US\",\"@id\":\"https:\/\/puttercorner.com\/shop\/scotty-cameron-select-newport-3\/#primaryimage\",\"url\":\"https:\/\/puttercorner.com\/wp-content\/uploads\/2025\/03\/z6431022510228_c2e7c04bb50df467c0a60b78f884610c-scaled.jpg\",\"contentUrl\":\"https:\/\/puttercorner.com\/wp-content\/uploads\/2025\/03\/z6431022510228_c2e7c04bb50df467c0a60b78f884610c-scaled.jpg\",\"width\":1920,\"height\":2560},{\"@type\":\"BreadcrumbList\",\"@id\":\"https:\/\/puttercorner.com\/shop\/scotty-cameron-select-newport-3\/#breadcrumb\",\"itemListElement\":[{\"@type\":\"ListItem\",\"position\":1,\"name\":\"Home\",\"item\":\"https:\/\/puttercorner.com\/\"},{\"@type\":\"ListItem\",\"position\":2,\"name\":\"Shop\",\"item\":\"https:\/\/puttercorner.com\/shop\/\"},{\"@type\":\"ListItem\",\"position\":3,\"name\":\"SCOTTY CAMERON SELECT NEWPORT 3\"}]},{\"@type\":\"WebSite\",\"@id\":\"https:\/\/puttercorner.com\/#website\",\"url\":\"https:\/\/puttercorner.com\/\",\"name\":\"Putter Corner - \u0111\u01a1n v\u1ecb \u0111\u1ea7u ti\u00ean t\u1ea1i Vi\u1ec7t Nam chuy\u00ean v\u1ec1 d\u1ecbch v\u1ee5 t\u00e2n trang v\u00e0 c\u00e1 nh\u00e2n h\u00f3a g\u1eady golf.\",\"description\":\"\u0110\u01a1n v\u1ecb \u0111\u1ea7u ti\u00ean t\u1ea1i Vi\u1ec7t Nam chuy\u00ean v\u1ec1 d\u1ecbch v\u1ee5 t\u00e2n trang v\u00e0 c\u00e1 nh\u00e2n h\u00f3a g\u1eady golf.\",\"publisher\":{\"@id\":\"https:\/\/puttercorner.com\/#organization\"},\"potentialAction\":[{\"@type\":\"SearchAction\",\"target\":{\"@type\":\"EntryPoint\",\"urlTemplate\":\"https:\/\/puttercorner.com\/?s={search_term_string}\"},\"query-input\":{\"@type\":\"PropertyValueSpecification\",\"valueRequired\":true,\"valueName\":\"search_term_string\"}}],\"inLanguage\":\"en-US\"},{\"@type\":\"Organization\",\"@id\":\"https:\/\/puttercorner.com\/#organization\",\"name\":\"Putter Corner\",\"url\":\"https:\/\/puttercorner.com\/\",\"logo\":{\"@type\":\"ImageObject\",\"inLanguage\":\"en-US\",\"@id\":\"https:\/\/puttercorner.com\/#\/schema\/logo\/image\/\",\"url\":\"https:\/\/puttercorner.com\/wp-content\/uploads\/2025\/03\/logo50-1.png\",\"contentUrl\":\"https:\/\/puttercorner.com\/wp-content\/uploads\/2025\/03\/logo50-1.png\",\"width\":2300,\"height\":500,\"caption\":\"Putter Corner\"},\"image\":{\"@id\":\"https:\/\/puttercorner.com\/#\/schema\/logo\/image\/\"},\"sameAs\":[\"https:\/\/www.facebook.com\/people\/Putter-Corner\/61569123132539\/\"]}]}<\/script>\n<!-- \/ Yoast SEO plugin. -->","yoast_head_json":{"title":"SCOTTY CAMERON SELECT NEWPORT 3 - Puttercorner.com","robots":{"index":"index","follow":"follow","max-snippet":"max-snippet:-1","max-image-preview":"max-image-preview:large","max-video-preview":"max-video-preview:-1"},"canonical":"https:\/\/puttercorner.com\/en\/shop\/scotty-cameron-select-newport-3\/","og_locale":"en_US","og_type":"article","og_title":"SCOTTY CAMERON SELECT NEWPORT 3 - Puttercorner.com","og_description":"SCOTTY CAMERON SELECT NEWPORT 3 \u2013 S\u1ef0 HO\u00c0N H\u1ea2O CHO NH\u1eeeNG ...","og_url":"https:\/\/puttercorner.com\/en\/shop\/scotty-cameron-select-newport-3\/","og_site_name":"Puttercorner.com","article_publisher":"https:\/\/www.facebook.com\/people\/Putter-Corner\/61569123132539\/","article_modified_time":"2025-03-26T03:52:06+00:00","og_image":[{"width":1920,"height":2560,"url":"https:\/\/puttercorner.com\/wp-content\/uploads\/2025\/03\/z6431022510228_c2e7c04bb50df467c0a60b78f884610c-scaled.jpg","type":"image\/jpeg"}],"twitter_card":"summary_large_image","twitter_misc":{"Est. reading time":"3 minutes"},"schema":{"@context":"https:\/\/schema.org","@graph":[{"@type":"WebPage","@id":"https:\/\/puttercorner.com\/shop\/scotty-cameron-select-newport-3\/","url":"https:\/\/puttercorner.com\/shop\/scotty-cameron-select-newport-3\/","name":"SCOTTY CAMERON SELECT NEWPORT 3 - Puttercorner.com","isPartOf":{"@id":"https:\/\/puttercorner.com\/#website"},"primaryImageOfPage":{"@id":"https:\/\/puttercorner.com\/shop\/scotty-cameron-select-newport-3\/#primaryimage"},"image":{"@id":"https:\/\/puttercorner.com\/shop\/scotty-cameron-select-newport-3\/#primaryimage"},"thumbnailUrl":"https:\/\/puttercorner.com\/wp-content\/uploads\/2025\/03\/z6431022510228_c2e7c04bb50df467c0a60b78f884610c-scaled.jpg","datePublished":"2025-03-26T03:30:52+00:00","dateModified":"2025-03-26T03:52:06+00:00","breadcrumb":{"@id":"https:\/\/puttercorner.com\/shop\/scotty-cameron-select-newport-3\/#breadcrumb"},"inLanguage":"en-US","potentialAction":[{"@type":"ReadAction","target":["https:\/\/puttercorner.com\/shop\/scotty-cameron-select-newport-3\/"]}]},{"@type":"ImageObject","inLanguage":"en-US","@id":"https:\/\/puttercorner.com\/shop\/scotty-cameron-select-newport-3\/#primaryimage","url":"https:\/\/puttercorner.com\/wp-content\/uploads\/2025\/03\/z6431022510228_c2e7c04bb50df467c0a60b78f884610c-scaled.jpg","contentUrl":"https:\/\/puttercorner.com\/wp-content\/uploads\/2025\/03\/z6431022510228_c2e7c04bb50df467c0a60b78f884610c-scaled.jpg","width":1920,"height":2560},{"@type":"BreadcrumbList","@id":"https:\/\/puttercorner.com\/shop\/scotty-cameron-select-newport-3\/#breadcrumb","itemListElement":[{"@type":"ListItem","position":1,"name":"Home","item":"https:\/\/puttercorner.com\/"},{"@type":"ListItem","position":2,"name":"Shop","item":"https:\/\/puttercorner.com\/shop\/"},{"@type":"ListItem","position":3,"name":"SCOTTY CAMERON SELECT NEWPORT 3"}]},{"@type":"WebSite","@id":"https:\/\/puttercorner.com\/#website","url":"https:\/\/puttercorner.com\/","name":"Putter Corner - \u0111\u01a1n v\u1ecb \u0111\u1ea7u ti\u00ean t\u1ea1i Vi\u1ec7t Nam chuy\u00ean v\u1ec1 d\u1ecbch v\u1ee5 t\u00e2n trang v\u00e0 c\u00e1 nh\u00e2n h\u00f3a g\u1eady golf.","description":"\u0110\u01a1n v\u1ecb \u0111\u1ea7u ti\u00ean t\u1ea1i Vi\u1ec7t Nam chuy\u00ean v\u1ec1 d\u1ecbch v\u1ee5 t\u00e2n trang v\u00e0 c\u00e1 nh\u00e2n h\u00f3a g\u1eady golf.","publisher":{"@id":"https:\/\/puttercorner.com\/#organization"},"potentialAction":[{"@type":"SearchAction","target":{"@type":"EntryPoint","urlTemplate":"https:\/\/puttercorner.com\/?s={search_term_string}"},"query-input":{"@type":"PropertyValueSpecification","valueRequired":true,"valueName":"search_term_string"}}],"inLanguage":"en-US"},{"@type":"Organization","@id":"https:\/\/puttercorner.com\/#organization","name":"Putter Corner","url":"https:\/\/puttercorner.com\/","logo":{"@type":"ImageObject","inLanguage":"en-US","@id":"https:\/\/puttercorner.com\/#\/schema\/logo\/image\/","url":"https:\/\/puttercorner.com\/wp-content\/uploads\/2025\/03\/logo50-1.png","contentUrl":"https:\/\/puttercorner.com\/wp-content\/uploads\/2025\/03\/logo50-1.png","width":2300,"height":500,"caption":"Putter Corner"},"image":{"@id":"https:\/\/puttercorner.com\/#\/schema\/logo\/image\/"},"sameAs":["https:\/\/www.facebook.com\/people\/Putter-Corner\/61569123132539\/"]}]}},"_links":{"self":[{"href":"https:\/\/puttercorner.com\/en\/wp-json\/wp\/v2\/product\/2276","targetHints":{"allow":["GET"]}}],"collection":[{"href":"https:\/\/puttercorner.com\/en\/wp-json\/wp\/v2\/product"}],"about":[{"href":"https:\/\/puttercorner.com\/en\/wp-json\/wp\/v2\/types\/product"}],"replies":[{"embeddable":true,"href":"https:\/\/puttercorner.com\/en\/wp-json\/wp\/v2\/comments?post=2276"}],"wp:featuredmedia":[{"embeddable":true,"href":"https:\/\/puttercorner.com\/en\/wp-json\/wp\/v2\/media\/2280"}],"wp:attachment":[{"href":"https:\/\/puttercorner.com\/en\/wp-json\/wp\/v2\/media?parent=2276"}],"wp:term":[{"taxonomy":"product_brand","embeddable":true,"href":"https:\/\/puttercorner.com\/en\/wp-json\/wp\/v2\/product_brand?post=2276"},{"taxonomy":"product_cat","embeddable":true,"href":"https:\/\/puttercorner.com\/en\/wp-json\/wp\/v2\/product_cat?post=2276"},{"taxonomy":"product_tag","embeddable":true,"href":"https:\/\/puttercorner.com\/en\/wp-json\/wp\/v2\/product_tag?post=2276"}],"curies":[{"name":"wp","href":"https:\/\/api.w.org\/{rel}","templated":true}]}}