{"id":2270,"date":"2025-03-26T10:29:02","date_gmt":"2025-03-26T03:29:02","guid":{"rendered":"https:\/\/puttercorner.com\/?post_type=product&#038;p=2270"},"modified":"2025-03-26T10:52:15","modified_gmt":"2025-03-26T03:52:15","slug":"scotty-cameron-select-newport-2-oem","status":"publish","type":"product","link":"https:\/\/puttercorner.com\/en\/shop\/scotty-cameron-select-newport-2-oem\/","title":{"rendered":"SCOTTY CAMERON SELECT NEWPORT 2 (OEM)"},"content":{"rendered":"<p>Gi\u1edbi Thi\u1ec7u SCOTTY CAMERON SELECT NEWPORT 2 (OEM) \u2013 \u0110\u1eb3ng C\u1ea5p G\u1eady Putter H\u00e0ng \u0110\u1ea7u<\/p>\n<p>1. Gi\u1edbi Thi\u1ec7u Chung<\/p>\n<p>SCOTTY CAMERON SELECT NEWPORT 2 (OEM) l\u00e0 m\u1ed9t trong nh\u1eefng d\u00f2ng g\u1eady putter danh ti\u1ebfng \u0111\u01b0\u1ee3c nhi\u1ec1u golfer chuy\u00ean nghi\u1ec7p v\u00e0 nghi\u1ec7p d\u01b0 y\u00eau th\u00edch. V\u1edbi thi\u1ebft k\u1ebf sang tr\u1ecdng, c\u00f4ng ngh\u1ec7 ti\u00ean ti\u1ebfn v\u00e0 hi\u1ec7u su\u1ea5t \u1ed5n \u0111\u1ecbnh, c\u00e2y putter n\u00e0y mang \u0111\u1ebfn c\u1ea3m gi\u00e1c t\u1ef1 tin v\u00e0 ch\u00ednh x\u00e1c tr\u00ean green.<\/p>\n<p>2. Thi\u1ebft K\u1ebf \u0110\u1eb3ng C\u1ea5p<\/p>\n<p>Ki\u1ec3u d\u00e1ng c\u1ed5 \u0111i\u1ec3n<\/p>\n<p>G\u1eady \u0111\u01b0\u1ee3c thi\u1ebft k\u1ebf theo phong c\u00e1ch blade truy\u1ec1n th\u1ed1ng, mang \u0111\u1ebfn v\u1ebb \u0111\u1eb9p t\u1ed1i gi\u1ea3n nh\u01b0ng \u0111\u1ea7y tinh t\u1ebf. \u0110\u1ea7u g\u1eady \u0111\u01b0\u1ee3c gia c\u00f4ng t\u1eeb th\u00e9p kh\u00f4ng g\u1ec9 303 v\u1edbi c\u00e1c \u0111\u01b0\u1eddng n\u00e9t s\u1eafc s\u1ea3o, gi\u00fap t\u1ed1i \u01b0u h\u00f3a kh\u1ea3 n\u0103ng c\u0103n ch\u1ec9nh khi setup.<\/p>\n<p>C\u00f4ng ngh\u1ec7 c\u1ea3i ti\u1ebfn<\/p>\n<p>Face Insert Milled: B\u1ec1 m\u1eb7t g\u1eady \u0111\u01b0\u1ee3c gia c\u00f4ng CNC ch\u00ednh x\u00e1c, gi\u00fap c\u1ea3i thi\u1ec7n c\u1ea3m gi\u00e1c ch\u1ea1m b\u00f3ng v\u00e0 t\u0103ng \u0111\u1ed9 \u1ed5n \u0111\u1ecbnh khi putt.<\/p>\n<p>Multi-Material Construction: K\u1ebft h\u1ee3p gi\u1eefa th\u00e9p kh\u00f4ng g\u1ec9 303 v\u00e0 h\u1ee3p kim nh\u00f4m gi\u00fap t\u0103ng c\u01b0\u1eddng \u0111\u1ed9 b\u1ec1n v\u00e0 ph\u00e2n b\u1ed5 tr\u1ecdng l\u01b0\u1ee3ng t\u1ed1i \u01b0u.<\/p>\n<p>Soft Tri-Sole Design: Thi\u1ebft k\u1ebf \u0111\u1ebf g\u1eady \u0111\u1eb7c bi\u1ec7t gi\u00fap t\u1ed1i \u01b0u h\u00f3a t\u01b0 th\u1ebf v\u00e0o b\u00f3ng, gi\u00fap golfer d\u1ec5 d\u00e0ng ki\u1ec3m so\u00e1t c\u00fa \u0111\u00e1nh.<\/p>\n<p>3. Hi\u1ec7u Su\u1ea5t Tr\u00ean Green<\/p>\n<p>SCOTTY CAMERON SELECT NEWPORT 2 (OEM) \u0111\u01b0\u1ee3c \u0111\u00e1nh gi\u00e1 cao v\u1ec1 kh\u1ea3 n\u0103ng ki\u1ec3m so\u00e1t b\u00f3ng v\u00e0 c\u1ea3m gi\u00e1c putt.<\/p>\n<p>C\u00e2n b\u1eb1ng t\u1ed1t: Tr\u1ecdng l\u01b0\u1ee3ng \u0111\u01b0\u1ee3c ph\u00e2n b\u1ed5 h\u1ee3p l\u00fd, gi\u00fap t\u0103ng t\u00ednh \u1ed5n \u0111\u1ecbnh v\u00e0 h\u1ea1n ch\u1ebf sai s\u1ed1.<\/p>\n<p>\u00c2m thanh v\u00e0 c\u1ea3m gi\u00e1c: G\u1eady mang \u0111\u1ebfn \u00e2m thanh \u00eam \u00e1i khi va ch\u1ea1m, t\u1ea1o c\u1ea3m gi\u00e1c ch\u1eafc ch\u1eafn v\u00e0 t\u1ef1 tin.<\/p>\n<p>D\u1ec5 c\u0103n ch\u1ec9nh: Thi\u1ebft k\u1ebf topline s\u1eafc n\u00e9t v\u00e0 h\u1ec7 th\u1ed1ng sight line h\u1ed7 tr\u1ee3 c\u0103n ch\u1ec9nh ch\u00ednh x\u00e1c, gi\u00fap golfer \u0111\u01b0a b\u00f3ng v\u00e0o line d\u1ec5 d\u00e0ng h\u01a1n.<\/p>\n<p>4. L\u00fd Do N\u00ean S\u1edf H\u1eefu SCOTTY CAMERON SELECT NEWPORT 2 (OEM)<\/p>\n<p>Th\u01b0\u01a1ng hi\u1ec7u danh ti\u1ebfng: Scotty Cameron l\u00e0 m\u1ed9t trong nh\u1eefng h\u00e3ng s\u1ea3n xu\u1ea5t g\u1eady putter \u0111\u01b0\u1ee3c PGA Tour v\u00e0 c\u00e1c golfer chuy\u00ean nghi\u1ec7p tin d\u00f9ng.<\/p>\n<p>Hi\u1ec7u su\u1ea5t v\u01b0\u1ee3t tr\u1ed9i: Kh\u1ea3 n\u0103ng ki\u1ec3m so\u00e1t b\u00f3ng t\u1ed1t, c\u1ea3m gi\u00e1c \u1ed5n \u0111\u1ecbnh, h\u1ed7 tr\u1ee3 putt ch\u00ednh x\u00e1c.<\/p>\n<p>Thi\u1ebft k\u1ebf tinh t\u1ebf: Ki\u1ec3u d\u00e1ng \u0111\u1eb9p m\u1eaft, ch\u1ea5t li\u1ec7u cao c\u1ea5p, \u0111\u1ed9 b\u1ec1n cao.<\/p>\n<p>T\u00f9y ch\u1ec9nh d\u1ec5 d\u00e0ng: C\u00f3 th\u1ec3 \u0111i\u1ec1u ch\u1ec9nh tr\u1ecdng l\u01b0\u1ee3ng theo s\u1edf th\u00edch v\u00e0 phong c\u00e1ch ch\u01a1i c\u00e1 nh\u00e2n.<\/p>\n<p>5. K\u1ebft Lu\u1eadn<\/p>\n<p>SCOTTY CAMERON SELECT NEWPORT 2 (OEM) l\u00e0 s\u1ef1 l\u1ef1a ch\u1ecdn ho\u00e0n h\u1ea3o cho nh\u1eefng golfer \u0111ang t\u00ecm ki\u1ebfm m\u1ed9t c\u00e2y putter \u0111\u1eb3ng c\u1ea5p, mang l\u1ea1i s\u1ef1 \u1ed5n \u0111\u1ecbnh v\u00e0 ch\u00ednh x\u00e1c t\u1ed1i \u01b0u. N\u1ebfu b\u1ea1n mu\u1ed1n c\u1ea3i thi\u1ec7n k\u1ef9 n\u0103ng putt v\u00e0 s\u1edf h\u1eefu m\u1ed9t s\u1ea3n ph\u1ea9m ch\u1ea5t l\u01b0\u1ee3ng h\u00e0ng \u0111\u1ea7u, \u0111\u00e2y ch\u00ednh l\u00e0 c\u00e2y g\u1eady kh\u00f4ng th\u1ec3 b\u1ecf qua!<\/p>","protected":false},"excerpt":{"rendered":"<p>Gi\u1edbi Thi\u1ec7u SCOTTY CAMERON SELECT NEWPORT 2 (OEM) \u2013 \u0110\u1eb3ng C\u1ea5p &#8230; <\/p>","protected":false},"featured_media":2271,"comment_status":"closed","ping_status":"closed","template":"","meta":[],"product_brand":[82],"product_cat":[48],"product_tag":[],"class_list":{"0":"post-2270","1":"product","2":"type-product","3":"status-publish","4":"has-post-thumbnail","6":"product_brand-scotty-cameron","7":"product_cat-gay-putter","9":"first","10":"instock","11":"taxable","12":"shipping-taxable","13":"product-type-simple"},"yoast_head":"<!-- This site is optimized with the Yoast SEO plugin v24.8.1 - https:\/\/yoast.com\/wordpress\/plugins\/seo\/ -->\n<title>SCOTTY CAMERON SELECT NEWPORT 2 (OEM) - Puttercorner.com<\/title>\n<meta name=\"robots\" content=\"index, follow, max-snippet:-1, max-image-preview:large, max-video-preview:-1\" \/>\n<link rel=\"canonical\" href=\"https:\/\/puttercorner.com\/en\/shop\/scotty-cameron-select-newport-2-oem\/\" \/>\n<meta property=\"og:locale\" content=\"en_US\" \/>\n<meta property=\"og:type\" content=\"article\" \/>\n<meta property=\"og:title\" content=\"SCOTTY CAMERON SELECT NEWPORT 2 (OEM) - Puttercorner.com\" \/>\n<meta property=\"og:description\" content=\"Gi\u1edbi Thi\u1ec7u SCOTTY CAMERON SELECT NEWPORT 2 (OEM) \u2013 \u0110\u1eb3ng C\u1ea5p ...\" \/>\n<meta property=\"og:url\" content=\"https:\/\/puttercorner.com\/en\/shop\/scotty-cameron-select-newport-2-oem\/\" \/>\n<meta property=\"og:site_name\" content=\"Puttercorner.com\" \/>\n<meta property=\"article:publisher\" content=\"https:\/\/www.facebook.com\/people\/Putter-Corner\/61569123132539\/\" \/>\n<meta property=\"article:modified_time\" content=\"2025-03-26T03:52:15+00:00\" \/>\n<meta property=\"og:image\" content=\"https:\/\/puttercorner.com\/wp-content\/uploads\/2025\/03\/z6431041877392_c69be19952ebfa0163f108b8a150681d.jpg\" \/>\n\t<meta property=\"og:image:width\" content=\"956\" \/>\n\t<meta property=\"og:image:height\" content=\"1276\" \/>\n\t<meta property=\"og:image:type\" content=\"image\/jpeg\" \/>\n<meta name=\"twitter:card\" content=\"summary_large_image\" \/>\n<meta name=\"twitter:label1\" content=\"Est. reading time\" \/>\n\t<meta name=\"twitter:data1\" content=\"3 minutes\" \/>\n<script type=\"application\/ld+json\" class=\"yoast-schema-graph\">{\"@context\":\"https:\/\/schema.org\",\"@graph\":[{\"@type\":\"WebPage\",\"@id\":\"https:\/\/puttercorner.com\/shop\/scotty-cameron-select-newport-2-oem\/\",\"url\":\"https:\/\/puttercorner.com\/shop\/scotty-cameron-select-newport-2-oem\/\",\"name\":\"SCOTTY CAMERON SELECT NEWPORT 2 (OEM) - Puttercorner.com\",\"isPartOf\":{\"@id\":\"https:\/\/puttercorner.com\/#website\"},\"primaryImageOfPage\":{\"@id\":\"https:\/\/puttercorner.com\/shop\/scotty-cameron-select-newport-2-oem\/#primaryimage\"},\"image\":{\"@id\":\"https:\/\/puttercorner.com\/shop\/scotty-cameron-select-newport-2-oem\/#primaryimage\"},\"thumbnailUrl\":\"https:\/\/puttercorner.com\/wp-content\/uploads\/2025\/03\/z6431041877392_c69be19952ebfa0163f108b8a150681d.jpg\",\"datePublished\":\"2025-03-26T03:29:02+00:00\",\"dateModified\":\"2025-03-26T03:52:15+00:00\",\"breadcrumb\":{\"@id\":\"https:\/\/puttercorner.com\/shop\/scotty-cameron-select-newport-2-oem\/#breadcrumb\"},\"inLanguage\":\"en-US\",\"potentialAction\":[{\"@type\":\"ReadAction\",\"target\":[\"https:\/\/puttercorner.com\/shop\/scotty-cameron-select-newport-2-oem\/\"]}]},{\"@type\":\"ImageObject\",\"inLanguage\":\"en-US\",\"@id\":\"https:\/\/puttercorner.com\/shop\/scotty-cameron-select-newport-2-oem\/#primaryimage\",\"url\":\"https:\/\/puttercorner.com\/wp-content\/uploads\/2025\/03\/z6431041877392_c69be19952ebfa0163f108b8a150681d.jpg\",\"contentUrl\":\"https:\/\/puttercorner.com\/wp-content\/uploads\/2025\/03\/z6431041877392_c69be19952ebfa0163f108b8a150681d.jpg\",\"width\":956,\"height\":1276},{\"@type\":\"BreadcrumbList\",\"@id\":\"https:\/\/puttercorner.com\/shop\/scotty-cameron-select-newport-2-oem\/#breadcrumb\",\"itemListElement\":[{\"@type\":\"ListItem\",\"position\":1,\"name\":\"Home\",\"item\":\"https:\/\/puttercorner.com\/\"},{\"@type\":\"ListItem\",\"position\":2,\"name\":\"Shop\",\"item\":\"https:\/\/puttercorner.com\/shop\/\"},{\"@type\":\"ListItem\",\"position\":3,\"name\":\"SCOTTY CAMERON SELECT NEWPORT 2 (OEM)\"}]},{\"@type\":\"WebSite\",\"@id\":\"https:\/\/puttercorner.com\/#website\",\"url\":\"https:\/\/puttercorner.com\/\",\"name\":\"Putter Corner - \u0111\u01a1n v\u1ecb \u0111\u1ea7u ti\u00ean t\u1ea1i Vi\u1ec7t Nam chuy\u00ean v\u1ec1 d\u1ecbch v\u1ee5 t\u00e2n trang v\u00e0 c\u00e1 nh\u00e2n h\u00f3a g\u1eady golf.\",\"description\":\"\u0110\u01a1n v\u1ecb \u0111\u1ea7u ti\u00ean t\u1ea1i Vi\u1ec7t Nam chuy\u00ean v\u1ec1 d\u1ecbch v\u1ee5 t\u00e2n trang v\u00e0 c\u00e1 nh\u00e2n h\u00f3a g\u1eady golf.\",\"publisher\":{\"@id\":\"https:\/\/puttercorner.com\/#organization\"},\"potentialAction\":[{\"@type\":\"SearchAction\",\"target\":{\"@type\":\"EntryPoint\",\"urlTemplate\":\"https:\/\/puttercorner.com\/?s={search_term_string}\"},\"query-input\":{\"@type\":\"PropertyValueSpecification\",\"valueRequired\":true,\"valueName\":\"search_term_string\"}}],\"inLanguage\":\"en-US\"},{\"@type\":\"Organization\",\"@id\":\"https:\/\/puttercorner.com\/#organization\",\"name\":\"Putter Corner\",\"url\":\"https:\/\/puttercorner.com\/\",\"logo\":{\"@type\":\"ImageObject\",\"inLanguage\":\"en-US\",\"@id\":\"https:\/\/puttercorner.com\/#\/schema\/logo\/image\/\",\"url\":\"https:\/\/puttercorner.com\/wp-content\/uploads\/2025\/03\/logo50-1.png\",\"contentUrl\":\"https:\/\/puttercorner.com\/wp-content\/uploads\/2025\/03\/logo50-1.png\",\"width\":2300,\"height\":500,\"caption\":\"Putter Corner\"},\"image\":{\"@id\":\"https:\/\/puttercorner.com\/#\/schema\/logo\/image\/\"},\"sameAs\":[\"https:\/\/www.facebook.com\/people\/Putter-Corner\/61569123132539\/\"]}]}<\/script>\n<!-- \/ Yoast SEO plugin. -->","yoast_head_json":{"title":"SCOTTY CAMERON SELECT NEWPORT 2 (OEM) - Puttercorner.com","robots":{"index":"index","follow":"follow","max-snippet":"max-snippet:-1","max-image-preview":"max-image-preview:large","max-video-preview":"max-video-preview:-1"},"canonical":"https:\/\/puttercorner.com\/en\/shop\/scotty-cameron-select-newport-2-oem\/","og_locale":"en_US","og_type":"article","og_title":"SCOTTY CAMERON SELECT NEWPORT 2 (OEM) - Puttercorner.com","og_description":"Gi\u1edbi Thi\u1ec7u SCOTTY CAMERON SELECT NEWPORT 2 (OEM) \u2013 \u0110\u1eb3ng C\u1ea5p ...","og_url":"https:\/\/puttercorner.com\/en\/shop\/scotty-cameron-select-newport-2-oem\/","og_site_name":"Puttercorner.com","article_publisher":"https:\/\/www.facebook.com\/people\/Putter-Corner\/61569123132539\/","article_modified_time":"2025-03-26T03:52:15+00:00","og_image":[{"width":956,"height":1276,"url":"https:\/\/puttercorner.com\/wp-content\/uploads\/2025\/03\/z6431041877392_c69be19952ebfa0163f108b8a150681d.jpg","type":"image\/jpeg"}],"twitter_card":"summary_large_image","twitter_misc":{"Est. reading time":"3 minutes"},"schema":{"@context":"https:\/\/schema.org","@graph":[{"@type":"WebPage","@id":"https:\/\/puttercorner.com\/shop\/scotty-cameron-select-newport-2-oem\/","url":"https:\/\/puttercorner.com\/shop\/scotty-cameron-select-newport-2-oem\/","name":"SCOTTY CAMERON SELECT NEWPORT 2 (OEM) - Puttercorner.com","isPartOf":{"@id":"https:\/\/puttercorner.com\/#website"},"primaryImageOfPage":{"@id":"https:\/\/puttercorner.com\/shop\/scotty-cameron-select-newport-2-oem\/#primaryimage"},"image":{"@id":"https:\/\/puttercorner.com\/shop\/scotty-cameron-select-newport-2-oem\/#primaryimage"},"thumbnailUrl":"https:\/\/puttercorner.com\/wp-content\/uploads\/2025\/03\/z6431041877392_c69be19952ebfa0163f108b8a150681d.jpg","datePublished":"2025-03-26T03:29:02+00:00","dateModified":"2025-03-26T03:52:15+00:00","breadcrumb":{"@id":"https:\/\/puttercorner.com\/shop\/scotty-cameron-select-newport-2-oem\/#breadcrumb"},"inLanguage":"en-US","potentialAction":[{"@type":"ReadAction","target":["https:\/\/puttercorner.com\/shop\/scotty-cameron-select-newport-2-oem\/"]}]},{"@type":"ImageObject","inLanguage":"en-US","@id":"https:\/\/puttercorner.com\/shop\/scotty-cameron-select-newport-2-oem\/#primaryimage","url":"https:\/\/puttercorner.com\/wp-content\/uploads\/2025\/03\/z6431041877392_c69be19952ebfa0163f108b8a150681d.jpg","contentUrl":"https:\/\/puttercorner.com\/wp-content\/uploads\/2025\/03\/z6431041877392_c69be19952ebfa0163f108b8a150681d.jpg","width":956,"height":1276},{"@type":"BreadcrumbList","@id":"https:\/\/puttercorner.com\/shop\/scotty-cameron-select-newport-2-oem\/#breadcrumb","itemListElement":[{"@type":"ListItem","position":1,"name":"Home","item":"https:\/\/puttercorner.com\/"},{"@type":"ListItem","position":2,"name":"Shop","item":"https:\/\/puttercorner.com\/shop\/"},{"@type":"ListItem","position":3,"name":"SCOTTY CAMERON SELECT NEWPORT 2 (OEM)"}]},{"@type":"WebSite","@id":"https:\/\/puttercorner.com\/#website","url":"https:\/\/puttercorner.com\/","name":"Putter Corner - \u0111\u01a1n v\u1ecb \u0111\u1ea7u ti\u00ean t\u1ea1i Vi\u1ec7t Nam chuy\u00ean v\u1ec1 d\u1ecbch v\u1ee5 t\u00e2n trang v\u00e0 c\u00e1 nh\u00e2n h\u00f3a g\u1eady golf.","description":"\u0110\u01a1n v\u1ecb \u0111\u1ea7u ti\u00ean t\u1ea1i Vi\u1ec7t Nam chuy\u00ean v\u1ec1 d\u1ecbch v\u1ee5 t\u00e2n trang v\u00e0 c\u00e1 nh\u00e2n h\u00f3a g\u1eady golf.","publisher":{"@id":"https:\/\/puttercorner.com\/#organization"},"potentialAction":[{"@type":"SearchAction","target":{"@type":"EntryPoint","urlTemplate":"https:\/\/puttercorner.com\/?s={search_term_string}"},"query-input":{"@type":"PropertyValueSpecification","valueRequired":true,"valueName":"search_term_string"}}],"inLanguage":"en-US"},{"@type":"Organization","@id":"https:\/\/puttercorner.com\/#organization","name":"Putter Corner","url":"https:\/\/puttercorner.com\/","logo":{"@type":"ImageObject","inLanguage":"en-US","@id":"https:\/\/puttercorner.com\/#\/schema\/logo\/image\/","url":"https:\/\/puttercorner.com\/wp-content\/uploads\/2025\/03\/logo50-1.png","contentUrl":"https:\/\/puttercorner.com\/wp-content\/uploads\/2025\/03\/logo50-1.png","width":2300,"height":500,"caption":"Putter Corner"},"image":{"@id":"https:\/\/puttercorner.com\/#\/schema\/logo\/image\/"},"sameAs":["https:\/\/www.facebook.com\/people\/Putter-Corner\/61569123132539\/"]}]}},"_links":{"self":[{"href":"https:\/\/puttercorner.com\/en\/wp-json\/wp\/v2\/product\/2270","targetHints":{"allow":["GET"]}}],"collection":[{"href":"https:\/\/puttercorner.com\/en\/wp-json\/wp\/v2\/product"}],"about":[{"href":"https:\/\/puttercorner.com\/en\/wp-json\/wp\/v2\/types\/product"}],"replies":[{"embeddable":true,"href":"https:\/\/puttercorner.com\/en\/wp-json\/wp\/v2\/comments?post=2270"}],"wp:featuredmedia":[{"embeddable":true,"href":"https:\/\/puttercorner.com\/en\/wp-json\/wp\/v2\/media\/2271"}],"wp:attachment":[{"href":"https:\/\/puttercorner.com\/en\/wp-json\/wp\/v2\/media?parent=2270"}],"wp:term":[{"taxonomy":"product_brand","embeddable":true,"href":"https:\/\/puttercorner.com\/en\/wp-json\/wp\/v2\/product_brand?post=2270"},{"taxonomy":"product_cat","embeddable":true,"href":"https:\/\/puttercorner.com\/en\/wp-json\/wp\/v2\/product_cat?post=2270"},{"taxonomy":"product_tag","embeddable":true,"href":"https:\/\/puttercorner.com\/en\/wp-json\/wp\/v2\/product_tag?post=2270"}],"curies":[{"name":"wp","href":"https:\/\/api.w.org\/{rel}","templated":true}]}}