{"id":2264,"date":"2025-03-26T10:27:39","date_gmt":"2025-03-26T03:27:39","guid":{"rendered":"https:\/\/puttercorner.com\/?post_type=product&#038;p=2264"},"modified":"2025-03-26T10:52:23","modified_gmt":"2025-03-26T03:52:23","slug":"scotty-cameron-pro-platium","status":"publish","type":"product","link":"https:\/\/puttercorner.com\/en\/shop\/scotty-cameron-pro-platium\/","title":{"rendered":"SCOTTY CAMERON PRO PLATIUM"},"content":{"rendered":"<p>SCOTTY CAMERON PRO PLATINUM \u2013 BI\u1ec2U T\u01af\u1ee2NG HO\u00c0N H\u1ea2O CHO NH\u1eeeNG C\u00da PUTT \u0110\u1eb2NG C\u1ea4P<\/p>\n<p>Gi\u1edbi thi\u1ec7u v\u1ec1 Scotty Cameron Pro Platinum<\/p>\n<p>Scotty Cameron t\u1eeb l\u00e2u \u0111\u00e3 tr\u1edf th\u00e0nh m\u1ed9t trong nh\u1eefng th\u01b0\u01a1ng hi\u1ec7u g\u1eady putter h\u00e0ng \u0111\u1ea7u th\u1ebf gi\u1edbi, \u0111\u01b0\u1ee3c c\u00e1c golfer chuy\u00ean nghi\u1ec7p tin d\u00f9ng. Trong s\u1ed1 \u0111\u00f3, d\u00f2ng Scotty Cameron Pro Platinum n\u1ed5i b\u1eadt v\u1edbi thi\u1ebft k\u1ebf sang tr\u1ecdng, hi\u1ec7u su\u1ea5t v\u01b0\u1ee3t tr\u1ed9i v\u00e0 c\u1ea3m gi\u00e1c \u0111\u00e1nh b\u00f3ng tuy\u1ec7t v\u1eddi. \u0110\u00e2y l\u00e0 m\u1eabu putter \u0111\u01b0\u1ee3c nhi\u1ec1u golfer chuy\u00ean nghi\u1ec7p v\u00e0 ng\u01b0\u1eddi ch\u01a1i \u0111am m\u00ea \u0111\u00e1nh gi\u00e1 cao.<\/p>\n<p>Thi\u1ebft k\u1ebf \u0111\u1eb3ng c\u1ea5p<\/p>\n<p>Scotty Cameron Pro Platinum \u0111\u01b0\u1ee3c ch\u1ebf t\u00e1c t\u1eeb th\u00e9p kh\u00f4ng g\u1ec9 303, mang \u0111\u1ebfn \u0111\u1ed9 b\u1ec1n cao c\u00f9ng v\u1edbi v\u1ebb ngo\u00e0i sang tr\u1ecdng. L\u1edbp ph\u1ee7 b\u1ea1ch kim (Platinum) kh\u00f4ng ch\u1ec9 gi\u00fap t\u0103ng t\u00ednh th\u1ea9m m\u1ef9 m\u00e0 c\u00f2n gi\u1ea3m ch\u00f3i d\u01b0\u1edbi \u00e1nh n\u1eafng, gi\u00fap golfer d\u1ec5 d\u00e0ng c\u0103n ch\u1ec9nh c\u00fa putt ch\u00ednh x\u00e1c h\u01a1n.<\/p>\n<p>Tay c\u1ea7m (grip) \u0111\u01b0\u1ee3c thi\u1ebft k\u1ebf v\u1eeba v\u1eb7n, mang l\u1ea1i c\u1ea3m gi\u00e1c ch\u1eafc ch\u1eafn v\u00e0 tho\u1ea3i m\u00e1i trong m\u1ed7i c\u00fa \u0111\u00e1nh. M\u1eb7t g\u1eady (face) \u0111\u01b0\u1ee3c gia c\u00f4ng tinh x\u1ea3o gi\u00fap t\u0103ng \u0111\u1ed9 ki\u1ec3m so\u00e1t v\u00e0 c\u1ea3m gi\u00e1c b\u00f3ng, t\u1ea1o s\u1ef1 \u1ed5n \u0111\u1ecbnh t\u1ed1i \u0111a.<\/p>\n<p>Hi\u1ec7u su\u1ea5t v\u01b0\u1ee3t tr\u1ed9i<\/p>\n<p>Scotty Cameron Pro Platinum \u0111\u01b0\u1ee3c thi\u1ebft k\u1ebf nh\u1eb1m t\u1ed1i \u01b0u h\u00f3a s\u1ef1 \u1ed5n \u0111\u1ecbnh v\u00e0 ki\u1ec3m so\u00e1t b\u00f3ng. V\u1edbi c\u00f4ng ngh\u1ec7 c\u00e2n b\u1eb1ng tr\u1ecdng l\u01b0\u1ee3ng ho\u00e0n h\u1ea3o, c\u00e2y g\u1eady n\u00e0y gi\u00fap gi\u1ea3m thi\u1ec3u sai s\u1ed1 khi th\u1ef1c hi\u1ec7n nh\u1eefng c\u00fa putt quan tr\u1ecdng. Nh\u1edd v\u00e0o m\u1eb7t g\u1eady \u0111\u01b0\u1ee3c gia c\u00f4ng tinh vi, b\u00f3ng l\u0103n m\u01b0\u1ee3t m\u00e0 h\u01a1n, gi\u00fap golfer d\u1ec5 d\u00e0ng \u0111i\u1ec1u ch\u1ec9nh kho\u1ea3ng c\u00e1ch v\u00e0 h\u01b0\u1edbng \u0111i.<\/p>\n<p>B\u00ean c\u1ea1nh \u0111\u00f3, thi\u1ebft k\u1ebf c\u00e2n \u0111\u1ed1i c\u1ee7a Pro Platinum gi\u00fap t\u1ed1i \u01b0u h\u00f3a \u0111i\u1ec3m ng\u1ecdt (sweet spot), gi\u00fap ng\u01b0\u1eddi ch\u01a1i \u0111\u1ea1t \u0111\u01b0\u1ee3c s\u1ef1 ch\u00ednh x\u00e1c cao h\u01a1n ngay c\u1ea3 khi ti\u1ebfp x\u00fac b\u00f3ng kh\u00f4ng ho\u00e0n h\u1ea3o.<\/p>\n<p>\u0110\u01b0\u1ee3c c\u00e1c golfer chuy\u00ean nghi\u1ec7p tin d\u00f9ng<\/p>\n<p>Scotty Cameron Pro Platinum t\u1eebng \u0111\u01b0\u1ee3c s\u1eed d\u1ee5ng b\u1edfi nhi\u1ec1u golfer huy\u1ec1n tho\u1ea1i tr\u00ean c\u00e1c gi\u1ea3i \u0111\u1ea5u l\u1edbn nh\u01b0 PGA Tour. S\u1ef1 ch\u00ednh x\u00e1c v\u00e0 c\u1ea3m gi\u00e1c tuy\u1ec7t v\u1eddi m\u00e0 c\u00e2y g\u1eady n\u00e0y mang l\u1ea1i \u0111\u00e3 gi\u00fap nhi\u1ec1u golfer n\u00e2ng cao kh\u1ea3 n\u0103ng putt v\u00e0 gi\u00e0nh \u0111\u01b0\u1ee3c nh\u1eefng danh hi\u1ec7u danh gi\u00e1.<\/p>\n<p>L\u1eddi k\u1ebft<\/p>\n<p>Scotty Cameron Pro Platinum kh\u00f4ng ch\u1ec9 l\u00e0 m\u1ed9t c\u00e2y g\u1eady putter, m\u00e0 c\u00f2n l\u00e0 bi\u1ec3u t\u01b0\u1ee3ng c\u1ee7a s\u1ef1 \u0111\u1eb3ng c\u1ea5p v\u00e0 hi\u1ec7u su\u1ea5t v\u01b0\u1ee3t tr\u1ed9i. N\u1ebfu b\u1ea1n \u0111ang t\u00ecm ki\u1ebfm m\u1ed9t chi\u1ebfc putter c\u00f3 th\u1ec3 n\u00e2ng t\u1ea7m k\u1ef9 n\u0103ng v\u00e0 c\u1ea3i thi\u1ec7n kh\u1ea3 n\u0103ng putt c\u1ee7a m\u00ecnh, th\u00ec \u0111\u00e2y ch\u1eafc ch\u1eafn l\u00e0 l\u1ef1a ch\u1ecdn ho\u00e0n h\u1ea3o.<\/p>\n<p>H\u00e3y tr\u1ea3i nghi\u1ec7m Scotty Cameron Pro Platinum v\u00e0 c\u1ea3m nh\u1eadn s\u1ef1 kh\u00e1c bi\u1ec7t ngay h\u00f4m nay!<\/p>","protected":false},"excerpt":{"rendered":"<p>SCOTTY CAMERON PRO PLATINUM \u2013 BI\u1ec2U T\u01af\u1ee2NG HO\u00c0N H\u1ea2O CHO NH\u1eeeNG &#8230; <\/p>","protected":false},"featured_media":2269,"comment_status":"closed","ping_status":"closed","template":"","meta":[],"product_brand":[82],"product_cat":[48],"product_tag":[],"class_list":{"0":"post-2264","1":"product","2":"type-product","3":"status-publish","4":"has-post-thumbnail","6":"product_brand-scotty-cameron","7":"product_cat-gay-putter","9":"first","10":"instock","11":"taxable","12":"shipping-taxable","13":"product-type-simple"},"yoast_head":"<!-- This site is optimized with the Yoast SEO plugin v24.8.1 - https:\/\/yoast.com\/wordpress\/plugins\/seo\/ -->\n<title>SCOTTY CAMERON PRO PLATIUM - Puttercorner.com<\/title>\n<meta name=\"robots\" content=\"index, follow, max-snippet:-1, max-image-preview:large, max-video-preview:-1\" \/>\n<link rel=\"canonical\" href=\"https:\/\/puttercorner.com\/en\/shop\/scotty-cameron-pro-platium\/\" \/>\n<meta property=\"og:locale\" content=\"en_US\" \/>\n<meta property=\"og:type\" content=\"article\" \/>\n<meta property=\"og:title\" content=\"SCOTTY CAMERON PRO PLATIUM - Puttercorner.com\" \/>\n<meta property=\"og:description\" content=\"SCOTTY CAMERON PRO PLATINUM \u2013 BI\u1ec2U T\u01af\u1ee2NG HO\u00c0N H\u1ea2O CHO NH\u1eeeNG ...\" \/>\n<meta property=\"og:url\" content=\"https:\/\/puttercorner.com\/en\/shop\/scotty-cameron-pro-platium\/\" \/>\n<meta property=\"og:site_name\" content=\"Puttercorner.com\" \/>\n<meta property=\"article:publisher\" content=\"https:\/\/www.facebook.com\/people\/Putter-Corner\/61569123132539\/\" \/>\n<meta property=\"article:modified_time\" content=\"2025-03-26T03:52:23+00:00\" \/>\n<meta property=\"og:image\" content=\"https:\/\/puttercorner.com\/wp-content\/uploads\/2025\/03\/z6431040623296_cb165cfb2ec953f675d662d975f38410.jpg\" \/>\n\t<meta property=\"og:image:width\" content=\"1276\" \/>\n\t<meta property=\"og:image:height\" content=\"956\" \/>\n\t<meta property=\"og:image:type\" content=\"image\/jpeg\" \/>\n<meta name=\"twitter:card\" content=\"summary_large_image\" \/>\n<meta name=\"twitter:label1\" content=\"Est. reading time\" \/>\n\t<meta name=\"twitter:data1\" content=\"3 minutes\" \/>\n<script type=\"application\/ld+json\" class=\"yoast-schema-graph\">{\"@context\":\"https:\/\/schema.org\",\"@graph\":[{\"@type\":\"WebPage\",\"@id\":\"https:\/\/puttercorner.com\/shop\/scotty-cameron-pro-platium\/\",\"url\":\"https:\/\/puttercorner.com\/shop\/scotty-cameron-pro-platium\/\",\"name\":\"SCOTTY CAMERON PRO PLATIUM - Puttercorner.com\",\"isPartOf\":{\"@id\":\"https:\/\/puttercorner.com\/#website\"},\"primaryImageOfPage\":{\"@id\":\"https:\/\/puttercorner.com\/shop\/scotty-cameron-pro-platium\/#primaryimage\"},\"image\":{\"@id\":\"https:\/\/puttercorner.com\/shop\/scotty-cameron-pro-platium\/#primaryimage\"},\"thumbnailUrl\":\"https:\/\/puttercorner.com\/wp-content\/uploads\/2025\/03\/z6431040623296_cb165cfb2ec953f675d662d975f38410.jpg\",\"datePublished\":\"2025-03-26T03:27:39+00:00\",\"dateModified\":\"2025-03-26T03:52:23+00:00\",\"breadcrumb\":{\"@id\":\"https:\/\/puttercorner.com\/shop\/scotty-cameron-pro-platium\/#breadcrumb\"},\"inLanguage\":\"en-US\",\"potentialAction\":[{\"@type\":\"ReadAction\",\"target\":[\"https:\/\/puttercorner.com\/shop\/scotty-cameron-pro-platium\/\"]}]},{\"@type\":\"ImageObject\",\"inLanguage\":\"en-US\",\"@id\":\"https:\/\/puttercorner.com\/shop\/scotty-cameron-pro-platium\/#primaryimage\",\"url\":\"https:\/\/puttercorner.com\/wp-content\/uploads\/2025\/03\/z6431040623296_cb165cfb2ec953f675d662d975f38410.jpg\",\"contentUrl\":\"https:\/\/puttercorner.com\/wp-content\/uploads\/2025\/03\/z6431040623296_cb165cfb2ec953f675d662d975f38410.jpg\",\"width\":1276,\"height\":956},{\"@type\":\"BreadcrumbList\",\"@id\":\"https:\/\/puttercorner.com\/shop\/scotty-cameron-pro-platium\/#breadcrumb\",\"itemListElement\":[{\"@type\":\"ListItem\",\"position\":1,\"name\":\"Home\",\"item\":\"https:\/\/puttercorner.com\/\"},{\"@type\":\"ListItem\",\"position\":2,\"name\":\"Shop\",\"item\":\"https:\/\/puttercorner.com\/shop\/\"},{\"@type\":\"ListItem\",\"position\":3,\"name\":\"SCOTTY CAMERON PRO PLATIUM\"}]},{\"@type\":\"WebSite\",\"@id\":\"https:\/\/puttercorner.com\/#website\",\"url\":\"https:\/\/puttercorner.com\/\",\"name\":\"Putter Corner - \u0111\u01a1n v\u1ecb \u0111\u1ea7u ti\u00ean t\u1ea1i Vi\u1ec7t Nam chuy\u00ean v\u1ec1 d\u1ecbch v\u1ee5 t\u00e2n trang v\u00e0 c\u00e1 nh\u00e2n h\u00f3a g\u1eady golf.\",\"description\":\"\u0110\u01a1n v\u1ecb \u0111\u1ea7u ti\u00ean t\u1ea1i Vi\u1ec7t Nam chuy\u00ean v\u1ec1 d\u1ecbch v\u1ee5 t\u00e2n trang v\u00e0 c\u00e1 nh\u00e2n h\u00f3a g\u1eady golf.\",\"publisher\":{\"@id\":\"https:\/\/puttercorner.com\/#organization\"},\"potentialAction\":[{\"@type\":\"SearchAction\",\"target\":{\"@type\":\"EntryPoint\",\"urlTemplate\":\"https:\/\/puttercorner.com\/?s={search_term_string}\"},\"query-input\":{\"@type\":\"PropertyValueSpecification\",\"valueRequired\":true,\"valueName\":\"search_term_string\"}}],\"inLanguage\":\"en-US\"},{\"@type\":\"Organization\",\"@id\":\"https:\/\/puttercorner.com\/#organization\",\"name\":\"Putter Corner\",\"url\":\"https:\/\/puttercorner.com\/\",\"logo\":{\"@type\":\"ImageObject\",\"inLanguage\":\"en-US\",\"@id\":\"https:\/\/puttercorner.com\/#\/schema\/logo\/image\/\",\"url\":\"https:\/\/puttercorner.com\/wp-content\/uploads\/2025\/03\/logo50-1.png\",\"contentUrl\":\"https:\/\/puttercorner.com\/wp-content\/uploads\/2025\/03\/logo50-1.png\",\"width\":2300,\"height\":500,\"caption\":\"Putter Corner\"},\"image\":{\"@id\":\"https:\/\/puttercorner.com\/#\/schema\/logo\/image\/\"},\"sameAs\":[\"https:\/\/www.facebook.com\/people\/Putter-Corner\/61569123132539\/\"]}]}<\/script>\n<!-- \/ Yoast SEO plugin. -->","yoast_head_json":{"title":"SCOTTY CAMERON PRO PLATIUM - Puttercorner.com","robots":{"index":"index","follow":"follow","max-snippet":"max-snippet:-1","max-image-preview":"max-image-preview:large","max-video-preview":"max-video-preview:-1"},"canonical":"https:\/\/puttercorner.com\/en\/shop\/scotty-cameron-pro-platium\/","og_locale":"en_US","og_type":"article","og_title":"SCOTTY CAMERON PRO PLATIUM - Puttercorner.com","og_description":"SCOTTY CAMERON PRO PLATINUM \u2013 BI\u1ec2U T\u01af\u1ee2NG HO\u00c0N H\u1ea2O CHO NH\u1eeeNG ...","og_url":"https:\/\/puttercorner.com\/en\/shop\/scotty-cameron-pro-platium\/","og_site_name":"Puttercorner.com","article_publisher":"https:\/\/www.facebook.com\/people\/Putter-Corner\/61569123132539\/","article_modified_time":"2025-03-26T03:52:23+00:00","og_image":[{"width":1276,"height":956,"url":"https:\/\/puttercorner.com\/wp-content\/uploads\/2025\/03\/z6431040623296_cb165cfb2ec953f675d662d975f38410.jpg","type":"image\/jpeg"}],"twitter_card":"summary_large_image","twitter_misc":{"Est. reading time":"3 minutes"},"schema":{"@context":"https:\/\/schema.org","@graph":[{"@type":"WebPage","@id":"https:\/\/puttercorner.com\/shop\/scotty-cameron-pro-platium\/","url":"https:\/\/puttercorner.com\/shop\/scotty-cameron-pro-platium\/","name":"SCOTTY CAMERON PRO PLATIUM - Puttercorner.com","isPartOf":{"@id":"https:\/\/puttercorner.com\/#website"},"primaryImageOfPage":{"@id":"https:\/\/puttercorner.com\/shop\/scotty-cameron-pro-platium\/#primaryimage"},"image":{"@id":"https:\/\/puttercorner.com\/shop\/scotty-cameron-pro-platium\/#primaryimage"},"thumbnailUrl":"https:\/\/puttercorner.com\/wp-content\/uploads\/2025\/03\/z6431040623296_cb165cfb2ec953f675d662d975f38410.jpg","datePublished":"2025-03-26T03:27:39+00:00","dateModified":"2025-03-26T03:52:23+00:00","breadcrumb":{"@id":"https:\/\/puttercorner.com\/shop\/scotty-cameron-pro-platium\/#breadcrumb"},"inLanguage":"en-US","potentialAction":[{"@type":"ReadAction","target":["https:\/\/puttercorner.com\/shop\/scotty-cameron-pro-platium\/"]}]},{"@type":"ImageObject","inLanguage":"en-US","@id":"https:\/\/puttercorner.com\/shop\/scotty-cameron-pro-platium\/#primaryimage","url":"https:\/\/puttercorner.com\/wp-content\/uploads\/2025\/03\/z6431040623296_cb165cfb2ec953f675d662d975f38410.jpg","contentUrl":"https:\/\/puttercorner.com\/wp-content\/uploads\/2025\/03\/z6431040623296_cb165cfb2ec953f675d662d975f38410.jpg","width":1276,"height":956},{"@type":"BreadcrumbList","@id":"https:\/\/puttercorner.com\/shop\/scotty-cameron-pro-platium\/#breadcrumb","itemListElement":[{"@type":"ListItem","position":1,"name":"Home","item":"https:\/\/puttercorner.com\/"},{"@type":"ListItem","position":2,"name":"Shop","item":"https:\/\/puttercorner.com\/shop\/"},{"@type":"ListItem","position":3,"name":"SCOTTY CAMERON PRO PLATIUM"}]},{"@type":"WebSite","@id":"https:\/\/puttercorner.com\/#website","url":"https:\/\/puttercorner.com\/","name":"Putter Corner - \u0111\u01a1n v\u1ecb \u0111\u1ea7u ti\u00ean t\u1ea1i Vi\u1ec7t Nam chuy\u00ean v\u1ec1 d\u1ecbch v\u1ee5 t\u00e2n trang v\u00e0 c\u00e1 nh\u00e2n h\u00f3a g\u1eady golf.","description":"\u0110\u01a1n v\u1ecb \u0111\u1ea7u ti\u00ean t\u1ea1i Vi\u1ec7t Nam chuy\u00ean v\u1ec1 d\u1ecbch v\u1ee5 t\u00e2n trang v\u00e0 c\u00e1 nh\u00e2n h\u00f3a g\u1eady golf.","publisher":{"@id":"https:\/\/puttercorner.com\/#organization"},"potentialAction":[{"@type":"SearchAction","target":{"@type":"EntryPoint","urlTemplate":"https:\/\/puttercorner.com\/?s={search_term_string}"},"query-input":{"@type":"PropertyValueSpecification","valueRequired":true,"valueName":"search_term_string"}}],"inLanguage":"en-US"},{"@type":"Organization","@id":"https:\/\/puttercorner.com\/#organization","name":"Putter Corner","url":"https:\/\/puttercorner.com\/","logo":{"@type":"ImageObject","inLanguage":"en-US","@id":"https:\/\/puttercorner.com\/#\/schema\/logo\/image\/","url":"https:\/\/puttercorner.com\/wp-content\/uploads\/2025\/03\/logo50-1.png","contentUrl":"https:\/\/puttercorner.com\/wp-content\/uploads\/2025\/03\/logo50-1.png","width":2300,"height":500,"caption":"Putter Corner"},"image":{"@id":"https:\/\/puttercorner.com\/#\/schema\/logo\/image\/"},"sameAs":["https:\/\/www.facebook.com\/people\/Putter-Corner\/61569123132539\/"]}]}},"_links":{"self":[{"href":"https:\/\/puttercorner.com\/en\/wp-json\/wp\/v2\/product\/2264","targetHints":{"allow":["GET"]}}],"collection":[{"href":"https:\/\/puttercorner.com\/en\/wp-json\/wp\/v2\/product"}],"about":[{"href":"https:\/\/puttercorner.com\/en\/wp-json\/wp\/v2\/types\/product"}],"replies":[{"embeddable":true,"href":"https:\/\/puttercorner.com\/en\/wp-json\/wp\/v2\/comments?post=2264"}],"wp:featuredmedia":[{"embeddable":true,"href":"https:\/\/puttercorner.com\/en\/wp-json\/wp\/v2\/media\/2269"}],"wp:attachment":[{"href":"https:\/\/puttercorner.com\/en\/wp-json\/wp\/v2\/media?parent=2264"}],"wp:term":[{"taxonomy":"product_brand","embeddable":true,"href":"https:\/\/puttercorner.com\/en\/wp-json\/wp\/v2\/product_brand?post=2264"},{"taxonomy":"product_cat","embeddable":true,"href":"https:\/\/puttercorner.com\/en\/wp-json\/wp\/v2\/product_cat?post=2264"},{"taxonomy":"product_tag","embeddable":true,"href":"https:\/\/puttercorner.com\/en\/wp-json\/wp\/v2\/product_tag?post=2264"}],"curies":[{"name":"wp","href":"https:\/\/api.w.org\/{rel}","templated":true}]}}