{"id":2258,"date":"2025-03-26T10:26:20","date_gmt":"2025-03-26T03:26:20","guid":{"rendered":"https:\/\/puttercorner.com\/?post_type=product&#038;p=2258"},"modified":"2025-03-26T10:52:31","modified_gmt":"2025-03-26T03:52:31","slug":"scotty-cameron-pro-platinum-mat-mallet","status":"publish","type":"product","link":"https:\/\/puttercorner.com\/en\/shop\/scotty-cameron-pro-platinum-mat-mallet\/","title":{"rendered":"SCOTTY CAMERON PRO PLATINUM (M\u1eb7t Mallet)"},"content":{"rendered":"<p>SCOTTY CAMERON PRO PLATINUM (M\u1eb7t Mallet) \u2013 Bi\u1ec3u T\u01b0\u1ee3ng C\u1ee7a S\u1ef1 Tinh T\u1ebf V\u00e0 Hi\u1ec7u Su\u1ea5t<\/p>\n<p>Gi\u1edbi Thi\u1ec7u<\/p>\n<p>Khi nh\u1eafc \u0111\u1ebfn nh\u1eefng c\u00e2y g\u1eady putter \u0111\u1eb3ng c\u1ea5p, Scotty Cameron lu\u00f4n l\u00e0 c\u00e1i t\u00ean \u0111\u01b0\u1ee3c c\u00e1c golfer chuy\u00ean nghi\u1ec7p v\u00e0 nghi\u1ec7p d\u01b0 tin t\u01b0\u1edfng. Trong \u0111\u00f3, d\u00f2ng Pro Platinum v\u1edbi thi\u1ebft k\u1ebf m\u1eb7t mallet kh\u00f4ng ch\u1ec9 mang \u0111\u1ebfn s\u1ef1 ch\u00ednh x\u00e1c tuy\u1ec7t \u0111\u1ed1i m\u00e0 c\u00f2n t\u1ea1o n\u00ean phong c\u00e1ch sang tr\u1ecdng, \u0111\u1eb3ng c\u1ea5p.<\/p>\n<p>Thi\u1ebft K\u1ebf \u0110\u1eb3ng C\u1ea5p<\/p>\n<p>Scotty Cameron Pro Platinum (M\u1eb7t Mallet) n\u1ed5i b\u1eadt v\u1edbi:<\/p>\n<p>Ch\u1ea5t li\u1ec7u cao c\u1ea5p: \u0110\u01b0\u1ee3c ch\u1ebf t\u00e1c t\u1eeb th\u00e9p kh\u00f4ng g\u1ec9 303, mang l\u1ea1i c\u1ea3m gi\u00e1c ch\u1eafc ch\u1eafn v\u00e0 b\u1ec1n b\u1ec9.<\/p>\n<p>L\u1edbp ph\u1ee7 Platinum: Gi\u00fap ch\u1ed1ng tr\u1ea7y x\u01b0\u1edbc, \u0111\u1ed3ng th\u1eddi t\u0103ng th\u00eam v\u1ebb ngo\u00e0i sang tr\u1ecdng.<\/p>\n<p>M\u1eb7t mallet: \u0110\u01b0\u1ee3c thi\u1ebft k\u1ebf gi\u00fap t\u0103ng c\u01b0\u1eddng MOI (Moment of Inertia), gi\u1ea3m thi\u1ec3u t\u00e1c \u0111\u1ed9ng c\u1ee7a c\u00fa \u0111\u00e1nh l\u1ed7i.<\/p>\n<p>C\u00e2n b\u1eb1ng ho\u00e0n h\u1ea3o: Tr\u1ecdng l\u01b0\u1ee3ng \u0111\u01b0\u1ee3c ph\u00e2n b\u1ed5 h\u1ee3p l\u00fd gi\u00fap golfer duy tr\u00ec \u0111\u1ed9 \u1ed5n \u0111\u1ecbnh trong t\u1eebng c\u00fa putt.<\/p>\n<p>C\u1ea3m Gi\u00e1c G\u1ea1t B\u00f3ng M\u01b0\u1ee3t M\u00e0<\/p>\n<p>Scotty Cameron lu\u00f4n ch\u00fa tr\u1ecdng v\u00e0o vi\u1ec7c t\u1ea1o ra c\u1ea3m gi\u00e1c putt b\u00f3ng m\u01b0\u1ee3t m\u00e0 nh\u1ea5t. V\u1edbi Pro Platinum Mallet, golfer c\u00f3 th\u1ec3 tr\u1ea3i nghi\u1ec7m:<\/p>\n<p>C\u00fa \u0111\u00e1nh ch\u1eafc ch\u1eafn, ki\u1ec3m so\u00e1t t\u1ed1t.<\/p>\n<p>\u00c2m thanh \u0111\u1eb7c tr\u01b0ng t\u1ea1o s\u1ef1 t\u1ef1 tin khi g\u1ea1t b\u00f3ng.<\/p>\n<p>\u0110\u1ed9 \u1ed5n \u0111\u1ecbnh cao, gi\u00fap c\u1ea3i thi\u1ec7n hi\u1ec7u su\u1ea5t tr\u00ean green.<\/p>\n<p>D\u00e0nh Cho Ai?<\/p>\n<p>D\u00f2ng Pro Platinum (M\u1eb7t Mallet) ph\u00f9 h\u1ee3p v\u1edbi:<\/p>\n<p>Golfer y\u00eau th\u00edch s\u1ef1 ch\u00ednh x\u00e1c v\u00e0 \u1ed5n \u0111\u1ecbnh.<\/p>\n<p>Ng\u01b0\u1eddi ch\u01a1i c\u00f3 stroke putt theo \u0111\u01b0\u1eddng th\u1eb3ng \u2013 th\u1eb3ng (straight-back, straight-through).<\/p>\n<p>Nh\u1eefng ai t\u00ecm ki\u1ebfm m\u1ed9t c\u00e2y putter c\u00f3 v\u1ebb ngo\u00e0i \u0111\u1eb3ng c\u1ea5p c\u00f9ng hi\u1ec7u su\u1ea5t v\u01b0\u1ee3t tr\u1ed9i.<\/p>\n<p>K\u1ebft Lu\u1eadn<\/p>\n<p>Scotty Cameron Pro Platinum (M\u1eb7t Mallet) l\u00e0 s\u1ef1 l\u1ef1a ch\u1ecdn ho\u00e0n h\u1ea3o cho nh\u1eefng golfer mu\u1ed1n k\u1ebft h\u1ee3p gi\u1eefa hi\u1ec7u su\u1ea5t v\u00e0 phong c\u00e1ch. N\u1ebfu b\u1ea1n \u0111ang t\u00ecm ki\u1ebfm m\u1ed9t c\u00e2y g\u1eady putter \u0111\u00e1ng tin c\u1eady, s\u1edf h\u1eefu c\u00f4ng ngh\u1ec7 ti\u00ean ti\u1ebfn v\u00e0 thi\u1ebft k\u1ebf \u0111\u1eb3ng c\u1ea5p, \u0111\u00e2y ch\u1eafc ch\u1eafn l\u00e0 m\u1ed9t l\u1ef1a ch\u1ecdn kh\u00f4ng th\u1ec3 b\u1ecf qua.<\/p>\n<p>B\u1ea1n \u0111\u00e3 t\u1eebng tr\u1ea3i nghi\u1ec7m d\u00f2ng putter n\u00e0y ch\u01b0a? H\u00e3y chia s\u1ebb c\u1ea3m nh\u1eadn c\u1ee7a b\u1ea1n trong ph\u1ea7n b\u00ecnh lu\u1eadn!<\/p>","protected":false},"excerpt":{"rendered":"<p>SCOTTY CAMERON PRO PLATINUM (M\u1eb7t Mallet) \u2013 Bi\u1ec3u T\u01b0\u1ee3ng C\u1ee7a S\u1ef1 &#8230; <\/p>","protected":false},"featured_media":2259,"comment_status":"closed","ping_status":"closed","template":"","meta":[],"product_brand":[82],"product_cat":[48],"product_tag":[],"class_list":{"0":"post-2258","1":"product","2":"type-product","3":"status-publish","4":"has-post-thumbnail","6":"product_brand-scotty-cameron","7":"product_cat-gay-putter","9":"first","10":"instock","11":"taxable","12":"shipping-taxable","13":"product-type-simple"},"yoast_head":"<!-- This site is optimized with the Yoast SEO plugin v24.8.1 - https:\/\/yoast.com\/wordpress\/plugins\/seo\/ -->\n<title>SCOTTY CAMERON PRO PLATINUM (M\u1eb7t Mallet) - Puttercorner.com<\/title>\n<meta name=\"robots\" content=\"index, follow, max-snippet:-1, max-image-preview:large, max-video-preview:-1\" \/>\n<link rel=\"canonical\" href=\"https:\/\/puttercorner.com\/en\/shop\/scotty-cameron-pro-platinum-mat-mallet\/\" \/>\n<meta property=\"og:locale\" content=\"en_US\" \/>\n<meta property=\"og:type\" content=\"article\" \/>\n<meta property=\"og:title\" content=\"SCOTTY CAMERON PRO PLATINUM (M\u1eb7t Mallet) - Puttercorner.com\" \/>\n<meta property=\"og:description\" content=\"SCOTTY CAMERON PRO PLATINUM (M\u1eb7t Mallet) \u2013 Bi\u1ec3u T\u01b0\u1ee3ng C\u1ee7a S\u1ef1 ...\" \/>\n<meta property=\"og:url\" content=\"https:\/\/puttercorner.com\/en\/shop\/scotty-cameron-pro-platinum-mat-mallet\/\" \/>\n<meta property=\"og:site_name\" content=\"Puttercorner.com\" \/>\n<meta property=\"article:publisher\" content=\"https:\/\/www.facebook.com\/people\/Putter-Corner\/61569123132539\/\" \/>\n<meta property=\"article:modified_time\" content=\"2025-03-26T03:52:31+00:00\" \/>\n<meta property=\"og:image\" content=\"https:\/\/puttercorner.com\/wp-content\/uploads\/2025\/03\/z6431041095954_3ccd466f39bd1eb0f1a1e820a1b2f1d0.jpg\" \/>\n\t<meta property=\"og:image:width\" content=\"1276\" \/>\n\t<meta property=\"og:image:height\" content=\"956\" \/>\n\t<meta property=\"og:image:type\" content=\"image\/jpeg\" \/>\n<meta name=\"twitter:card\" content=\"summary_large_image\" \/>\n<meta name=\"twitter:label1\" content=\"Est. reading time\" \/>\n\t<meta name=\"twitter:data1\" content=\"3 minutes\" \/>\n<script type=\"application\/ld+json\" class=\"yoast-schema-graph\">{\"@context\":\"https:\/\/schema.org\",\"@graph\":[{\"@type\":\"WebPage\",\"@id\":\"https:\/\/puttercorner.com\/shop\/scotty-cameron-pro-platinum-mat-mallet\/\",\"url\":\"https:\/\/puttercorner.com\/shop\/scotty-cameron-pro-platinum-mat-mallet\/\",\"name\":\"SCOTTY CAMERON PRO PLATINUM (M\u1eb7t Mallet) - Puttercorner.com\",\"isPartOf\":{\"@id\":\"https:\/\/puttercorner.com\/#website\"},\"primaryImageOfPage\":{\"@id\":\"https:\/\/puttercorner.com\/shop\/scotty-cameron-pro-platinum-mat-mallet\/#primaryimage\"},\"image\":{\"@id\":\"https:\/\/puttercorner.com\/shop\/scotty-cameron-pro-platinum-mat-mallet\/#primaryimage\"},\"thumbnailUrl\":\"https:\/\/puttercorner.com\/wp-content\/uploads\/2025\/03\/z6431041095954_3ccd466f39bd1eb0f1a1e820a1b2f1d0.jpg\",\"datePublished\":\"2025-03-26T03:26:20+00:00\",\"dateModified\":\"2025-03-26T03:52:31+00:00\",\"breadcrumb\":{\"@id\":\"https:\/\/puttercorner.com\/shop\/scotty-cameron-pro-platinum-mat-mallet\/#breadcrumb\"},\"inLanguage\":\"en-US\",\"potentialAction\":[{\"@type\":\"ReadAction\",\"target\":[\"https:\/\/puttercorner.com\/shop\/scotty-cameron-pro-platinum-mat-mallet\/\"]}]},{\"@type\":\"ImageObject\",\"inLanguage\":\"en-US\",\"@id\":\"https:\/\/puttercorner.com\/shop\/scotty-cameron-pro-platinum-mat-mallet\/#primaryimage\",\"url\":\"https:\/\/puttercorner.com\/wp-content\/uploads\/2025\/03\/z6431041095954_3ccd466f39bd1eb0f1a1e820a1b2f1d0.jpg\",\"contentUrl\":\"https:\/\/puttercorner.com\/wp-content\/uploads\/2025\/03\/z6431041095954_3ccd466f39bd1eb0f1a1e820a1b2f1d0.jpg\",\"width\":1276,\"height\":956},{\"@type\":\"BreadcrumbList\",\"@id\":\"https:\/\/puttercorner.com\/shop\/scotty-cameron-pro-platinum-mat-mallet\/#breadcrumb\",\"itemListElement\":[{\"@type\":\"ListItem\",\"position\":1,\"name\":\"Home\",\"item\":\"https:\/\/puttercorner.com\/\"},{\"@type\":\"ListItem\",\"position\":2,\"name\":\"Shop\",\"item\":\"https:\/\/puttercorner.com\/shop\/\"},{\"@type\":\"ListItem\",\"position\":3,\"name\":\"SCOTTY CAMERON PRO PLATINUM (M\u1eb7t Mallet)\"}]},{\"@type\":\"WebSite\",\"@id\":\"https:\/\/puttercorner.com\/#website\",\"url\":\"https:\/\/puttercorner.com\/\",\"name\":\"Putter Corner - \u0111\u01a1n v\u1ecb \u0111\u1ea7u ti\u00ean t\u1ea1i Vi\u1ec7t Nam chuy\u00ean v\u1ec1 d\u1ecbch v\u1ee5 t\u00e2n trang v\u00e0 c\u00e1 nh\u00e2n h\u00f3a g\u1eady golf.\",\"description\":\"\u0110\u01a1n v\u1ecb \u0111\u1ea7u ti\u00ean t\u1ea1i Vi\u1ec7t Nam chuy\u00ean v\u1ec1 d\u1ecbch v\u1ee5 t\u00e2n trang v\u00e0 c\u00e1 nh\u00e2n h\u00f3a g\u1eady golf.\",\"publisher\":{\"@id\":\"https:\/\/puttercorner.com\/#organization\"},\"potentialAction\":[{\"@type\":\"SearchAction\",\"target\":{\"@type\":\"EntryPoint\",\"urlTemplate\":\"https:\/\/puttercorner.com\/?s={search_term_string}\"},\"query-input\":{\"@type\":\"PropertyValueSpecification\",\"valueRequired\":true,\"valueName\":\"search_term_string\"}}],\"inLanguage\":\"en-US\"},{\"@type\":\"Organization\",\"@id\":\"https:\/\/puttercorner.com\/#organization\",\"name\":\"Putter Corner\",\"url\":\"https:\/\/puttercorner.com\/\",\"logo\":{\"@type\":\"ImageObject\",\"inLanguage\":\"en-US\",\"@id\":\"https:\/\/puttercorner.com\/#\/schema\/logo\/image\/\",\"url\":\"https:\/\/puttercorner.com\/wp-content\/uploads\/2025\/03\/logo50-1.png\",\"contentUrl\":\"https:\/\/puttercorner.com\/wp-content\/uploads\/2025\/03\/logo50-1.png\",\"width\":2300,\"height\":500,\"caption\":\"Putter Corner\"},\"image\":{\"@id\":\"https:\/\/puttercorner.com\/#\/schema\/logo\/image\/\"},\"sameAs\":[\"https:\/\/www.facebook.com\/people\/Putter-Corner\/61569123132539\/\"]}]}<\/script>\n<!-- \/ Yoast SEO plugin. -->","yoast_head_json":{"title":"SCOTTY CAMERON PRO PLATINUM (M\u1eb7t Mallet) - Puttercorner.com","robots":{"index":"index","follow":"follow","max-snippet":"max-snippet:-1","max-image-preview":"max-image-preview:large","max-video-preview":"max-video-preview:-1"},"canonical":"https:\/\/puttercorner.com\/en\/shop\/scotty-cameron-pro-platinum-mat-mallet\/","og_locale":"en_US","og_type":"article","og_title":"SCOTTY CAMERON PRO PLATINUM (M\u1eb7t Mallet) - Puttercorner.com","og_description":"SCOTTY CAMERON PRO PLATINUM (M\u1eb7t Mallet) \u2013 Bi\u1ec3u T\u01b0\u1ee3ng C\u1ee7a S\u1ef1 ...","og_url":"https:\/\/puttercorner.com\/en\/shop\/scotty-cameron-pro-platinum-mat-mallet\/","og_site_name":"Puttercorner.com","article_publisher":"https:\/\/www.facebook.com\/people\/Putter-Corner\/61569123132539\/","article_modified_time":"2025-03-26T03:52:31+00:00","og_image":[{"width":1276,"height":956,"url":"https:\/\/puttercorner.com\/wp-content\/uploads\/2025\/03\/z6431041095954_3ccd466f39bd1eb0f1a1e820a1b2f1d0.jpg","type":"image\/jpeg"}],"twitter_card":"summary_large_image","twitter_misc":{"Est. reading time":"3 minutes"},"schema":{"@context":"https:\/\/schema.org","@graph":[{"@type":"WebPage","@id":"https:\/\/puttercorner.com\/shop\/scotty-cameron-pro-platinum-mat-mallet\/","url":"https:\/\/puttercorner.com\/shop\/scotty-cameron-pro-platinum-mat-mallet\/","name":"SCOTTY CAMERON PRO PLATINUM (M\u1eb7t Mallet) - Puttercorner.com","isPartOf":{"@id":"https:\/\/puttercorner.com\/#website"},"primaryImageOfPage":{"@id":"https:\/\/puttercorner.com\/shop\/scotty-cameron-pro-platinum-mat-mallet\/#primaryimage"},"image":{"@id":"https:\/\/puttercorner.com\/shop\/scotty-cameron-pro-platinum-mat-mallet\/#primaryimage"},"thumbnailUrl":"https:\/\/puttercorner.com\/wp-content\/uploads\/2025\/03\/z6431041095954_3ccd466f39bd1eb0f1a1e820a1b2f1d0.jpg","datePublished":"2025-03-26T03:26:20+00:00","dateModified":"2025-03-26T03:52:31+00:00","breadcrumb":{"@id":"https:\/\/puttercorner.com\/shop\/scotty-cameron-pro-platinum-mat-mallet\/#breadcrumb"},"inLanguage":"en-US","potentialAction":[{"@type":"ReadAction","target":["https:\/\/puttercorner.com\/shop\/scotty-cameron-pro-platinum-mat-mallet\/"]}]},{"@type":"ImageObject","inLanguage":"en-US","@id":"https:\/\/puttercorner.com\/shop\/scotty-cameron-pro-platinum-mat-mallet\/#primaryimage","url":"https:\/\/puttercorner.com\/wp-content\/uploads\/2025\/03\/z6431041095954_3ccd466f39bd1eb0f1a1e820a1b2f1d0.jpg","contentUrl":"https:\/\/puttercorner.com\/wp-content\/uploads\/2025\/03\/z6431041095954_3ccd466f39bd1eb0f1a1e820a1b2f1d0.jpg","width":1276,"height":956},{"@type":"BreadcrumbList","@id":"https:\/\/puttercorner.com\/shop\/scotty-cameron-pro-platinum-mat-mallet\/#breadcrumb","itemListElement":[{"@type":"ListItem","position":1,"name":"Home","item":"https:\/\/puttercorner.com\/"},{"@type":"ListItem","position":2,"name":"Shop","item":"https:\/\/puttercorner.com\/shop\/"},{"@type":"ListItem","position":3,"name":"SCOTTY CAMERON PRO PLATINUM (M\u1eb7t Mallet)"}]},{"@type":"WebSite","@id":"https:\/\/puttercorner.com\/#website","url":"https:\/\/puttercorner.com\/","name":"Putter Corner - \u0111\u01a1n v\u1ecb \u0111\u1ea7u ti\u00ean t\u1ea1i Vi\u1ec7t Nam chuy\u00ean v\u1ec1 d\u1ecbch v\u1ee5 t\u00e2n trang v\u00e0 c\u00e1 nh\u00e2n h\u00f3a g\u1eady golf.","description":"\u0110\u01a1n v\u1ecb \u0111\u1ea7u ti\u00ean t\u1ea1i Vi\u1ec7t Nam chuy\u00ean v\u1ec1 d\u1ecbch v\u1ee5 t\u00e2n trang v\u00e0 c\u00e1 nh\u00e2n h\u00f3a g\u1eady golf.","publisher":{"@id":"https:\/\/puttercorner.com\/#organization"},"potentialAction":[{"@type":"SearchAction","target":{"@type":"EntryPoint","urlTemplate":"https:\/\/puttercorner.com\/?s={search_term_string}"},"query-input":{"@type":"PropertyValueSpecification","valueRequired":true,"valueName":"search_term_string"}}],"inLanguage":"en-US"},{"@type":"Organization","@id":"https:\/\/puttercorner.com\/#organization","name":"Putter Corner","url":"https:\/\/puttercorner.com\/","logo":{"@type":"ImageObject","inLanguage":"en-US","@id":"https:\/\/puttercorner.com\/#\/schema\/logo\/image\/","url":"https:\/\/puttercorner.com\/wp-content\/uploads\/2025\/03\/logo50-1.png","contentUrl":"https:\/\/puttercorner.com\/wp-content\/uploads\/2025\/03\/logo50-1.png","width":2300,"height":500,"caption":"Putter Corner"},"image":{"@id":"https:\/\/puttercorner.com\/#\/schema\/logo\/image\/"},"sameAs":["https:\/\/www.facebook.com\/people\/Putter-Corner\/61569123132539\/"]}]}},"_links":{"self":[{"href":"https:\/\/puttercorner.com\/en\/wp-json\/wp\/v2\/product\/2258","targetHints":{"allow":["GET"]}}],"collection":[{"href":"https:\/\/puttercorner.com\/en\/wp-json\/wp\/v2\/product"}],"about":[{"href":"https:\/\/puttercorner.com\/en\/wp-json\/wp\/v2\/types\/product"}],"replies":[{"embeddable":true,"href":"https:\/\/puttercorner.com\/en\/wp-json\/wp\/v2\/comments?post=2258"}],"wp:featuredmedia":[{"embeddable":true,"href":"https:\/\/puttercorner.com\/en\/wp-json\/wp\/v2\/media\/2259"}],"wp:attachment":[{"href":"https:\/\/puttercorner.com\/en\/wp-json\/wp\/v2\/media?parent=2258"}],"wp:term":[{"taxonomy":"product_brand","embeddable":true,"href":"https:\/\/puttercorner.com\/en\/wp-json\/wp\/v2\/product_brand?post=2258"},{"taxonomy":"product_cat","embeddable":true,"href":"https:\/\/puttercorner.com\/en\/wp-json\/wp\/v2\/product_cat?post=2258"},{"taxonomy":"product_tag","embeddable":true,"href":"https:\/\/puttercorner.com\/en\/wp-json\/wp\/v2\/product_tag?post=2258"}],"curies":[{"name":"wp","href":"https:\/\/api.w.org\/{rel}","templated":true}]}}