{"id":2251,"date":"2025-03-26T10:25:14","date_gmt":"2025-03-26T03:25:14","guid":{"rendered":"https:\/\/puttercorner.com\/?post_type=product&#038;p=2251"},"modified":"2025-03-26T10:52:39","modified_gmt":"2025-03-26T03:52:39","slug":"scotty-cameron-phantom-x12-zin","status":"publish","type":"product","link":"https:\/\/puttercorner.com\/en\/shop\/scotty-cameron-phantom-x12-zin\/","title":{"rendered":"SCOTTY CAMERON PHANTOM X12 (Zin)"},"content":{"rendered":"<p>SCOTTY CAMERON PHANTOM X12: S\u1ef1 K\u1ebft H\u1ee3p Ho\u00e0n H\u1ea3o Gi\u1eefa C\u00f4ng Ngh\u1ec7 v\u00e0 Hi\u1ec7u Su\u1ea5t<\/p>\n<p>Gi\u1edbi Thi\u1ec7u<\/p>\n<p>Scotty Cameron l\u00e0 m\u1ed9t trong nh\u1eefng th\u01b0\u01a1ng hi\u1ec7u n\u1ed5i ti\u1ebfng nh\u1ea5t trong gi\u1edbi golf th\u1ee7 chuy\u00ean nghi\u1ec7p, \u0111\u1eb7c bi\u1ec7t v\u1edbi nh\u1eefng d\u00f2ng g\u1eady putter cao c\u1ea5p. Trong \u0111\u00f3, Scotty Cameron Phantom X12 n\u1ed5i b\u1eadt nh\u01b0 m\u1ed9t l\u1ef1a ch\u1ecdn h\u00e0ng \u0111\u1ea7u cho nh\u1eefng ai \u0111ang t\u00ecm ki\u1ebfm m\u1ed9t c\u00e2y putter mang l\u1ea1i s\u1ef1 \u1ed5n \u0111\u1ecbnh, ch\u00ednh x\u00e1c v\u00e0 c\u1ea3m gi\u00e1c t\u1ed1t nh\u1ea5t tr\u00ean green.<\/p>\n<p>Thi\u1ebft K\u1ebf v\u00e0 C\u00f4ng Ngh\u1ec7<\/p>\n<p>Phantom X12 s\u1edf h\u1eefu m\u1ed9t thi\u1ebft k\u1ebf hi\u1ec7n \u0111\u1ea1i, m\u1ea1nh m\u1ebd v\u1edbi ph\u1ea7n \u0111\u1ea7u g\u1eady l\u1edbn (mallet-style), gi\u00fap t\u0103ng \u0111\u1ed9 \u1ed5n \u0111\u1ecbnh v\u00e0 c\u1ea3i thi\u1ec7n hi\u1ec7u su\u1ea5t putt. M\u1ed9t s\u1ed1 \u0111\u1eb7c \u0111i\u1ec3m n\u1ed5i b\u1eadt trong thi\u1ebft k\u1ebf bao g\u1ed3m:<\/p>\n<p>H\u1ec7 th\u1ed1ng c\u0103n ch\u1ec9nh ti\u00ean ti\u1ebfn: V\u1edbi h\u1ec7 th\u1ed1ng c\u0103n ch\u1ec9nh tr\u1ef1c quan, gi\u00fap golfer d\u1ec5 d\u00e0ng nh\u1eafm m\u1ee5c ti\u00eau v\u00e0 gi\u1eef \u0111\u01b0\u1eddng b\u00f3ng \u1ed5n \u0111\u1ecbnh.<\/p>\n<p>Ch\u1ea5t li\u1ec7u cao c\u1ea5p: \u0110\u01b0\u1ee3c ch\u1ebf t\u00e1c t\u1eeb th\u00e9p kh\u00f4ng g\u1ec9 303 k\u1ebft h\u1ee3p v\u1edbi nh\u00f4m 6061, gi\u00fap t\u1ed1i \u01b0u h\u00f3a tr\u1ecdng l\u01b0\u1ee3ng, t\u0103ng \u0111\u1ed9 b\u1ec1n v\u00e0 mang l\u1ea1i c\u1ea3m gi\u00e1c \u0111\u1ea7m tay.<\/p>\n<p>H\u1ec7 th\u1ed1ng gi\u1ea3m rung: Phantom X12 \u0111\u01b0\u1ee3c trang b\u1ecb c\u00f4ng ngh\u1ec7 gi\u1ea3m rung gi\u00fap golfer c\u00f3 c\u1ea3m gi\u00e1c \u0111\u00e1nh b\u00f3ng m\u01b0\u1ee3t m\u00e0 h\u01a1n, gi\u1ea3m thi\u1ec3u c\u00e1c t\u00e1c \u0111\u1ed9ng ti\u00eau c\u1ef1c t\u1eeb b\u1ec1 m\u1eb7t green.<\/p>\n<p>C\u00e1n g\u1eady v\u00e0 grip cao c\u1ea5p: Grip thi\u1ebft k\u1ebf \u0111\u1eb7c bi\u1ec7t gi\u00fap t\u1ea1o c\u1ea3m gi\u00e1c ch\u1eafc ch\u1eafn nh\u01b0ng v\u1eabn tho\u1ea3i m\u00e1i khi c\u1ea7m.<\/p>\n<p>Hi\u1ec7u Su\u1ea5t Tr\u00ean S\u00e2n Golf<\/p>\n<p>Scotty Cameron Phantom X12 kh\u00f4ng ch\u1ec9 c\u00f3 thi\u1ebft k\u1ebf \u1ea5n t\u01b0\u1ee3ng m\u00e0 c\u00f2n mang l\u1ea1i hi\u1ec7u su\u1ea5t v\u01b0\u1ee3t tr\u1ed9i:<\/p>\n<p>T\u0103ng \u0111\u1ed9 \u1ed5n \u0111\u1ecbnh: V\u1edbi tr\u1ecdng l\u01b0\u1ee3ng ph\u00e2n b\u1ed5 h\u1ee3p l\u00fd, Phantom X12 gi\u00fap golfer duy tr\u00ec qu\u1ef9 \u0111\u1ea1o b\u00f3ng ch\u00ednh x\u00e1c h\u01a1n.<\/p>\n<p>C\u1ea3i thi\u1ec7n kh\u1ea3 n\u0103ng ki\u1ec3m so\u00e1t: C\u00f4ng ngh\u1ec7 c\u0103n ch\u1ec9nh v\u00e0 thi\u1ebft k\u1ebf \u0111\u1ea7u g\u1eady gi\u00fap golfer ki\u1ec3m so\u00e1t \u0111\u01b0\u1eddng b\u00f3ng d\u1ec5 d\u00e0ng h\u01a1n.<\/p>\n<p>Ph\u00f9 h\u1ee3p v\u1edbi nhi\u1ec1u phong c\u00e1ch putting: D\u00f9 b\u1ea1n c\u00f3 ki\u1ec3u putting arc hay straight back-straight through, Phantom X12 v\u1eabn mang l\u1ea1i s\u1ef1 h\u1ed7 tr\u1ee3 tuy\u1ec7t v\u1eddi.<\/p>\n<p>K\u1ebft Lu\u1eadn<\/p>\n<p>Scotty Cameron Phantom X12 l\u00e0 m\u1ed9t trong nh\u1eefng m\u1eabu putter \u0111\u00e1ng s\u1edf h\u1eefu nh\u1ea5t hi\u1ec7n nay nh\u1edd v\u00e0o thi\u1ebft k\u1ebf ti\u00ean ti\u1ebfn, c\u1ea3m gi\u00e1c \u0111\u00e1nh b\u00f3ng tuy\u1ec7t v\u1eddi v\u00e0 \u0111\u1ed9 \u1ed5n \u0111\u1ecbnh cao. N\u1ebfu b\u1ea1n \u0111ang t\u00ecm ki\u1ebfm m\u1ed9t c\u00e2y putter gi\u00fap n\u00e2ng cao kh\u1ea3 n\u0103ng ch\u01a1i golf, c\u1ea3i thi\u1ec7n \u0111i\u1ec3m s\u1ed1 tr\u00ean green th\u00ec \u0111\u00e2y ch\u1eafc ch\u1eafn l\u00e0 m\u1ed9t l\u1ef1a ch\u1ecdn kh\u00f4ng th\u1ec3 b\u1ecf qua.<\/p>\n<p>B\u1ea1n \u0111\u00e3 t\u1eebng tr\u1ea3i nghi\u1ec7m Scotty Cameron Phantom X12 ch\u01b0a? H\u00e3y chia s\u1ebb c\u1ea3m nh\u1eadn c\u1ee7a b\u1ea1n v\u1edbi ch\u00fang t\u00f4i!<\/p>","protected":false},"excerpt":{"rendered":"<p>SCOTTY CAMERON PHANTOM X12: S\u1ef1 K\u1ebft H\u1ee3p Ho\u00e0n H\u1ea3o Gi\u1eefa C\u00f4ng &#8230; <\/p>","protected":false},"featured_media":2255,"comment_status":"closed","ping_status":"closed","template":"","meta":[],"product_brand":[82],"product_cat":[48],"product_tag":[],"class_list":{"0":"post-2251","1":"product","2":"type-product","3":"status-publish","4":"has-post-thumbnail","6":"product_brand-scotty-cameron","7":"product_cat-gay-putter","9":"first","10":"instock","11":"taxable","12":"shipping-taxable","13":"product-type-simple"},"yoast_head":"<!-- This site is optimized with the Yoast SEO plugin v24.8.1 - https:\/\/yoast.com\/wordpress\/plugins\/seo\/ -->\n<title>SCOTTY CAMERON PHANTOM X12 (Zin) - Puttercorner.com<\/title>\n<meta name=\"robots\" content=\"index, follow, max-snippet:-1, max-image-preview:large, max-video-preview:-1\" \/>\n<link rel=\"canonical\" href=\"https:\/\/puttercorner.com\/en\/shop\/scotty-cameron-phantom-x12-zin\/\" \/>\n<meta property=\"og:locale\" content=\"en_US\" \/>\n<meta property=\"og:type\" content=\"article\" \/>\n<meta property=\"og:title\" content=\"SCOTTY CAMERON PHANTOM X12 (Zin) - Puttercorner.com\" \/>\n<meta property=\"og:description\" content=\"SCOTTY CAMERON PHANTOM X12: S\u1ef1 K\u1ebft H\u1ee3p Ho\u00e0n H\u1ea3o Gi\u1eefa C\u00f4ng ...\" \/>\n<meta property=\"og:url\" content=\"https:\/\/puttercorner.com\/en\/shop\/scotty-cameron-phantom-x12-zin\/\" \/>\n<meta property=\"og:site_name\" content=\"Puttercorner.com\" \/>\n<meta property=\"article:publisher\" content=\"https:\/\/www.facebook.com\/people\/Putter-Corner\/61569123132539\/\" \/>\n<meta property=\"article:modified_time\" content=\"2025-03-26T03:52:39+00:00\" \/>\n<meta property=\"og:image\" content=\"https:\/\/puttercorner.com\/wp-content\/uploads\/2025\/03\/z6431464989865_de33c28398da3b3a0d4ca2c65f16c9c7-scaled.jpg\" \/>\n\t<meta property=\"og:image:width\" content=\"1920\" \/>\n\t<meta property=\"og:image:height\" content=\"2560\" \/>\n\t<meta property=\"og:image:type\" content=\"image\/jpeg\" \/>\n<meta name=\"twitter:card\" content=\"summary_large_image\" \/>\n<meta name=\"twitter:label1\" content=\"Est. reading time\" \/>\n\t<meta name=\"twitter:data1\" content=\"3 minutes\" \/>\n<script type=\"application\/ld+json\" class=\"yoast-schema-graph\">{\"@context\":\"https:\/\/schema.org\",\"@graph\":[{\"@type\":\"WebPage\",\"@id\":\"https:\/\/puttercorner.com\/shop\/scotty-cameron-phantom-x12-zin\/\",\"url\":\"https:\/\/puttercorner.com\/shop\/scotty-cameron-phantom-x12-zin\/\",\"name\":\"SCOTTY CAMERON PHANTOM X12 (Zin) - Puttercorner.com\",\"isPartOf\":{\"@id\":\"https:\/\/puttercorner.com\/#website\"},\"primaryImageOfPage\":{\"@id\":\"https:\/\/puttercorner.com\/shop\/scotty-cameron-phantom-x12-zin\/#primaryimage\"},\"image\":{\"@id\":\"https:\/\/puttercorner.com\/shop\/scotty-cameron-phantom-x12-zin\/#primaryimage\"},\"thumbnailUrl\":\"https:\/\/puttercorner.com\/wp-content\/uploads\/2025\/03\/z6431464989865_de33c28398da3b3a0d4ca2c65f16c9c7-scaled.jpg\",\"datePublished\":\"2025-03-26T03:25:14+00:00\",\"dateModified\":\"2025-03-26T03:52:39+00:00\",\"breadcrumb\":{\"@id\":\"https:\/\/puttercorner.com\/shop\/scotty-cameron-phantom-x12-zin\/#breadcrumb\"},\"inLanguage\":\"en-US\",\"potentialAction\":[{\"@type\":\"ReadAction\",\"target\":[\"https:\/\/puttercorner.com\/shop\/scotty-cameron-phantom-x12-zin\/\"]}]},{\"@type\":\"ImageObject\",\"inLanguage\":\"en-US\",\"@id\":\"https:\/\/puttercorner.com\/shop\/scotty-cameron-phantom-x12-zin\/#primaryimage\",\"url\":\"https:\/\/puttercorner.com\/wp-content\/uploads\/2025\/03\/z6431464989865_de33c28398da3b3a0d4ca2c65f16c9c7-scaled.jpg\",\"contentUrl\":\"https:\/\/puttercorner.com\/wp-content\/uploads\/2025\/03\/z6431464989865_de33c28398da3b3a0d4ca2c65f16c9c7-scaled.jpg\",\"width\":1920,\"height\":2560},{\"@type\":\"BreadcrumbList\",\"@id\":\"https:\/\/puttercorner.com\/shop\/scotty-cameron-phantom-x12-zin\/#breadcrumb\",\"itemListElement\":[{\"@type\":\"ListItem\",\"position\":1,\"name\":\"Home\",\"item\":\"https:\/\/puttercorner.com\/\"},{\"@type\":\"ListItem\",\"position\":2,\"name\":\"Shop\",\"item\":\"https:\/\/puttercorner.com\/shop\/\"},{\"@type\":\"ListItem\",\"position\":3,\"name\":\"SCOTTY CAMERON PHANTOM X12 (Zin)\"}]},{\"@type\":\"WebSite\",\"@id\":\"https:\/\/puttercorner.com\/#website\",\"url\":\"https:\/\/puttercorner.com\/\",\"name\":\"Putter Corner - \u0111\u01a1n v\u1ecb \u0111\u1ea7u ti\u00ean t\u1ea1i Vi\u1ec7t Nam chuy\u00ean v\u1ec1 d\u1ecbch v\u1ee5 t\u00e2n trang v\u00e0 c\u00e1 nh\u00e2n h\u00f3a g\u1eady golf.\",\"description\":\"\u0110\u01a1n v\u1ecb \u0111\u1ea7u ti\u00ean t\u1ea1i Vi\u1ec7t Nam chuy\u00ean v\u1ec1 d\u1ecbch v\u1ee5 t\u00e2n trang v\u00e0 c\u00e1 nh\u00e2n h\u00f3a g\u1eady golf.\",\"publisher\":{\"@id\":\"https:\/\/puttercorner.com\/#organization\"},\"potentialAction\":[{\"@type\":\"SearchAction\",\"target\":{\"@type\":\"EntryPoint\",\"urlTemplate\":\"https:\/\/puttercorner.com\/?s={search_term_string}\"},\"query-input\":{\"@type\":\"PropertyValueSpecification\",\"valueRequired\":true,\"valueName\":\"search_term_string\"}}],\"inLanguage\":\"en-US\"},{\"@type\":\"Organization\",\"@id\":\"https:\/\/puttercorner.com\/#organization\",\"name\":\"Putter Corner\",\"url\":\"https:\/\/puttercorner.com\/\",\"logo\":{\"@type\":\"ImageObject\",\"inLanguage\":\"en-US\",\"@id\":\"https:\/\/puttercorner.com\/#\/schema\/logo\/image\/\",\"url\":\"https:\/\/puttercorner.com\/wp-content\/uploads\/2025\/03\/logo50-1.png\",\"contentUrl\":\"https:\/\/puttercorner.com\/wp-content\/uploads\/2025\/03\/logo50-1.png\",\"width\":2300,\"height\":500,\"caption\":\"Putter Corner\"},\"image\":{\"@id\":\"https:\/\/puttercorner.com\/#\/schema\/logo\/image\/\"},\"sameAs\":[\"https:\/\/www.facebook.com\/people\/Putter-Corner\/61569123132539\/\"]}]}<\/script>\n<!-- \/ Yoast SEO plugin. -->","yoast_head_json":{"title":"SCOTTY CAMERON PHANTOM X12 (Zin) - Puttercorner.com","robots":{"index":"index","follow":"follow","max-snippet":"max-snippet:-1","max-image-preview":"max-image-preview:large","max-video-preview":"max-video-preview:-1"},"canonical":"https:\/\/puttercorner.com\/en\/shop\/scotty-cameron-phantom-x12-zin\/","og_locale":"en_US","og_type":"article","og_title":"SCOTTY CAMERON PHANTOM X12 (Zin) - Puttercorner.com","og_description":"SCOTTY CAMERON PHANTOM X12: S\u1ef1 K\u1ebft H\u1ee3p Ho\u00e0n H\u1ea3o Gi\u1eefa C\u00f4ng ...","og_url":"https:\/\/puttercorner.com\/en\/shop\/scotty-cameron-phantom-x12-zin\/","og_site_name":"Puttercorner.com","article_publisher":"https:\/\/www.facebook.com\/people\/Putter-Corner\/61569123132539\/","article_modified_time":"2025-03-26T03:52:39+00:00","og_image":[{"width":1920,"height":2560,"url":"https:\/\/puttercorner.com\/wp-content\/uploads\/2025\/03\/z6431464989865_de33c28398da3b3a0d4ca2c65f16c9c7-scaled.jpg","type":"image\/jpeg"}],"twitter_card":"summary_large_image","twitter_misc":{"Est. reading time":"3 minutes"},"schema":{"@context":"https:\/\/schema.org","@graph":[{"@type":"WebPage","@id":"https:\/\/puttercorner.com\/shop\/scotty-cameron-phantom-x12-zin\/","url":"https:\/\/puttercorner.com\/shop\/scotty-cameron-phantom-x12-zin\/","name":"SCOTTY CAMERON PHANTOM X12 (Zin) - Puttercorner.com","isPartOf":{"@id":"https:\/\/puttercorner.com\/#website"},"primaryImageOfPage":{"@id":"https:\/\/puttercorner.com\/shop\/scotty-cameron-phantom-x12-zin\/#primaryimage"},"image":{"@id":"https:\/\/puttercorner.com\/shop\/scotty-cameron-phantom-x12-zin\/#primaryimage"},"thumbnailUrl":"https:\/\/puttercorner.com\/wp-content\/uploads\/2025\/03\/z6431464989865_de33c28398da3b3a0d4ca2c65f16c9c7-scaled.jpg","datePublished":"2025-03-26T03:25:14+00:00","dateModified":"2025-03-26T03:52:39+00:00","breadcrumb":{"@id":"https:\/\/puttercorner.com\/shop\/scotty-cameron-phantom-x12-zin\/#breadcrumb"},"inLanguage":"en-US","potentialAction":[{"@type":"ReadAction","target":["https:\/\/puttercorner.com\/shop\/scotty-cameron-phantom-x12-zin\/"]}]},{"@type":"ImageObject","inLanguage":"en-US","@id":"https:\/\/puttercorner.com\/shop\/scotty-cameron-phantom-x12-zin\/#primaryimage","url":"https:\/\/puttercorner.com\/wp-content\/uploads\/2025\/03\/z6431464989865_de33c28398da3b3a0d4ca2c65f16c9c7-scaled.jpg","contentUrl":"https:\/\/puttercorner.com\/wp-content\/uploads\/2025\/03\/z6431464989865_de33c28398da3b3a0d4ca2c65f16c9c7-scaled.jpg","width":1920,"height":2560},{"@type":"BreadcrumbList","@id":"https:\/\/puttercorner.com\/shop\/scotty-cameron-phantom-x12-zin\/#breadcrumb","itemListElement":[{"@type":"ListItem","position":1,"name":"Home","item":"https:\/\/puttercorner.com\/"},{"@type":"ListItem","position":2,"name":"Shop","item":"https:\/\/puttercorner.com\/shop\/"},{"@type":"ListItem","position":3,"name":"SCOTTY CAMERON PHANTOM X12 (Zin)"}]},{"@type":"WebSite","@id":"https:\/\/puttercorner.com\/#website","url":"https:\/\/puttercorner.com\/","name":"Putter Corner - \u0111\u01a1n v\u1ecb \u0111\u1ea7u ti\u00ean t\u1ea1i Vi\u1ec7t Nam chuy\u00ean v\u1ec1 d\u1ecbch v\u1ee5 t\u00e2n trang v\u00e0 c\u00e1 nh\u00e2n h\u00f3a g\u1eady golf.","description":"\u0110\u01a1n v\u1ecb \u0111\u1ea7u ti\u00ean t\u1ea1i Vi\u1ec7t Nam chuy\u00ean v\u1ec1 d\u1ecbch v\u1ee5 t\u00e2n trang v\u00e0 c\u00e1 nh\u00e2n h\u00f3a g\u1eady golf.","publisher":{"@id":"https:\/\/puttercorner.com\/#organization"},"potentialAction":[{"@type":"SearchAction","target":{"@type":"EntryPoint","urlTemplate":"https:\/\/puttercorner.com\/?s={search_term_string}"},"query-input":{"@type":"PropertyValueSpecification","valueRequired":true,"valueName":"search_term_string"}}],"inLanguage":"en-US"},{"@type":"Organization","@id":"https:\/\/puttercorner.com\/#organization","name":"Putter Corner","url":"https:\/\/puttercorner.com\/","logo":{"@type":"ImageObject","inLanguage":"en-US","@id":"https:\/\/puttercorner.com\/#\/schema\/logo\/image\/","url":"https:\/\/puttercorner.com\/wp-content\/uploads\/2025\/03\/logo50-1.png","contentUrl":"https:\/\/puttercorner.com\/wp-content\/uploads\/2025\/03\/logo50-1.png","width":2300,"height":500,"caption":"Putter Corner"},"image":{"@id":"https:\/\/puttercorner.com\/#\/schema\/logo\/image\/"},"sameAs":["https:\/\/www.facebook.com\/people\/Putter-Corner\/61569123132539\/"]}]}},"_links":{"self":[{"href":"https:\/\/puttercorner.com\/en\/wp-json\/wp\/v2\/product\/2251","targetHints":{"allow":["GET"]}}],"collection":[{"href":"https:\/\/puttercorner.com\/en\/wp-json\/wp\/v2\/product"}],"about":[{"href":"https:\/\/puttercorner.com\/en\/wp-json\/wp\/v2\/types\/product"}],"replies":[{"embeddable":true,"href":"https:\/\/puttercorner.com\/en\/wp-json\/wp\/v2\/comments?post=2251"}],"wp:featuredmedia":[{"embeddable":true,"href":"https:\/\/puttercorner.com\/en\/wp-json\/wp\/v2\/media\/2255"}],"wp:attachment":[{"href":"https:\/\/puttercorner.com\/en\/wp-json\/wp\/v2\/media?parent=2251"}],"wp:term":[{"taxonomy":"product_brand","embeddable":true,"href":"https:\/\/puttercorner.com\/en\/wp-json\/wp\/v2\/product_brand?post=2251"},{"taxonomy":"product_cat","embeddable":true,"href":"https:\/\/puttercorner.com\/en\/wp-json\/wp\/v2\/product_cat?post=2251"},{"taxonomy":"product_tag","embeddable":true,"href":"https:\/\/puttercorner.com\/en\/wp-json\/wp\/v2\/product_tag?post=2251"}],"curies":[{"name":"wp","href":"https:\/\/api.w.org\/{rel}","templated":true}]}}