{"id":2244,"date":"2025-03-26T10:23:24","date_gmt":"2025-03-26T03:23:24","guid":{"rendered":"https:\/\/puttercorner.com\/?post_type=product&#038;p=2244"},"modified":"2025-03-26T10:52:45","modified_gmt":"2025-03-26T03:52:45","slug":"scotty-cameron-phantom-x12","status":"publish","type":"product","link":"https:\/\/puttercorner.com\/en\/shop\/scotty-cameron-phantom-x12\/","title":{"rendered":"SCOTTY CAMERON PHANTOM X12"},"content":{"rendered":"<p>SCOTTY CAMERON PHANTOM X12 \u2013 SI\u00caU PH\u1ea8M PUTTER CHO GOLFER \u0110\u1eb2NG C\u1ea4P<\/p>\n<p>Trong th\u1ebf gi\u1edbi golf, Scotty Cameron lu\u00f4n l\u00e0 c\u00e1i t\u00ean g\u1eafn li\u1ec1n v\u1edbi nh\u1eefng m\u1eabu putter cao c\u1ea5p, mang l\u1ea1i s\u1ef1 ch\u00ednh x\u00e1c v\u00e0 c\u1ea3m gi\u00e1c ho\u00e0n h\u1ea3o tr\u00ean green. Trong s\u1ed1 \u0111\u00f3, Scotty Cameron Phantom X12 l\u00e0 m\u1ed9t trong nh\u1eefng c\u00e2y g\u1eady putter hi\u1ec7n \u0111\u1ea1i nh\u1ea5t, k\u1ebft h\u1ee3p gi\u1eefa c\u00f4ng ngh\u1ec7 ti\u00ean ti\u1ebfn v\u00e0 thi\u1ebft k\u1ebf tinh t\u1ebf \u0111\u1ec3 mang \u0111\u1ebfn hi\u1ec7u su\u1ea5t t\u1ed1i \u01b0u cho golfer.<\/p>\n<p>1. THI\u1ebeT K\u1ebe HI\u1ec6N \u0110\u1ea0I, HI\u1ec6U SU\u1ea4T V\u01af\u1ee2T TR\u1ed8I<\/p>\n<p>Scotty Cameron Phantom X12 c\u00f3 thi\u1ebft k\u1ebf mallet hi\u1ec7n \u0111\u1ea1i v\u1edbi c\u1ea5u tr\u00fac \u0111a v\u1eadt li\u1ec7u, gi\u00fap t\u1ed1i \u01b0u h\u00f3a tr\u1ecdng l\u01b0\u1ee3ng v\u00e0 t\u0103ng MOI (Moment of Inertia) nh\u1eb1m mang l\u1ea1i s\u1ef1 \u1ed5n \u0111\u1ecbnh tuy\u1ec7t \u0111\u1ed1i trong t\u1eebng c\u00fa putt. V\u1edbi ph\u1ea7n th\u00e2n l\u00e0m t\u1eeb nh\u00f4m 6061 cao c\u1ea5p k\u1ebft h\u1ee3p v\u1edbi khung th\u00e9p kh\u00f4ng g\u1ec9 303, Phantom X12 kh\u00f4ng ch\u1ec9 c\u00f3 \u0111\u1ed9 b\u1ec1n cao m\u00e0 c\u00f2n mang l\u1ea1i s\u1ef1 c\u00e2n b\u1eb1ng ho\u00e0n h\u1ea3o.<\/p>\n<p>2. C\u00d4NG NGH\u1ec6 C\u1ea2I TI\u1ebeN CHO C\u1ea2M GI\u00c1C T\u1ed0T H\u01a0N<\/p>\n<p>Phantom X12 \u0111\u01b0\u1ee3c trang b\u1ecb c\u00f4ng ngh\u1ec7 m\u1eb7t g\u1eady Mid-Bend Shaft, gi\u00fap gi\u1ea3m thi\u1ec3u \u0111\u1ed9 xoay c\u1ee7a g\u1eady khi ti\u1ebfp x\u00fac v\u1edbi b\u00f3ng, mang l\u1ea1i qu\u1ef9 \u0111\u1ea1o \u1ed5n \u0111\u1ecbnh h\u01a1n. H\u1ec7 th\u1ed1ng c\u0103n ch\u1ec9nh ch\u00ednh x\u00e1c v\u1edbi c\u00e1c \u0111\u01b0\u1eddng sightline tr\u00ean \u0111\u1ea7u g\u1eady gi\u00fap golfer d\u1ec5 d\u00e0ng nh\u1eafm m\u1ee5c ti\u00eau v\u00e0 ki\u1ec3m so\u00e1t t\u1ed1t h\u01a1n.<\/p>\n<p>3. C\u1ea2M GI\u00c1C PUTT HO\u00c0N H\u1ea2O<\/p>\n<p>V\u1edbi tr\u1ecdng l\u01b0\u1ee3ng \u0111\u1ea7u g\u1eady \u0111\u01b0\u1ee3c ph\u00e2n b\u1ed5 h\u1ee3p l\u00fd, Phantom X12 mang \u0111\u1ebfn c\u1ea3m gi\u00e1c ch\u1eafc ch\u1eafn v\u00e0 m\u01b0\u1ee3t m\u00e0 khi th\u1ef1c hi\u1ec7n c\u00fa \u0111\u00e1nh. B\u1ec1 m\u1eb7t putter \u0111\u01b0\u1ee3c thi\u1ebft k\u1ebf t\u1ed1i \u01b0u \u0111\u1ec3 t\u1ea1o ra \u00e2m thanh v\u00e0 ph\u1ea3n h\u1ed3i tuy\u1ec7t v\u1eddi, gi\u00fap golfer c\u00f3 th\u1ec3 \u0111i\u1ec1u ch\u1ec9nh l\u1ef1c \u0111\u00e1nh m\u1ed9t c\u00e1ch ch\u00ednh x\u00e1c nh\u1ea5t.<\/p>\n<p>4. PH\u00d9 H\u1ee2P V\u1edaI GOLFER N\u00c0O?<\/p>\n<p>Phantom X12 l\u00e0 l\u1ef1a ch\u1ecdn l\u00fd t\u01b0\u1edfng cho nh\u1eefng golfer \u0111ang t\u00ecm ki\u1ebfm m\u1ed9t c\u00e2y putter c\u00f3 t\u00ednh \u1ed5n \u0111\u1ecbnh cao, h\u1ed7 tr\u1ee3 t\u1ed1i \u0111a trong vi\u1ec7c ki\u1ec3m so\u00e1t \u0111\u01b0\u1eddng b\u00f3ng v\u00e0 h\u01b0\u1edbng \u0111i. \u0110\u1eb7c bi\u1ec7t, v\u1edbi nh\u1eefng ng\u01b0\u1eddi ch\u01a1i c\u00f3 c\u00fa \u0111\u00e1nh straight back \u2013 straight through (\u0111\u01b0\u1eddng putt th\u1eb3ng), Phantom X12 s\u1ebd mang l\u1ea1i hi\u1ec7u su\u1ea5t v\u01b0\u1ee3t tr\u1ed9i.<\/p>\n<p>5. T\u1ea0I SAO N\u00caN CH\u1eccN SCOTTY CAMERON PHANTOM X12?<\/p>\n<p>Thi\u1ebft k\u1ebf hi\u1ec7n \u0111\u1ea1i, sang tr\u1ecdng<\/p>\n<p>C\u00f4ng ngh\u1ec7 ti\u00ean ti\u1ebfn h\u1ed7 tr\u1ee3 c\u00fa putt ch\u00ednh x\u00e1c h\u01a1n<\/p>\n<p>C\u1ea3m gi\u00e1c \u0111\u00e1nh b\u00f3ng m\u01b0\u1ee3t m\u00e0, ch\u1eafc ch\u1eafn<\/p>\n<p>\u0110\u1ed9 b\u1ec1n cao, ph\u00f9 h\u1ee3p v\u1edbi nhi\u1ec1u ki\u1ec3u ng\u01b0\u1eddi ch\u01a1i<\/p>\n<p>N\u1ebfu b\u1ea1n \u0111ang t\u00ecm ki\u1ebfm m\u1ed9t c\u00e2y putter \u0111\u1eb3ng c\u1ea5p, mang l\u1ea1i s\u1ef1 \u1ed5n \u0111\u1ecbnh v\u00e0 c\u1ea3m gi\u00e1c tuy\u1ec7t v\u1eddi, Scotty Cameron Phantom X12 ch\u1eafc ch\u1eafn l\u00e0 l\u1ef1a ch\u1ecdn ho\u00e0n h\u1ea3o. H\u00e3y tr\u1ea3i nghi\u1ec7m ngay v\u00e0 n\u00e2ng t\u1ea7m k\u1ef9 n\u0103ng putt c\u1ee7a b\u1ea1n tr\u00ean s\u00e2n golf!<\/p>","protected":false},"excerpt":{"rendered":"<p>SCOTTY CAMERON PHANTOM X12 \u2013 SI\u00caU PH\u1ea8M PUTTER CHO GOLFER \u0110\u1eb2NG &#8230; <\/p>","protected":false},"featured_media":2249,"comment_status":"closed","ping_status":"closed","template":"","meta":[],"product_brand":[82],"product_cat":[48],"product_tag":[],"class_list":{"0":"post-2244","1":"product","2":"type-product","3":"status-publish","4":"has-post-thumbnail","6":"product_brand-scotty-cameron","7":"product_cat-gay-putter","9":"first","10":"instock","11":"taxable","12":"shipping-taxable","13":"product-type-simple"},"yoast_head":"<!-- This site is optimized with the Yoast SEO plugin v24.8.1 - https:\/\/yoast.com\/wordpress\/plugins\/seo\/ -->\n<title>SCOTTY CAMERON PHANTOM X12 - Puttercorner.com<\/title>\n<meta name=\"robots\" content=\"index, follow, max-snippet:-1, max-image-preview:large, max-video-preview:-1\" \/>\n<link rel=\"canonical\" href=\"https:\/\/puttercorner.com\/en\/shop\/scotty-cameron-phantom-x12\/\" \/>\n<meta property=\"og:locale\" content=\"en_US\" \/>\n<meta property=\"og:type\" content=\"article\" \/>\n<meta property=\"og:title\" content=\"SCOTTY CAMERON PHANTOM X12 - Puttercorner.com\" \/>\n<meta property=\"og:description\" content=\"SCOTTY CAMERON PHANTOM X12 \u2013 SI\u00caU PH\u1ea8M PUTTER CHO GOLFER \u0110\u1eb2NG ...\" \/>\n<meta property=\"og:url\" content=\"https:\/\/puttercorner.com\/en\/shop\/scotty-cameron-phantom-x12\/\" \/>\n<meta property=\"og:site_name\" content=\"Puttercorner.com\" \/>\n<meta property=\"article:publisher\" content=\"https:\/\/www.facebook.com\/people\/Putter-Corner\/61569123132539\/\" \/>\n<meta property=\"article:modified_time\" content=\"2025-03-26T03:52:45+00:00\" \/>\n<meta property=\"og:image\" content=\"https:\/\/puttercorner.com\/wp-content\/uploads\/2025\/03\/z6431031226465_41c7056b5d4103f55b4bb5dae389a076-scaled.jpg\" \/>\n\t<meta property=\"og:image:width\" content=\"1920\" \/>\n\t<meta property=\"og:image:height\" content=\"2560\" \/>\n\t<meta property=\"og:image:type\" content=\"image\/jpeg\" \/>\n<meta name=\"twitter:card\" content=\"summary_large_image\" \/>\n<meta name=\"twitter:label1\" content=\"Est. reading time\" \/>\n\t<meta name=\"twitter:data1\" content=\"3 minutes\" \/>\n<script type=\"application\/ld+json\" class=\"yoast-schema-graph\">{\"@context\":\"https:\/\/schema.org\",\"@graph\":[{\"@type\":\"WebPage\",\"@id\":\"https:\/\/puttercorner.com\/shop\/scotty-cameron-phantom-x12\/\",\"url\":\"https:\/\/puttercorner.com\/shop\/scotty-cameron-phantom-x12\/\",\"name\":\"SCOTTY CAMERON PHANTOM X12 - Puttercorner.com\",\"isPartOf\":{\"@id\":\"https:\/\/puttercorner.com\/#website\"},\"primaryImageOfPage\":{\"@id\":\"https:\/\/puttercorner.com\/shop\/scotty-cameron-phantom-x12\/#primaryimage\"},\"image\":{\"@id\":\"https:\/\/puttercorner.com\/shop\/scotty-cameron-phantom-x12\/#primaryimage\"},\"thumbnailUrl\":\"https:\/\/puttercorner.com\/wp-content\/uploads\/2025\/03\/z6431031226465_41c7056b5d4103f55b4bb5dae389a076-scaled.jpg\",\"datePublished\":\"2025-03-26T03:23:24+00:00\",\"dateModified\":\"2025-03-26T03:52:45+00:00\",\"breadcrumb\":{\"@id\":\"https:\/\/puttercorner.com\/shop\/scotty-cameron-phantom-x12\/#breadcrumb\"},\"inLanguage\":\"en-US\",\"potentialAction\":[{\"@type\":\"ReadAction\",\"target\":[\"https:\/\/puttercorner.com\/shop\/scotty-cameron-phantom-x12\/\"]}]},{\"@type\":\"ImageObject\",\"inLanguage\":\"en-US\",\"@id\":\"https:\/\/puttercorner.com\/shop\/scotty-cameron-phantom-x12\/#primaryimage\",\"url\":\"https:\/\/puttercorner.com\/wp-content\/uploads\/2025\/03\/z6431031226465_41c7056b5d4103f55b4bb5dae389a076-scaled.jpg\",\"contentUrl\":\"https:\/\/puttercorner.com\/wp-content\/uploads\/2025\/03\/z6431031226465_41c7056b5d4103f55b4bb5dae389a076-scaled.jpg\",\"width\":1920,\"height\":2560},{\"@type\":\"BreadcrumbList\",\"@id\":\"https:\/\/puttercorner.com\/shop\/scotty-cameron-phantom-x12\/#breadcrumb\",\"itemListElement\":[{\"@type\":\"ListItem\",\"position\":1,\"name\":\"Home\",\"item\":\"https:\/\/puttercorner.com\/\"},{\"@type\":\"ListItem\",\"position\":2,\"name\":\"Shop\",\"item\":\"https:\/\/puttercorner.com\/shop\/\"},{\"@type\":\"ListItem\",\"position\":3,\"name\":\"SCOTTY CAMERON PHANTOM X12\"}]},{\"@type\":\"WebSite\",\"@id\":\"https:\/\/puttercorner.com\/#website\",\"url\":\"https:\/\/puttercorner.com\/\",\"name\":\"Putter Corner - \u0111\u01a1n v\u1ecb \u0111\u1ea7u ti\u00ean t\u1ea1i Vi\u1ec7t Nam chuy\u00ean v\u1ec1 d\u1ecbch v\u1ee5 t\u00e2n trang v\u00e0 c\u00e1 nh\u00e2n h\u00f3a g\u1eady golf.\",\"description\":\"\u0110\u01a1n v\u1ecb \u0111\u1ea7u ti\u00ean t\u1ea1i Vi\u1ec7t Nam chuy\u00ean v\u1ec1 d\u1ecbch v\u1ee5 t\u00e2n trang v\u00e0 c\u00e1 nh\u00e2n h\u00f3a g\u1eady golf.\",\"publisher\":{\"@id\":\"https:\/\/puttercorner.com\/#organization\"},\"potentialAction\":[{\"@type\":\"SearchAction\",\"target\":{\"@type\":\"EntryPoint\",\"urlTemplate\":\"https:\/\/puttercorner.com\/?s={search_term_string}\"},\"query-input\":{\"@type\":\"PropertyValueSpecification\",\"valueRequired\":true,\"valueName\":\"search_term_string\"}}],\"inLanguage\":\"en-US\"},{\"@type\":\"Organization\",\"@id\":\"https:\/\/puttercorner.com\/#organization\",\"name\":\"Putter Corner\",\"url\":\"https:\/\/puttercorner.com\/\",\"logo\":{\"@type\":\"ImageObject\",\"inLanguage\":\"en-US\",\"@id\":\"https:\/\/puttercorner.com\/#\/schema\/logo\/image\/\",\"url\":\"https:\/\/puttercorner.com\/wp-content\/uploads\/2025\/03\/logo50-1.png\",\"contentUrl\":\"https:\/\/puttercorner.com\/wp-content\/uploads\/2025\/03\/logo50-1.png\",\"width\":2300,\"height\":500,\"caption\":\"Putter Corner\"},\"image\":{\"@id\":\"https:\/\/puttercorner.com\/#\/schema\/logo\/image\/\"},\"sameAs\":[\"https:\/\/www.facebook.com\/people\/Putter-Corner\/61569123132539\/\"]}]}<\/script>\n<!-- \/ Yoast SEO plugin. -->","yoast_head_json":{"title":"SCOTTY CAMERON PHANTOM X12 - Puttercorner.com","robots":{"index":"index","follow":"follow","max-snippet":"max-snippet:-1","max-image-preview":"max-image-preview:large","max-video-preview":"max-video-preview:-1"},"canonical":"https:\/\/puttercorner.com\/en\/shop\/scotty-cameron-phantom-x12\/","og_locale":"en_US","og_type":"article","og_title":"SCOTTY CAMERON PHANTOM X12 - Puttercorner.com","og_description":"SCOTTY CAMERON PHANTOM X12 \u2013 SI\u00caU PH\u1ea8M PUTTER CHO GOLFER \u0110\u1eb2NG ...","og_url":"https:\/\/puttercorner.com\/en\/shop\/scotty-cameron-phantom-x12\/","og_site_name":"Puttercorner.com","article_publisher":"https:\/\/www.facebook.com\/people\/Putter-Corner\/61569123132539\/","article_modified_time":"2025-03-26T03:52:45+00:00","og_image":[{"width":1920,"height":2560,"url":"https:\/\/puttercorner.com\/wp-content\/uploads\/2025\/03\/z6431031226465_41c7056b5d4103f55b4bb5dae389a076-scaled.jpg","type":"image\/jpeg"}],"twitter_card":"summary_large_image","twitter_misc":{"Est. reading time":"3 minutes"},"schema":{"@context":"https:\/\/schema.org","@graph":[{"@type":"WebPage","@id":"https:\/\/puttercorner.com\/shop\/scotty-cameron-phantom-x12\/","url":"https:\/\/puttercorner.com\/shop\/scotty-cameron-phantom-x12\/","name":"SCOTTY CAMERON PHANTOM X12 - Puttercorner.com","isPartOf":{"@id":"https:\/\/puttercorner.com\/#website"},"primaryImageOfPage":{"@id":"https:\/\/puttercorner.com\/shop\/scotty-cameron-phantom-x12\/#primaryimage"},"image":{"@id":"https:\/\/puttercorner.com\/shop\/scotty-cameron-phantom-x12\/#primaryimage"},"thumbnailUrl":"https:\/\/puttercorner.com\/wp-content\/uploads\/2025\/03\/z6431031226465_41c7056b5d4103f55b4bb5dae389a076-scaled.jpg","datePublished":"2025-03-26T03:23:24+00:00","dateModified":"2025-03-26T03:52:45+00:00","breadcrumb":{"@id":"https:\/\/puttercorner.com\/shop\/scotty-cameron-phantom-x12\/#breadcrumb"},"inLanguage":"en-US","potentialAction":[{"@type":"ReadAction","target":["https:\/\/puttercorner.com\/shop\/scotty-cameron-phantom-x12\/"]}]},{"@type":"ImageObject","inLanguage":"en-US","@id":"https:\/\/puttercorner.com\/shop\/scotty-cameron-phantom-x12\/#primaryimage","url":"https:\/\/puttercorner.com\/wp-content\/uploads\/2025\/03\/z6431031226465_41c7056b5d4103f55b4bb5dae389a076-scaled.jpg","contentUrl":"https:\/\/puttercorner.com\/wp-content\/uploads\/2025\/03\/z6431031226465_41c7056b5d4103f55b4bb5dae389a076-scaled.jpg","width":1920,"height":2560},{"@type":"BreadcrumbList","@id":"https:\/\/puttercorner.com\/shop\/scotty-cameron-phantom-x12\/#breadcrumb","itemListElement":[{"@type":"ListItem","position":1,"name":"Home","item":"https:\/\/puttercorner.com\/"},{"@type":"ListItem","position":2,"name":"Shop","item":"https:\/\/puttercorner.com\/shop\/"},{"@type":"ListItem","position":3,"name":"SCOTTY CAMERON PHANTOM X12"}]},{"@type":"WebSite","@id":"https:\/\/puttercorner.com\/#website","url":"https:\/\/puttercorner.com\/","name":"Putter Corner - \u0111\u01a1n v\u1ecb \u0111\u1ea7u ti\u00ean t\u1ea1i Vi\u1ec7t Nam chuy\u00ean v\u1ec1 d\u1ecbch v\u1ee5 t\u00e2n trang v\u00e0 c\u00e1 nh\u00e2n h\u00f3a g\u1eady golf.","description":"\u0110\u01a1n v\u1ecb \u0111\u1ea7u ti\u00ean t\u1ea1i Vi\u1ec7t Nam chuy\u00ean v\u1ec1 d\u1ecbch v\u1ee5 t\u00e2n trang v\u00e0 c\u00e1 nh\u00e2n h\u00f3a g\u1eady golf.","publisher":{"@id":"https:\/\/puttercorner.com\/#organization"},"potentialAction":[{"@type":"SearchAction","target":{"@type":"EntryPoint","urlTemplate":"https:\/\/puttercorner.com\/?s={search_term_string}"},"query-input":{"@type":"PropertyValueSpecification","valueRequired":true,"valueName":"search_term_string"}}],"inLanguage":"en-US"},{"@type":"Organization","@id":"https:\/\/puttercorner.com\/#organization","name":"Putter Corner","url":"https:\/\/puttercorner.com\/","logo":{"@type":"ImageObject","inLanguage":"en-US","@id":"https:\/\/puttercorner.com\/#\/schema\/logo\/image\/","url":"https:\/\/puttercorner.com\/wp-content\/uploads\/2025\/03\/logo50-1.png","contentUrl":"https:\/\/puttercorner.com\/wp-content\/uploads\/2025\/03\/logo50-1.png","width":2300,"height":500,"caption":"Putter Corner"},"image":{"@id":"https:\/\/puttercorner.com\/#\/schema\/logo\/image\/"},"sameAs":["https:\/\/www.facebook.com\/people\/Putter-Corner\/61569123132539\/"]}]}},"_links":{"self":[{"href":"https:\/\/puttercorner.com\/en\/wp-json\/wp\/v2\/product\/2244","targetHints":{"allow":["GET"]}}],"collection":[{"href":"https:\/\/puttercorner.com\/en\/wp-json\/wp\/v2\/product"}],"about":[{"href":"https:\/\/puttercorner.com\/en\/wp-json\/wp\/v2\/types\/product"}],"replies":[{"embeddable":true,"href":"https:\/\/puttercorner.com\/en\/wp-json\/wp\/v2\/comments?post=2244"}],"wp:featuredmedia":[{"embeddable":true,"href":"https:\/\/puttercorner.com\/en\/wp-json\/wp\/v2\/media\/2249"}],"wp:attachment":[{"href":"https:\/\/puttercorner.com\/en\/wp-json\/wp\/v2\/media?parent=2244"}],"wp:term":[{"taxonomy":"product_brand","embeddable":true,"href":"https:\/\/puttercorner.com\/en\/wp-json\/wp\/v2\/product_brand?post=2244"},{"taxonomy":"product_cat","embeddable":true,"href":"https:\/\/puttercorner.com\/en\/wp-json\/wp\/v2\/product_cat?post=2244"},{"taxonomy":"product_tag","embeddable":true,"href":"https:\/\/puttercorner.com\/en\/wp-json\/wp\/v2\/product_tag?post=2244"}],"curies":[{"name":"wp","href":"https:\/\/api.w.org\/{rel}","templated":true}]}}