{"id":2237,"date":"2025-03-26T10:21:40","date_gmt":"2025-03-26T03:21:40","guid":{"rendered":"https:\/\/puttercorner.com\/?post_type=product&#038;p=2237"},"modified":"2025-03-26T10:52:51","modified_gmt":"2025-03-26T03:52:51","slug":"scotty-cameron-phantom-x8-5","status":"publish","type":"product","link":"https:\/\/puttercorner.com\/en\/shop\/scotty-cameron-phantom-x8-5\/","title":{"rendered":"SCOTTY CAMERON PHANTOM X8.5"},"content":{"rendered":"<p>SCOTTY CAMERON PHANTOM X8.5 \u2013 TUY\u1ec6T T\u00c1C PUTTER CHO GOLFER \u0110\u1eb2NG C\u1ea4P<\/p>\n<p>Khi nh\u1eafc \u0111\u1ebfn d\u00f2ng g\u1eady putter cao c\u1ea5p, c\u00e1i t\u00ean Scotty Cameron lu\u00f4n gi\u1eef m\u1ed9t v\u1ecb tr\u00ed \u0111\u1eb7c bi\u1ec7t trong l\u00f2ng nh\u1eefng ng\u01b0\u1eddi y\u00eau golf. Trong \u0111\u00f3, Phantom X8.5 n\u1ed5i b\u1eadt nh\u01b0 m\u1ed9t si\u00eau ph\u1ea9m, k\u1ebft h\u1ee3p gi\u1eefa thi\u1ebft k\u1ebf hi\u1ec7n \u0111\u1ea1i, c\u00f4ng ngh\u1ec7 ti\u00ean ti\u1ebfn v\u00e0 hi\u1ec7u su\u1ea5t v\u01b0\u1ee3t tr\u1ed9i, mang \u0111\u1ebfn tr\u1ea3i nghi\u1ec7m putting tuy\u1ec7t v\u1eddi cho golfer.<\/p>\n<p>Thi\u1ebft K\u1ebf T\u1ed1i \u01afu \u2013 Tinh T\u1ebf T\u1eebng Chi Ti\u1ebft<\/p>\n<p>Phantom X8.5 \u0111\u01b0\u1ee3c thi\u1ebft k\u1ebf v\u1edbi ki\u1ec3u d\u00e1ng mallet hi\u1ec7n \u0111\u1ea1i, ph\u1ea7n \u0111\u1ea7u g\u1eady m\u1edf r\u1ed9ng gi\u00fap t\u0103ng MOI (moment of inertia), h\u1ea1n ch\u1ebf t\u1ed1i \u0111a s\u1ef1 sai l\u1ec7ch khi \u0111\u00e1nh b\u00f3ng. C\u00e1c \u0111\u01b0\u1eddng vi\u1ec1n s\u1eafc s\u1ea3o, ph\u1ed1i h\u1ee3p v\u1edbi l\u1edbp s\u01a1n \u0111en m\u1edd v\u00e0 c\u00e1c \u0111i\u1ec3m nh\u1ea5n m\u00e0u v\u00e0ng neon, mang \u0111\u1ebfn di\u1ec7n m\u1ea1o sang tr\u1ecdng v\u00e0 m\u1ea1nh m\u1ebd.<\/p>\n<p>\u0110i\u1ec3m \u0111\u1eb7c bi\u1ec7t c\u1ee7a Phantom X8.5 ch\u00ednh l\u00e0 s\u1ef1 k\u1ebft h\u1ee3p gi\u1eefa ch\u1ea5t li\u1ec7u nh\u00f4m cao c\u1ea5p \u1edf m\u1eb7t g\u1eady v\u00e0 th\u00e9p kh\u00f4ng g\u1ec9 303 \u1edf th\u00e2n g\u1eady. \u0110i\u1ec1u n\u00e0y gi\u00fap t\u0103ng c\u01b0\u1eddng c\u1ea3m gi\u00e1c b\u00f3ng, \u0111\u1ed3ng th\u1eddi duy tr\u00ec s\u1ef1 \u1ed5n \u0111\u1ecbnh t\u1ed1i \u0111a khi ti\u1ebfp x\u00fac v\u1edbi b\u00f3ng.<\/p>\n<p>C\u00f4ng Ngh\u1ec7 Hi\u1ec7n \u0110\u1ea1i \u2013 Hi\u1ec7u Su\u1ea5t V\u01b0\u1ee3t Tr\u1ed9i<\/p>\n<p>Low-Bend Shaft: Phantom X8.5 c\u00f3 shaft ki\u1ec3u &#8220;low-bend&#8221; gi\u00fap gi\u1ea3m thi\u1ec3u qu\u1ef9 \u0111\u1ea1o m\u1edf\/\u0111\u00f3ng khi putt, mang l\u1ea1i \u0111\u01b0\u1eddng b\u00f3ng \u1ed5n \u0111\u1ecbnh v\u00e0 chu\u1ea9n x\u00e1c h\u01a1n. \u0110\u00e2y l\u00e0 l\u1ef1a ch\u1ecdn l\u00fd t\u01b0\u1edfng cho nh\u1eefng golfer c\u00f3 c\u00fa stroke nh\u1eb9 nh\u00e0ng v\u1edbi \u0111\u1ed9 xoay v\u1eeba ph\u1ea3i.<\/p>\n<p>Alignment Lines: Scotty Cameron trang b\u1ecb h\u1ec7 th\u1ed1ng c\u0103n ch\u1ec9nh v\u1edbi c\u00e1c \u0111\u01b0\u1eddng vi\u1ec1n d\u00e0i, gi\u00fap golfer d\u1ec5 d\u00e0ng nh\u1eafm m\u1ee5c ti\u00eau v\u00e0 t\u0103ng s\u1ef1 t\u1ef1 tin khi v\u00e0o b\u00f3ng.<\/p>\n<p>T\u1ed1i \u01afu Tr\u1ecdng L\u01b0\u1ee3ng: V\u1edbi thi\u1ebft k\u1ebf ph\u00e2n b\u1ed5 tr\u1ecdng l\u01b0\u1ee3ng th\u00f4ng minh, tr\u1ecdng t\u00e2m c\u1ee7a Phantom X8.5 \u0111\u01b0\u1ee3c t\u1ed1i \u01b0u \u0111\u1ec3 t\u1ea1o ra c\u00fa putt m\u01b0\u1ee3t m\u00e0, ki\u1ec3m so\u00e1t t\u1ed1t kho\u1ea3ng c\u00e1ch v\u00e0 h\u1ea1n ch\u1ebf rung l\u1eafc.<\/p>\n<p>Tr\u1ea3i Nghi\u1ec7m \u0110\u1eb3ng C\u1ea5p \u2013 C\u1ea3m Gi\u00e1c Putting Tuy\u1ec7t V\u1eddi<\/p>\n<p>Khi s\u1eed d\u1ee5ng Phantom X8.5, golfer s\u1ebd c\u1ea3m nh\u1eadn \u0111\u01b0\u1ee3c s\u1ef1 kh\u00e1c bi\u1ec7t ngay t\u1eeb nh\u1eefng c\u00fa putt \u0111\u1ea7u ti\u00ean. C\u1ea3m gi\u00e1c b\u00f3ng ch\u00e2n th\u1ef1c, \u0111\u1ed9 \u1ed5n \u0111\u1ecbnh cao v\u00e0 s\u1ef1 c\u00e2n b\u1eb1ng ho\u00e0n h\u1ea3o gi\u00fap t\u0103ng \u0111\u1ed9 ch\u00ednh x\u00e1c trong t\u1eebng c\u00fa \u0111\u00e1nh. N\u1ebfu b\u1ea1n \u0111ang t\u00ecm ki\u1ebfm m\u1ed9t c\u00e2y putter h\u1ed7 tr\u1ee3 t\u1ed1i \u0111a trong vi\u1ec7c ki\u1ec3m so\u00e1t \u0111\u01b0\u1eddng b\u00f3ng v\u00e0 kho\u1ea3ng c\u00e1ch, Scotty Cameron Phantom X8.5 ch\u1eafc ch\u1eafn l\u00e0 l\u1ef1a ch\u1ecdn \u0111\u00e1ng gi\u00e1.<\/p>\n<p>T\u1ed5ng K\u1ebft<\/p>\n<p>Scotty Cameron Phantom X8.5 kh\u00f4ng ch\u1ec9 l\u00e0 m\u1ed9t c\u00e2y putter, m\u00e0 c\u00f2n l\u00e0 m\u1ed9t tuy\u1ec7t t\u00e1c d\u00e0nh cho nh\u1eefng golfer \u0111am m\u00ea s\u1ef1 ch\u00ednh x\u00e1c v\u00e0 phong c\u00e1ch. N\u1ebfu b\u1ea1n \u0111ang mu\u1ed1n n\u00e2ng c\u1ea5p b\u1ed9 g\u1eady c\u1ee7a m\u00ecnh v\u1edbi m\u1ed9t putter hi\u1ec7u su\u1ea5t cao, \u0111\u1eebng b\u1ecf l\u1ee1 c\u01a1 h\u1ed9i tr\u1ea3i nghi\u1ec7m Phantom X8.5 \u2013 v\u0169 kh\u00ed ho\u00e0n h\u1ea3o \u0111\u1ec3 chinh ph\u1ee5c m\u1ecdi green.<\/p>\n<p>H\u00e3y th\u1eed ngay h\u00f4m nay v\u00e0 c\u1ea3m nh\u1eadn s\u1ef1 kh\u00e1c bi\u1ec7t!<\/p>","protected":false},"excerpt":{"rendered":"<p>SCOTTY CAMERON PHANTOM X8.5 \u2013 TUY\u1ec6T T\u00c1C PUTTER CHO GOLFER \u0110\u1eb2NG &#8230; <\/p>","protected":false},"featured_media":2239,"comment_status":"closed","ping_status":"closed","template":"","meta":[],"product_brand":[82],"product_cat":[48],"product_tag":[],"class_list":{"0":"post-2237","1":"product","2":"type-product","3":"status-publish","4":"has-post-thumbnail","6":"product_brand-scotty-cameron","7":"product_cat-gay-putter","9":"first","10":"instock","11":"taxable","12":"shipping-taxable","13":"product-type-simple"},"yoast_head":"<!-- This site is optimized with the Yoast SEO plugin v24.8.1 - https:\/\/yoast.com\/wordpress\/plugins\/seo\/ -->\n<title>SCOTTY CAMERON PHANTOM X8.5 - Puttercorner.com<\/title>\n<meta name=\"robots\" content=\"index, follow, max-snippet:-1, max-image-preview:large, max-video-preview:-1\" \/>\n<link rel=\"canonical\" href=\"https:\/\/puttercorner.com\/en\/shop\/scotty-cameron-phantom-x8-5\/\" \/>\n<meta property=\"og:locale\" content=\"en_US\" \/>\n<meta property=\"og:type\" content=\"article\" \/>\n<meta property=\"og:title\" content=\"SCOTTY CAMERON PHANTOM X8.5 - Puttercorner.com\" \/>\n<meta property=\"og:description\" content=\"SCOTTY CAMERON PHANTOM X8.5 \u2013 TUY\u1ec6T T\u00c1C PUTTER CHO GOLFER \u0110\u1eb2NG ...\" \/>\n<meta property=\"og:url\" content=\"https:\/\/puttercorner.com\/en\/shop\/scotty-cameron-phantom-x8-5\/\" \/>\n<meta property=\"og:site_name\" content=\"Puttercorner.com\" \/>\n<meta property=\"article:publisher\" content=\"https:\/\/www.facebook.com\/people\/Putter-Corner\/61569123132539\/\" \/>\n<meta property=\"article:modified_time\" content=\"2025-03-26T03:52:51+00:00\" \/>\n<meta property=\"og:image\" content=\"https:\/\/puttercorner.com\/wp-content\/uploads\/2025\/03\/z6431031284967_0cc784eb8f147684f8a749bc7cea46b6.jpg\" \/>\n\t<meta property=\"og:image:width\" content=\"960\" \/>\n\t<meta property=\"og:image:height\" content=\"1280\" \/>\n\t<meta property=\"og:image:type\" content=\"image\/jpeg\" \/>\n<meta name=\"twitter:card\" content=\"summary_large_image\" \/>\n<meta name=\"twitter:label1\" content=\"Est. reading time\" \/>\n\t<meta name=\"twitter:data1\" content=\"4 minutes\" \/>\n<script type=\"application\/ld+json\" class=\"yoast-schema-graph\">{\"@context\":\"https:\/\/schema.org\",\"@graph\":[{\"@type\":\"WebPage\",\"@id\":\"https:\/\/puttercorner.com\/shop\/scotty-cameron-phantom-x8-5\/\",\"url\":\"https:\/\/puttercorner.com\/shop\/scotty-cameron-phantom-x8-5\/\",\"name\":\"SCOTTY CAMERON PHANTOM X8.5 - Puttercorner.com\",\"isPartOf\":{\"@id\":\"https:\/\/puttercorner.com\/#website\"},\"primaryImageOfPage\":{\"@id\":\"https:\/\/puttercorner.com\/shop\/scotty-cameron-phantom-x8-5\/#primaryimage\"},\"image\":{\"@id\":\"https:\/\/puttercorner.com\/shop\/scotty-cameron-phantom-x8-5\/#primaryimage\"},\"thumbnailUrl\":\"https:\/\/puttercorner.com\/wp-content\/uploads\/2025\/03\/z6431031284967_0cc784eb8f147684f8a749bc7cea46b6.jpg\",\"datePublished\":\"2025-03-26T03:21:40+00:00\",\"dateModified\":\"2025-03-26T03:52:51+00:00\",\"breadcrumb\":{\"@id\":\"https:\/\/puttercorner.com\/shop\/scotty-cameron-phantom-x8-5\/#breadcrumb\"},\"inLanguage\":\"en-US\",\"potentialAction\":[{\"@type\":\"ReadAction\",\"target\":[\"https:\/\/puttercorner.com\/shop\/scotty-cameron-phantom-x8-5\/\"]}]},{\"@type\":\"ImageObject\",\"inLanguage\":\"en-US\",\"@id\":\"https:\/\/puttercorner.com\/shop\/scotty-cameron-phantom-x8-5\/#primaryimage\",\"url\":\"https:\/\/puttercorner.com\/wp-content\/uploads\/2025\/03\/z6431031284967_0cc784eb8f147684f8a749bc7cea46b6.jpg\",\"contentUrl\":\"https:\/\/puttercorner.com\/wp-content\/uploads\/2025\/03\/z6431031284967_0cc784eb8f147684f8a749bc7cea46b6.jpg\",\"width\":960,\"height\":1280},{\"@type\":\"BreadcrumbList\",\"@id\":\"https:\/\/puttercorner.com\/shop\/scotty-cameron-phantom-x8-5\/#breadcrumb\",\"itemListElement\":[{\"@type\":\"ListItem\",\"position\":1,\"name\":\"Home\",\"item\":\"https:\/\/puttercorner.com\/\"},{\"@type\":\"ListItem\",\"position\":2,\"name\":\"Shop\",\"item\":\"https:\/\/puttercorner.com\/shop\/\"},{\"@type\":\"ListItem\",\"position\":3,\"name\":\"SCOTTY CAMERON PHANTOM X8.5\"}]},{\"@type\":\"WebSite\",\"@id\":\"https:\/\/puttercorner.com\/#website\",\"url\":\"https:\/\/puttercorner.com\/\",\"name\":\"Putter Corner - \u0111\u01a1n v\u1ecb \u0111\u1ea7u ti\u00ean t\u1ea1i Vi\u1ec7t Nam chuy\u00ean v\u1ec1 d\u1ecbch v\u1ee5 t\u00e2n trang v\u00e0 c\u00e1 nh\u00e2n h\u00f3a g\u1eady golf.\",\"description\":\"\u0110\u01a1n v\u1ecb \u0111\u1ea7u ti\u00ean t\u1ea1i Vi\u1ec7t Nam chuy\u00ean v\u1ec1 d\u1ecbch v\u1ee5 t\u00e2n trang v\u00e0 c\u00e1 nh\u00e2n h\u00f3a g\u1eady golf.\",\"publisher\":{\"@id\":\"https:\/\/puttercorner.com\/#organization\"},\"potentialAction\":[{\"@type\":\"SearchAction\",\"target\":{\"@type\":\"EntryPoint\",\"urlTemplate\":\"https:\/\/puttercorner.com\/?s={search_term_string}\"},\"query-input\":{\"@type\":\"PropertyValueSpecification\",\"valueRequired\":true,\"valueName\":\"search_term_string\"}}],\"inLanguage\":\"en-US\"},{\"@type\":\"Organization\",\"@id\":\"https:\/\/puttercorner.com\/#organization\",\"name\":\"Putter Corner\",\"url\":\"https:\/\/puttercorner.com\/\",\"logo\":{\"@type\":\"ImageObject\",\"inLanguage\":\"en-US\",\"@id\":\"https:\/\/puttercorner.com\/#\/schema\/logo\/image\/\",\"url\":\"https:\/\/puttercorner.com\/wp-content\/uploads\/2025\/03\/logo50-1.png\",\"contentUrl\":\"https:\/\/puttercorner.com\/wp-content\/uploads\/2025\/03\/logo50-1.png\",\"width\":2300,\"height\":500,\"caption\":\"Putter Corner\"},\"image\":{\"@id\":\"https:\/\/puttercorner.com\/#\/schema\/logo\/image\/\"},\"sameAs\":[\"https:\/\/www.facebook.com\/people\/Putter-Corner\/61569123132539\/\"]}]}<\/script>\n<!-- \/ Yoast SEO plugin. -->","yoast_head_json":{"title":"SCOTTY CAMERON PHANTOM X8.5 - Puttercorner.com","robots":{"index":"index","follow":"follow","max-snippet":"max-snippet:-1","max-image-preview":"max-image-preview:large","max-video-preview":"max-video-preview:-1"},"canonical":"https:\/\/puttercorner.com\/en\/shop\/scotty-cameron-phantom-x8-5\/","og_locale":"en_US","og_type":"article","og_title":"SCOTTY CAMERON PHANTOM X8.5 - Puttercorner.com","og_description":"SCOTTY CAMERON PHANTOM X8.5 \u2013 TUY\u1ec6T T\u00c1C PUTTER CHO GOLFER \u0110\u1eb2NG ...","og_url":"https:\/\/puttercorner.com\/en\/shop\/scotty-cameron-phantom-x8-5\/","og_site_name":"Puttercorner.com","article_publisher":"https:\/\/www.facebook.com\/people\/Putter-Corner\/61569123132539\/","article_modified_time":"2025-03-26T03:52:51+00:00","og_image":[{"width":960,"height":1280,"url":"https:\/\/puttercorner.com\/wp-content\/uploads\/2025\/03\/z6431031284967_0cc784eb8f147684f8a749bc7cea46b6.jpg","type":"image\/jpeg"}],"twitter_card":"summary_large_image","twitter_misc":{"Est. reading time":"4 minutes"},"schema":{"@context":"https:\/\/schema.org","@graph":[{"@type":"WebPage","@id":"https:\/\/puttercorner.com\/shop\/scotty-cameron-phantom-x8-5\/","url":"https:\/\/puttercorner.com\/shop\/scotty-cameron-phantom-x8-5\/","name":"SCOTTY CAMERON PHANTOM X8.5 - Puttercorner.com","isPartOf":{"@id":"https:\/\/puttercorner.com\/#website"},"primaryImageOfPage":{"@id":"https:\/\/puttercorner.com\/shop\/scotty-cameron-phantom-x8-5\/#primaryimage"},"image":{"@id":"https:\/\/puttercorner.com\/shop\/scotty-cameron-phantom-x8-5\/#primaryimage"},"thumbnailUrl":"https:\/\/puttercorner.com\/wp-content\/uploads\/2025\/03\/z6431031284967_0cc784eb8f147684f8a749bc7cea46b6.jpg","datePublished":"2025-03-26T03:21:40+00:00","dateModified":"2025-03-26T03:52:51+00:00","breadcrumb":{"@id":"https:\/\/puttercorner.com\/shop\/scotty-cameron-phantom-x8-5\/#breadcrumb"},"inLanguage":"en-US","potentialAction":[{"@type":"ReadAction","target":["https:\/\/puttercorner.com\/shop\/scotty-cameron-phantom-x8-5\/"]}]},{"@type":"ImageObject","inLanguage":"en-US","@id":"https:\/\/puttercorner.com\/shop\/scotty-cameron-phantom-x8-5\/#primaryimage","url":"https:\/\/puttercorner.com\/wp-content\/uploads\/2025\/03\/z6431031284967_0cc784eb8f147684f8a749bc7cea46b6.jpg","contentUrl":"https:\/\/puttercorner.com\/wp-content\/uploads\/2025\/03\/z6431031284967_0cc784eb8f147684f8a749bc7cea46b6.jpg","width":960,"height":1280},{"@type":"BreadcrumbList","@id":"https:\/\/puttercorner.com\/shop\/scotty-cameron-phantom-x8-5\/#breadcrumb","itemListElement":[{"@type":"ListItem","position":1,"name":"Home","item":"https:\/\/puttercorner.com\/"},{"@type":"ListItem","position":2,"name":"Shop","item":"https:\/\/puttercorner.com\/shop\/"},{"@type":"ListItem","position":3,"name":"SCOTTY CAMERON PHANTOM X8.5"}]},{"@type":"WebSite","@id":"https:\/\/puttercorner.com\/#website","url":"https:\/\/puttercorner.com\/","name":"Putter Corner - \u0111\u01a1n v\u1ecb \u0111\u1ea7u ti\u00ean t\u1ea1i Vi\u1ec7t Nam chuy\u00ean v\u1ec1 d\u1ecbch v\u1ee5 t\u00e2n trang v\u00e0 c\u00e1 nh\u00e2n h\u00f3a g\u1eady golf.","description":"\u0110\u01a1n v\u1ecb \u0111\u1ea7u ti\u00ean t\u1ea1i Vi\u1ec7t Nam chuy\u00ean v\u1ec1 d\u1ecbch v\u1ee5 t\u00e2n trang v\u00e0 c\u00e1 nh\u00e2n h\u00f3a g\u1eady golf.","publisher":{"@id":"https:\/\/puttercorner.com\/#organization"},"potentialAction":[{"@type":"SearchAction","target":{"@type":"EntryPoint","urlTemplate":"https:\/\/puttercorner.com\/?s={search_term_string}"},"query-input":{"@type":"PropertyValueSpecification","valueRequired":true,"valueName":"search_term_string"}}],"inLanguage":"en-US"},{"@type":"Organization","@id":"https:\/\/puttercorner.com\/#organization","name":"Putter Corner","url":"https:\/\/puttercorner.com\/","logo":{"@type":"ImageObject","inLanguage":"en-US","@id":"https:\/\/puttercorner.com\/#\/schema\/logo\/image\/","url":"https:\/\/puttercorner.com\/wp-content\/uploads\/2025\/03\/logo50-1.png","contentUrl":"https:\/\/puttercorner.com\/wp-content\/uploads\/2025\/03\/logo50-1.png","width":2300,"height":500,"caption":"Putter Corner"},"image":{"@id":"https:\/\/puttercorner.com\/#\/schema\/logo\/image\/"},"sameAs":["https:\/\/www.facebook.com\/people\/Putter-Corner\/61569123132539\/"]}]}},"_links":{"self":[{"href":"https:\/\/puttercorner.com\/en\/wp-json\/wp\/v2\/product\/2237","targetHints":{"allow":["GET"]}}],"collection":[{"href":"https:\/\/puttercorner.com\/en\/wp-json\/wp\/v2\/product"}],"about":[{"href":"https:\/\/puttercorner.com\/en\/wp-json\/wp\/v2\/types\/product"}],"replies":[{"embeddable":true,"href":"https:\/\/puttercorner.com\/en\/wp-json\/wp\/v2\/comments?post=2237"}],"wp:featuredmedia":[{"embeddable":true,"href":"https:\/\/puttercorner.com\/en\/wp-json\/wp\/v2\/media\/2239"}],"wp:attachment":[{"href":"https:\/\/puttercorner.com\/en\/wp-json\/wp\/v2\/media?parent=2237"}],"wp:term":[{"taxonomy":"product_brand","embeddable":true,"href":"https:\/\/puttercorner.com\/en\/wp-json\/wp\/v2\/product_brand?post=2237"},{"taxonomy":"product_cat","embeddable":true,"href":"https:\/\/puttercorner.com\/en\/wp-json\/wp\/v2\/product_cat?post=2237"},{"taxonomy":"product_tag","embeddable":true,"href":"https:\/\/puttercorner.com\/en\/wp-json\/wp\/v2\/product_tag?post=2237"}],"curies":[{"name":"wp","href":"https:\/\/api.w.org\/{rel}","templated":true}]}}