{"id":2231,"date":"2025-03-26T10:20:04","date_gmt":"2025-03-26T03:20:04","guid":{"rendered":"https:\/\/puttercorner.com\/?post_type=product&#038;p=2231"},"modified":"2025-03-26T10:52:58","modified_gmt":"2025-03-26T03:52:58","slug":"scotty-cameron-studio-stainless","status":"publish","type":"product","link":"https:\/\/puttercorner.com\/en\/shop\/scotty-cameron-studio-stainless\/","title":{"rendered":"SCOTTY CAMERON  STUDIO  STAINLESS"},"content":{"rendered":"<p>Gi\u1edbi thi\u1ec7u SCOTTY CAMERON STUDIO STAINLESS \u2013 Bi\u1ec3u T\u01b0\u1ee3ng \u0110\u1eb3ng C\u1ea5p C\u1ee7a G\u1eady Putter<\/p>\n<p>S\u1ef1 Ho\u00e0n H\u1ea3o Trong Thi\u1ebft K\u1ebf V\u00e0 Ch\u1ea5t Li\u1ec7u<\/p>\n<p>Scotty Cameron lu\u00f4n \u0111\u01b0\u1ee3c bi\u1ebft \u0111\u1ebfn l\u00e0 th\u01b0\u01a1ng hi\u1ec7u g\u1eady putter cao c\u1ea5p \u0111\u01b0\u1ee3c \u01b0a chu\u1ed9ng b\u1edfi c\u00e1c golfer chuy\u00ean nghi\u1ec7p l\u1eabn nghi\u1ec7p d\u01b0. Trong s\u1ed1 \u0111\u00f3, Scotty Cameron Studio Stainless n\u1ed5i b\u1eadt v\u1edbi thi\u1ebft k\u1ebf tinh t\u1ebf, ch\u1ea5t li\u1ec7u cao c\u1ea5p v\u00e0 hi\u1ec7u su\u1ea5t v\u01b0\u1ee3t tr\u1ed9i.<\/p>\n<p>G\u1eady Studio Stainless \u0111\u01b0\u1ee3c ch\u1ebf t\u00e1c t\u1eeb th\u00e9p kh\u00f4ng g\u1ec9 303 \u2013 m\u1ed9t trong nh\u1eefng lo\u1ea1i th\u00e9p cao c\u1ea5p nh\u1ea5t, mang l\u1ea1i c\u1ea3m gi\u00e1c \u0111\u00e1nh b\u00f3ng m\u1ec1m m\u1ea1i v\u00e0 \u0111\u1ed9 b\u1ec1n v\u01b0\u1ee3t tr\u1ed9i. Ch\u1ea5t li\u1ec7u n\u00e0y kh\u00f4ng ch\u1ec9 gi\u00fap t\u0103ng t\u00ednh th\u1ea9m m\u1ef9 v\u1edbi b\u1ec1 m\u1eb7t s\u00e1ng b\u00f3ng m\u00e0 c\u00f2n mang l\u1ea1i kh\u1ea3 n\u0103ng ch\u1ed1ng \u0103n m\u00f2n v\u00e0 duy tr\u00ec ch\u1ea5t l\u01b0\u1ee3ng theo th\u1eddi gian.<\/p>\n<p>Thi\u1ebft K\u1ebf C\u00e2n B\u1eb1ng Ho\u00e0n H\u1ea3o<\/p>\n<p>D\u00f2ng putter Studio Stainless \u0111\u01b0\u1ee3c thi\u1ebft k\u1ebf v\u1edbi MOI cao, gi\u00fap gi\u1ea3m thi\u1ec3u s\u1ef1 xo\u1eafn khi va ch\u1ea1m v\u1edbi b\u00f3ng, t\u1eeb \u0111\u00f3 t\u0103ng c\u01b0\u1eddng s\u1ef1 \u1ed5n \u0111\u1ecbnh trong t\u1eebng c\u00fa \u0111\u00e1nh. Milled Face Technology \u2013 c\u00f4ng ngh\u1ec7 gia c\u00f4ng m\u1eb7t g\u1eady ch\u00ednh x\u00e1c \u2013 gi\u00fap golfer c\u00f3 \u0111\u01b0\u1ee3c c\u1ea3m gi\u00e1c b\u00f3ng ch\u00e2n th\u1ef1c v\u00e0 ki\u1ec3m so\u00e1t t\u1ed1c \u0111\u1ed9 l\u0103n b\u00f3ng t\u1ed1i \u01b0u.<\/p>\n<p>M\u1ed9t \u0111i\u1ec3m \u0111\u00e1ng ch\u00fa \u00fd kh\u00e1c l\u00e0 s\u1ef1 \u0111a d\u1ea1ng trong thi\u1ebft k\u1ebf \u0111\u1ea7u g\u1eady, ph\u00f9 h\u1ee3p v\u1edbi nhi\u1ec1u ki\u1ec3u putting stroke kh\u00e1c nhau. D\u00f2ng Studio Stainless c\u00f3 c\u00e1c phi\u00ean b\u1ea3n ph\u1ed5 bi\u1ebfn nh\u01b0 Newport, Newport 2, Newport Beach, m\u1ed7i phi\u00ean b\u1ea3n mang \u0111\u1ebfn \u0111\u1eb7c \u0111i\u1ec3m c\u00e2n b\u1eb1ng kh\u00e1c nhau \u0111\u1ec3 \u0111\u00e1p \u1ee9ng nhu c\u1ea7u c\u1ee7a t\u1eebng golfer.<\/p>\n<p>Tr\u1ea3i Nghi\u1ec7m Hi\u1ec7u Su\u1ea5t \u0110\u1ec9nh Cao<\/p>\n<p>V\u1edbi tr\u1ecdng l\u01b0\u1ee3ng ph\u00e2n b\u1ed1 h\u1ee3p l\u00fd v\u00e0 thi\u1ebft k\u1ebf c\u1ed5 \u0111i\u1ec3n, Scotty Cameron Studio Stainless mang \u0111\u1ebfn c\u1ea3m gi\u00e1c putt m\u01b0\u1ee3t m\u00e0, \u1ed5n \u0111\u1ecbnh. G\u1eady c\u00f3 \u0111\u1ed9 ph\u1ea3n h\u1ed3i cao, gi\u00fap golfer ki\u1ec3m so\u00e1t kho\u1ea3ng c\u00e1ch v\u00e0 \u0111\u01b0\u1eddng b\u00f3ng ch\u00ednh x\u00e1c h\u01a1n, t\u1eeb \u0111\u00f3 t\u0103ng t\u1ef7 l\u1ec7 th\u00e0nh c\u00f4ng tr\u00ean green.<\/p>\n<p>Kh\u00f4ng ch\u1ec9 l\u00e0 m\u1ed9t c\u00e2y g\u1eady putter hi\u1ec7u su\u1ea5t cao, Studio Stainless c\u00f2n mang phong c\u00e1ch sang tr\u1ecdng, tinh t\u1ebf, th\u1ec3 hi\u1ec7n \u0111\u1eb3ng c\u1ea5p c\u1ee7a ng\u01b0\u1eddi ch\u01a1i. \u0110\u00e2y c\u0169ng l\u00e0 l\u00fd do d\u00f2ng g\u1eady n\u00e0y lu\u00f4n \u0111\u01b0\u1ee3c c\u00e1c golfer chuy\u00ean nghi\u1ec7p t\u1ea1i PGA Tour tin d\u00f9ng.<\/p>\n<p>K\u1ebft Lu\u1eadn<\/p>\n<p>N\u1ebfu b\u1ea1n \u0111ang t\u00ecm ki\u1ebfm m\u1ed9t c\u00e2y g\u1eady putter mang l\u1ea1i s\u1ef1 \u1ed5n \u0111\u1ecbnh, c\u1ea3m gi\u00e1c m\u01b0\u1ee3t m\u00e0 v\u00e0 v\u1ebb \u0111\u1eb9p \u0111\u1eb3ng c\u1ea5p, Scotty Cameron Studio Stainless ch\u00ednh l\u00e0 s\u1ef1 l\u1ef1a ch\u1ecdn ho\u00e0n h\u1ea3o. V\u1edbi ch\u1ea5t li\u1ec7u th\u00e9p kh\u00f4ng g\u1ec9 303 cao c\u1ea5p, thi\u1ebft k\u1ebf c\u00e2n b\u1eb1ng tuy\u1ec7t v\u1eddi v\u00e0 hi\u1ec7u su\u1ea5t \u1ea5n t\u01b0\u1ee3ng, \u0111\u00e2y ch\u1eafc ch\u1eafn l\u00e0 m\u1ed9t trong nh\u1eefng d\u00f2ng putter \u0111\u00e1ng s\u1edf h\u1eefu nh\u1ea5t tr\u00ean th\u1ecb tr\u01b0\u1eddng.<\/p>\n<p>H\u00e3y tr\u1ea3i nghi\u1ec7m v\u00e0 n\u00e2ng t\u1ea7m kh\u1ea3 n\u0103ng putt c\u1ee7a b\u1ea1n c\u00f9ng Scotty Cameron Studio Stainless!<\/p>","protected":false},"excerpt":{"rendered":"<p>Gi\u1edbi thi\u1ec7u SCOTTY CAMERON STUDIO STAINLESS \u2013 Bi\u1ec3u T\u01b0\u1ee3ng \u0110\u1eb3ng C\u1ea5p &#8230; <\/p>","protected":false},"featured_media":2234,"comment_status":"closed","ping_status":"closed","template":"","meta":[],"product_brand":[82],"product_cat":[48],"product_tag":[],"class_list":{"0":"post-2231","1":"product","2":"type-product","3":"status-publish","4":"has-post-thumbnail","6":"product_brand-scotty-cameron","7":"product_cat-gay-putter","9":"first","10":"instock","11":"taxable","12":"shipping-taxable","13":"product-type-simple"},"yoast_head":"<!-- This site is optimized with the Yoast SEO plugin v24.8.1 - https:\/\/yoast.com\/wordpress\/plugins\/seo\/ -->\n<title>SCOTTY CAMERON STUDIO STAINLESS - Puttercorner.com<\/title>\n<meta name=\"robots\" content=\"index, follow, max-snippet:-1, max-image-preview:large, max-video-preview:-1\" \/>\n<link rel=\"canonical\" href=\"https:\/\/puttercorner.com\/en\/shop\/scotty-cameron-studio-stainless\/\" \/>\n<meta property=\"og:locale\" content=\"en_US\" \/>\n<meta property=\"og:type\" content=\"article\" \/>\n<meta property=\"og:title\" content=\"SCOTTY CAMERON STUDIO STAINLESS - Puttercorner.com\" \/>\n<meta property=\"og:description\" content=\"Gi\u1edbi thi\u1ec7u SCOTTY CAMERON STUDIO STAINLESS \u2013 Bi\u1ec3u T\u01b0\u1ee3ng \u0110\u1eb3ng C\u1ea5p ...\" \/>\n<meta property=\"og:url\" content=\"https:\/\/puttercorner.com\/en\/shop\/scotty-cameron-studio-stainless\/\" \/>\n<meta property=\"og:site_name\" content=\"Puttercorner.com\" \/>\n<meta property=\"article:publisher\" content=\"https:\/\/www.facebook.com\/people\/Putter-Corner\/61569123132539\/\" \/>\n<meta property=\"article:modified_time\" content=\"2025-03-26T03:52:58+00:00\" \/>\n<meta property=\"og:image\" content=\"https:\/\/puttercorner.com\/wp-content\/uploads\/2025\/03\/z6431040899751_f32bba9c4d606e42e24f5c50e6ef40e0.jpg\" \/>\n\t<meta property=\"og:image:width\" content=\"1276\" \/>\n\t<meta property=\"og:image:height\" content=\"956\" \/>\n\t<meta property=\"og:image:type\" content=\"image\/jpeg\" \/>\n<meta name=\"twitter:card\" content=\"summary_large_image\" \/>\n<meta name=\"twitter:label1\" content=\"Est. reading time\" \/>\n\t<meta name=\"twitter:data1\" content=\"3 minutes\" \/>\n<script type=\"application\/ld+json\" class=\"yoast-schema-graph\">{\"@context\":\"https:\/\/schema.org\",\"@graph\":[{\"@type\":\"WebPage\",\"@id\":\"https:\/\/puttercorner.com\/shop\/scotty-cameron-studio-stainless\/\",\"url\":\"https:\/\/puttercorner.com\/shop\/scotty-cameron-studio-stainless\/\",\"name\":\"SCOTTY CAMERON STUDIO STAINLESS - Puttercorner.com\",\"isPartOf\":{\"@id\":\"https:\/\/puttercorner.com\/#website\"},\"primaryImageOfPage\":{\"@id\":\"https:\/\/puttercorner.com\/shop\/scotty-cameron-studio-stainless\/#primaryimage\"},\"image\":{\"@id\":\"https:\/\/puttercorner.com\/shop\/scotty-cameron-studio-stainless\/#primaryimage\"},\"thumbnailUrl\":\"https:\/\/puttercorner.com\/wp-content\/uploads\/2025\/03\/z6431040899751_f32bba9c4d606e42e24f5c50e6ef40e0.jpg\",\"datePublished\":\"2025-03-26T03:20:04+00:00\",\"dateModified\":\"2025-03-26T03:52:58+00:00\",\"breadcrumb\":{\"@id\":\"https:\/\/puttercorner.com\/shop\/scotty-cameron-studio-stainless\/#breadcrumb\"},\"inLanguage\":\"en-US\",\"potentialAction\":[{\"@type\":\"ReadAction\",\"target\":[\"https:\/\/puttercorner.com\/shop\/scotty-cameron-studio-stainless\/\"]}]},{\"@type\":\"ImageObject\",\"inLanguage\":\"en-US\",\"@id\":\"https:\/\/puttercorner.com\/shop\/scotty-cameron-studio-stainless\/#primaryimage\",\"url\":\"https:\/\/puttercorner.com\/wp-content\/uploads\/2025\/03\/z6431040899751_f32bba9c4d606e42e24f5c50e6ef40e0.jpg\",\"contentUrl\":\"https:\/\/puttercorner.com\/wp-content\/uploads\/2025\/03\/z6431040899751_f32bba9c4d606e42e24f5c50e6ef40e0.jpg\",\"width\":1276,\"height\":956},{\"@type\":\"BreadcrumbList\",\"@id\":\"https:\/\/puttercorner.com\/shop\/scotty-cameron-studio-stainless\/#breadcrumb\",\"itemListElement\":[{\"@type\":\"ListItem\",\"position\":1,\"name\":\"Home\",\"item\":\"https:\/\/puttercorner.com\/\"},{\"@type\":\"ListItem\",\"position\":2,\"name\":\"Shop\",\"item\":\"https:\/\/puttercorner.com\/shop\/\"},{\"@type\":\"ListItem\",\"position\":3,\"name\":\"SCOTTY CAMERON STUDIO STAINLESS\"}]},{\"@type\":\"WebSite\",\"@id\":\"https:\/\/puttercorner.com\/#website\",\"url\":\"https:\/\/puttercorner.com\/\",\"name\":\"Putter Corner - \u0111\u01a1n v\u1ecb \u0111\u1ea7u ti\u00ean t\u1ea1i Vi\u1ec7t Nam chuy\u00ean v\u1ec1 d\u1ecbch v\u1ee5 t\u00e2n trang v\u00e0 c\u00e1 nh\u00e2n h\u00f3a g\u1eady golf.\",\"description\":\"\u0110\u01a1n v\u1ecb \u0111\u1ea7u ti\u00ean t\u1ea1i Vi\u1ec7t Nam chuy\u00ean v\u1ec1 d\u1ecbch v\u1ee5 t\u00e2n trang v\u00e0 c\u00e1 nh\u00e2n h\u00f3a g\u1eady golf.\",\"publisher\":{\"@id\":\"https:\/\/puttercorner.com\/#organization\"},\"potentialAction\":[{\"@type\":\"SearchAction\",\"target\":{\"@type\":\"EntryPoint\",\"urlTemplate\":\"https:\/\/puttercorner.com\/?s={search_term_string}\"},\"query-input\":{\"@type\":\"PropertyValueSpecification\",\"valueRequired\":true,\"valueName\":\"search_term_string\"}}],\"inLanguage\":\"en-US\"},{\"@type\":\"Organization\",\"@id\":\"https:\/\/puttercorner.com\/#organization\",\"name\":\"Putter Corner\",\"url\":\"https:\/\/puttercorner.com\/\",\"logo\":{\"@type\":\"ImageObject\",\"inLanguage\":\"en-US\",\"@id\":\"https:\/\/puttercorner.com\/#\/schema\/logo\/image\/\",\"url\":\"https:\/\/puttercorner.com\/wp-content\/uploads\/2025\/03\/logo50-1.png\",\"contentUrl\":\"https:\/\/puttercorner.com\/wp-content\/uploads\/2025\/03\/logo50-1.png\",\"width\":2300,\"height\":500,\"caption\":\"Putter Corner\"},\"image\":{\"@id\":\"https:\/\/puttercorner.com\/#\/schema\/logo\/image\/\"},\"sameAs\":[\"https:\/\/www.facebook.com\/people\/Putter-Corner\/61569123132539\/\"]}]}<\/script>\n<!-- \/ Yoast SEO plugin. -->","yoast_head_json":{"title":"SCOTTY CAMERON STUDIO STAINLESS - Puttercorner.com","robots":{"index":"index","follow":"follow","max-snippet":"max-snippet:-1","max-image-preview":"max-image-preview:large","max-video-preview":"max-video-preview:-1"},"canonical":"https:\/\/puttercorner.com\/en\/shop\/scotty-cameron-studio-stainless\/","og_locale":"en_US","og_type":"article","og_title":"SCOTTY CAMERON STUDIO STAINLESS - Puttercorner.com","og_description":"Gi\u1edbi thi\u1ec7u SCOTTY CAMERON STUDIO STAINLESS \u2013 Bi\u1ec3u T\u01b0\u1ee3ng \u0110\u1eb3ng C\u1ea5p ...","og_url":"https:\/\/puttercorner.com\/en\/shop\/scotty-cameron-studio-stainless\/","og_site_name":"Puttercorner.com","article_publisher":"https:\/\/www.facebook.com\/people\/Putter-Corner\/61569123132539\/","article_modified_time":"2025-03-26T03:52:58+00:00","og_image":[{"width":1276,"height":956,"url":"https:\/\/puttercorner.com\/wp-content\/uploads\/2025\/03\/z6431040899751_f32bba9c4d606e42e24f5c50e6ef40e0.jpg","type":"image\/jpeg"}],"twitter_card":"summary_large_image","twitter_misc":{"Est. reading time":"3 minutes"},"schema":{"@context":"https:\/\/schema.org","@graph":[{"@type":"WebPage","@id":"https:\/\/puttercorner.com\/shop\/scotty-cameron-studio-stainless\/","url":"https:\/\/puttercorner.com\/shop\/scotty-cameron-studio-stainless\/","name":"SCOTTY CAMERON STUDIO STAINLESS - Puttercorner.com","isPartOf":{"@id":"https:\/\/puttercorner.com\/#website"},"primaryImageOfPage":{"@id":"https:\/\/puttercorner.com\/shop\/scotty-cameron-studio-stainless\/#primaryimage"},"image":{"@id":"https:\/\/puttercorner.com\/shop\/scotty-cameron-studio-stainless\/#primaryimage"},"thumbnailUrl":"https:\/\/puttercorner.com\/wp-content\/uploads\/2025\/03\/z6431040899751_f32bba9c4d606e42e24f5c50e6ef40e0.jpg","datePublished":"2025-03-26T03:20:04+00:00","dateModified":"2025-03-26T03:52:58+00:00","breadcrumb":{"@id":"https:\/\/puttercorner.com\/shop\/scotty-cameron-studio-stainless\/#breadcrumb"},"inLanguage":"en-US","potentialAction":[{"@type":"ReadAction","target":["https:\/\/puttercorner.com\/shop\/scotty-cameron-studio-stainless\/"]}]},{"@type":"ImageObject","inLanguage":"en-US","@id":"https:\/\/puttercorner.com\/shop\/scotty-cameron-studio-stainless\/#primaryimage","url":"https:\/\/puttercorner.com\/wp-content\/uploads\/2025\/03\/z6431040899751_f32bba9c4d606e42e24f5c50e6ef40e0.jpg","contentUrl":"https:\/\/puttercorner.com\/wp-content\/uploads\/2025\/03\/z6431040899751_f32bba9c4d606e42e24f5c50e6ef40e0.jpg","width":1276,"height":956},{"@type":"BreadcrumbList","@id":"https:\/\/puttercorner.com\/shop\/scotty-cameron-studio-stainless\/#breadcrumb","itemListElement":[{"@type":"ListItem","position":1,"name":"Home","item":"https:\/\/puttercorner.com\/"},{"@type":"ListItem","position":2,"name":"Shop","item":"https:\/\/puttercorner.com\/shop\/"},{"@type":"ListItem","position":3,"name":"SCOTTY CAMERON STUDIO STAINLESS"}]},{"@type":"WebSite","@id":"https:\/\/puttercorner.com\/#website","url":"https:\/\/puttercorner.com\/","name":"Putter Corner - \u0111\u01a1n v\u1ecb \u0111\u1ea7u ti\u00ean t\u1ea1i Vi\u1ec7t Nam chuy\u00ean v\u1ec1 d\u1ecbch v\u1ee5 t\u00e2n trang v\u00e0 c\u00e1 nh\u00e2n h\u00f3a g\u1eady golf.","description":"\u0110\u01a1n v\u1ecb \u0111\u1ea7u ti\u00ean t\u1ea1i Vi\u1ec7t Nam chuy\u00ean v\u1ec1 d\u1ecbch v\u1ee5 t\u00e2n trang v\u00e0 c\u00e1 nh\u00e2n h\u00f3a g\u1eady golf.","publisher":{"@id":"https:\/\/puttercorner.com\/#organization"},"potentialAction":[{"@type":"SearchAction","target":{"@type":"EntryPoint","urlTemplate":"https:\/\/puttercorner.com\/?s={search_term_string}"},"query-input":{"@type":"PropertyValueSpecification","valueRequired":true,"valueName":"search_term_string"}}],"inLanguage":"en-US"},{"@type":"Organization","@id":"https:\/\/puttercorner.com\/#organization","name":"Putter Corner","url":"https:\/\/puttercorner.com\/","logo":{"@type":"ImageObject","inLanguage":"en-US","@id":"https:\/\/puttercorner.com\/#\/schema\/logo\/image\/","url":"https:\/\/puttercorner.com\/wp-content\/uploads\/2025\/03\/logo50-1.png","contentUrl":"https:\/\/puttercorner.com\/wp-content\/uploads\/2025\/03\/logo50-1.png","width":2300,"height":500,"caption":"Putter Corner"},"image":{"@id":"https:\/\/puttercorner.com\/#\/schema\/logo\/image\/"},"sameAs":["https:\/\/www.facebook.com\/people\/Putter-Corner\/61569123132539\/"]}]}},"_links":{"self":[{"href":"https:\/\/puttercorner.com\/en\/wp-json\/wp\/v2\/product\/2231","targetHints":{"allow":["GET"]}}],"collection":[{"href":"https:\/\/puttercorner.com\/en\/wp-json\/wp\/v2\/product"}],"about":[{"href":"https:\/\/puttercorner.com\/en\/wp-json\/wp\/v2\/types\/product"}],"replies":[{"embeddable":true,"href":"https:\/\/puttercorner.com\/en\/wp-json\/wp\/v2\/comments?post=2231"}],"wp:featuredmedia":[{"embeddable":true,"href":"https:\/\/puttercorner.com\/en\/wp-json\/wp\/v2\/media\/2234"}],"wp:attachment":[{"href":"https:\/\/puttercorner.com\/en\/wp-json\/wp\/v2\/media?parent=2231"}],"wp:term":[{"taxonomy":"product_brand","embeddable":true,"href":"https:\/\/puttercorner.com\/en\/wp-json\/wp\/v2\/product_brand?post=2231"},{"taxonomy":"product_cat","embeddable":true,"href":"https:\/\/puttercorner.com\/en\/wp-json\/wp\/v2\/product_cat?post=2231"},{"taxonomy":"product_tag","embeddable":true,"href":"https:\/\/puttercorner.com\/en\/wp-json\/wp\/v2\/product_tag?post=2231"}],"curies":[{"name":"wp","href":"https:\/\/api.w.org\/{rel}","templated":true}]}}