{"id":2225,"date":"2025-03-26T10:18:34","date_gmt":"2025-03-26T03:18:34","guid":{"rendered":"https:\/\/puttercorner.com\/?post_type=product&#038;p=2225"},"modified":"2025-03-26T10:53:04","modified_gmt":"2025-03-26T03:53:04","slug":"gay-dxg-darkness","status":"publish","type":"product","link":"https:\/\/puttercorner.com\/en\/shop\/gay-dxg-darkness\/","title":{"rendered":"G\u1eady DXG DARKNESS"},"content":{"rendered":"<p>Trong th\u1ebf gi\u1edbi c\u1ee7a nh\u1eefng tay ch\u01a1i gi g\\u1eayy chuy\u00ean nghi\u1ec7p, DXG DARKNESS l\u00e0 m\u1ed9t c\u00e1i t\u00ean kh\u00f4ng th\u1ec3 b\u1ecf qua. K\u1ebf th\u1eeba nh\u1eefng t\u00ednh n\u0103ng \u0111\u1ec9nh cao v\u00e0 thi\u1ebft k\u1ebf h\u1ea7m h\u1ed1, DXG DARKNESS kh\u00f4ng ch\u1ec9 l\u00e0 v\u0169 kh\u00ed t\u1ed1i th\u01b0\u1ee3ng m\u00e0 c\u00f2n l\u00e0 bi\u1ec3u t\u01b0\u1ee3ng c\u1ee7a phong c\u00e1ch v\u00e0 s\u1ef1 \u0111\u1ed9c t\u00f4n.<\/p>\n<p>Thi\u1ebft k\u1ebf \u0111\u1eadm ch\u1ea5t huy\u1ec1n b\u00ed<\/p>\n<p>DXG DARKNESS mang d\u00e1ng v\u1ebb uy nghi\u00eam v\u1edbi gam m\u00e0u \u0111en ch\u1ee7 \u0111\u1ea1o, k\u1ebft h\u1ee3p nh\u1eefng \u0111\u01b0\u1eddng vi\u1ec1n tinh t\u1ebf mang \u0111\u1eb7c tr\u01b0ng ri\u00eang. Ch\u1ea5t li\u1ec7u cao c\u1ea5p gi\u00fap gp g\\u1eayy v\u1eeba nh\u1eb9 nh\u00e0ng, v\u1eeba b\u1ec1n b\u1ec9, mang l\u1ea1i c\u1ea3m gi\u00e1c c\u00e2n b\u1eb1ng ho\u00e0n h\u1ea3o khi s\u1eed d\u1ee5ng.<\/p>\n<p>C\u00f4ng ngh\u1ec7 ti\u00ean ti\u1ebfn<\/p>\n<p>DXG DARKNESS \u0111\u01b0\u1ee3c trang b\u1ecb c\u00f4ng ngh\u1ec7 c\u1eaft CNC ch\u00ednh x\u00e1c, gia c\u00f4ng t\u1eeb nh\u1eefng nguy\u00ean li\u1ec7u t\u1ed1t nh\u1ea5t \u0111\u1ec3 t\u1ed1i \u01b0u hi\u1ec7u su\u1ea5t v\u00e0 s\u1ef1 \u0111\u1ed3ng b\u1ed9 khi vung g khi vung g\\u1eayy. Kh\u1ea3 n\u0103ng tr\u1ee3 l\u1ef1c t\u1ed1t gi\u00fap ng\u01b0\u1eddi ch\u01a1i ki\u1ec3m so\u00e1t m\u1ed7i \u0111\u01b0\u1eddng \u0111\u00e1nh v\u1edbi \u0111\u1ed9 ch\u00ednh x\u00e1c cao nh\u1ea5t.<\/p>\n<p>Tr\u1ea3i nghi\u1ec7m t\u1ed1i \u01b0u<\/p>\n<p>V\u1edbi DXG DARKNESS, m\u1ed7i cu\u1ed1c ch\u01a1i tr\u1edf n\u00ean h\u00e0o h\u1ee9ng v\u00e0 ch\u1ea5t l\u01b0\u1ee3ng h\u01a1n bao gi\u1edd h\u1ebft. C\u00e2n b\u1eb1ng ho\u00e0n h\u1ea3o, tay c\u1ea7m tho\u1ea3i m\u00e1i v\u00e0 \u0111\u1ed9 b\u1ec1n v\u01b0\u1ee3t tr\u1ed9i gi\u00fap gp g\\u1eayy tr\u1edf th\u00e0nh \u0111\u1ed1i t\u00e1c \u0111\u00e1ng tin c\u1eady trong m\u1ecdi tr\u1eadn \u0111\u1ea5u.<\/p>\n<p>L\u1ef1a ch\u1ecdn ho\u00e0n h\u1ea3o cho ng\u01b0\u1eddi y\u00eau th\u1ec3 thao<\/p>\n<p>N\u1ebfu b\u1ea1n \u0111ang t\u00ecm ki\u1ebfm m\u1ed9t chi\u1ebfc gc g\\u1eayy h\u1ed9i t\u1ee5 \u0111\u1ea7y \u0111\u1ee7 s\u1ee9c m\u1ea1nh, t\u00ednh ch\u00ednh x\u00e1c v\u00e0 \u0111\u1eb9p m\u1eaft, DXG DARKNESS ch\u00ednh l\u00e0 l\u1ef1a ch\u1ecdn kh\u00f4ng th\u1ec3 b\u1ecf qua. H\u00e3y s\u1eafm ngay cho m\u00ecnh v\u0169 kh\u00ed \u0111\u1ed3ng h\u00e0nh ho\u00e0n h\u1ea3o n\u00e0y \u0111\u1ec3 n\u00e2ng t\u1ea7m tr\u00ea n\u1ec1n t\u1ea3ng chuy\u00ean nghi\u1ec7p!<\/p>\n<p>&nbsp;<\/p>","protected":false},"excerpt":{"rendered":"<p>Trong th\u1ebf gi\u1edbi c\u1ee7a nh\u1eefng tay ch\u01a1i gi g\\u1eayy chuy\u00ean nghi\u1ec7p, &#8230; <\/p>","protected":false},"featured_media":2227,"comment_status":"closed","ping_status":"closed","template":"","meta":[],"product_brand":[81],"product_cat":[48],"product_tag":[],"class_list":{"0":"post-2225","1":"product","2":"type-product","3":"status-publish","4":"has-post-thumbnail","6":"product_brand-pxg","7":"product_cat-gay-putter","9":"first","10":"instock","11":"taxable","12":"shipping-taxable","13":"product-type-simple"},"yoast_head":"<!-- This site is optimized with the Yoast SEO plugin v24.8.1 - https:\/\/yoast.com\/wordpress\/plugins\/seo\/ -->\n<title>G\u1eady DXG DARKNESS - Puttercorner.com<\/title>\n<meta name=\"robots\" content=\"index, follow, max-snippet:-1, max-image-preview:large, max-video-preview:-1\" \/>\n<link rel=\"canonical\" href=\"https:\/\/puttercorner.com\/en\/shop\/gay-dxg-darkness\/\" \/>\n<meta property=\"og:locale\" content=\"en_US\" \/>\n<meta property=\"og:type\" content=\"article\" \/>\n<meta property=\"og:title\" content=\"G\u1eady DXG DARKNESS - Puttercorner.com\" \/>\n<meta property=\"og:description\" content=\"Trong th\u1ebf gi\u1edbi c\u1ee7a nh\u1eefng tay ch\u01a1i gi gu1eayy chuy\u00ean nghi\u1ec7p, ...\" \/>\n<meta property=\"og:url\" content=\"https:\/\/puttercorner.com\/en\/shop\/gay-dxg-darkness\/\" \/>\n<meta property=\"og:site_name\" content=\"Puttercorner.com\" \/>\n<meta property=\"article:publisher\" content=\"https:\/\/www.facebook.com\/people\/Putter-Corner\/61569123132539\/\" \/>\n<meta property=\"article:modified_time\" content=\"2025-03-26T03:53:04+00:00\" \/>\n<meta property=\"og:image\" content=\"https:\/\/puttercorner.com\/wp-content\/uploads\/2025\/03\/z6431021657211_92471e3e53c8f0c08110dd7544f814bd-scaled.jpg\" \/>\n\t<meta property=\"og:image:width\" content=\"1920\" \/>\n\t<meta property=\"og:image:height\" content=\"2560\" \/>\n\t<meta property=\"og:image:type\" content=\"image\/jpeg\" \/>\n<meta name=\"twitter:card\" content=\"summary_large_image\" \/>\n<meta name=\"twitter:label1\" content=\"Est. reading time\" \/>\n\t<meta name=\"twitter:data1\" content=\"2 minutes\" \/>\n<script type=\"application\/ld+json\" class=\"yoast-schema-graph\">{\"@context\":\"https:\/\/schema.org\",\"@graph\":[{\"@type\":\"WebPage\",\"@id\":\"https:\/\/puttercorner.com\/shop\/gay-dxg-darkness\/\",\"url\":\"https:\/\/puttercorner.com\/shop\/gay-dxg-darkness\/\",\"name\":\"G\u1eady DXG DARKNESS - Puttercorner.com\",\"isPartOf\":{\"@id\":\"https:\/\/puttercorner.com\/#website\"},\"primaryImageOfPage\":{\"@id\":\"https:\/\/puttercorner.com\/shop\/gay-dxg-darkness\/#primaryimage\"},\"image\":{\"@id\":\"https:\/\/puttercorner.com\/shop\/gay-dxg-darkness\/#primaryimage\"},\"thumbnailUrl\":\"https:\/\/puttercorner.com\/wp-content\/uploads\/2025\/03\/z6431021657211_92471e3e53c8f0c08110dd7544f814bd-scaled.jpg\",\"datePublished\":\"2025-03-26T03:18:34+00:00\",\"dateModified\":\"2025-03-26T03:53:04+00:00\",\"breadcrumb\":{\"@id\":\"https:\/\/puttercorner.com\/shop\/gay-dxg-darkness\/#breadcrumb\"},\"inLanguage\":\"en-US\",\"potentialAction\":[{\"@type\":\"ReadAction\",\"target\":[\"https:\/\/puttercorner.com\/shop\/gay-dxg-darkness\/\"]}]},{\"@type\":\"ImageObject\",\"inLanguage\":\"en-US\",\"@id\":\"https:\/\/puttercorner.com\/shop\/gay-dxg-darkness\/#primaryimage\",\"url\":\"https:\/\/puttercorner.com\/wp-content\/uploads\/2025\/03\/z6431021657211_92471e3e53c8f0c08110dd7544f814bd-scaled.jpg\",\"contentUrl\":\"https:\/\/puttercorner.com\/wp-content\/uploads\/2025\/03\/z6431021657211_92471e3e53c8f0c08110dd7544f814bd-scaled.jpg\",\"width\":1920,\"height\":2560},{\"@type\":\"BreadcrumbList\",\"@id\":\"https:\/\/puttercorner.com\/shop\/gay-dxg-darkness\/#breadcrumb\",\"itemListElement\":[{\"@type\":\"ListItem\",\"position\":1,\"name\":\"Home\",\"item\":\"https:\/\/puttercorner.com\/\"},{\"@type\":\"ListItem\",\"position\":2,\"name\":\"Shop\",\"item\":\"https:\/\/puttercorner.com\/shop\/\"},{\"@type\":\"ListItem\",\"position\":3,\"name\":\"G\u1eady DXG DARKNESS\"}]},{\"@type\":\"WebSite\",\"@id\":\"https:\/\/puttercorner.com\/#website\",\"url\":\"https:\/\/puttercorner.com\/\",\"name\":\"Putter Corner - \u0111\u01a1n v\u1ecb \u0111\u1ea7u ti\u00ean t\u1ea1i Vi\u1ec7t Nam chuy\u00ean v\u1ec1 d\u1ecbch v\u1ee5 t\u00e2n trang v\u00e0 c\u00e1 nh\u00e2n h\u00f3a g\u1eady golf.\",\"description\":\"\u0110\u01a1n v\u1ecb \u0111\u1ea7u ti\u00ean t\u1ea1i Vi\u1ec7t Nam chuy\u00ean v\u1ec1 d\u1ecbch v\u1ee5 t\u00e2n trang v\u00e0 c\u00e1 nh\u00e2n h\u00f3a g\u1eady golf.\",\"publisher\":{\"@id\":\"https:\/\/puttercorner.com\/#organization\"},\"potentialAction\":[{\"@type\":\"SearchAction\",\"target\":{\"@type\":\"EntryPoint\",\"urlTemplate\":\"https:\/\/puttercorner.com\/?s={search_term_string}\"},\"query-input\":{\"@type\":\"PropertyValueSpecification\",\"valueRequired\":true,\"valueName\":\"search_term_string\"}}],\"inLanguage\":\"en-US\"},{\"@type\":\"Organization\",\"@id\":\"https:\/\/puttercorner.com\/#organization\",\"name\":\"Putter Corner\",\"url\":\"https:\/\/puttercorner.com\/\",\"logo\":{\"@type\":\"ImageObject\",\"inLanguage\":\"en-US\",\"@id\":\"https:\/\/puttercorner.com\/#\/schema\/logo\/image\/\",\"url\":\"https:\/\/puttercorner.com\/wp-content\/uploads\/2025\/03\/logo50-1.png\",\"contentUrl\":\"https:\/\/puttercorner.com\/wp-content\/uploads\/2025\/03\/logo50-1.png\",\"width\":2300,\"height\":500,\"caption\":\"Putter Corner\"},\"image\":{\"@id\":\"https:\/\/puttercorner.com\/#\/schema\/logo\/image\/\"},\"sameAs\":[\"https:\/\/www.facebook.com\/people\/Putter-Corner\/61569123132539\/\"]}]}<\/script>\n<!-- \/ Yoast SEO plugin. -->","yoast_head_json":{"title":"G\u1eady DXG DARKNESS - Puttercorner.com","robots":{"index":"index","follow":"follow","max-snippet":"max-snippet:-1","max-image-preview":"max-image-preview:large","max-video-preview":"max-video-preview:-1"},"canonical":"https:\/\/puttercorner.com\/en\/shop\/gay-dxg-darkness\/","og_locale":"en_US","og_type":"article","og_title":"G\u1eady DXG DARKNESS - Puttercorner.com","og_description":"Trong th\u1ebf gi\u1edbi c\u1ee7a nh\u1eefng tay ch\u01a1i gi gu1eayy chuy\u00ean nghi\u1ec7p, ...","og_url":"https:\/\/puttercorner.com\/en\/shop\/gay-dxg-darkness\/","og_site_name":"Puttercorner.com","article_publisher":"https:\/\/www.facebook.com\/people\/Putter-Corner\/61569123132539\/","article_modified_time":"2025-03-26T03:53:04+00:00","og_image":[{"width":1920,"height":2560,"url":"https:\/\/puttercorner.com\/wp-content\/uploads\/2025\/03\/z6431021657211_92471e3e53c8f0c08110dd7544f814bd-scaled.jpg","type":"image\/jpeg"}],"twitter_card":"summary_large_image","twitter_misc":{"Est. reading time":"2 minutes"},"schema":{"@context":"https:\/\/schema.org","@graph":[{"@type":"WebPage","@id":"https:\/\/puttercorner.com\/shop\/gay-dxg-darkness\/","url":"https:\/\/puttercorner.com\/shop\/gay-dxg-darkness\/","name":"G\u1eady DXG DARKNESS - Puttercorner.com","isPartOf":{"@id":"https:\/\/puttercorner.com\/#website"},"primaryImageOfPage":{"@id":"https:\/\/puttercorner.com\/shop\/gay-dxg-darkness\/#primaryimage"},"image":{"@id":"https:\/\/puttercorner.com\/shop\/gay-dxg-darkness\/#primaryimage"},"thumbnailUrl":"https:\/\/puttercorner.com\/wp-content\/uploads\/2025\/03\/z6431021657211_92471e3e53c8f0c08110dd7544f814bd-scaled.jpg","datePublished":"2025-03-26T03:18:34+00:00","dateModified":"2025-03-26T03:53:04+00:00","breadcrumb":{"@id":"https:\/\/puttercorner.com\/shop\/gay-dxg-darkness\/#breadcrumb"},"inLanguage":"en-US","potentialAction":[{"@type":"ReadAction","target":["https:\/\/puttercorner.com\/shop\/gay-dxg-darkness\/"]}]},{"@type":"ImageObject","inLanguage":"en-US","@id":"https:\/\/puttercorner.com\/shop\/gay-dxg-darkness\/#primaryimage","url":"https:\/\/puttercorner.com\/wp-content\/uploads\/2025\/03\/z6431021657211_92471e3e53c8f0c08110dd7544f814bd-scaled.jpg","contentUrl":"https:\/\/puttercorner.com\/wp-content\/uploads\/2025\/03\/z6431021657211_92471e3e53c8f0c08110dd7544f814bd-scaled.jpg","width":1920,"height":2560},{"@type":"BreadcrumbList","@id":"https:\/\/puttercorner.com\/shop\/gay-dxg-darkness\/#breadcrumb","itemListElement":[{"@type":"ListItem","position":1,"name":"Home","item":"https:\/\/puttercorner.com\/"},{"@type":"ListItem","position":2,"name":"Shop","item":"https:\/\/puttercorner.com\/shop\/"},{"@type":"ListItem","position":3,"name":"G\u1eady DXG DARKNESS"}]},{"@type":"WebSite","@id":"https:\/\/puttercorner.com\/#website","url":"https:\/\/puttercorner.com\/","name":"Putter Corner - \u0111\u01a1n v\u1ecb \u0111\u1ea7u ti\u00ean t\u1ea1i Vi\u1ec7t Nam chuy\u00ean v\u1ec1 d\u1ecbch v\u1ee5 t\u00e2n trang v\u00e0 c\u00e1 nh\u00e2n h\u00f3a g\u1eady golf.","description":"\u0110\u01a1n v\u1ecb \u0111\u1ea7u ti\u00ean t\u1ea1i Vi\u1ec7t Nam chuy\u00ean v\u1ec1 d\u1ecbch v\u1ee5 t\u00e2n trang v\u00e0 c\u00e1 nh\u00e2n h\u00f3a g\u1eady golf.","publisher":{"@id":"https:\/\/puttercorner.com\/#organization"},"potentialAction":[{"@type":"SearchAction","target":{"@type":"EntryPoint","urlTemplate":"https:\/\/puttercorner.com\/?s={search_term_string}"},"query-input":{"@type":"PropertyValueSpecification","valueRequired":true,"valueName":"search_term_string"}}],"inLanguage":"en-US"},{"@type":"Organization","@id":"https:\/\/puttercorner.com\/#organization","name":"Putter Corner","url":"https:\/\/puttercorner.com\/","logo":{"@type":"ImageObject","inLanguage":"en-US","@id":"https:\/\/puttercorner.com\/#\/schema\/logo\/image\/","url":"https:\/\/puttercorner.com\/wp-content\/uploads\/2025\/03\/logo50-1.png","contentUrl":"https:\/\/puttercorner.com\/wp-content\/uploads\/2025\/03\/logo50-1.png","width":2300,"height":500,"caption":"Putter Corner"},"image":{"@id":"https:\/\/puttercorner.com\/#\/schema\/logo\/image\/"},"sameAs":["https:\/\/www.facebook.com\/people\/Putter-Corner\/61569123132539\/"]}]}},"_links":{"self":[{"href":"https:\/\/puttercorner.com\/en\/wp-json\/wp\/v2\/product\/2225","targetHints":{"allow":["GET"]}}],"collection":[{"href":"https:\/\/puttercorner.com\/en\/wp-json\/wp\/v2\/product"}],"about":[{"href":"https:\/\/puttercorner.com\/en\/wp-json\/wp\/v2\/types\/product"}],"replies":[{"embeddable":true,"href":"https:\/\/puttercorner.com\/en\/wp-json\/wp\/v2\/comments?post=2225"}],"wp:featuredmedia":[{"embeddable":true,"href":"https:\/\/puttercorner.com\/en\/wp-json\/wp\/v2\/media\/2227"}],"wp:attachment":[{"href":"https:\/\/puttercorner.com\/en\/wp-json\/wp\/v2\/media?parent=2225"}],"wp:term":[{"taxonomy":"product_brand","embeddable":true,"href":"https:\/\/puttercorner.com\/en\/wp-json\/wp\/v2\/product_brand?post=2225"},{"taxonomy":"product_cat","embeddable":true,"href":"https:\/\/puttercorner.com\/en\/wp-json\/wp\/v2\/product_cat?post=2225"},{"taxonomy":"product_tag","embeddable":true,"href":"https:\/\/puttercorner.com\/en\/wp-json\/wp\/v2\/product_tag?post=2225"}],"curies":[{"name":"wp","href":"https:\/\/api.w.org\/{rel}","templated":true}]}}