{"id":2220,"date":"2025-03-26T10:15:56","date_gmt":"2025-03-26T03:15:56","guid":{"rendered":"https:\/\/puttercorner.com\/?post_type=product&#038;p=2220"},"modified":"2025-03-26T10:53:13","modified_gmt":"2025-03-26T03:53:13","slug":"putter-ping-anser-2-b","status":"publish","type":"product","link":"https:\/\/puttercorner.com\/en\/shop\/putter-ping-anser-2-b\/","title":{"rendered":"Putter Ping Anser 2 B"},"content":{"rendered":"<p>Gi\u1edbi thi\u1ec7u Putter Ping Anser 2 B &#8211; S\u1ef1 L\u1ef1a Ch\u1ecdn Ho\u00e0n H\u1ea3o Cho Golfer<\/p>\n<p>1. T\u1ed5ng Quan V\u1ec1 Putter Ping Anser 2 B<\/p>\n<p>Putter Ping Anser 2 B l\u00e0 m\u1ed9t trong nh\u1eefng m\u1eabu g\u1eady putter \u0111\u01b0\u1ee3c \u0111\u00e1nh gi\u00e1 cao c\u1ee7a th\u01b0\u01a1ng hi\u1ec7u Ping, n\u1ed5i b\u1eadt v\u1edbi thi\u1ebft k\u1ebf c\u1ed5 \u0111i\u1ec3n v\u00e0 hi\u1ec7u su\u1ea5t \u1ed5n \u0111\u1ecbnh. \u0110\u00e2y l\u00e0 s\u1ef1 l\u1ef1a ch\u1ecdn l\u00fd t\u01b0\u1edfng d\u00e0nh cho golfer mu\u1ed1n n\u00e2ng cao kh\u1ea3 n\u0103ng ki\u1ec3m so\u00e1t v\u00e0 c\u1ea3i thi\u1ec7n \u0111i\u1ec3m s\u1ed1 tr\u00ean green.<\/p>\n<p>2. Thi\u1ebft K\u1ebf Tinh T\u1ebf V\u00e0 \u0110\u1eb3ng C\u1ea5p<\/p>\n<p>Ki\u1ec3u d\u00e1ng blade c\u1ed5 \u0111i\u1ec3n: Putter Ping Anser 2 B c\u00f3 thi\u1ebft k\u1ebf blade truy\u1ec1n th\u1ed1ng v\u1edbi \u0111\u1ed9 c\u00e2n b\u1eb1ng t\u1ed1i \u01b0u, gi\u00fap golfer c\u00f3 c\u1ea3m gi\u00e1c \u0111\u00e1nh b\u00f3ng t\u1ed1t h\u01a1n.<\/p>\n<p>Ch\u1ea5t li\u1ec7u cao c\u1ea5p: \u0110\u01b0\u1ee3c ch\u1ebf t\u00e1c t\u1eeb th\u00e9p kh\u00f4ng g\u1ec9 303, mang l\u1ea1i \u0111\u1ed9 b\u1ec1n cao v\u00e0 c\u1ea3m gi\u00e1c ch\u1eafc ch\u1eafn khi \u0111\u00e1nh.<\/p>\n<p>C\u00f4ng ngh\u1ec7 True Roll (TR): M\u1eb7t g\u1eady \u0111\u01b0\u1ee3c gia c\u00f4ng ch\u00ednh x\u00e1c gi\u00fap t\u0103ng \u0111\u1ed9 \u1ed5n \u0111\u1ecbnh v\u00e0 gi\u1ea3m thi\u1ec3u s\u1ef1 sai l\u1ec7ch trong m\u1ed7i c\u00fa \u0111\u00e1nh.<\/p>\n<p>3. Hi\u1ec7u Su\u1ea5t V\u01b0\u1ee3t Tr\u1ed9i<\/p>\n<p>C\u1ea3m gi\u00e1c m\u1ec1m m\u1ea1i, ki\u1ec3m so\u00e1t t\u1ed1t: Nh\u1edd thi\u1ebft k\u1ebf tinh ch\u1ec9nh, golfer c\u00f3 th\u1ec3 d\u1ec5 d\u00e0ng ki\u1ec3m so\u00e1t \u0111\u01b0\u1eddng b\u00f3ng, gi\u00fap gia t\u0103ng s\u1ef1 t\u1ef1 tin khi putting.<\/p>\n<p>Thi\u1ebft k\u1ebf c\u00e2n b\u1eb1ng heel-toe: T\u0103ng s\u1ef1 \u1ed5n \u0111\u1ecbnh v\u00e0 gi\u00fap gi\u1ea3m l\u1ed7i khi \u0111\u00e1nh b\u00f3ng kh\u00f4ng tr\u00fang t\u00e2m.<\/p>\n<p>T\u1ed1c \u0111\u1ed9 b\u00f3ng \u0111\u1ed3ng \u0111\u1ec1u: C\u00f4ng ngh\u1ec7 r\u00e3nh tr\u00ean m\u1eb7t g\u1eady gi\u00fap duy tr\u00ec t\u1ed1c \u0111\u1ed9 b\u00f3ng \u1ed5n \u0111\u1ecbnh ngay c\u1ea3 khi ti\u1ebfp x\u00fac ngo\u00e0i v\u00f9ng sweet spot.<\/p>\n<p>4. V\u00ec Sao N\u00ean Ch\u1ecdn Putter Ping Anser 2 B?<\/p>\n<p>Ph\u00f9 h\u1ee3p v\u1edbi nhi\u1ec1u c\u1ea5p \u0111\u1ed9 golfer: D\u00f9 b\u1ea1n l\u00e0 ng\u01b0\u1eddi ch\u01a1i m\u1edbi hay chuy\u00ean nghi\u1ec7p, m\u1eabu putter n\u00e0y \u0111\u1ec1u mang l\u1ea1i tr\u1ea3i nghi\u1ec7m tuy\u1ec7t v\u1eddi.<\/p>\n<p>Th\u01b0\u01a1ng hi\u1ec7u Ping danh ti\u1ebfng: Ping lu\u00f4n \u0111i \u0111\u1ea7u trong c\u00f4ng ngh\u1ec7 ch\u1ebf t\u00e1c g\u1eady golf, \u0111\u1ea3m b\u1ea3o ch\u1ea5t l\u01b0\u1ee3ng v\u00e0 hi\u1ec7u su\u1ea5t t\u1ed1i \u01b0u.<\/p>\n<p>Thi\u1ebft k\u1ebf t\u1ed1i gi\u1ea3n nh\u01b0ng tinh t\u1ebf: Mang l\u1ea1i v\u1ebb \u0111\u1eb9p sang tr\u1ecdng, ph\u00f9 h\u1ee3p v\u1edbi m\u1ecdi phong c\u00e1ch golfer.<\/p>\n<p>5. K\u1ebft Lu\u1eadn<\/p>\n<p>Putter Ping Anser 2 B l\u00e0 l\u1ef1a ch\u1ecdn l\u00fd t\u01b0\u1edfng cho nh\u1eefng ai \u0111ang t\u00ecm ki\u1ebfm m\u1ed9t c\u00e2y g\u1eady putter ch\u1ea5t l\u01b0\u1ee3ng, gi\u00fap c\u1ea3i thi\u1ec7n hi\u1ec7u su\u1ea5t tr\u00ean green. V\u1edbi thi\u1ebft k\u1ebf c\u1ed5 \u0111i\u1ec3n, ch\u1ea5t li\u1ec7u cao c\u1ea5p v\u00e0 c\u00f4ng ngh\u1ec7 hi\u1ec7n \u0111\u1ea1i, \u0111\u00e2y ch\u1eafc ch\u1eafn l\u00e0 m\u1ed9t s\u1ea3n ph\u1ea9m \u0111\u00e1ng \u0111\u1ec3 \u0111\u1ea7u t\u01b0 cho b\u1ea5t k\u1ef3 golfer n\u00e0o.<\/p>\n<p>B\u1ea1n \u0111\u00e3 t\u1eebng tr\u1ea3i nghi\u1ec7m Putter Ping Anser 2 B ch\u01b0a? H\u00e3y \u0111\u1ec3 l\u1ea1i b\u00ecnh lu\u1eadn v\u00e0 chia s\u1ebb c\u1ea3m nh\u1eadn c\u1ee7a b\u1ea1n nh\u00e9!<\/p>","protected":false},"excerpt":{"rendered":"<p>Gi\u1edbi thi\u1ec7u Putter Ping Anser 2 B &#8211; S\u1ef1 L\u1ef1a Ch\u1ecdn &#8230; <\/p>","protected":false},"featured_media":2224,"comment_status":"closed","ping_status":"closed","template":"","meta":[],"product_brand":[80],"product_cat":[48],"product_tag":[],"class_list":{"0":"post-2220","1":"product","2":"type-product","3":"status-publish","4":"has-post-thumbnail","6":"product_brand-ping","7":"product_cat-gay-putter","9":"first","10":"instock","11":"taxable","12":"shipping-taxable","13":"product-type-simple"},"yoast_head":"<!-- This site is optimized with the Yoast SEO plugin v24.8.1 - https:\/\/yoast.com\/wordpress\/plugins\/seo\/ -->\n<title>Putter Ping Anser 2 B - Puttercorner.com<\/title>\n<meta name=\"robots\" content=\"index, follow, max-snippet:-1, max-image-preview:large, max-video-preview:-1\" \/>\n<link rel=\"canonical\" href=\"https:\/\/puttercorner.com\/en\/shop\/putter-ping-anser-2-b\/\" \/>\n<meta property=\"og:locale\" content=\"en_US\" \/>\n<meta property=\"og:type\" content=\"article\" \/>\n<meta property=\"og:title\" content=\"Putter Ping Anser 2 B - Puttercorner.com\" \/>\n<meta property=\"og:description\" content=\"Gi\u1edbi thi\u1ec7u Putter Ping Anser 2 B - S\u1ef1 L\u1ef1a Ch\u1ecdn ...\" \/>\n<meta property=\"og:url\" content=\"https:\/\/puttercorner.com\/en\/shop\/putter-ping-anser-2-b\/\" \/>\n<meta property=\"og:site_name\" content=\"Puttercorner.com\" \/>\n<meta property=\"article:publisher\" content=\"https:\/\/www.facebook.com\/people\/Putter-Corner\/61569123132539\/\" \/>\n<meta property=\"article:modified_time\" content=\"2025-03-26T03:53:13+00:00\" \/>\n<meta property=\"og:image\" content=\"https:\/\/puttercorner.com\/wp-content\/uploads\/2025\/03\/z6430697627477_46f29b1fdd2cec58767c4e427b984632.jpg\" \/>\n\t<meta property=\"og:image:width\" content=\"956\" \/>\n\t<meta property=\"og:image:height\" content=\"1276\" \/>\n\t<meta property=\"og:image:type\" content=\"image\/jpeg\" \/>\n<meta name=\"twitter:card\" content=\"summary_large_image\" \/>\n<meta name=\"twitter:label1\" content=\"Est. reading time\" \/>\n\t<meta name=\"twitter:data1\" content=\"3 minutes\" \/>\n<script type=\"application\/ld+json\" class=\"yoast-schema-graph\">{\"@context\":\"https:\/\/schema.org\",\"@graph\":[{\"@type\":\"WebPage\",\"@id\":\"https:\/\/puttercorner.com\/shop\/putter-ping-anser-2-b\/\",\"url\":\"https:\/\/puttercorner.com\/shop\/putter-ping-anser-2-b\/\",\"name\":\"Putter Ping Anser 2 B - Puttercorner.com\",\"isPartOf\":{\"@id\":\"https:\/\/puttercorner.com\/#website\"},\"primaryImageOfPage\":{\"@id\":\"https:\/\/puttercorner.com\/shop\/putter-ping-anser-2-b\/#primaryimage\"},\"image\":{\"@id\":\"https:\/\/puttercorner.com\/shop\/putter-ping-anser-2-b\/#primaryimage\"},\"thumbnailUrl\":\"https:\/\/puttercorner.com\/wp-content\/uploads\/2025\/03\/z6430697627477_46f29b1fdd2cec58767c4e427b984632.jpg\",\"datePublished\":\"2025-03-26T03:15:56+00:00\",\"dateModified\":\"2025-03-26T03:53:13+00:00\",\"breadcrumb\":{\"@id\":\"https:\/\/puttercorner.com\/shop\/putter-ping-anser-2-b\/#breadcrumb\"},\"inLanguage\":\"en-US\",\"potentialAction\":[{\"@type\":\"ReadAction\",\"target\":[\"https:\/\/puttercorner.com\/shop\/putter-ping-anser-2-b\/\"]}]},{\"@type\":\"ImageObject\",\"inLanguage\":\"en-US\",\"@id\":\"https:\/\/puttercorner.com\/shop\/putter-ping-anser-2-b\/#primaryimage\",\"url\":\"https:\/\/puttercorner.com\/wp-content\/uploads\/2025\/03\/z6430697627477_46f29b1fdd2cec58767c4e427b984632.jpg\",\"contentUrl\":\"https:\/\/puttercorner.com\/wp-content\/uploads\/2025\/03\/z6430697627477_46f29b1fdd2cec58767c4e427b984632.jpg\",\"width\":956,\"height\":1276},{\"@type\":\"BreadcrumbList\",\"@id\":\"https:\/\/puttercorner.com\/shop\/putter-ping-anser-2-b\/#breadcrumb\",\"itemListElement\":[{\"@type\":\"ListItem\",\"position\":1,\"name\":\"Home\",\"item\":\"https:\/\/puttercorner.com\/\"},{\"@type\":\"ListItem\",\"position\":2,\"name\":\"Shop\",\"item\":\"https:\/\/puttercorner.com\/shop\/\"},{\"@type\":\"ListItem\",\"position\":3,\"name\":\"Putter Ping Anser 2 B\"}]},{\"@type\":\"WebSite\",\"@id\":\"https:\/\/puttercorner.com\/#website\",\"url\":\"https:\/\/puttercorner.com\/\",\"name\":\"Putter Corner - \u0111\u01a1n v\u1ecb \u0111\u1ea7u ti\u00ean t\u1ea1i Vi\u1ec7t Nam chuy\u00ean v\u1ec1 d\u1ecbch v\u1ee5 t\u00e2n trang v\u00e0 c\u00e1 nh\u00e2n h\u00f3a g\u1eady golf.\",\"description\":\"\u0110\u01a1n v\u1ecb \u0111\u1ea7u ti\u00ean t\u1ea1i Vi\u1ec7t Nam chuy\u00ean v\u1ec1 d\u1ecbch v\u1ee5 t\u00e2n trang v\u00e0 c\u00e1 nh\u00e2n h\u00f3a g\u1eady golf.\",\"publisher\":{\"@id\":\"https:\/\/puttercorner.com\/#organization\"},\"potentialAction\":[{\"@type\":\"SearchAction\",\"target\":{\"@type\":\"EntryPoint\",\"urlTemplate\":\"https:\/\/puttercorner.com\/?s={search_term_string}\"},\"query-input\":{\"@type\":\"PropertyValueSpecification\",\"valueRequired\":true,\"valueName\":\"search_term_string\"}}],\"inLanguage\":\"en-US\"},{\"@type\":\"Organization\",\"@id\":\"https:\/\/puttercorner.com\/#organization\",\"name\":\"Putter Corner\",\"url\":\"https:\/\/puttercorner.com\/\",\"logo\":{\"@type\":\"ImageObject\",\"inLanguage\":\"en-US\",\"@id\":\"https:\/\/puttercorner.com\/#\/schema\/logo\/image\/\",\"url\":\"https:\/\/puttercorner.com\/wp-content\/uploads\/2025\/03\/logo50-1.png\",\"contentUrl\":\"https:\/\/puttercorner.com\/wp-content\/uploads\/2025\/03\/logo50-1.png\",\"width\":2300,\"height\":500,\"caption\":\"Putter Corner\"},\"image\":{\"@id\":\"https:\/\/puttercorner.com\/#\/schema\/logo\/image\/\"},\"sameAs\":[\"https:\/\/www.facebook.com\/people\/Putter-Corner\/61569123132539\/\"]}]}<\/script>\n<!-- \/ Yoast SEO plugin. -->","yoast_head_json":{"title":"Putter Ping Anser 2 B - Puttercorner.com","robots":{"index":"index","follow":"follow","max-snippet":"max-snippet:-1","max-image-preview":"max-image-preview:large","max-video-preview":"max-video-preview:-1"},"canonical":"https:\/\/puttercorner.com\/en\/shop\/putter-ping-anser-2-b\/","og_locale":"en_US","og_type":"article","og_title":"Putter Ping Anser 2 B - Puttercorner.com","og_description":"Gi\u1edbi thi\u1ec7u Putter Ping Anser 2 B - S\u1ef1 L\u1ef1a Ch\u1ecdn ...","og_url":"https:\/\/puttercorner.com\/en\/shop\/putter-ping-anser-2-b\/","og_site_name":"Puttercorner.com","article_publisher":"https:\/\/www.facebook.com\/people\/Putter-Corner\/61569123132539\/","article_modified_time":"2025-03-26T03:53:13+00:00","og_image":[{"width":956,"height":1276,"url":"https:\/\/puttercorner.com\/wp-content\/uploads\/2025\/03\/z6430697627477_46f29b1fdd2cec58767c4e427b984632.jpg","type":"image\/jpeg"}],"twitter_card":"summary_large_image","twitter_misc":{"Est. reading time":"3 minutes"},"schema":{"@context":"https:\/\/schema.org","@graph":[{"@type":"WebPage","@id":"https:\/\/puttercorner.com\/shop\/putter-ping-anser-2-b\/","url":"https:\/\/puttercorner.com\/shop\/putter-ping-anser-2-b\/","name":"Putter Ping Anser 2 B - Puttercorner.com","isPartOf":{"@id":"https:\/\/puttercorner.com\/#website"},"primaryImageOfPage":{"@id":"https:\/\/puttercorner.com\/shop\/putter-ping-anser-2-b\/#primaryimage"},"image":{"@id":"https:\/\/puttercorner.com\/shop\/putter-ping-anser-2-b\/#primaryimage"},"thumbnailUrl":"https:\/\/puttercorner.com\/wp-content\/uploads\/2025\/03\/z6430697627477_46f29b1fdd2cec58767c4e427b984632.jpg","datePublished":"2025-03-26T03:15:56+00:00","dateModified":"2025-03-26T03:53:13+00:00","breadcrumb":{"@id":"https:\/\/puttercorner.com\/shop\/putter-ping-anser-2-b\/#breadcrumb"},"inLanguage":"en-US","potentialAction":[{"@type":"ReadAction","target":["https:\/\/puttercorner.com\/shop\/putter-ping-anser-2-b\/"]}]},{"@type":"ImageObject","inLanguage":"en-US","@id":"https:\/\/puttercorner.com\/shop\/putter-ping-anser-2-b\/#primaryimage","url":"https:\/\/puttercorner.com\/wp-content\/uploads\/2025\/03\/z6430697627477_46f29b1fdd2cec58767c4e427b984632.jpg","contentUrl":"https:\/\/puttercorner.com\/wp-content\/uploads\/2025\/03\/z6430697627477_46f29b1fdd2cec58767c4e427b984632.jpg","width":956,"height":1276},{"@type":"BreadcrumbList","@id":"https:\/\/puttercorner.com\/shop\/putter-ping-anser-2-b\/#breadcrumb","itemListElement":[{"@type":"ListItem","position":1,"name":"Home","item":"https:\/\/puttercorner.com\/"},{"@type":"ListItem","position":2,"name":"Shop","item":"https:\/\/puttercorner.com\/shop\/"},{"@type":"ListItem","position":3,"name":"Putter Ping Anser 2 B"}]},{"@type":"WebSite","@id":"https:\/\/puttercorner.com\/#website","url":"https:\/\/puttercorner.com\/","name":"Putter Corner - \u0111\u01a1n v\u1ecb \u0111\u1ea7u ti\u00ean t\u1ea1i Vi\u1ec7t Nam chuy\u00ean v\u1ec1 d\u1ecbch v\u1ee5 t\u00e2n trang v\u00e0 c\u00e1 nh\u00e2n h\u00f3a g\u1eady golf.","description":"\u0110\u01a1n v\u1ecb \u0111\u1ea7u ti\u00ean t\u1ea1i Vi\u1ec7t Nam chuy\u00ean v\u1ec1 d\u1ecbch v\u1ee5 t\u00e2n trang v\u00e0 c\u00e1 nh\u00e2n h\u00f3a g\u1eady golf.","publisher":{"@id":"https:\/\/puttercorner.com\/#organization"},"potentialAction":[{"@type":"SearchAction","target":{"@type":"EntryPoint","urlTemplate":"https:\/\/puttercorner.com\/?s={search_term_string}"},"query-input":{"@type":"PropertyValueSpecification","valueRequired":true,"valueName":"search_term_string"}}],"inLanguage":"en-US"},{"@type":"Organization","@id":"https:\/\/puttercorner.com\/#organization","name":"Putter Corner","url":"https:\/\/puttercorner.com\/","logo":{"@type":"ImageObject","inLanguage":"en-US","@id":"https:\/\/puttercorner.com\/#\/schema\/logo\/image\/","url":"https:\/\/puttercorner.com\/wp-content\/uploads\/2025\/03\/logo50-1.png","contentUrl":"https:\/\/puttercorner.com\/wp-content\/uploads\/2025\/03\/logo50-1.png","width":2300,"height":500,"caption":"Putter Corner"},"image":{"@id":"https:\/\/puttercorner.com\/#\/schema\/logo\/image\/"},"sameAs":["https:\/\/www.facebook.com\/people\/Putter-Corner\/61569123132539\/"]}]}},"_links":{"self":[{"href":"https:\/\/puttercorner.com\/en\/wp-json\/wp\/v2\/product\/2220","targetHints":{"allow":["GET"]}}],"collection":[{"href":"https:\/\/puttercorner.com\/en\/wp-json\/wp\/v2\/product"}],"about":[{"href":"https:\/\/puttercorner.com\/en\/wp-json\/wp\/v2\/types\/product"}],"replies":[{"embeddable":true,"href":"https:\/\/puttercorner.com\/en\/wp-json\/wp\/v2\/comments?post=2220"}],"wp:featuredmedia":[{"embeddable":true,"href":"https:\/\/puttercorner.com\/en\/wp-json\/wp\/v2\/media\/2224"}],"wp:attachment":[{"href":"https:\/\/puttercorner.com\/en\/wp-json\/wp\/v2\/media?parent=2220"}],"wp:term":[{"taxonomy":"product_brand","embeddable":true,"href":"https:\/\/puttercorner.com\/en\/wp-json\/wp\/v2\/product_brand?post=2220"},{"taxonomy":"product_cat","embeddable":true,"href":"https:\/\/puttercorner.com\/en\/wp-json\/wp\/v2\/product_cat?post=2220"},{"taxonomy":"product_tag","embeddable":true,"href":"https:\/\/puttercorner.com\/en\/wp-json\/wp\/v2\/product_tag?post=2220"}],"curies":[{"name":"wp","href":"https:\/\/api.w.org\/{rel}","templated":true}]}}