{"id":2215,"date":"2025-03-26T10:14:35","date_gmt":"2025-03-26T03:14:35","guid":{"rendered":"https:\/\/puttercorner.com\/?post_type=product&#038;p=2215"},"modified":"2025-03-26T10:53:19","modified_gmt":"2025-03-26T03:53:19","slug":"odyssey-white-ice-teron","status":"publish","type":"product","link":"https:\/\/puttercorner.com\/en\/shop\/odyssey-white-ice-teron\/","title":{"rendered":"Odyssey White Ice Teron"},"content":{"rendered":"<p>Odyssey White Ice Teron \u2013 C\u00e2y Putter \u0110\u1eb3ng C\u1ea5p Cho Golfer<\/p>\n<p>Gi\u1edbi thi\u1ec7u v\u1ec1 Odyssey White Ice Teron<\/p>\n<p>Odyssey t\u1eeb l\u00e2u \u0111\u00e3 n\u1ed5i ti\u1ebfng v\u1edbi c\u00e1c d\u00f2ng putter ch\u1ea5t l\u01b0\u1ee3ng cao, \u0111\u01b0\u1ee3c nhi\u1ec1u golfer chuy\u00ean nghi\u1ec7p tin d\u00f9ng. Trong s\u1ed1 \u0111\u00f3, Odyssey White Ice Teron l\u00e0 m\u1ed9t trong nh\u1eefng m\u1eabu putter g\u00e2y \u1ea5n t\u01b0\u1ee3ng m\u1ea1nh v\u1edbi thi\u1ebft k\u1ebf hi\u1ec7n \u0111\u1ea1i, c\u00f4ng ngh\u1ec7 ti\u00ean ti\u1ebfn v\u00e0 hi\u1ec7u su\u1ea5t v\u01b0\u1ee3t tr\u1ed9i tr\u00ean green.<\/p>\n<p>Thi\u1ebft k\u1ebf \u1ea5n t\u01b0\u1ee3ng v\u00e0 c\u00f4ng ngh\u1ec7 ti\u00ean ti\u1ebfn<\/p>\n<p>1. H\u1ec7 th\u1ed1ng c\u00e2n b\u1eb1ng MOI cao<\/p>\n<p>Odyssey White Ice Teron c\u00f3 thi\u1ebft k\u1ebf mallet v\u1edbi h\u00ecnh d\u00e1ng \u0111\u1ed9c \u0111\u00e1o, gi\u00fap t\u0103ng Moment of Inertia (MOI). \u0110i\u1ec1u n\u00e0y mang l\u1ea1i s\u1ef1 \u1ed5n \u0111\u1ecbnh trong t\u1eebng c\u00fa putt, gi\u1ea3m thi\u1ec3u sai s\u1ed1 khi ti\u1ebfp x\u00fac b\u00f3ng v\u00e0 duy tr\u00ec qu\u1ef9 \u0111\u1ea1o \u1ed5n \u0111\u1ecbnh h\u01a1n.<\/p>\n<p>2. C\u00f4ng ngh\u1ec7 White Ice Insert<\/p>\n<p>Putter n\u00e0y \u0111\u01b0\u1ee3c trang b\u1ecb White Ice Insert, m\u1ed9t c\u00f4ng ngh\u1ec7 n\u1ed5i b\u1eadt c\u1ee7a Odyssey. L\u1edbp insert n\u00e0y mang l\u1ea1i c\u1ea3m gi\u00e1c m\u1ec1m m\u1ea1i, t\u0103ng s\u1ef1 ki\u1ec3m so\u00e1t b\u00f3ng v\u00e0 t\u1ea1o ra \u00e2m thanh d\u1ec5 ch\u1ecbu khi va ch\u1ea1m. Nh\u1edd \u0111\u00f3, golfer c\u00f3 th\u1ec3 t\u1ef1 tin h\u01a1n trong c\u00e1c c\u00fa putt ng\u1eafn v\u00e0 d\u00e0i.<\/p>\n<p>3. H\u1ec7 th\u1ed1ng c\u0103n ch\u1ec9nh d\u1ec5 d\u00e0ng<\/p>\n<p>M\u1ed9t \u0111i\u1ec3m m\u1ea1nh kh\u00e1c c\u1ee7a White Ice Teron l\u00e0 h\u1ec7 th\u1ed1ng c\u0103n ch\u1ec9nh (alignment system) tr\u1ef1c quan. C\u00e1c \u0111\u01b0\u1eddng c\u0103n ch\u1ec9nh gi\u00fap golfer x\u00e1c \u0111\u1ecbnh h\u01b0\u1edbng ch\u00ednh x\u00e1c, t\u1eeb \u0111\u00f3 t\u1ed1i \u01b0u h\u00f3a kh\u1ea3 n\u0103ng \u0111i\u1ec1u h\u01b0\u1edbng b\u00f3ng \u0111\u1ebfn l\u1ed7.<\/p>\n<p>4. Tr\u1ecdng l\u01b0\u1ee3ng ph\u00e2n b\u1ed5 t\u1ed1i \u01b0u<\/p>\n<p>Tr\u1ecdng l\u01b0\u1ee3ng c\u1ee7a putter \u0111\u01b0\u1ee3c ph\u00e2n b\u1ed5 h\u1ee3p l\u00fd \u1edf hai b\u00ean, gi\u00fap golfer d\u1ec5 d\u00e0ng ki\u1ec3m so\u00e1t t\u1ed1c \u0111\u1ed9 v\u00e0 l\u1ef1c \u0111\u00e1nh. \u0110i\u1ec1u n\u00e0y \u0111\u1eb7c bi\u1ec7t quan tr\u1ecdng khi ch\u01a1i tr\u00ean green c\u00f3 \u0111\u1ecba h\u00ecnh ph\u1ee9c t\u1ea1p.<\/p>\n<p>Hi\u1ec7u su\u1ea5t tr\u00ean s\u00e2n golf<\/p>\n<p>White Ice Teron kh\u00f4ng ch\u1ec9 c\u00f3 thi\u1ebft k\u1ebf \u0111\u1eb9p m\u00e0 c\u00f2n th\u1ec3 hi\u1ec7n hi\u1ec7u su\u1ea5t \u1ea5n t\u01b0\u1ee3ng tr\u00ean s\u00e2n golf:<\/p>\n<p>\u0110\u1ed9 \u1ed5n \u0111\u1ecbnh cao: Nh\u1edd MOI l\u1edbn, putter gi\u1ea3m thi\u1ec3u t\u00e1c \u0111\u1ed9ng c\u1ee7a nh\u1eefng c\u00fa \u0111\u00e1nh l\u1ec7ch t\u00e2m.<\/p>\n<p>C\u1ea3m gi\u00e1c b\u00f3ng t\u1ed1t: White Ice Insert gi\u00fap golfer c\u1ea3m nh\u1eadn b\u00f3ng t\u1ed1t h\u01a1n, t\u1ea1o s\u1ef1 t\u1ef1 tin khi putt.<\/p>\n<p>H\u1ed7 tr\u1ee3 c\u0103n ch\u1ec9nh: Thi\u1ebft k\u1ebf gi\u00fap golfer d\u1ec5 d\u00e0ng ng\u1eafm b\u00f3ng ch\u00ednh x\u00e1c h\u01a1n, t\u1eeb \u0111\u00f3 t\u0103ng t\u1ef7 l\u1ec7 putt th\u00e0nh c\u00f4ng.<\/p>\n<p>K\u1ebft lu\u1eadn \u2013 C\u00f3 n\u00ean ch\u1ecdn Odyssey White Ice Teron?<\/p>\n<p>N\u1ebfu b\u1ea1n \u0111ang t\u00ecm ki\u1ebfm m\u1ed9t chi\u1ebfc putter \u1ed5n \u0111\u1ecbnh, d\u1ec5 c\u0103n ch\u1ec9nh v\u00e0 mang l\u1ea1i c\u1ea3m gi\u00e1c b\u00f3ng t\u1ed1t, Odyssey White Ice Teron ch\u1eafc ch\u1eafn l\u00e0 m\u1ed9t l\u1ef1a ch\u1ecdn \u0111\u00e1ng c\u00e2n nh\u1eafc. \u0110\u00e2y l\u00e0 c\u00e2y putter l\u00fd t\u01b0\u1edfng cho golfer mu\u1ed1n c\u1ea3i thi\u1ec7n kh\u1ea3 n\u0103ng putt v\u00e0 ki\u1ec3m so\u00e1t b\u00f3ng tr\u00ean green.<\/p>\n<p>H\u00e3y th\u1eed tr\u1ea3i nghi\u1ec7m v\u00e0 c\u1ea3m nh\u1eadn s\u1ef1 kh\u00e1c bi\u1ec7t m\u00e0 Odyssey White Ice Teron mang l\u1ea1i!<\/p>","protected":false},"excerpt":{"rendered":"<p>Odyssey White Ice Teron \u2013 C\u00e2y Putter \u0110\u1eb3ng C\u1ea5p Cho Golfer &#8230; <\/p>","protected":false},"featured_media":2219,"comment_status":"closed","ping_status":"closed","template":"","meta":[],"product_brand":[79],"product_cat":[48],"product_tag":[],"class_list":{"0":"post-2215","1":"product","2":"type-product","3":"status-publish","4":"has-post-thumbnail","6":"product_brand-odyssey","7":"product_cat-gay-putter","9":"first","10":"instock","11":"taxable","12":"shipping-taxable","13":"product-type-simple"},"yoast_head":"<!-- This site is optimized with the Yoast SEO plugin v24.8.1 - https:\/\/yoast.com\/wordpress\/plugins\/seo\/ -->\n<title>Odyssey White Ice Teron - Puttercorner.com<\/title>\n<meta name=\"robots\" content=\"index, follow, max-snippet:-1, max-image-preview:large, max-video-preview:-1\" \/>\n<link rel=\"canonical\" href=\"https:\/\/puttercorner.com\/en\/shop\/odyssey-white-ice-teron\/\" \/>\n<meta property=\"og:locale\" content=\"en_US\" \/>\n<meta property=\"og:type\" content=\"article\" \/>\n<meta property=\"og:title\" content=\"Odyssey White Ice Teron - Puttercorner.com\" \/>\n<meta property=\"og:description\" content=\"Odyssey White Ice Teron \u2013 C\u00e2y Putter \u0110\u1eb3ng C\u1ea5p Cho Golfer ...\" \/>\n<meta property=\"og:url\" content=\"https:\/\/puttercorner.com\/en\/shop\/odyssey-white-ice-teron\/\" \/>\n<meta property=\"og:site_name\" content=\"Puttercorner.com\" \/>\n<meta property=\"article:publisher\" content=\"https:\/\/www.facebook.com\/people\/Putter-Corner\/61569123132539\/\" \/>\n<meta property=\"article:modified_time\" content=\"2025-03-26T03:53:19+00:00\" \/>\n<meta property=\"og:image\" content=\"https:\/\/puttercorner.com\/wp-content\/uploads\/2025\/03\/z6431030608972_1e12ef3ce6d5d2bfc9159a27a88fa11c.jpg\" \/>\n\t<meta property=\"og:image:width\" content=\"960\" \/>\n\t<meta property=\"og:image:height\" content=\"1280\" \/>\n\t<meta property=\"og:image:type\" content=\"image\/jpeg\" \/>\n<meta name=\"twitter:card\" content=\"summary_large_image\" \/>\n<meta name=\"twitter:label1\" content=\"Est. reading time\" \/>\n\t<meta name=\"twitter:data1\" content=\"3 minutes\" \/>\n<script type=\"application\/ld+json\" class=\"yoast-schema-graph\">{\"@context\":\"https:\/\/schema.org\",\"@graph\":[{\"@type\":\"WebPage\",\"@id\":\"https:\/\/puttercorner.com\/shop\/odyssey-white-ice-teron\/\",\"url\":\"https:\/\/puttercorner.com\/shop\/odyssey-white-ice-teron\/\",\"name\":\"Odyssey White Ice Teron - Puttercorner.com\",\"isPartOf\":{\"@id\":\"https:\/\/puttercorner.com\/#website\"},\"primaryImageOfPage\":{\"@id\":\"https:\/\/puttercorner.com\/shop\/odyssey-white-ice-teron\/#primaryimage\"},\"image\":{\"@id\":\"https:\/\/puttercorner.com\/shop\/odyssey-white-ice-teron\/#primaryimage\"},\"thumbnailUrl\":\"https:\/\/puttercorner.com\/wp-content\/uploads\/2025\/03\/z6431030608972_1e12ef3ce6d5d2bfc9159a27a88fa11c.jpg\",\"datePublished\":\"2025-03-26T03:14:35+00:00\",\"dateModified\":\"2025-03-26T03:53:19+00:00\",\"breadcrumb\":{\"@id\":\"https:\/\/puttercorner.com\/shop\/odyssey-white-ice-teron\/#breadcrumb\"},\"inLanguage\":\"en-US\",\"potentialAction\":[{\"@type\":\"ReadAction\",\"target\":[\"https:\/\/puttercorner.com\/shop\/odyssey-white-ice-teron\/\"]}]},{\"@type\":\"ImageObject\",\"inLanguage\":\"en-US\",\"@id\":\"https:\/\/puttercorner.com\/shop\/odyssey-white-ice-teron\/#primaryimage\",\"url\":\"https:\/\/puttercorner.com\/wp-content\/uploads\/2025\/03\/z6431030608972_1e12ef3ce6d5d2bfc9159a27a88fa11c.jpg\",\"contentUrl\":\"https:\/\/puttercorner.com\/wp-content\/uploads\/2025\/03\/z6431030608972_1e12ef3ce6d5d2bfc9159a27a88fa11c.jpg\",\"width\":960,\"height\":1280},{\"@type\":\"BreadcrumbList\",\"@id\":\"https:\/\/puttercorner.com\/shop\/odyssey-white-ice-teron\/#breadcrumb\",\"itemListElement\":[{\"@type\":\"ListItem\",\"position\":1,\"name\":\"Home\",\"item\":\"https:\/\/puttercorner.com\/\"},{\"@type\":\"ListItem\",\"position\":2,\"name\":\"Shop\",\"item\":\"https:\/\/puttercorner.com\/shop\/\"},{\"@type\":\"ListItem\",\"position\":3,\"name\":\"Odyssey White Ice Teron\"}]},{\"@type\":\"WebSite\",\"@id\":\"https:\/\/puttercorner.com\/#website\",\"url\":\"https:\/\/puttercorner.com\/\",\"name\":\"Putter Corner - \u0111\u01a1n v\u1ecb \u0111\u1ea7u ti\u00ean t\u1ea1i Vi\u1ec7t Nam chuy\u00ean v\u1ec1 d\u1ecbch v\u1ee5 t\u00e2n trang v\u00e0 c\u00e1 nh\u00e2n h\u00f3a g\u1eady golf.\",\"description\":\"\u0110\u01a1n v\u1ecb \u0111\u1ea7u ti\u00ean t\u1ea1i Vi\u1ec7t Nam chuy\u00ean v\u1ec1 d\u1ecbch v\u1ee5 t\u00e2n trang v\u00e0 c\u00e1 nh\u00e2n h\u00f3a g\u1eady golf.\",\"publisher\":{\"@id\":\"https:\/\/puttercorner.com\/#organization\"},\"potentialAction\":[{\"@type\":\"SearchAction\",\"target\":{\"@type\":\"EntryPoint\",\"urlTemplate\":\"https:\/\/puttercorner.com\/?s={search_term_string}\"},\"query-input\":{\"@type\":\"PropertyValueSpecification\",\"valueRequired\":true,\"valueName\":\"search_term_string\"}}],\"inLanguage\":\"en-US\"},{\"@type\":\"Organization\",\"@id\":\"https:\/\/puttercorner.com\/#organization\",\"name\":\"Putter Corner\",\"url\":\"https:\/\/puttercorner.com\/\",\"logo\":{\"@type\":\"ImageObject\",\"inLanguage\":\"en-US\",\"@id\":\"https:\/\/puttercorner.com\/#\/schema\/logo\/image\/\",\"url\":\"https:\/\/puttercorner.com\/wp-content\/uploads\/2025\/03\/logo50-1.png\",\"contentUrl\":\"https:\/\/puttercorner.com\/wp-content\/uploads\/2025\/03\/logo50-1.png\",\"width\":2300,\"height\":500,\"caption\":\"Putter Corner\"},\"image\":{\"@id\":\"https:\/\/puttercorner.com\/#\/schema\/logo\/image\/\"},\"sameAs\":[\"https:\/\/www.facebook.com\/people\/Putter-Corner\/61569123132539\/\"]}]}<\/script>\n<!-- \/ Yoast SEO plugin. -->","yoast_head_json":{"title":"Odyssey White Ice Teron - Puttercorner.com","robots":{"index":"index","follow":"follow","max-snippet":"max-snippet:-1","max-image-preview":"max-image-preview:large","max-video-preview":"max-video-preview:-1"},"canonical":"https:\/\/puttercorner.com\/en\/shop\/odyssey-white-ice-teron\/","og_locale":"en_US","og_type":"article","og_title":"Odyssey White Ice Teron - Puttercorner.com","og_description":"Odyssey White Ice Teron \u2013 C\u00e2y Putter \u0110\u1eb3ng C\u1ea5p Cho Golfer ...","og_url":"https:\/\/puttercorner.com\/en\/shop\/odyssey-white-ice-teron\/","og_site_name":"Puttercorner.com","article_publisher":"https:\/\/www.facebook.com\/people\/Putter-Corner\/61569123132539\/","article_modified_time":"2025-03-26T03:53:19+00:00","og_image":[{"width":960,"height":1280,"url":"https:\/\/puttercorner.com\/wp-content\/uploads\/2025\/03\/z6431030608972_1e12ef3ce6d5d2bfc9159a27a88fa11c.jpg","type":"image\/jpeg"}],"twitter_card":"summary_large_image","twitter_misc":{"Est. reading time":"3 minutes"},"schema":{"@context":"https:\/\/schema.org","@graph":[{"@type":"WebPage","@id":"https:\/\/puttercorner.com\/shop\/odyssey-white-ice-teron\/","url":"https:\/\/puttercorner.com\/shop\/odyssey-white-ice-teron\/","name":"Odyssey White Ice Teron - Puttercorner.com","isPartOf":{"@id":"https:\/\/puttercorner.com\/#website"},"primaryImageOfPage":{"@id":"https:\/\/puttercorner.com\/shop\/odyssey-white-ice-teron\/#primaryimage"},"image":{"@id":"https:\/\/puttercorner.com\/shop\/odyssey-white-ice-teron\/#primaryimage"},"thumbnailUrl":"https:\/\/puttercorner.com\/wp-content\/uploads\/2025\/03\/z6431030608972_1e12ef3ce6d5d2bfc9159a27a88fa11c.jpg","datePublished":"2025-03-26T03:14:35+00:00","dateModified":"2025-03-26T03:53:19+00:00","breadcrumb":{"@id":"https:\/\/puttercorner.com\/shop\/odyssey-white-ice-teron\/#breadcrumb"},"inLanguage":"en-US","potentialAction":[{"@type":"ReadAction","target":["https:\/\/puttercorner.com\/shop\/odyssey-white-ice-teron\/"]}]},{"@type":"ImageObject","inLanguage":"en-US","@id":"https:\/\/puttercorner.com\/shop\/odyssey-white-ice-teron\/#primaryimage","url":"https:\/\/puttercorner.com\/wp-content\/uploads\/2025\/03\/z6431030608972_1e12ef3ce6d5d2bfc9159a27a88fa11c.jpg","contentUrl":"https:\/\/puttercorner.com\/wp-content\/uploads\/2025\/03\/z6431030608972_1e12ef3ce6d5d2bfc9159a27a88fa11c.jpg","width":960,"height":1280},{"@type":"BreadcrumbList","@id":"https:\/\/puttercorner.com\/shop\/odyssey-white-ice-teron\/#breadcrumb","itemListElement":[{"@type":"ListItem","position":1,"name":"Home","item":"https:\/\/puttercorner.com\/"},{"@type":"ListItem","position":2,"name":"Shop","item":"https:\/\/puttercorner.com\/shop\/"},{"@type":"ListItem","position":3,"name":"Odyssey White Ice Teron"}]},{"@type":"WebSite","@id":"https:\/\/puttercorner.com\/#website","url":"https:\/\/puttercorner.com\/","name":"Putter Corner - \u0111\u01a1n v\u1ecb \u0111\u1ea7u ti\u00ean t\u1ea1i Vi\u1ec7t Nam chuy\u00ean v\u1ec1 d\u1ecbch v\u1ee5 t\u00e2n trang v\u00e0 c\u00e1 nh\u00e2n h\u00f3a g\u1eady golf.","description":"\u0110\u01a1n v\u1ecb \u0111\u1ea7u ti\u00ean t\u1ea1i Vi\u1ec7t Nam chuy\u00ean v\u1ec1 d\u1ecbch v\u1ee5 t\u00e2n trang v\u00e0 c\u00e1 nh\u00e2n h\u00f3a g\u1eady golf.","publisher":{"@id":"https:\/\/puttercorner.com\/#organization"},"potentialAction":[{"@type":"SearchAction","target":{"@type":"EntryPoint","urlTemplate":"https:\/\/puttercorner.com\/?s={search_term_string}"},"query-input":{"@type":"PropertyValueSpecification","valueRequired":true,"valueName":"search_term_string"}}],"inLanguage":"en-US"},{"@type":"Organization","@id":"https:\/\/puttercorner.com\/#organization","name":"Putter Corner","url":"https:\/\/puttercorner.com\/","logo":{"@type":"ImageObject","inLanguage":"en-US","@id":"https:\/\/puttercorner.com\/#\/schema\/logo\/image\/","url":"https:\/\/puttercorner.com\/wp-content\/uploads\/2025\/03\/logo50-1.png","contentUrl":"https:\/\/puttercorner.com\/wp-content\/uploads\/2025\/03\/logo50-1.png","width":2300,"height":500,"caption":"Putter Corner"},"image":{"@id":"https:\/\/puttercorner.com\/#\/schema\/logo\/image\/"},"sameAs":["https:\/\/www.facebook.com\/people\/Putter-Corner\/61569123132539\/"]}]}},"_links":{"self":[{"href":"https:\/\/puttercorner.com\/en\/wp-json\/wp\/v2\/product\/2215","targetHints":{"allow":["GET"]}}],"collection":[{"href":"https:\/\/puttercorner.com\/en\/wp-json\/wp\/v2\/product"}],"about":[{"href":"https:\/\/puttercorner.com\/en\/wp-json\/wp\/v2\/types\/product"}],"replies":[{"embeddable":true,"href":"https:\/\/puttercorner.com\/en\/wp-json\/wp\/v2\/comments?post=2215"}],"wp:featuredmedia":[{"embeddable":true,"href":"https:\/\/puttercorner.com\/en\/wp-json\/wp\/v2\/media\/2219"}],"wp:attachment":[{"href":"https:\/\/puttercorner.com\/en\/wp-json\/wp\/v2\/media?parent=2215"}],"wp:term":[{"taxonomy":"product_brand","embeddable":true,"href":"https:\/\/puttercorner.com\/en\/wp-json\/wp\/v2\/product_brand?post=2215"},{"taxonomy":"product_cat","embeddable":true,"href":"https:\/\/puttercorner.com\/en\/wp-json\/wp\/v2\/product_cat?post=2215"},{"taxonomy":"product_tag","embeddable":true,"href":"https:\/\/puttercorner.com\/en\/wp-json\/wp\/v2\/product_tag?post=2215"}],"curies":[{"name":"wp","href":"https:\/\/api.w.org\/{rel}","templated":true}]}}