{"id":2201,"date":"2025-03-26T10:10:50","date_gmt":"2025-03-26T03:10:50","guid":{"rendered":"https:\/\/puttercorner.com\/?post_type=product&#038;p=2201"},"modified":"2025-03-26T10:53:33","modified_gmt":"2025-03-26T03:53:33","slug":"putter-xxio","status":"publish","type":"product","link":"https:\/\/puttercorner.com\/en\/shop\/putter-xxio\/","title":{"rendered":"Putter XXIO"},"content":{"rendered":"<p>Putter XXIO \u2013 S\u1ef1 K\u1ebft H\u1ee3p Ho\u00e0n H\u1ea3o Gi\u1eefa C\u00f4ng Ngh\u1ec7 v\u00e0 Thi\u1ebft K\u1ebf<\/p>\n<p>Gi\u1edbi Thi\u1ec7u v\u1ec1 Putter XXIO<\/p>\n<p>XXIO l\u00e0 th\u01b0\u01a1ng hi\u1ec7u golf cao c\u1ea5p \u0111\u1ebfn t\u1eeb Nh\u1eadt B\u1ea3n, n\u1ed5i ti\u1ebfng v\u1edbi nh\u1eefng d\u00f2ng s\u1ea3n ph\u1ea9m \u0111\u01b0\u1ee3c thi\u1ebft k\u1ebf d\u00e0nh ri\u00eang cho ng\u01b0\u1eddi ch\u01a1i mong mu\u1ed1n s\u1ef1 tho\u1ea3i m\u00e1i, \u1ed5n \u0111\u1ecbnh v\u00e0 d\u1ec5 s\u1eed d\u1ee5ng. Trong \u0111\u00f3, d\u00f2ng Putter XXIO l\u00e0 m\u1ed9t l\u1ef1a ch\u1ecdn ho\u00e0n h\u1ea3o cho nh\u1eefng ai t\u00ecm ki\u1ebfm m\u1ed9t c\u00e2y g\u1eady g\u1ea1t b\u00f3ng (putter) v\u1edbi thi\u1ebft k\u1ebf \u0111\u1eb3ng c\u1ea5p v\u00e0 c\u00f4ng ngh\u1ec7 ti\u00ean ti\u1ebfn.<\/p>\n<p>\u0110i\u1ec3m N\u1ed5i B\u1eadt c\u1ee7a Putter XXIO<\/p>\n<p>1. Thi\u1ebft K\u1ebf Tinh T\u1ebf, C\u1ea3m Gi\u00e1c G\u1ea1t B\u00f3ng T\u1ed1t H\u01a1n<\/p>\n<p>Putter XXIO s\u1edf h\u1eefu thi\u1ebft k\u1ebf t\u1ed1i \u01b0u v\u1edbi \u0111\u1ea7u g\u1eady c\u00f3 tr\u1ecdng l\u01b0\u1ee3ng ph\u00e2n b\u1ed5 h\u1ee3p l\u00fd, gi\u00fap ng\u01b0\u1eddi ch\u01a1i c\u00f3 \u0111\u01b0\u1ee3c c\u1ea3m gi\u00e1c \u1ed5n \u0111\u1ecbnh v\u00e0 ch\u00ednh x\u00e1c khi g\u1ea1t b\u00f3ng. Nh\u1eefng \u0111\u01b0\u1eddng n\u00e9t tinh x\u1ea3o c\u00f9ng l\u1edbp ho\u00e0n thi\u1ec7n cao c\u1ea5p t\u1ea1o n\u00ean s\u1ef1 sang tr\u1ecdng, ph\u00f9 h\u1ee3p v\u1edbi c\u00e1c golfer y\u00eau th\u00edch s\u1ef1 \u0111\u1eb3ng c\u1ea5p.<\/p>\n<p>2. C\u00f4ng Ngh\u1ec7 M\u1eb7t G\u1eady C\u1ea3i Ti\u1ebfn<\/p>\n<p>M\u1eb7t g\u1eady c\u1ee7a XXIO \u0111\u01b0\u1ee3c thi\u1ebft k\u1ebf \u0111\u1eb7c bi\u1ec7t v\u1edbi c\u00f4ng ngh\u1ec7 Grooved Face Insert, gi\u00fap t\u0103ng \u0111\u1ed9 b\u00e1m b\u00f3ng v\u00e0 ki\u1ec3m so\u00e1t t\u1ed1t h\u01a1n trong m\u1ed7i c\u00fa g\u1ea1t. Nh\u1edd v\u1eady, b\u00f3ng l\u0103n \u1ed5n \u0111\u1ecbnh v\u00e0 ch\u00ednh x\u00e1c h\u01a1n, gi\u1ea3m thi\u1ec3u c\u00e1c sai s\u1ed1 khi ti\u1ebfp x\u00fac v\u1edbi m\u1eb7t g\u1eady.<\/p>\n<p>3. C\u00e1n G\u1eady Nh\u1eb9, T\u1ea1o C\u1ea3m Gi\u00e1c Tho\u1ea3i M\u00e1i<\/p>\n<p>C\u00e1n g\u1eady c\u1ee7a XXIO \u0111\u01b0\u1ee3c l\u00e0m t\u1eeb v\u1eadt li\u1ec7u nh\u1eb9 nh\u01b0ng v\u1eabn \u0111\u1ea3m b\u1ea3o \u0111\u1ed9 b\u1ec1n, gi\u00fap ng\u01b0\u1eddi ch\u01a1i d\u1ec5 d\u00e0ng \u0111i\u1ec1u ch\u1ec9nh t\u1ed1c \u0111\u1ed9 v\u00e0 l\u1ef1c g\u1ea1t b\u00f3ng. \u0110i\u1ec1u n\u00e0y \u0111\u1eb7c bi\u1ec7t h\u1eefu \u00edch v\u1edbi golfer c\u00f3 t\u1ed1c \u0111\u1ed9 swing trung b\u00ecnh ho\u1eb7c th\u1ea5p.<\/p>\n<p>4. Tr\u1ecdng L\u01b0\u1ee3ng Ph\u00e2n B\u1ed5 H\u1ee3p L\u00fd<\/p>\n<p>XXIO \u0111\u00e3 t\u1ed1i \u01b0u tr\u1ecdng l\u01b0\u1ee3ng \u0111\u1ea7u g\u1eady nh\u1eb1m gi\u00fap golfer c\u00f3 c\u00fa g\u1ea1t \u1ed5n \u0111\u1ecbnh, tr\u00e1nh hi\u1ec7n t\u01b0\u1ee3ng b\u1ecb l\u1ec7ch h\u01b0\u1edbng. S\u1ef1 c\u00e2n b\u1eb1ng n\u00e0y mang l\u1ea1i c\u1ea3m gi\u00e1c m\u01b0\u1ee3t m\u00e0 khi \u0111\u01b0a g\u1eady v\u00e0o b\u00f3ng, gi\u00fap c\u1ea3i thi\u1ec7n hi\u1ec7u su\u1ea5t ch\u01a1i tr\u00ean green.<\/p>\n<p>V\u00ec Sao Golfer N\u00ean Ch\u1ecdn Putter XXIO?<\/p>\n<p>D\u1ec5 s\u1eed d\u1ee5ng: Ph\u00f9 h\u1ee3p v\u1edbi nhi\u1ec1u c\u1ea5p \u0111\u1ed9 ng\u01b0\u1eddi ch\u01a1i, t\u1eeb nghi\u1ec7p d\u01b0 \u0111\u1ebfn chuy\u00ean nghi\u1ec7p.<\/p>\n<p>T\u0103ng \u0111\u1ed9 ch\u00ednh x\u00e1c: C\u00f4ng ngh\u1ec7 m\u1eb7t g\u1eady ti\u00ean ti\u1ebfn gi\u00fap b\u00f3ng l\u0103n \u0111\u00fang h\u01b0\u1edbng.<\/p>\n<p>C\u1ea3m gi\u00e1c m\u01b0\u1ee3t m\u00e0: C\u00e1n g\u1eady nh\u1eb9 v\u00e0 tr\u1ecdng l\u01b0\u1ee3ng ph\u00e2n b\u1ed5 h\u1ee3p l\u00fd gi\u00fap t\u1ea1o c\u1ea3m gi\u00e1c tho\u1ea3i m\u00e1i khi ch\u01a1i.<\/p>\n<p>Thi\u1ebft k\u1ebf \u0111\u1eb3ng c\u1ea5p: Mang l\u1ea1i s\u1ef1 t\u1ef1 tin tr\u00ean s\u00e2n v\u1edbi v\u1ebb ngo\u00e0i tinh t\u1ebf, sang tr\u1ecdng.<\/p>\n<p>K\u1ebft Lu\u1eadn<\/p>\n<p>Putter XXIO l\u00e0 m\u1ed9t s\u1ef1 l\u1ef1a ch\u1ecdn tuy\u1ec7t v\u1eddi d\u00e0nh cho nh\u1eefng golfer \u0111ang t\u00ecm ki\u1ebfm m\u1ed9t c\u00e2y g\u1eady g\u1ea1t b\u00f3ng v\u1edbi c\u00f4ng ngh\u1ec7 ti\u00ean ti\u1ebfn, thi\u1ebft k\u1ebf sang tr\u1ecdng v\u00e0 c\u1ea3m gi\u00e1c \u0111\u00e1nh tuy\u1ec7t v\u1eddi. N\u1ebfu b\u1ea1n mu\u1ed1n n\u00e2ng cao hi\u1ec7u su\u1ea5t tr\u00ean green, Putter XXIO ch\u1eafc ch\u1eafn l\u00e0 m\u1ed9t s\u1ea3n ph\u1ea9m kh\u00f4ng th\u1ec3 b\u1ecf qua!<\/p>","protected":false},"excerpt":{"rendered":"<p>Putter XXIO \u2013 S\u1ef1 K\u1ebft H\u1ee3p Ho\u00e0n H\u1ea3o Gi\u1eefa C\u00f4ng Ngh\u1ec7 &#8230; <\/p>","protected":false},"featured_media":2207,"comment_status":"closed","ping_status":"closed","template":"","meta":[],"product_brand":[77],"product_cat":[48],"product_tag":[],"class_list":{"0":"post-2201","1":"product","2":"type-product","3":"status-publish","4":"has-post-thumbnail","6":"product_brand-dunlop","7":"product_cat-gay-putter","9":"first","10":"instock","11":"taxable","12":"shipping-taxable","13":"product-type-simple"},"yoast_head":"<!-- This site is optimized with the Yoast SEO plugin v24.8.1 - https:\/\/yoast.com\/wordpress\/plugins\/seo\/ -->\n<title>Putter XXIO - Puttercorner.com<\/title>\n<meta name=\"robots\" content=\"index, follow, max-snippet:-1, max-image-preview:large, max-video-preview:-1\" \/>\n<link rel=\"canonical\" href=\"https:\/\/puttercorner.com\/en\/shop\/putter-xxio\/\" \/>\n<meta property=\"og:locale\" content=\"en_US\" \/>\n<meta property=\"og:type\" content=\"article\" \/>\n<meta property=\"og:title\" content=\"Putter XXIO - Puttercorner.com\" \/>\n<meta property=\"og:description\" content=\"Putter XXIO \u2013 S\u1ef1 K\u1ebft H\u1ee3p Ho\u00e0n H\u1ea3o Gi\u1eefa C\u00f4ng Ngh\u1ec7 ...\" \/>\n<meta property=\"og:url\" content=\"https:\/\/puttercorner.com\/en\/shop\/putter-xxio\/\" \/>\n<meta property=\"og:site_name\" content=\"Puttercorner.com\" \/>\n<meta property=\"article:publisher\" content=\"https:\/\/www.facebook.com\/people\/Putter-Corner\/61569123132539\/\" \/>\n<meta property=\"article:modified_time\" content=\"2025-03-26T03:53:33+00:00\" \/>\n<meta property=\"og:image\" content=\"https:\/\/puttercorner.com\/wp-content\/uploads\/2025\/03\/484511015_636913802314649_3769548001715965307_n.jpg\" \/>\n\t<meta property=\"og:image:width\" content=\"1536\" \/>\n\t<meta property=\"og:image:height\" content=\"2048\" \/>\n\t<meta property=\"og:image:type\" content=\"image\/jpeg\" \/>\n<meta name=\"twitter:card\" content=\"summary_large_image\" \/>\n<meta name=\"twitter:label1\" content=\"Est. reading time\" \/>\n\t<meta name=\"twitter:data1\" content=\"4 minutes\" \/>\n<script type=\"application\/ld+json\" class=\"yoast-schema-graph\">{\"@context\":\"https:\/\/schema.org\",\"@graph\":[{\"@type\":\"WebPage\",\"@id\":\"https:\/\/puttercorner.com\/shop\/putter-xxio\/\",\"url\":\"https:\/\/puttercorner.com\/shop\/putter-xxio\/\",\"name\":\"Putter XXIO - Puttercorner.com\",\"isPartOf\":{\"@id\":\"https:\/\/puttercorner.com\/#website\"},\"primaryImageOfPage\":{\"@id\":\"https:\/\/puttercorner.com\/shop\/putter-xxio\/#primaryimage\"},\"image\":{\"@id\":\"https:\/\/puttercorner.com\/shop\/putter-xxio\/#primaryimage\"},\"thumbnailUrl\":\"https:\/\/puttercorner.com\/wp-content\/uploads\/2025\/03\/484511015_636913802314649_3769548001715965307_n.jpg\",\"datePublished\":\"2025-03-26T03:10:50+00:00\",\"dateModified\":\"2025-03-26T03:53:33+00:00\",\"breadcrumb\":{\"@id\":\"https:\/\/puttercorner.com\/shop\/putter-xxio\/#breadcrumb\"},\"inLanguage\":\"en-US\",\"potentialAction\":[{\"@type\":\"ReadAction\",\"target\":[\"https:\/\/puttercorner.com\/shop\/putter-xxio\/\"]}]},{\"@type\":\"ImageObject\",\"inLanguage\":\"en-US\",\"@id\":\"https:\/\/puttercorner.com\/shop\/putter-xxio\/#primaryimage\",\"url\":\"https:\/\/puttercorner.com\/wp-content\/uploads\/2025\/03\/484511015_636913802314649_3769548001715965307_n.jpg\",\"contentUrl\":\"https:\/\/puttercorner.com\/wp-content\/uploads\/2025\/03\/484511015_636913802314649_3769548001715965307_n.jpg\",\"width\":1536,\"height\":2048},{\"@type\":\"BreadcrumbList\",\"@id\":\"https:\/\/puttercorner.com\/shop\/putter-xxio\/#breadcrumb\",\"itemListElement\":[{\"@type\":\"ListItem\",\"position\":1,\"name\":\"Home\",\"item\":\"https:\/\/puttercorner.com\/\"},{\"@type\":\"ListItem\",\"position\":2,\"name\":\"Shop\",\"item\":\"https:\/\/puttercorner.com\/shop\/\"},{\"@type\":\"ListItem\",\"position\":3,\"name\":\"Putter XXIO\"}]},{\"@type\":\"WebSite\",\"@id\":\"https:\/\/puttercorner.com\/#website\",\"url\":\"https:\/\/puttercorner.com\/\",\"name\":\"Putter Corner - \u0111\u01a1n v\u1ecb \u0111\u1ea7u ti\u00ean t\u1ea1i Vi\u1ec7t Nam chuy\u00ean v\u1ec1 d\u1ecbch v\u1ee5 t\u00e2n trang v\u00e0 c\u00e1 nh\u00e2n h\u00f3a g\u1eady golf.\",\"description\":\"\u0110\u01a1n v\u1ecb \u0111\u1ea7u ti\u00ean t\u1ea1i Vi\u1ec7t Nam chuy\u00ean v\u1ec1 d\u1ecbch v\u1ee5 t\u00e2n trang v\u00e0 c\u00e1 nh\u00e2n h\u00f3a g\u1eady golf.\",\"publisher\":{\"@id\":\"https:\/\/puttercorner.com\/#organization\"},\"potentialAction\":[{\"@type\":\"SearchAction\",\"target\":{\"@type\":\"EntryPoint\",\"urlTemplate\":\"https:\/\/puttercorner.com\/?s={search_term_string}\"},\"query-input\":{\"@type\":\"PropertyValueSpecification\",\"valueRequired\":true,\"valueName\":\"search_term_string\"}}],\"inLanguage\":\"en-US\"},{\"@type\":\"Organization\",\"@id\":\"https:\/\/puttercorner.com\/#organization\",\"name\":\"Putter Corner\",\"url\":\"https:\/\/puttercorner.com\/\",\"logo\":{\"@type\":\"ImageObject\",\"inLanguage\":\"en-US\",\"@id\":\"https:\/\/puttercorner.com\/#\/schema\/logo\/image\/\",\"url\":\"https:\/\/puttercorner.com\/wp-content\/uploads\/2025\/03\/logo50-1.png\",\"contentUrl\":\"https:\/\/puttercorner.com\/wp-content\/uploads\/2025\/03\/logo50-1.png\",\"width\":2300,\"height\":500,\"caption\":\"Putter Corner\"},\"image\":{\"@id\":\"https:\/\/puttercorner.com\/#\/schema\/logo\/image\/\"},\"sameAs\":[\"https:\/\/www.facebook.com\/people\/Putter-Corner\/61569123132539\/\"]}]}<\/script>\n<!-- \/ Yoast SEO plugin. -->","yoast_head_json":{"title":"Putter XXIO - Puttercorner.com","robots":{"index":"index","follow":"follow","max-snippet":"max-snippet:-1","max-image-preview":"max-image-preview:large","max-video-preview":"max-video-preview:-1"},"canonical":"https:\/\/puttercorner.com\/en\/shop\/putter-xxio\/","og_locale":"en_US","og_type":"article","og_title":"Putter XXIO - Puttercorner.com","og_description":"Putter XXIO \u2013 S\u1ef1 K\u1ebft H\u1ee3p Ho\u00e0n H\u1ea3o Gi\u1eefa C\u00f4ng Ngh\u1ec7 ...","og_url":"https:\/\/puttercorner.com\/en\/shop\/putter-xxio\/","og_site_name":"Puttercorner.com","article_publisher":"https:\/\/www.facebook.com\/people\/Putter-Corner\/61569123132539\/","article_modified_time":"2025-03-26T03:53:33+00:00","og_image":[{"width":1536,"height":2048,"url":"https:\/\/puttercorner.com\/wp-content\/uploads\/2025\/03\/484511015_636913802314649_3769548001715965307_n.jpg","type":"image\/jpeg"}],"twitter_card":"summary_large_image","twitter_misc":{"Est. reading time":"4 minutes"},"schema":{"@context":"https:\/\/schema.org","@graph":[{"@type":"WebPage","@id":"https:\/\/puttercorner.com\/shop\/putter-xxio\/","url":"https:\/\/puttercorner.com\/shop\/putter-xxio\/","name":"Putter XXIO - Puttercorner.com","isPartOf":{"@id":"https:\/\/puttercorner.com\/#website"},"primaryImageOfPage":{"@id":"https:\/\/puttercorner.com\/shop\/putter-xxio\/#primaryimage"},"image":{"@id":"https:\/\/puttercorner.com\/shop\/putter-xxio\/#primaryimage"},"thumbnailUrl":"https:\/\/puttercorner.com\/wp-content\/uploads\/2025\/03\/484511015_636913802314649_3769548001715965307_n.jpg","datePublished":"2025-03-26T03:10:50+00:00","dateModified":"2025-03-26T03:53:33+00:00","breadcrumb":{"@id":"https:\/\/puttercorner.com\/shop\/putter-xxio\/#breadcrumb"},"inLanguage":"en-US","potentialAction":[{"@type":"ReadAction","target":["https:\/\/puttercorner.com\/shop\/putter-xxio\/"]}]},{"@type":"ImageObject","inLanguage":"en-US","@id":"https:\/\/puttercorner.com\/shop\/putter-xxio\/#primaryimage","url":"https:\/\/puttercorner.com\/wp-content\/uploads\/2025\/03\/484511015_636913802314649_3769548001715965307_n.jpg","contentUrl":"https:\/\/puttercorner.com\/wp-content\/uploads\/2025\/03\/484511015_636913802314649_3769548001715965307_n.jpg","width":1536,"height":2048},{"@type":"BreadcrumbList","@id":"https:\/\/puttercorner.com\/shop\/putter-xxio\/#breadcrumb","itemListElement":[{"@type":"ListItem","position":1,"name":"Home","item":"https:\/\/puttercorner.com\/"},{"@type":"ListItem","position":2,"name":"Shop","item":"https:\/\/puttercorner.com\/shop\/"},{"@type":"ListItem","position":3,"name":"Putter XXIO"}]},{"@type":"WebSite","@id":"https:\/\/puttercorner.com\/#website","url":"https:\/\/puttercorner.com\/","name":"Putter Corner - \u0111\u01a1n v\u1ecb \u0111\u1ea7u ti\u00ean t\u1ea1i Vi\u1ec7t Nam chuy\u00ean v\u1ec1 d\u1ecbch v\u1ee5 t\u00e2n trang v\u00e0 c\u00e1 nh\u00e2n h\u00f3a g\u1eady golf.","description":"\u0110\u01a1n v\u1ecb \u0111\u1ea7u ti\u00ean t\u1ea1i Vi\u1ec7t Nam chuy\u00ean v\u1ec1 d\u1ecbch v\u1ee5 t\u00e2n trang v\u00e0 c\u00e1 nh\u00e2n h\u00f3a g\u1eady golf.","publisher":{"@id":"https:\/\/puttercorner.com\/#organization"},"potentialAction":[{"@type":"SearchAction","target":{"@type":"EntryPoint","urlTemplate":"https:\/\/puttercorner.com\/?s={search_term_string}"},"query-input":{"@type":"PropertyValueSpecification","valueRequired":true,"valueName":"search_term_string"}}],"inLanguage":"en-US"},{"@type":"Organization","@id":"https:\/\/puttercorner.com\/#organization","name":"Putter Corner","url":"https:\/\/puttercorner.com\/","logo":{"@type":"ImageObject","inLanguage":"en-US","@id":"https:\/\/puttercorner.com\/#\/schema\/logo\/image\/","url":"https:\/\/puttercorner.com\/wp-content\/uploads\/2025\/03\/logo50-1.png","contentUrl":"https:\/\/puttercorner.com\/wp-content\/uploads\/2025\/03\/logo50-1.png","width":2300,"height":500,"caption":"Putter Corner"},"image":{"@id":"https:\/\/puttercorner.com\/#\/schema\/logo\/image\/"},"sameAs":["https:\/\/www.facebook.com\/people\/Putter-Corner\/61569123132539\/"]}]}},"_links":{"self":[{"href":"https:\/\/puttercorner.com\/en\/wp-json\/wp\/v2\/product\/2201","targetHints":{"allow":["GET"]}}],"collection":[{"href":"https:\/\/puttercorner.com\/en\/wp-json\/wp\/v2\/product"}],"about":[{"href":"https:\/\/puttercorner.com\/en\/wp-json\/wp\/v2\/types\/product"}],"replies":[{"embeddable":true,"href":"https:\/\/puttercorner.com\/en\/wp-json\/wp\/v2\/comments?post=2201"}],"wp:featuredmedia":[{"embeddable":true,"href":"https:\/\/puttercorner.com\/en\/wp-json\/wp\/v2\/media\/2207"}],"wp:attachment":[{"href":"https:\/\/puttercorner.com\/en\/wp-json\/wp\/v2\/media?parent=2201"}],"wp:term":[{"taxonomy":"product_brand","embeddable":true,"href":"https:\/\/puttercorner.com\/en\/wp-json\/wp\/v2\/product_brand?post=2201"},{"taxonomy":"product_cat","embeddable":true,"href":"https:\/\/puttercorner.com\/en\/wp-json\/wp\/v2\/product_cat?post=2201"},{"taxonomy":"product_tag","embeddable":true,"href":"https:\/\/puttercorner.com\/en\/wp-json\/wp\/v2\/product_tag?post=2201"}],"curies":[{"name":"wp","href":"https:\/\/api.w.org\/{rel}","templated":true}]}}