{"id":2195,"date":"2025-03-26T10:09:02","date_gmt":"2025-03-26T03:09:02","guid":{"rendered":"https:\/\/puttercorner.com\/?post_type=product&#038;p=2195"},"modified":"2025-03-26T10:53:42","modified_gmt":"2025-03-26T03:53:42","slug":"gay-putter-promodel-dunlop-201","status":"publish","type":"product","link":"https:\/\/puttercorner.com\/en\/shop\/gay-putter-promodel-dunlop-201\/","title":{"rendered":"G\u1eady putter PROMODEL DUNLOP 201"},"content":{"rendered":"<p>G\u1eady Putter PROMODEL DUNLOP 201 \u2013 S\u1ef1 l\u1ef1a ch\u1ecdn ho\u00e0n h\u1ea3o cho nh\u1eefng c\u00fa putt ch\u00ednh x\u00e1c<\/p>\n<p>Trong b\u1ed9 g\u1eady golf, g\u1eady putter \u0111\u00f3ng vai tr\u00f2 quan tr\u1ecdng gi\u00fap golfer ho\u00e0n thi\u1ec7n c\u00fa \u0111\u00e1nh cu\u1ed1i c\u00f9ng \u0111\u1ec3 \u0111\u01b0a b\u00f3ng v\u00e0o l\u1ed7. N\u1ebfu b\u1ea1n \u0111ang t\u00ecm ki\u1ebfm m\u1ed9t c\u00e2y putter ch\u1ea5t l\u01b0\u1ee3ng, PROMODEL DUNLOP 201 ch\u1eafc ch\u1eafn s\u1ebd l\u00e0 m\u1ed9t l\u1ef1a ch\u1ecdn \u0111\u00e1ng c\u00e2n nh\u1eafc. V\u1edbi thi\u1ebft k\u1ebf tinh t\u1ebf v\u00e0 c\u00f4ng ngh\u1ec7 ti\u00ean ti\u1ebfn, s\u1ea3n ph\u1ea9m n\u00e0y kh\u00f4ng ch\u1ec9 h\u1ed7 tr\u1ee3 golfer \u0111\u1ea1t \u0111\u1ed9 ch\u00ednh x\u00e1c cao m\u00e0 c\u00f2n mang l\u1ea1i c\u1ea3m gi\u00e1c \u0111\u00e1nh b\u00f3ng tuy\u1ec7t v\u1eddi.<\/p>\n<p>Thi\u1ebft k\u1ebf sang tr\u1ecdng, \u0111\u1eb3ng c\u1ea5p<\/p>\n<p>G\u1eady putter PROMODEL DUNLOP 201 \u0111\u01b0\u1ee3c ch\u1ebf t\u00e1c t\u1eeb v\u1eadt li\u1ec7u cao c\u1ea5p, mang \u0111\u1ebfn \u0111\u1ed9 b\u1ec1n b\u1ec9 v\u00e0 ch\u1eafc ch\u1eafn theo th\u1eddi gian. Thi\u1ebft k\u1ebf \u0111\u1ea7u g\u1eady c\u00e2n b\u1eb1ng ho\u00e0n h\u1ea3o gi\u00fap t\u1ed1i \u01b0u h\u00f3a \u0111\u01b0\u1eddng b\u00f3ng, \u0111\u1ed3ng th\u1eddi gi\u1ea3m thi\u1ec3u sai s\u1ed1 trong nh\u1eefng c\u00fa putt quan tr\u1ecdng. B\u1ec1 m\u1eb7t g\u1eady \u0111\u01b0\u1ee3c gia c\u00f4ng tinh x\u1ea3o, t\u1ea1o n\u00ean s\u1ef1 sang tr\u1ecdng v\u00e0 \u0111\u1eb3ng c\u1ea5p cho ng\u01b0\u1eddi s\u1eed d\u1ee5ng.<\/p>\n<p>C\u00f4ng ngh\u1ec7 hi\u1ec7n \u0111\u1ea1i cho hi\u1ec7u su\u1ea5t v\u01b0\u1ee3t tr\u1ed9i<\/p>\n<p>S\u1ea3n ph\u1ea9m \u0111\u01b0\u1ee3c trang b\u1ecb c\u00f4ng ngh\u1ec7 Face Balance, gi\u00fap t\u0103ng c\u01b0\u1eddng s\u1ef1 \u1ed5n \u0111\u1ecbnh v\u00e0 ki\u1ec3m so\u00e1t khi th\u1ef1c hi\u1ec7n c\u00fa \u0111\u00e1nh. Tr\u1ecdng l\u01b0\u1ee3ng g\u1eady \u0111\u01b0\u1ee3c ph\u00e2n b\u1ed5 h\u1ee3p l\u00fd, gi\u00fap golfer c\u00f3 th\u1ec3 d\u1ec5 d\u00e0ng \u0111i\u1ec1u ch\u1ec9nh l\u1ef1c v\u00e0 h\u01b0\u1edbng \u0111i c\u1ee7a b\u00f3ng. \u0110\u1eb7c bi\u1ec7t, ph\u1ea7n tay c\u1ea7m \u0111\u01b0\u1ee3c thi\u1ebft k\u1ebf ch\u1ed1ng tr\u01a1n tr\u01b0\u1ee3t, mang l\u1ea1i c\u1ea3m gi\u00e1c c\u1ea7m n\u1eafm ch\u1eafc ch\u1eafn, gi\u00fap ng\u01b0\u1eddi ch\u01a1i t\u1ef1 tin h\u01a1n tr\u00ean green.<\/p>\n<p>C\u1ea3m gi\u00e1c \u0111\u00e1nh b\u00f3ng tuy\u1ec7t v\u1eddi<\/p>\n<p>M\u1ed9t trong nh\u1eefng \u0111i\u1ec3m n\u1ed5i b\u1eadt c\u1ee7a PROMODEL DUNLOP 201 ch\u00ednh l\u00e0 c\u1ea3m gi\u00e1c \u0111\u00e1nh b\u00f3ng m\u01b0\u1ee3t m\u00e0, gi\u00fap golfer d\u1ec5 d\u00e0ng ki\u1ec3m so\u00e1t t\u1ed1c \u0111\u1ed9 v\u00e0 kho\u1ea3ng c\u00e1ch c\u1ee7a c\u00fa putt. \u0110\u1ea7u g\u1eady c\u00f3 \u0111\u1ed9 n\u1ea3y v\u1eeba ph\u1ea3i, h\u1ed7 tr\u1ee3 t\u1ed1i \u0111a trong vi\u1ec7c \u0111i\u1ec1u h\u01b0\u1edbng b\u00f3ng, gi\u1ea3m thi\u1ec3u hi\u1ec7n t\u01b0\u1ee3ng b\u00f3ng l\u0103n l\u1ec7ch h\u01b0\u1edbng.<\/p>\n<p>Ph\u00f9 h\u1ee3p v\u1edbi nhi\u1ec1u \u0111\u1ed1i t\u01b0\u1ee3ng golfer<\/p>\n<p>D\u00f9 b\u1ea1n l\u00e0 ng\u01b0\u1eddi m\u1edbi ch\u01a1i hay golfer chuy\u00ean nghi\u1ec7p, PROMODEL DUNLOP 201 \u0111\u1ec1u c\u00f3 th\u1ec3 \u0111\u00e1p \u1ee9ng nhu c\u1ea7u c\u1ee7a b\u1ea1n. V\u1edbi thi\u1ebft k\u1ebf d\u1ec5 s\u1eed d\u1ee5ng v\u00e0 hi\u1ec7u su\u1ea5t cao, s\u1ea3n ph\u1ea9m n\u00e0y ph\u00f9 h\u1ee3p v\u1edbi m\u1ecdi c\u1ea5p \u0111\u1ed9 ch\u01a1i, gi\u00fap c\u1ea3i thi\u1ec7n k\u1ef9 n\u0103ng putt m\u1ed9t c\u00e1ch hi\u1ec7u qu\u1ea3.<\/p>\n<p>K\u1ebft lu\u1eadn<\/p>\n<p>G\u1eady putter PROMODEL DUNLOP 201 kh\u00f4ng ch\u1ec9 l\u00e0 m\u1ed9t c\u00e2y g\u1eady \u0111\u1eb9p m\u1eaft m\u00e0 c\u00f2n l\u00e0 tr\u1ee3 th\u1ee7 \u0111\u1eafc l\u1ef1c gi\u00fap golfer n\u00e2ng cao th\u00e0nh t\u00edch tr\u00ean s\u00e2n. N\u1ebfu b\u1ea1n \u0111ang t\u00ecm ki\u1ebfm m\u1ed9t c\u00e2y putter ch\u1ea5t l\u01b0\u1ee3ng, b\u1ec1n b\u1ec9 v\u00e0 mang l\u1ea1i c\u1ea3m gi\u00e1c \u0111\u00e1nh b\u00f3ng tuy\u1ec7t v\u1eddi, \u0111\u00e2y ch\u1eafc ch\u1eafn l\u00e0 m\u1ed9t l\u1ef1a ch\u1ecdn \u0111\u00e1ng \u0111\u1ec3 \u0111\u1ea7u t\u01b0.<\/p>\n<p>H\u00e3y tr\u1ea3i nghi\u1ec7m PROMODEL DUNLOP 201 ngay h\u00f4m nay \u0111\u1ec3 c\u1ea3m nh\u1eadn s\u1ef1 kh\u00e1c bi\u1ec7t trong t\u1eebng c\u00fa putt!<\/p>","protected":false},"excerpt":{"rendered":"<p>G\u1eady Putter PROMODEL DUNLOP 201 \u2013 S\u1ef1 l\u1ef1a ch\u1ecdn ho\u00e0n h\u1ea3o &#8230; <\/p>","protected":false},"featured_media":2199,"comment_status":"closed","ping_status":"closed","template":"","meta":[],"product_brand":[77],"product_cat":[48],"product_tag":[],"class_list":{"0":"post-2195","1":"product","2":"type-product","3":"status-publish","4":"has-post-thumbnail","6":"product_brand-dunlop","7":"product_cat-gay-putter","9":"first","10":"instock","11":"taxable","12":"shipping-taxable","13":"product-type-simple"},"yoast_head":"<!-- This site is optimized with the Yoast SEO plugin v24.8.1 - https:\/\/yoast.com\/wordpress\/plugins\/seo\/ -->\n<title>G\u1eady putter PROMODEL DUNLOP 201 - Puttercorner.com<\/title>\n<meta name=\"robots\" content=\"index, follow, max-snippet:-1, max-image-preview:large, max-video-preview:-1\" \/>\n<link rel=\"canonical\" href=\"https:\/\/puttercorner.com\/en\/shop\/gay-putter-promodel-dunlop-201\/\" \/>\n<meta property=\"og:locale\" content=\"en_US\" \/>\n<meta property=\"og:type\" content=\"article\" \/>\n<meta property=\"og:title\" content=\"G\u1eady putter PROMODEL DUNLOP 201 - Puttercorner.com\" \/>\n<meta property=\"og:description\" content=\"G\u1eady Putter PROMODEL DUNLOP 201 \u2013 S\u1ef1 l\u1ef1a ch\u1ecdn ho\u00e0n h\u1ea3o ...\" \/>\n<meta property=\"og:url\" content=\"https:\/\/puttercorner.com\/en\/shop\/gay-putter-promodel-dunlop-201\/\" \/>\n<meta property=\"og:site_name\" content=\"Puttercorner.com\" \/>\n<meta property=\"article:publisher\" content=\"https:\/\/www.facebook.com\/people\/Putter-Corner\/61569123132539\/\" \/>\n<meta property=\"article:modified_time\" content=\"2025-03-26T03:53:42+00:00\" \/>\n<meta property=\"og:image\" content=\"https:\/\/puttercorner.com\/wp-content\/uploads\/2025\/03\/z6431042523536_a68ee9f2535541dd8fe3cee1cb74b484.jpg\" \/>\n\t<meta property=\"og:image:width\" content=\"956\" \/>\n\t<meta property=\"og:image:height\" content=\"1276\" \/>\n\t<meta property=\"og:image:type\" content=\"image\/jpeg\" \/>\n<meta name=\"twitter:card\" content=\"summary_large_image\" \/>\n<meta name=\"twitter:label1\" content=\"Est. reading time\" \/>\n\t<meta name=\"twitter:data1\" content=\"3 minutes\" \/>\n<script type=\"application\/ld+json\" class=\"yoast-schema-graph\">{\"@context\":\"https:\/\/schema.org\",\"@graph\":[{\"@type\":\"WebPage\",\"@id\":\"https:\/\/puttercorner.com\/shop\/gay-putter-promodel-dunlop-201\/\",\"url\":\"https:\/\/puttercorner.com\/shop\/gay-putter-promodel-dunlop-201\/\",\"name\":\"G\u1eady putter PROMODEL DUNLOP 201 - Puttercorner.com\",\"isPartOf\":{\"@id\":\"https:\/\/puttercorner.com\/#website\"},\"primaryImageOfPage\":{\"@id\":\"https:\/\/puttercorner.com\/shop\/gay-putter-promodel-dunlop-201\/#primaryimage\"},\"image\":{\"@id\":\"https:\/\/puttercorner.com\/shop\/gay-putter-promodel-dunlop-201\/#primaryimage\"},\"thumbnailUrl\":\"https:\/\/puttercorner.com\/wp-content\/uploads\/2025\/03\/z6431042523536_a68ee9f2535541dd8fe3cee1cb74b484.jpg\",\"datePublished\":\"2025-03-26T03:09:02+00:00\",\"dateModified\":\"2025-03-26T03:53:42+00:00\",\"breadcrumb\":{\"@id\":\"https:\/\/puttercorner.com\/shop\/gay-putter-promodel-dunlop-201\/#breadcrumb\"},\"inLanguage\":\"en-US\",\"potentialAction\":[{\"@type\":\"ReadAction\",\"target\":[\"https:\/\/puttercorner.com\/shop\/gay-putter-promodel-dunlop-201\/\"]}]},{\"@type\":\"ImageObject\",\"inLanguage\":\"en-US\",\"@id\":\"https:\/\/puttercorner.com\/shop\/gay-putter-promodel-dunlop-201\/#primaryimage\",\"url\":\"https:\/\/puttercorner.com\/wp-content\/uploads\/2025\/03\/z6431042523536_a68ee9f2535541dd8fe3cee1cb74b484.jpg\",\"contentUrl\":\"https:\/\/puttercorner.com\/wp-content\/uploads\/2025\/03\/z6431042523536_a68ee9f2535541dd8fe3cee1cb74b484.jpg\",\"width\":956,\"height\":1276},{\"@type\":\"BreadcrumbList\",\"@id\":\"https:\/\/puttercorner.com\/shop\/gay-putter-promodel-dunlop-201\/#breadcrumb\",\"itemListElement\":[{\"@type\":\"ListItem\",\"position\":1,\"name\":\"Home\",\"item\":\"https:\/\/puttercorner.com\/\"},{\"@type\":\"ListItem\",\"position\":2,\"name\":\"Shop\",\"item\":\"https:\/\/puttercorner.com\/shop\/\"},{\"@type\":\"ListItem\",\"position\":3,\"name\":\"G\u1eady putter PROMODEL DUNLOP 201\"}]},{\"@type\":\"WebSite\",\"@id\":\"https:\/\/puttercorner.com\/#website\",\"url\":\"https:\/\/puttercorner.com\/\",\"name\":\"Putter Corner - \u0111\u01a1n v\u1ecb \u0111\u1ea7u ti\u00ean t\u1ea1i Vi\u1ec7t Nam chuy\u00ean v\u1ec1 d\u1ecbch v\u1ee5 t\u00e2n trang v\u00e0 c\u00e1 nh\u00e2n h\u00f3a g\u1eady golf.\",\"description\":\"\u0110\u01a1n v\u1ecb \u0111\u1ea7u ti\u00ean t\u1ea1i Vi\u1ec7t Nam chuy\u00ean v\u1ec1 d\u1ecbch v\u1ee5 t\u00e2n trang v\u00e0 c\u00e1 nh\u00e2n h\u00f3a g\u1eady golf.\",\"publisher\":{\"@id\":\"https:\/\/puttercorner.com\/#organization\"},\"potentialAction\":[{\"@type\":\"SearchAction\",\"target\":{\"@type\":\"EntryPoint\",\"urlTemplate\":\"https:\/\/puttercorner.com\/?s={search_term_string}\"},\"query-input\":{\"@type\":\"PropertyValueSpecification\",\"valueRequired\":true,\"valueName\":\"search_term_string\"}}],\"inLanguage\":\"en-US\"},{\"@type\":\"Organization\",\"@id\":\"https:\/\/puttercorner.com\/#organization\",\"name\":\"Putter Corner\",\"url\":\"https:\/\/puttercorner.com\/\",\"logo\":{\"@type\":\"ImageObject\",\"inLanguage\":\"en-US\",\"@id\":\"https:\/\/puttercorner.com\/#\/schema\/logo\/image\/\",\"url\":\"https:\/\/puttercorner.com\/wp-content\/uploads\/2025\/03\/logo50-1.png\",\"contentUrl\":\"https:\/\/puttercorner.com\/wp-content\/uploads\/2025\/03\/logo50-1.png\",\"width\":2300,\"height\":500,\"caption\":\"Putter Corner\"},\"image\":{\"@id\":\"https:\/\/puttercorner.com\/#\/schema\/logo\/image\/\"},\"sameAs\":[\"https:\/\/www.facebook.com\/people\/Putter-Corner\/61569123132539\/\"]}]}<\/script>\n<!-- \/ Yoast SEO plugin. -->","yoast_head_json":{"title":"G\u1eady putter PROMODEL DUNLOP 201 - Puttercorner.com","robots":{"index":"index","follow":"follow","max-snippet":"max-snippet:-1","max-image-preview":"max-image-preview:large","max-video-preview":"max-video-preview:-1"},"canonical":"https:\/\/puttercorner.com\/en\/shop\/gay-putter-promodel-dunlop-201\/","og_locale":"en_US","og_type":"article","og_title":"G\u1eady putter PROMODEL DUNLOP 201 - Puttercorner.com","og_description":"G\u1eady Putter PROMODEL DUNLOP 201 \u2013 S\u1ef1 l\u1ef1a ch\u1ecdn ho\u00e0n h\u1ea3o ...","og_url":"https:\/\/puttercorner.com\/en\/shop\/gay-putter-promodel-dunlop-201\/","og_site_name":"Puttercorner.com","article_publisher":"https:\/\/www.facebook.com\/people\/Putter-Corner\/61569123132539\/","article_modified_time":"2025-03-26T03:53:42+00:00","og_image":[{"width":956,"height":1276,"url":"https:\/\/puttercorner.com\/wp-content\/uploads\/2025\/03\/z6431042523536_a68ee9f2535541dd8fe3cee1cb74b484.jpg","type":"image\/jpeg"}],"twitter_card":"summary_large_image","twitter_misc":{"Est. reading time":"3 minutes"},"schema":{"@context":"https:\/\/schema.org","@graph":[{"@type":"WebPage","@id":"https:\/\/puttercorner.com\/shop\/gay-putter-promodel-dunlop-201\/","url":"https:\/\/puttercorner.com\/shop\/gay-putter-promodel-dunlop-201\/","name":"G\u1eady putter PROMODEL DUNLOP 201 - Puttercorner.com","isPartOf":{"@id":"https:\/\/puttercorner.com\/#website"},"primaryImageOfPage":{"@id":"https:\/\/puttercorner.com\/shop\/gay-putter-promodel-dunlop-201\/#primaryimage"},"image":{"@id":"https:\/\/puttercorner.com\/shop\/gay-putter-promodel-dunlop-201\/#primaryimage"},"thumbnailUrl":"https:\/\/puttercorner.com\/wp-content\/uploads\/2025\/03\/z6431042523536_a68ee9f2535541dd8fe3cee1cb74b484.jpg","datePublished":"2025-03-26T03:09:02+00:00","dateModified":"2025-03-26T03:53:42+00:00","breadcrumb":{"@id":"https:\/\/puttercorner.com\/shop\/gay-putter-promodel-dunlop-201\/#breadcrumb"},"inLanguage":"en-US","potentialAction":[{"@type":"ReadAction","target":["https:\/\/puttercorner.com\/shop\/gay-putter-promodel-dunlop-201\/"]}]},{"@type":"ImageObject","inLanguage":"en-US","@id":"https:\/\/puttercorner.com\/shop\/gay-putter-promodel-dunlop-201\/#primaryimage","url":"https:\/\/puttercorner.com\/wp-content\/uploads\/2025\/03\/z6431042523536_a68ee9f2535541dd8fe3cee1cb74b484.jpg","contentUrl":"https:\/\/puttercorner.com\/wp-content\/uploads\/2025\/03\/z6431042523536_a68ee9f2535541dd8fe3cee1cb74b484.jpg","width":956,"height":1276},{"@type":"BreadcrumbList","@id":"https:\/\/puttercorner.com\/shop\/gay-putter-promodel-dunlop-201\/#breadcrumb","itemListElement":[{"@type":"ListItem","position":1,"name":"Home","item":"https:\/\/puttercorner.com\/"},{"@type":"ListItem","position":2,"name":"Shop","item":"https:\/\/puttercorner.com\/shop\/"},{"@type":"ListItem","position":3,"name":"G\u1eady putter PROMODEL DUNLOP 201"}]},{"@type":"WebSite","@id":"https:\/\/puttercorner.com\/#website","url":"https:\/\/puttercorner.com\/","name":"Putter Corner - \u0111\u01a1n v\u1ecb \u0111\u1ea7u ti\u00ean t\u1ea1i Vi\u1ec7t Nam chuy\u00ean v\u1ec1 d\u1ecbch v\u1ee5 t\u00e2n trang v\u00e0 c\u00e1 nh\u00e2n h\u00f3a g\u1eady golf.","description":"\u0110\u01a1n v\u1ecb \u0111\u1ea7u ti\u00ean t\u1ea1i Vi\u1ec7t Nam chuy\u00ean v\u1ec1 d\u1ecbch v\u1ee5 t\u00e2n trang v\u00e0 c\u00e1 nh\u00e2n h\u00f3a g\u1eady golf.","publisher":{"@id":"https:\/\/puttercorner.com\/#organization"},"potentialAction":[{"@type":"SearchAction","target":{"@type":"EntryPoint","urlTemplate":"https:\/\/puttercorner.com\/?s={search_term_string}"},"query-input":{"@type":"PropertyValueSpecification","valueRequired":true,"valueName":"search_term_string"}}],"inLanguage":"en-US"},{"@type":"Organization","@id":"https:\/\/puttercorner.com\/#organization","name":"Putter Corner","url":"https:\/\/puttercorner.com\/","logo":{"@type":"ImageObject","inLanguage":"en-US","@id":"https:\/\/puttercorner.com\/#\/schema\/logo\/image\/","url":"https:\/\/puttercorner.com\/wp-content\/uploads\/2025\/03\/logo50-1.png","contentUrl":"https:\/\/puttercorner.com\/wp-content\/uploads\/2025\/03\/logo50-1.png","width":2300,"height":500,"caption":"Putter Corner"},"image":{"@id":"https:\/\/puttercorner.com\/#\/schema\/logo\/image\/"},"sameAs":["https:\/\/www.facebook.com\/people\/Putter-Corner\/61569123132539\/"]}]}},"_links":{"self":[{"href":"https:\/\/puttercorner.com\/en\/wp-json\/wp\/v2\/product\/2195","targetHints":{"allow":["GET"]}}],"collection":[{"href":"https:\/\/puttercorner.com\/en\/wp-json\/wp\/v2\/product"}],"about":[{"href":"https:\/\/puttercorner.com\/en\/wp-json\/wp\/v2\/types\/product"}],"replies":[{"embeddable":true,"href":"https:\/\/puttercorner.com\/en\/wp-json\/wp\/v2\/comments?post=2195"}],"wp:featuredmedia":[{"embeddable":true,"href":"https:\/\/puttercorner.com\/en\/wp-json\/wp\/v2\/media\/2199"}],"wp:attachment":[{"href":"https:\/\/puttercorner.com\/en\/wp-json\/wp\/v2\/media?parent=2195"}],"wp:term":[{"taxonomy":"product_brand","embeddable":true,"href":"https:\/\/puttercorner.com\/en\/wp-json\/wp\/v2\/product_brand?post=2195"},{"taxonomy":"product_cat","embeddable":true,"href":"https:\/\/puttercorner.com\/en\/wp-json\/wp\/v2\/product_cat?post=2195"},{"taxonomy":"product_tag","embeddable":true,"href":"https:\/\/puttercorner.com\/en\/wp-json\/wp\/v2\/product_tag?post=2195"}],"curies":[{"name":"wp","href":"https:\/\/api.w.org\/{rel}","templated":true}]}}