{"id":2185,"date":"2025-03-24T10:13:06","date_gmt":"2025-03-24T03:13:06","guid":{"rendered":"https:\/\/puttercorner.com\/?post_type=product&#038;p=2185"},"modified":"2025-03-26T10:54:04","modified_gmt":"2025-03-26T03:54:04","slug":"grip-golf-pride","status":"publish","type":"product","link":"https:\/\/puttercorner.com\/en\/shop\/grip-golf-pride\/","title":{"rendered":"Grip GOLF PRIDE"},"content":{"rendered":"<p>Grip Golf Pride \u2013 Chu\u1ea9n M\u1ef1c Hi\u1ec7u Su\u1ea5t &amp; \u0110\u1ed9 B\u00e1m Ho\u00e0n H\u1ea3o<br \/>\nGrip Golf Pride l\u00e0 l\u1ef1a ch\u1ecdn h\u00e0ng \u0111\u1ea7u c\u1ee7a c\u00e1c golfer chuy\u00ean nghi\u1ec7p, mang l\u1ea1i c\u1ea3m gi\u00e1c c\u1ea7m n\u1eafm tuy\u1ec7t v\u1eddi, ki\u1ec3m so\u00e1t t\u1ed1i \u0111a v\u00e0 \u0111\u1ed9 b\u1ec1n v\u01b0\u1ee3t tr\u1ed9i. \u0110\u01b0\u1ee3c s\u1ea3n xu\u1ea5t v\u1edbi c\u00f4ng ngh\u1ec7 ti\u00ean ti\u1ebfn, Grip Golf Pride gi\u00fap b\u1ea1n c\u1ea3i thi\u1ec7n c\u00fa \u0111\u00e1nh, gi\u1ea3m rung v\u00e0 t\u0103ng \u0111\u1ed9 ch\u00ednh x\u00e1c tr\u00ean m\u1ecdi m\u1eb7t s\u00e2n.<\/p>\n<p>\u0110\u1eb7c \u0111i\u1ec3m n\u1ed5i b\u1eadt:<br \/>\n\u2714 C\u00f4ng ngh\u1ec7 ti\u00ean ti\u1ebfn \u2013 Thi\u1ebft k\u1ebf v\u00e2n ch\u1ed1ng tr\u01a1n tr\u01b0\u1ee3t, t\u1ed1i \u01b0u \u0111\u1ed9 b\u00e1m ngay c\u1ea3 khi \u01b0\u1edbt.<br \/>\n\u2714 Ch\u1ea5t li\u1ec7u cao c\u1ea5p \u2013 \u0110\u1ed9 b\u1ec1n cao, c\u1ea3m gi\u00e1c c\u1ea7m ch\u1eafc ch\u1eafn v\u00e0 tho\u1ea3i m\u00e1i.<br \/>\n\u2714 Ki\u1ec3m so\u00e1t t\u1ed1i \u0111a \u2013 H\u1ed7 tr\u1ee3 l\u1ef1c \u0111\u00e1nh \u1ed5n \u0111\u1ecbnh, gi\u1ea3m rung khi va ch\u1ea1m.<br \/>\n\u2714 \u0110a d\u1ea1ng l\u1ef1a ch\u1ecdn \u2013 Nhi\u1ec1u m\u1eabu m\u00e3, k\u00edch th\u01b0\u1edbc ph\u00f9 h\u1ee3p v\u1edbi t\u1eebng phong c\u00e1ch ch\u01a1i.<\/p>\n<p>H\u00e3y n\u00e2ng t\u1ea7m tr\u1ea3i nghi\u1ec7m golf c\u1ee7a b\u1ea1n v\u1edbi Grip Golf Pride \u2013 s\u1ef1 kh\u00e1c bi\u1ec7t t\u1ea1o n\u00ean \u0111\u1eb3ng c\u1ea5p! \u26f3\ud83c\udfcc\ufe0f<\/p>\n<p>B\u1ea1n c\u00f3 mu\u1ed1n b\u1ed5 sung chi ti\u1ebft n\u00e0o kh\u00f4ng?<\/p>","protected":false},"excerpt":{"rendered":"<p>Grip Golf Pride l\u00e0 l\u1ef1a ch\u1ecdn h\u00e0ng \u0111\u1ea7u c\u1ee7a c\u00e1c golfer &#8230; <\/p>","protected":false},"featured_media":2187,"comment_status":"closed","ping_status":"closed","template":"","meta":[],"product_brand":[],"product_cat":[57],"product_tag":[],"class_list":{"0":"post-2185","1":"product","2":"type-product","3":"status-publish","4":"has-post-thumbnail","6":"product_cat-grip","8":"first","9":"instock","10":"taxable","11":"shipping-taxable","12":"product-type-simple"},"yoast_head":"<!-- This site is optimized with the Yoast SEO plugin v24.8.1 - https:\/\/yoast.com\/wordpress\/plugins\/seo\/ -->\n<title>Grip GOLF PRIDE - Puttercorner.com<\/title>\n<meta name=\"robots\" content=\"index, follow, max-snippet:-1, max-image-preview:large, max-video-preview:-1\" \/>\n<link rel=\"canonical\" href=\"https:\/\/puttercorner.com\/en\/shop\/grip-golf-pride\/\" \/>\n<meta property=\"og:locale\" content=\"en_US\" \/>\n<meta property=\"og:type\" content=\"article\" \/>\n<meta property=\"og:title\" content=\"Grip GOLF PRIDE - Puttercorner.com\" \/>\n<meta property=\"og:description\" content=\"Grip Golf Pride l\u00e0 l\u1ef1a ch\u1ecdn h\u00e0ng \u0111\u1ea7u c\u1ee7a c\u00e1c golfer ...\" \/>\n<meta property=\"og:url\" content=\"https:\/\/puttercorner.com\/en\/shop\/grip-golf-pride\/\" \/>\n<meta property=\"og:site_name\" content=\"Puttercorner.com\" \/>\n<meta property=\"article:publisher\" content=\"https:\/\/www.facebook.com\/people\/Putter-Corner\/61569123132539\/\" \/>\n<meta property=\"article:modified_time\" content=\"2025-03-26T03:54:04+00:00\" \/>\n<meta property=\"og:image\" content=\"https:\/\/puttercorner.com\/wp-content\/uploads\/2025\/03\/z6431033035459_597e1aa02d9d87ac379f416d8d3fcf01-scaled.jpg\" \/>\n\t<meta property=\"og:image:width\" content=\"1920\" \/>\n\t<meta property=\"og:image:height\" content=\"2560\" \/>\n\t<meta property=\"og:image:type\" content=\"image\/jpeg\" \/>\n<meta name=\"twitter:card\" content=\"summary_large_image\" \/>\n<meta name=\"twitter:label1\" content=\"Est. reading time\" \/>\n\t<meta name=\"twitter:data1\" content=\"1 minute\" \/>\n<script type=\"application\/ld+json\" class=\"yoast-schema-graph\">{\"@context\":\"https:\/\/schema.org\",\"@graph\":[{\"@type\":\"WebPage\",\"@id\":\"https:\/\/puttercorner.com\/shop\/grip-golf-pride\/\",\"url\":\"https:\/\/puttercorner.com\/shop\/grip-golf-pride\/\",\"name\":\"Grip GOLF PRIDE - Puttercorner.com\",\"isPartOf\":{\"@id\":\"https:\/\/puttercorner.com\/#website\"},\"primaryImageOfPage\":{\"@id\":\"https:\/\/puttercorner.com\/shop\/grip-golf-pride\/#primaryimage\"},\"image\":{\"@id\":\"https:\/\/puttercorner.com\/shop\/grip-golf-pride\/#primaryimage\"},\"thumbnailUrl\":\"https:\/\/puttercorner.com\/wp-content\/uploads\/2025\/03\/z6431033035459_597e1aa02d9d87ac379f416d8d3fcf01-scaled.jpg\",\"datePublished\":\"2025-03-24T03:13:06+00:00\",\"dateModified\":\"2025-03-26T03:54:04+00:00\",\"breadcrumb\":{\"@id\":\"https:\/\/puttercorner.com\/shop\/grip-golf-pride\/#breadcrumb\"},\"inLanguage\":\"en-US\",\"potentialAction\":[{\"@type\":\"ReadAction\",\"target\":[\"https:\/\/puttercorner.com\/shop\/grip-golf-pride\/\"]}]},{\"@type\":\"ImageObject\",\"inLanguage\":\"en-US\",\"@id\":\"https:\/\/puttercorner.com\/shop\/grip-golf-pride\/#primaryimage\",\"url\":\"https:\/\/puttercorner.com\/wp-content\/uploads\/2025\/03\/z6431033035459_597e1aa02d9d87ac379f416d8d3fcf01-scaled.jpg\",\"contentUrl\":\"https:\/\/puttercorner.com\/wp-content\/uploads\/2025\/03\/z6431033035459_597e1aa02d9d87ac379f416d8d3fcf01-scaled.jpg\",\"width\":1920,\"height\":2560},{\"@type\":\"BreadcrumbList\",\"@id\":\"https:\/\/puttercorner.com\/shop\/grip-golf-pride\/#breadcrumb\",\"itemListElement\":[{\"@type\":\"ListItem\",\"position\":1,\"name\":\"Home\",\"item\":\"https:\/\/puttercorner.com\/\"},{\"@type\":\"ListItem\",\"position\":2,\"name\":\"Shop\",\"item\":\"https:\/\/puttercorner.com\/shop\/\"},{\"@type\":\"ListItem\",\"position\":3,\"name\":\"Grip GOLF PRIDE\"}]},{\"@type\":\"WebSite\",\"@id\":\"https:\/\/puttercorner.com\/#website\",\"url\":\"https:\/\/puttercorner.com\/\",\"name\":\"Putter Corner - \u0111\u01a1n v\u1ecb \u0111\u1ea7u ti\u00ean t\u1ea1i Vi\u1ec7t Nam chuy\u00ean v\u1ec1 d\u1ecbch v\u1ee5 t\u00e2n trang v\u00e0 c\u00e1 nh\u00e2n h\u00f3a g\u1eady golf.\",\"description\":\"\u0110\u01a1n v\u1ecb \u0111\u1ea7u ti\u00ean t\u1ea1i Vi\u1ec7t Nam chuy\u00ean v\u1ec1 d\u1ecbch v\u1ee5 t\u00e2n trang v\u00e0 c\u00e1 nh\u00e2n h\u00f3a g\u1eady golf.\",\"publisher\":{\"@id\":\"https:\/\/puttercorner.com\/#organization\"},\"potentialAction\":[{\"@type\":\"SearchAction\",\"target\":{\"@type\":\"EntryPoint\",\"urlTemplate\":\"https:\/\/puttercorner.com\/?s={search_term_string}\"},\"query-input\":{\"@type\":\"PropertyValueSpecification\",\"valueRequired\":true,\"valueName\":\"search_term_string\"}}],\"inLanguage\":\"en-US\"},{\"@type\":\"Organization\",\"@id\":\"https:\/\/puttercorner.com\/#organization\",\"name\":\"Putter Corner\",\"url\":\"https:\/\/puttercorner.com\/\",\"logo\":{\"@type\":\"ImageObject\",\"inLanguage\":\"en-US\",\"@id\":\"https:\/\/puttercorner.com\/#\/schema\/logo\/image\/\",\"url\":\"https:\/\/puttercorner.com\/wp-content\/uploads\/2025\/03\/logo50-1.png\",\"contentUrl\":\"https:\/\/puttercorner.com\/wp-content\/uploads\/2025\/03\/logo50-1.png\",\"width\":2300,\"height\":500,\"caption\":\"Putter Corner\"},\"image\":{\"@id\":\"https:\/\/puttercorner.com\/#\/schema\/logo\/image\/\"},\"sameAs\":[\"https:\/\/www.facebook.com\/people\/Putter-Corner\/61569123132539\/\"]}]}<\/script>\n<!-- \/ Yoast SEO plugin. -->","yoast_head_json":{"title":"Grip GOLF PRIDE - Puttercorner.com","robots":{"index":"index","follow":"follow","max-snippet":"max-snippet:-1","max-image-preview":"max-image-preview:large","max-video-preview":"max-video-preview:-1"},"canonical":"https:\/\/puttercorner.com\/en\/shop\/grip-golf-pride\/","og_locale":"en_US","og_type":"article","og_title":"Grip GOLF PRIDE - Puttercorner.com","og_description":"Grip Golf Pride l\u00e0 l\u1ef1a ch\u1ecdn h\u00e0ng \u0111\u1ea7u c\u1ee7a c\u00e1c golfer ...","og_url":"https:\/\/puttercorner.com\/en\/shop\/grip-golf-pride\/","og_site_name":"Puttercorner.com","article_publisher":"https:\/\/www.facebook.com\/people\/Putter-Corner\/61569123132539\/","article_modified_time":"2025-03-26T03:54:04+00:00","og_image":[{"width":1920,"height":2560,"url":"https:\/\/puttercorner.com\/wp-content\/uploads\/2025\/03\/z6431033035459_597e1aa02d9d87ac379f416d8d3fcf01-scaled.jpg","type":"image\/jpeg"}],"twitter_card":"summary_large_image","twitter_misc":{"Est. reading time":"1 minute"},"schema":{"@context":"https:\/\/schema.org","@graph":[{"@type":"WebPage","@id":"https:\/\/puttercorner.com\/shop\/grip-golf-pride\/","url":"https:\/\/puttercorner.com\/shop\/grip-golf-pride\/","name":"Grip GOLF PRIDE - Puttercorner.com","isPartOf":{"@id":"https:\/\/puttercorner.com\/#website"},"primaryImageOfPage":{"@id":"https:\/\/puttercorner.com\/shop\/grip-golf-pride\/#primaryimage"},"image":{"@id":"https:\/\/puttercorner.com\/shop\/grip-golf-pride\/#primaryimage"},"thumbnailUrl":"https:\/\/puttercorner.com\/wp-content\/uploads\/2025\/03\/z6431033035459_597e1aa02d9d87ac379f416d8d3fcf01-scaled.jpg","datePublished":"2025-03-24T03:13:06+00:00","dateModified":"2025-03-26T03:54:04+00:00","breadcrumb":{"@id":"https:\/\/puttercorner.com\/shop\/grip-golf-pride\/#breadcrumb"},"inLanguage":"en-US","potentialAction":[{"@type":"ReadAction","target":["https:\/\/puttercorner.com\/shop\/grip-golf-pride\/"]}]},{"@type":"ImageObject","inLanguage":"en-US","@id":"https:\/\/puttercorner.com\/shop\/grip-golf-pride\/#primaryimage","url":"https:\/\/puttercorner.com\/wp-content\/uploads\/2025\/03\/z6431033035459_597e1aa02d9d87ac379f416d8d3fcf01-scaled.jpg","contentUrl":"https:\/\/puttercorner.com\/wp-content\/uploads\/2025\/03\/z6431033035459_597e1aa02d9d87ac379f416d8d3fcf01-scaled.jpg","width":1920,"height":2560},{"@type":"BreadcrumbList","@id":"https:\/\/puttercorner.com\/shop\/grip-golf-pride\/#breadcrumb","itemListElement":[{"@type":"ListItem","position":1,"name":"Home","item":"https:\/\/puttercorner.com\/"},{"@type":"ListItem","position":2,"name":"Shop","item":"https:\/\/puttercorner.com\/shop\/"},{"@type":"ListItem","position":3,"name":"Grip GOLF PRIDE"}]},{"@type":"WebSite","@id":"https:\/\/puttercorner.com\/#website","url":"https:\/\/puttercorner.com\/","name":"Putter Corner - \u0111\u01a1n v\u1ecb \u0111\u1ea7u ti\u00ean t\u1ea1i Vi\u1ec7t Nam chuy\u00ean v\u1ec1 d\u1ecbch v\u1ee5 t\u00e2n trang v\u00e0 c\u00e1 nh\u00e2n h\u00f3a g\u1eady golf.","description":"\u0110\u01a1n v\u1ecb \u0111\u1ea7u ti\u00ean t\u1ea1i Vi\u1ec7t Nam chuy\u00ean v\u1ec1 d\u1ecbch v\u1ee5 t\u00e2n trang v\u00e0 c\u00e1 nh\u00e2n h\u00f3a g\u1eady golf.","publisher":{"@id":"https:\/\/puttercorner.com\/#organization"},"potentialAction":[{"@type":"SearchAction","target":{"@type":"EntryPoint","urlTemplate":"https:\/\/puttercorner.com\/?s={search_term_string}"},"query-input":{"@type":"PropertyValueSpecification","valueRequired":true,"valueName":"search_term_string"}}],"inLanguage":"en-US"},{"@type":"Organization","@id":"https:\/\/puttercorner.com\/#organization","name":"Putter Corner","url":"https:\/\/puttercorner.com\/","logo":{"@type":"ImageObject","inLanguage":"en-US","@id":"https:\/\/puttercorner.com\/#\/schema\/logo\/image\/","url":"https:\/\/puttercorner.com\/wp-content\/uploads\/2025\/03\/logo50-1.png","contentUrl":"https:\/\/puttercorner.com\/wp-content\/uploads\/2025\/03\/logo50-1.png","width":2300,"height":500,"caption":"Putter Corner"},"image":{"@id":"https:\/\/puttercorner.com\/#\/schema\/logo\/image\/"},"sameAs":["https:\/\/www.facebook.com\/people\/Putter-Corner\/61569123132539\/"]}]}},"_links":{"self":[{"href":"https:\/\/puttercorner.com\/en\/wp-json\/wp\/v2\/product\/2185","targetHints":{"allow":["GET"]}}],"collection":[{"href":"https:\/\/puttercorner.com\/en\/wp-json\/wp\/v2\/product"}],"about":[{"href":"https:\/\/puttercorner.com\/en\/wp-json\/wp\/v2\/types\/product"}],"replies":[{"embeddable":true,"href":"https:\/\/puttercorner.com\/en\/wp-json\/wp\/v2\/comments?post=2185"}],"wp:featuredmedia":[{"embeddable":true,"href":"https:\/\/puttercorner.com\/en\/wp-json\/wp\/v2\/media\/2187"}],"wp:attachment":[{"href":"https:\/\/puttercorner.com\/en\/wp-json\/wp\/v2\/media?parent=2185"}],"wp:term":[{"taxonomy":"product_brand","embeddable":true,"href":"https:\/\/puttercorner.com\/en\/wp-json\/wp\/v2\/product_brand?post=2185"},{"taxonomy":"product_cat","embeddable":true,"href":"https:\/\/puttercorner.com\/en\/wp-json\/wp\/v2\/product_cat?post=2185"},{"taxonomy":"product_tag","embeddable":true,"href":"https:\/\/puttercorner.com\/en\/wp-json\/wp\/v2\/product_tag?post=2185"}],"curies":[{"name":"wp","href":"https:\/\/api.w.org\/{rel}","templated":true}]}}