{"id":1077,"date":"2019-08-15T08:40:10","date_gmt":"2019-08-15T08:40:10","guid":{"rendered":"https:\/\/xtratheme.com\/rims\/product\/mak-stardom-gloss-modern\/"},"modified":"2025-03-31T17:24:17","modified_gmt":"2025-03-31T10:24:17","slug":"gravity-grip","status":"publish","type":"product","link":"https:\/\/puttercorner.com\/en\/shop\/gravity-grip\/","title":{"rendered":"Gravity Grip"},"content":{"rendered":"<p><span style=\"vertical-align: inherit;\"><span style=\"vertical-align: inherit;\">B\u1ea1n mu\u1ed1n th\u00eam m\u1ed9t m\u1ee9c \u0111\u1ed9 th\u1ec3 thao cao v\u00e0o ni\u1ec1m t\u1ef1 h\u00e0o v\u00e0 ni\u1ec1m vui c\u1ee7a m\u00ecnh? V\u1eady th\u00ec, kh\u00f4ng c\u1ea7n t\u00ecm \u0111\u00e2u xa h\u01a1n Niche Sports. B\u00e1nh xe Niche Sport Series l\u00e0 m\u1ed9t c\u1ea5u tr\u00fac \u0111\u00fac li\u1ec1n kh\u1ed1i v\u1edbi c\u00e1c m\u1eb7t l\u00f5m v\u1edbi nan hoa k\u00e9o d\u00e0i \u0111\u1ebfn m\u00e9p c\u1ee7a v\u00e0nh, cho ph\u00e9p \u0111\u1ed9 l\u00f5m t\u1ed1i \u0111a, l\u1eafp so le m\u1ea1nh m\u1ebd v\u00e0 kho\u1ea3ng s\u00e1ng g\u1ea7m k\u1eb9p phanh l\u1edbn. C\u00e1c ki\u1ec3u Sport Series c\u00f3 s\u1eb5n v\u1edbi nhi\u1ec1u l\u1edbp ho\u00e0n thi\u1ec7n \u0111\u1ed9c \u0111\u00e1o v\u00e0 s\u1ed1 l\u01b0\u1ee3ng t\u00f9y ch\u1ecdn k\u00edch th\u01b0\u1edbc v\u00e0 l\u1eafp \u0111\u1eb7t h\u00e0ng \u0111\u1ea7u trong ng\u00e0nh. Nh\u1eefng b\u00e1nh xe th\u1eddi trang tuy\u1ec7t v\u1eddi n\u00e0y l\u00e0 m\u1ed9t b\u1ea3n n\u00e2ng c\u1ea5p r\u1ea5t n\u1ed5i b\u1eadt.<\/span><\/span><\/p>","protected":false},"excerpt":{"rendered":"<p><span style=\"vertical-align: inherit;\"><span style=\"vertical-align: inherit;\">B\u1ea1n mu\u1ed1n th\u00eam m\u1ed9t m\u1ee9c \u0111\u1ed9 th\u1ec3 &#8230; <\/p>","protected":false},"featured_media":2164,"comment_status":"open","ping_status":"closed","template":"","meta":[],"product_brand":[],"product_cat":[57],"product_tag":[],"class_list":{"0":"post-1077","1":"product","2":"type-product","3":"status-publish","4":"has-post-thumbnail","6":"product_cat-grip","8":"first","9":"instock","10":"taxable","11":"shipping-taxable","12":"product-type-simple"},"yoast_head":"<!-- This site is optimized with the Yoast SEO plugin v24.8.1 - https:\/\/yoast.com\/wordpress\/plugins\/seo\/ -->\n<title>Gravity Grip - Puttercorner.com<\/title>\n<meta name=\"robots\" content=\"index, follow, max-snippet:-1, max-image-preview:large, max-video-preview:-1\" \/>\n<link rel=\"canonical\" href=\"https:\/\/puttercorner.com\/en\/shop\/gravity-grip\/\" \/>\n<meta property=\"og:locale\" content=\"en_US\" \/>\n<meta property=\"og:type\" content=\"article\" \/>\n<meta property=\"og:title\" content=\"Gravity Grip - Puttercorner.com\" \/>\n<meta property=\"og:description\" content=\"B\u1ea1n mu\u1ed1n th\u00eam m\u1ed9t m\u1ee9c \u0111\u1ed9 th\u1ec3 ...\" \/>\n<meta property=\"og:url\" content=\"https:\/\/puttercorner.com\/en\/shop\/gravity-grip\/\" \/>\n<meta property=\"og:site_name\" content=\"Puttercorner.com\" \/>\n<meta property=\"article:publisher\" content=\"https:\/\/www.facebook.com\/people\/Putter-Corner\/61569123132539\/\" \/>\n<meta property=\"article:modified_time\" content=\"2025-03-31T10:24:17+00:00\" \/>\n<meta property=\"og:image\" content=\"https:\/\/puttercorner.com\/wp-content\/uploads\/2019\/08\/z6431033025081_55904f8b95eb1139afd8a09babebdcd8-scaled.jpg\" \/>\n\t<meta property=\"og:image:width\" content=\"2560\" \/>\n\t<meta property=\"og:image:height\" content=\"1920\" \/>\n\t<meta property=\"og:image:type\" content=\"image\/jpeg\" \/>\n<meta name=\"twitter:card\" content=\"summary_large_image\" \/>\n<meta name=\"twitter:label1\" content=\"Est. reading time\" \/>\n\t<meta name=\"twitter:data1\" content=\"1 minute\" \/>\n<script type=\"application\/ld+json\" class=\"yoast-schema-graph\">{\"@context\":\"https:\/\/schema.org\",\"@graph\":[{\"@type\":\"WebPage\",\"@id\":\"https:\/\/puttercorner.com\/shop\/gravity-grip\/\",\"url\":\"https:\/\/puttercorner.com\/shop\/gravity-grip\/\",\"name\":\"Gravity Grip - Puttercorner.com\",\"isPartOf\":{\"@id\":\"https:\/\/puttercorner.com\/#website\"},\"primaryImageOfPage\":{\"@id\":\"https:\/\/puttercorner.com\/shop\/gravity-grip\/#primaryimage\"},\"image\":{\"@id\":\"https:\/\/puttercorner.com\/shop\/gravity-grip\/#primaryimage\"},\"thumbnailUrl\":\"https:\/\/puttercorner.com\/wp-content\/uploads\/2019\/08\/z6431033025081_55904f8b95eb1139afd8a09babebdcd8-scaled.jpg\",\"datePublished\":\"2019-08-15T08:40:10+00:00\",\"dateModified\":\"2025-03-31T10:24:17+00:00\",\"breadcrumb\":{\"@id\":\"https:\/\/puttercorner.com\/shop\/gravity-grip\/#breadcrumb\"},\"inLanguage\":\"en-US\",\"potentialAction\":[{\"@type\":\"ReadAction\",\"target\":[\"https:\/\/puttercorner.com\/shop\/gravity-grip\/\"]}]},{\"@type\":\"ImageObject\",\"inLanguage\":\"en-US\",\"@id\":\"https:\/\/puttercorner.com\/shop\/gravity-grip\/#primaryimage\",\"url\":\"https:\/\/puttercorner.com\/wp-content\/uploads\/2019\/08\/z6431033025081_55904f8b95eb1139afd8a09babebdcd8-scaled.jpg\",\"contentUrl\":\"https:\/\/puttercorner.com\/wp-content\/uploads\/2019\/08\/z6431033025081_55904f8b95eb1139afd8a09babebdcd8-scaled.jpg\",\"width\":2560,\"height\":1920},{\"@type\":\"BreadcrumbList\",\"@id\":\"https:\/\/puttercorner.com\/shop\/gravity-grip\/#breadcrumb\",\"itemListElement\":[{\"@type\":\"ListItem\",\"position\":1,\"name\":\"Home\",\"item\":\"https:\/\/puttercorner.com\/\"},{\"@type\":\"ListItem\",\"position\":2,\"name\":\"Shop\",\"item\":\"https:\/\/puttercorner.com\/shop\/\"},{\"@type\":\"ListItem\",\"position\":3,\"name\":\"Gravity Grip\"}]},{\"@type\":\"WebSite\",\"@id\":\"https:\/\/puttercorner.com\/#website\",\"url\":\"https:\/\/puttercorner.com\/\",\"name\":\"Putter Corner - \u0111\u01a1n v\u1ecb \u0111\u1ea7u ti\u00ean t\u1ea1i Vi\u1ec7t Nam chuy\u00ean v\u1ec1 d\u1ecbch v\u1ee5 t\u00e2n trang v\u00e0 c\u00e1 nh\u00e2n h\u00f3a g\u1eady golf.\",\"description\":\"\u0110\u01a1n v\u1ecb \u0111\u1ea7u ti\u00ean t\u1ea1i Vi\u1ec7t Nam chuy\u00ean v\u1ec1 d\u1ecbch v\u1ee5 t\u00e2n trang v\u00e0 c\u00e1 nh\u00e2n h\u00f3a g\u1eady golf.\",\"publisher\":{\"@id\":\"https:\/\/puttercorner.com\/#organization\"},\"potentialAction\":[{\"@type\":\"SearchAction\",\"target\":{\"@type\":\"EntryPoint\",\"urlTemplate\":\"https:\/\/puttercorner.com\/?s={search_term_string}\"},\"query-input\":{\"@type\":\"PropertyValueSpecification\",\"valueRequired\":true,\"valueName\":\"search_term_string\"}}],\"inLanguage\":\"en-US\"},{\"@type\":\"Organization\",\"@id\":\"https:\/\/puttercorner.com\/#organization\",\"name\":\"Putter Corner\",\"url\":\"https:\/\/puttercorner.com\/\",\"logo\":{\"@type\":\"ImageObject\",\"inLanguage\":\"en-US\",\"@id\":\"https:\/\/puttercorner.com\/#\/schema\/logo\/image\/\",\"url\":\"https:\/\/puttercorner.com\/wp-content\/uploads\/2025\/03\/logo50-1.png\",\"contentUrl\":\"https:\/\/puttercorner.com\/wp-content\/uploads\/2025\/03\/logo50-1.png\",\"width\":2300,\"height\":500,\"caption\":\"Putter Corner\"},\"image\":{\"@id\":\"https:\/\/puttercorner.com\/#\/schema\/logo\/image\/\"},\"sameAs\":[\"https:\/\/www.facebook.com\/people\/Putter-Corner\/61569123132539\/\"]}]}<\/script>\n<!-- \/ Yoast SEO plugin. -->","yoast_head_json":{"title":"Gravity Grip - Puttercorner.com","robots":{"index":"index","follow":"follow","max-snippet":"max-snippet:-1","max-image-preview":"max-image-preview:large","max-video-preview":"max-video-preview:-1"},"canonical":"https:\/\/puttercorner.com\/en\/shop\/gravity-grip\/","og_locale":"en_US","og_type":"article","og_title":"Gravity Grip - Puttercorner.com","og_description":"B\u1ea1n mu\u1ed1n th\u00eam m\u1ed9t m\u1ee9c \u0111\u1ed9 th\u1ec3 ...","og_url":"https:\/\/puttercorner.com\/en\/shop\/gravity-grip\/","og_site_name":"Puttercorner.com","article_publisher":"https:\/\/www.facebook.com\/people\/Putter-Corner\/61569123132539\/","article_modified_time":"2025-03-31T10:24:17+00:00","og_image":[{"width":2560,"height":1920,"url":"https:\/\/puttercorner.com\/wp-content\/uploads\/2019\/08\/z6431033025081_55904f8b95eb1139afd8a09babebdcd8-scaled.jpg","type":"image\/jpeg"}],"twitter_card":"summary_large_image","twitter_misc":{"Est. reading time":"1 minute"},"schema":{"@context":"https:\/\/schema.org","@graph":[{"@type":"WebPage","@id":"https:\/\/puttercorner.com\/shop\/gravity-grip\/","url":"https:\/\/puttercorner.com\/shop\/gravity-grip\/","name":"Gravity Grip - Puttercorner.com","isPartOf":{"@id":"https:\/\/puttercorner.com\/#website"},"primaryImageOfPage":{"@id":"https:\/\/puttercorner.com\/shop\/gravity-grip\/#primaryimage"},"image":{"@id":"https:\/\/puttercorner.com\/shop\/gravity-grip\/#primaryimage"},"thumbnailUrl":"https:\/\/puttercorner.com\/wp-content\/uploads\/2019\/08\/z6431033025081_55904f8b95eb1139afd8a09babebdcd8-scaled.jpg","datePublished":"2019-08-15T08:40:10+00:00","dateModified":"2025-03-31T10:24:17+00:00","breadcrumb":{"@id":"https:\/\/puttercorner.com\/shop\/gravity-grip\/#breadcrumb"},"inLanguage":"en-US","potentialAction":[{"@type":"ReadAction","target":["https:\/\/puttercorner.com\/shop\/gravity-grip\/"]}]},{"@type":"ImageObject","inLanguage":"en-US","@id":"https:\/\/puttercorner.com\/shop\/gravity-grip\/#primaryimage","url":"https:\/\/puttercorner.com\/wp-content\/uploads\/2019\/08\/z6431033025081_55904f8b95eb1139afd8a09babebdcd8-scaled.jpg","contentUrl":"https:\/\/puttercorner.com\/wp-content\/uploads\/2019\/08\/z6431033025081_55904f8b95eb1139afd8a09babebdcd8-scaled.jpg","width":2560,"height":1920},{"@type":"BreadcrumbList","@id":"https:\/\/puttercorner.com\/shop\/gravity-grip\/#breadcrumb","itemListElement":[{"@type":"ListItem","position":1,"name":"Home","item":"https:\/\/puttercorner.com\/"},{"@type":"ListItem","position":2,"name":"Shop","item":"https:\/\/puttercorner.com\/shop\/"},{"@type":"ListItem","position":3,"name":"Gravity Grip"}]},{"@type":"WebSite","@id":"https:\/\/puttercorner.com\/#website","url":"https:\/\/puttercorner.com\/","name":"Putter Corner - \u0111\u01a1n v\u1ecb \u0111\u1ea7u ti\u00ean t\u1ea1i Vi\u1ec7t Nam chuy\u00ean v\u1ec1 d\u1ecbch v\u1ee5 t\u00e2n trang v\u00e0 c\u00e1 nh\u00e2n h\u00f3a g\u1eady golf.","description":"\u0110\u01a1n v\u1ecb \u0111\u1ea7u ti\u00ean t\u1ea1i Vi\u1ec7t Nam chuy\u00ean v\u1ec1 d\u1ecbch v\u1ee5 t\u00e2n trang v\u00e0 c\u00e1 nh\u00e2n h\u00f3a g\u1eady golf.","publisher":{"@id":"https:\/\/puttercorner.com\/#organization"},"potentialAction":[{"@type":"SearchAction","target":{"@type":"EntryPoint","urlTemplate":"https:\/\/puttercorner.com\/?s={search_term_string}"},"query-input":{"@type":"PropertyValueSpecification","valueRequired":true,"valueName":"search_term_string"}}],"inLanguage":"en-US"},{"@type":"Organization","@id":"https:\/\/puttercorner.com\/#organization","name":"Putter Corner","url":"https:\/\/puttercorner.com\/","logo":{"@type":"ImageObject","inLanguage":"en-US","@id":"https:\/\/puttercorner.com\/#\/schema\/logo\/image\/","url":"https:\/\/puttercorner.com\/wp-content\/uploads\/2025\/03\/logo50-1.png","contentUrl":"https:\/\/puttercorner.com\/wp-content\/uploads\/2025\/03\/logo50-1.png","width":2300,"height":500,"caption":"Putter Corner"},"image":{"@id":"https:\/\/puttercorner.com\/#\/schema\/logo\/image\/"},"sameAs":["https:\/\/www.facebook.com\/people\/Putter-Corner\/61569123132539\/"]}]}},"_links":{"self":[{"href":"https:\/\/puttercorner.com\/en\/wp-json\/wp\/v2\/product\/1077","targetHints":{"allow":["GET"]}}],"collection":[{"href":"https:\/\/puttercorner.com\/en\/wp-json\/wp\/v2\/product"}],"about":[{"href":"https:\/\/puttercorner.com\/en\/wp-json\/wp\/v2\/types\/product"}],"replies":[{"embeddable":true,"href":"https:\/\/puttercorner.com\/en\/wp-json\/wp\/v2\/comments?post=1077"}],"wp:featuredmedia":[{"embeddable":true,"href":"https:\/\/puttercorner.com\/en\/wp-json\/wp\/v2\/media\/2164"}],"wp:attachment":[{"href":"https:\/\/puttercorner.com\/en\/wp-json\/wp\/v2\/media?parent=1077"}],"wp:term":[{"taxonomy":"product_brand","embeddable":true,"href":"https:\/\/puttercorner.com\/en\/wp-json\/wp\/v2\/product_brand?post=1077"},{"taxonomy":"product_cat","embeddable":true,"href":"https:\/\/puttercorner.com\/en\/wp-json\/wp\/v2\/product_cat?post=1077"},{"taxonomy":"product_tag","embeddable":true,"href":"https:\/\/puttercorner.com\/en\/wp-json\/wp\/v2\/product_tag?post=1077"}],"curies":[{"name":"wp","href":"https:\/\/api.w.org\/{rel}","templated":true}]}}