{"id":1067,"date":"2019-08-15T08:39:54","date_gmt":"2019-08-15T08:39:54","guid":{"rendered":"https:\/\/xtratheme.com\/rims\/product\/mak-highlands-matte-black\/"},"modified":"2026-04-05T18:46:57","modified_gmt":"2026-04-05T11:46:57","slug":"grip-super-stroke-flatso-2-0","status":"publish","type":"product","link":"https:\/\/puttercorner.com\/en\/shop\/grip-super-stroke-flatso-2-0\/","title":{"rendered":"Grip Super Stroke Flatso 2.0"},"content":{"rendered":"<p>Want to add a high level of sportiness to your pride and joy? Then, look no further than Niche Sports. Niche Sport Series wheels are a cast monoblock construction with concave profiles with spokes extending to the edge of the lip, allowing for maximum concavity, aggressive staggered fitments, and large caliper clearance. Sport Series styles are available in many unique finishes and an industry-leading number of size and fitment options. These wicked stylish wheels are a highly distinguished upgrade.<\/p>","protected":false},"excerpt":{"rendered":"<p>Want to add a high level of sportiness to your pride &#8230; <\/p>","protected":false},"featured_media":2177,"comment_status":"open","ping_status":"closed","template":"","meta":[],"product_brand":[],"product_cat":[57],"product_tag":[],"class_list":{"0":"post-1067","1":"product","2":"type-product","3":"status-publish","4":"has-post-thumbnail","6":"product_cat-grip","8":"first","9":"instock","10":"taxable","11":"shipping-taxable","12":"product-type-simple"},"yoast_head":"<!-- This site is optimized with the Yoast SEO plugin v24.8.1 - https:\/\/yoast.com\/wordpress\/plugins\/seo\/ -->\n<title>Grip Super Stroke Flatso 2.0 - Puttercorner.com<\/title>\n<meta name=\"robots\" content=\"index, follow, max-snippet:-1, max-image-preview:large, max-video-preview:-1\" \/>\n<link rel=\"canonical\" href=\"https:\/\/puttercorner.com\/en\/shop\/grip-super-stroke-flatso-2-0\/\" \/>\n<meta property=\"og:locale\" content=\"en_US\" \/>\n<meta property=\"og:type\" content=\"article\" \/>\n<meta property=\"og:title\" content=\"Grip Super Stroke Flatso 2.0 - Puttercorner.com\" \/>\n<meta property=\"og:description\" content=\"Want to add a high level of sportiness to your pride ...\" \/>\n<meta property=\"og:url\" content=\"https:\/\/puttercorner.com\/en\/shop\/grip-super-stroke-flatso-2-0\/\" \/>\n<meta property=\"og:site_name\" content=\"Puttercorner.com\" \/>\n<meta property=\"article:publisher\" content=\"https:\/\/www.facebook.com\/people\/Putter-Corner\/61569123132539\/\" \/>\n<meta property=\"article:modified_time\" content=\"2026-04-05T11:46:57+00:00\" \/>\n<meta property=\"og:image\" content=\"https:\/\/puttercorner.com\/wp-content\/uploads\/2019\/08\/z6431036907939_b6cb598ec938ee1f89d256aeb289d11a-768x1024.jpg\" \/>\n\t<meta property=\"og:image:width\" content=\"768\" \/>\n\t<meta property=\"og:image:height\" content=\"1024\" \/>\n\t<meta property=\"og:image:type\" content=\"image\/jpeg\" \/>\n<meta name=\"twitter:card\" content=\"summary_large_image\" \/>\n<script type=\"application\/ld+json\" class=\"yoast-schema-graph\">{\"@context\":\"https:\/\/schema.org\",\"@graph\":[{\"@type\":\"WebPage\",\"@id\":\"https:\/\/puttercorner.com\/shop\/grip-super-stroke-flatso-2-0\/\",\"url\":\"https:\/\/puttercorner.com\/shop\/grip-super-stroke-flatso-2-0\/\",\"name\":\"Grip Super Stroke Flatso 2.0 - Puttercorner.com\",\"isPartOf\":{\"@id\":\"https:\/\/puttercorner.com\/#website\"},\"primaryImageOfPage\":{\"@id\":\"https:\/\/puttercorner.com\/shop\/grip-super-stroke-flatso-2-0\/#primaryimage\"},\"image\":{\"@id\":\"https:\/\/puttercorner.com\/shop\/grip-super-stroke-flatso-2-0\/#primaryimage\"},\"thumbnailUrl\":\"https:\/\/puttercorner.com\/wp-content\/uploads\/2019\/08\/z6431036907939_b6cb598ec938ee1f89d256aeb289d11a.jpg\",\"datePublished\":\"2019-08-15T08:39:54+00:00\",\"dateModified\":\"2026-04-05T11:46:57+00:00\",\"breadcrumb\":{\"@id\":\"https:\/\/puttercorner.com\/shop\/grip-super-stroke-flatso-2-0\/#breadcrumb\"},\"inLanguage\":\"en-US\",\"potentialAction\":[{\"@type\":\"ReadAction\",\"target\":[\"https:\/\/puttercorner.com\/shop\/grip-super-stroke-flatso-2-0\/\"]}]},{\"@type\":\"ImageObject\",\"inLanguage\":\"en-US\",\"@id\":\"https:\/\/puttercorner.com\/shop\/grip-super-stroke-flatso-2-0\/#primaryimage\",\"url\":\"https:\/\/puttercorner.com\/wp-content\/uploads\/2019\/08\/z6431036907939_b6cb598ec938ee1f89d256aeb289d11a.jpg\",\"contentUrl\":\"https:\/\/puttercorner.com\/wp-content\/uploads\/2019\/08\/z6431036907939_b6cb598ec938ee1f89d256aeb289d11a.jpg\",\"width\":1920,\"height\":2560},{\"@type\":\"BreadcrumbList\",\"@id\":\"https:\/\/puttercorner.com\/shop\/grip-super-stroke-flatso-2-0\/#breadcrumb\",\"itemListElement\":[{\"@type\":\"ListItem\",\"position\":1,\"name\":\"Home\",\"item\":\"https:\/\/puttercorner.com\/\"},{\"@type\":\"ListItem\",\"position\":2,\"name\":\"Shop\",\"item\":\"https:\/\/puttercorner.com\/shop\/\"},{\"@type\":\"ListItem\",\"position\":3,\"name\":\"Grip Super Stroke Flatso 2.0\"}]},{\"@type\":\"WebSite\",\"@id\":\"https:\/\/puttercorner.com\/#website\",\"url\":\"https:\/\/puttercorner.com\/\",\"name\":\"Putter Corner - \u0111\u01a1n v\u1ecb \u0111\u1ea7u ti\u00ean t\u1ea1i Vi\u1ec7t Nam chuy\u00ean v\u1ec1 d\u1ecbch v\u1ee5 t\u00e2n trang v\u00e0 c\u00e1 nh\u00e2n h\u00f3a g\u1eady golf.\",\"description\":\"\u0110\u01a1n v\u1ecb \u0111\u1ea7u ti\u00ean t\u1ea1i Vi\u1ec7t Nam chuy\u00ean v\u1ec1 d\u1ecbch v\u1ee5 t\u00e2n trang v\u00e0 c\u00e1 nh\u00e2n h\u00f3a g\u1eady golf.\",\"publisher\":{\"@id\":\"https:\/\/puttercorner.com\/#organization\"},\"potentialAction\":[{\"@type\":\"SearchAction\",\"target\":{\"@type\":\"EntryPoint\",\"urlTemplate\":\"https:\/\/puttercorner.com\/?s={search_term_string}\"},\"query-input\":{\"@type\":\"PropertyValueSpecification\",\"valueRequired\":true,\"valueName\":\"search_term_string\"}}],\"inLanguage\":\"en-US\"},{\"@type\":\"Organization\",\"@id\":\"https:\/\/puttercorner.com\/#organization\",\"name\":\"Putter Corner\",\"url\":\"https:\/\/puttercorner.com\/\",\"logo\":{\"@type\":\"ImageObject\",\"inLanguage\":\"en-US\",\"@id\":\"https:\/\/puttercorner.com\/#\/schema\/logo\/image\/\",\"url\":\"https:\/\/puttercorner.com\/wp-content\/uploads\/2025\/03\/logo50-1.png\",\"contentUrl\":\"https:\/\/puttercorner.com\/wp-content\/uploads\/2025\/03\/logo50-1.png\",\"width\":2300,\"height\":500,\"caption\":\"Putter Corner\"},\"image\":{\"@id\":\"https:\/\/puttercorner.com\/#\/schema\/logo\/image\/\"},\"sameAs\":[\"https:\/\/www.facebook.com\/people\/Putter-Corner\/61569123132539\/\"]}]}<\/script>\n<!-- \/ Yoast SEO plugin. -->","yoast_head_json":{"title":"Grip Super Stroke Flatso 2.0 - Puttercorner.com","robots":{"index":"index","follow":"follow","max-snippet":"max-snippet:-1","max-image-preview":"max-image-preview:large","max-video-preview":"max-video-preview:-1"},"canonical":"https:\/\/puttercorner.com\/en\/shop\/grip-super-stroke-flatso-2-0\/","og_locale":"en_US","og_type":"article","og_title":"Grip Super Stroke Flatso 2.0 - Puttercorner.com","og_description":"Want to add a high level of sportiness to your pride ...","og_url":"https:\/\/puttercorner.com\/en\/shop\/grip-super-stroke-flatso-2-0\/","og_site_name":"Puttercorner.com","article_publisher":"https:\/\/www.facebook.com\/people\/Putter-Corner\/61569123132539\/","article_modified_time":"2026-04-05T11:46:57+00:00","og_image":[{"width":768,"height":1024,"url":"https:\/\/puttercorner.com\/wp-content\/uploads\/2019\/08\/z6431036907939_b6cb598ec938ee1f89d256aeb289d11a-768x1024.jpg","type":"image\/jpeg"}],"twitter_card":"summary_large_image","schema":{"@context":"https:\/\/schema.org","@graph":[{"@type":"WebPage","@id":"https:\/\/puttercorner.com\/shop\/grip-super-stroke-flatso-2-0\/","url":"https:\/\/puttercorner.com\/shop\/grip-super-stroke-flatso-2-0\/","name":"Grip Super Stroke Flatso 2.0 - Puttercorner.com","isPartOf":{"@id":"https:\/\/puttercorner.com\/#website"},"primaryImageOfPage":{"@id":"https:\/\/puttercorner.com\/shop\/grip-super-stroke-flatso-2-0\/#primaryimage"},"image":{"@id":"https:\/\/puttercorner.com\/shop\/grip-super-stroke-flatso-2-0\/#primaryimage"},"thumbnailUrl":"https:\/\/puttercorner.com\/wp-content\/uploads\/2019\/08\/z6431036907939_b6cb598ec938ee1f89d256aeb289d11a.jpg","datePublished":"2019-08-15T08:39:54+00:00","dateModified":"2026-04-05T11:46:57+00:00","breadcrumb":{"@id":"https:\/\/puttercorner.com\/shop\/grip-super-stroke-flatso-2-0\/#breadcrumb"},"inLanguage":"en-US","potentialAction":[{"@type":"ReadAction","target":["https:\/\/puttercorner.com\/shop\/grip-super-stroke-flatso-2-0\/"]}]},{"@type":"ImageObject","inLanguage":"en-US","@id":"https:\/\/puttercorner.com\/shop\/grip-super-stroke-flatso-2-0\/#primaryimage","url":"https:\/\/puttercorner.com\/wp-content\/uploads\/2019\/08\/z6431036907939_b6cb598ec938ee1f89d256aeb289d11a.jpg","contentUrl":"https:\/\/puttercorner.com\/wp-content\/uploads\/2019\/08\/z6431036907939_b6cb598ec938ee1f89d256aeb289d11a.jpg","width":1920,"height":2560},{"@type":"BreadcrumbList","@id":"https:\/\/puttercorner.com\/shop\/grip-super-stroke-flatso-2-0\/#breadcrumb","itemListElement":[{"@type":"ListItem","position":1,"name":"Home","item":"https:\/\/puttercorner.com\/"},{"@type":"ListItem","position":2,"name":"Shop","item":"https:\/\/puttercorner.com\/shop\/"},{"@type":"ListItem","position":3,"name":"Grip Super Stroke Flatso 2.0"}]},{"@type":"WebSite","@id":"https:\/\/puttercorner.com\/#website","url":"https:\/\/puttercorner.com\/","name":"Putter Corner - \u0111\u01a1n v\u1ecb \u0111\u1ea7u ti\u00ean t\u1ea1i Vi\u1ec7t Nam chuy\u00ean v\u1ec1 d\u1ecbch v\u1ee5 t\u00e2n trang v\u00e0 c\u00e1 nh\u00e2n h\u00f3a g\u1eady golf.","description":"\u0110\u01a1n v\u1ecb \u0111\u1ea7u ti\u00ean t\u1ea1i Vi\u1ec7t Nam chuy\u00ean v\u1ec1 d\u1ecbch v\u1ee5 t\u00e2n trang v\u00e0 c\u00e1 nh\u00e2n h\u00f3a g\u1eady golf.","publisher":{"@id":"https:\/\/puttercorner.com\/#organization"},"potentialAction":[{"@type":"SearchAction","target":{"@type":"EntryPoint","urlTemplate":"https:\/\/puttercorner.com\/?s={search_term_string}"},"query-input":{"@type":"PropertyValueSpecification","valueRequired":true,"valueName":"search_term_string"}}],"inLanguage":"en-US"},{"@type":"Organization","@id":"https:\/\/puttercorner.com\/#organization","name":"Putter Corner","url":"https:\/\/puttercorner.com\/","logo":{"@type":"ImageObject","inLanguage":"en-US","@id":"https:\/\/puttercorner.com\/#\/schema\/logo\/image\/","url":"https:\/\/puttercorner.com\/wp-content\/uploads\/2025\/03\/logo50-1.png","contentUrl":"https:\/\/puttercorner.com\/wp-content\/uploads\/2025\/03\/logo50-1.png","width":2300,"height":500,"caption":"Putter Corner"},"image":{"@id":"https:\/\/puttercorner.com\/#\/schema\/logo\/image\/"},"sameAs":["https:\/\/www.facebook.com\/people\/Putter-Corner\/61569123132539\/"]}]}},"_links":{"self":[{"href":"https:\/\/puttercorner.com\/en\/wp-json\/wp\/v2\/product\/1067","targetHints":{"allow":["GET"]}}],"collection":[{"href":"https:\/\/puttercorner.com\/en\/wp-json\/wp\/v2\/product"}],"about":[{"href":"https:\/\/puttercorner.com\/en\/wp-json\/wp\/v2\/types\/product"}],"replies":[{"embeddable":true,"href":"https:\/\/puttercorner.com\/en\/wp-json\/wp\/v2\/comments?post=1067"}],"wp:featuredmedia":[{"embeddable":true,"href":"https:\/\/puttercorner.com\/en\/wp-json\/wp\/v2\/media\/2177"}],"wp:attachment":[{"href":"https:\/\/puttercorner.com\/en\/wp-json\/wp\/v2\/media?parent=1067"}],"wp:term":[{"taxonomy":"product_brand","embeddable":true,"href":"https:\/\/puttercorner.com\/en\/wp-json\/wp\/v2\/product_brand?post=1067"},{"taxonomy":"product_cat","embeddable":true,"href":"https:\/\/puttercorner.com\/en\/wp-json\/wp\/v2\/product_cat?post=1067"},{"taxonomy":"product_tag","embeddable":true,"href":"https:\/\/puttercorner.com\/en\/wp-json\/wp\/v2\/product_tag?post=1067"}],"curies":[{"name":"wp","href":"https:\/\/api.w.org\/{rel}","templated":true}]}}