{"id":2570,"date":"2025-04-04T14:16:18","date_gmt":"2025-04-04T07:16:18","guid":{"rendered":"https:\/\/puttercorner.com\/?page_id=2570"},"modified":"2025-04-04T14:22:20","modified_gmt":"2025-04-04T07:22:20","slug":"chinh-sach-bao-mat","status":"publish","type":"page","link":"https:\/\/puttercorner.com\/en\/chinh-sach-bao-mat\/","title":{"rendered":"Ch\u00ednh s\u00e1ch b\u1ea3o m\u1eadt"},"content":{"rendered":"<div data-elementor-type=\"wp-page\" data-elementor-id=\"2570\" class=\"elementor elementor-2570\">\n\t\t\t\t<div class=\"elementor-element elementor-element-22eb3586 e-flex e-con-boxed e-con e-parent\" data-id=\"22eb3586\" data-element_type=\"container\">\n\t\t\t\t\t<div class=\"e-con-inner\">\n\t\t\t\t<div class=\"elementor-element elementor-element-5043aad elementor-widget elementor-widget-text-editor\" data-id=\"5043aad\" data-element_type=\"widget\" data-widget_type=\"text-editor.default\">\n\t\t\t\t<div class=\"elementor-widget-container\"><h2><strong>CH\u00cdNH S\u00c1CH QUY\u1ec0N RI\u00caNG T\u01af<\/strong><\/h2><p><span style=\"font-size: 18px; font-family: Arial;\">C\u1ea3m \u01a1n b\u1ea1n \u0111\u00e3 truy c\u1eadp trang web Putter Corner. Ch\u00fang t\u00f4i cam k\u1ebft b\u1ea3o v\u1ec7 quy\u1ec1n ri\u00eang t\u01b0 v\u00e0 th\u00f4ng tin c\u00e1 nh\u00e2n c\u1ee7a b\u1ea1n. Ch\u00ednh s\u00e1ch n\u00e0y gi\u1ea3i th\u00edch c\u00e1ch ch\u00fang t\u00f4i thu th\u1eadp, s\u1eed d\u1ee5ng v\u00e0 b\u1ea3o v\u1ec7 th\u00f4ng tin c\u1ee7a b\u1ea1n.<\/span><\/p>\n<p><span style=\"font-size: 18px; font-family: Arial;\"><\/span><\/p>\n<p><span style=\"font-size: 18px; font-family: Arial;\"><strong>1. Thu th\u1eadp th\u00f4ng tin<\/strong> Ch\u00fang t\u00f4i c\u00f3 th\u1ec3 thu th\u1eadp c\u00e1c th\u00f4ng tin c\u00e1 nh\u00e2n c\u1ee7a b\u1ea1n khi b\u1ea1n s\u1eed d\u1ee5ng trang web, bao g\u1ed3m nh\u01b0ng kh\u00f4ng gi\u1edbi h\u1ea1n:<\/span><\/p>\n<p><span style=\"font-size: 18px; font-family: Arial;\"><\/span><\/p>\n<ul class=\"wp-block-list\"><li><span style=\"font-size: 18px; font-family: Arial;\">H\u1ecd t\u00ean<\/span><\/li><li><span style=\"font-size: 18px; font-family: Arial;\">\u0110\u1ecba ch\u1ec9 email<\/span><\/li><li><span style=\"font-size: 18px; font-family: Arial;\">S\u1ed1 \u0111i\u1ec7n tho\u1ea1i<\/span><\/li><li><span style=\"font-size: 18px; font-family: Arial;\">\u0110\u1ecba ch\u1ec9 giao h\u00e0ng (n\u1ebfu c\u00f3)<\/span><\/li><li><span style=\"font-size: 18px; font-family: Arial;\">Th\u00f4ng tin thanh to\u00e1n (n\u1ebfu c\u00f3)<\/span><\/li><li><span style=\"font-size: 18px; font-family: Arial;\">C\u00e1c th\u00f4ng tin kh\u00e1c m\u00e0 b\u1ea1n t\u1ef1 nguy\u1ec7n cung c\u1ea5p<\/span><\/li><\/ul>\n<p><span style=\"font-size: 18px; font-family: Arial;\"><\/span><\/p>\n<p><span style=\"font-size: 18px; font-family: Arial;\">Ngo\u00e0i ra, ch\u00fang t\u00f4i c\u0169ng c\u00f3 th\u1ec3 thu th\u1eadp th\u00f4ng tin t\u1ef1 \u0111\u1ed9ng qua cookies ho\u1eb7c c\u00e1c c\u00f4ng ngh\u1ec7 theo d\u00f5i kh\u00e1c.<\/span><\/p>\n<p><span style=\"font-size: 18px; font-family: Arial;\"><\/span><\/p>\n<p><span style=\"font-size: 18px; font-family: Arial;\"><strong>2. M\u1ee5c \u0111\u00edch s\u1eed d\u1ee5ng th\u00f4ng tin<\/strong> Th\u00f4ng tin thu th\u1eadp \u0111\u01b0\u1ee3c s\u1ebd \u0111\u01b0\u1ee3c s\u1eed d\u1ee5ng cho c\u00e1c m\u1ee5c \u0111\u00edch sau:<\/span><\/p>\n<p><span style=\"font-size: 18px; font-family: Arial;\"><\/span><\/p>\n<ul class=\"wp-block-list\"><li><span style=\"font-size: 18px; font-family: Arial;\">X\u1eed l\u00fd \u0111\u01a1n h\u00e0ng v\u00e0 cung c\u1ea5p d\u1ecbch v\u1ee5<\/span><\/li><li><span style=\"font-size: 18px; font-family: Arial;\">C\u1ea3i thi\u1ec7n tr\u1ea3i nghi\u1ec7m ng\u01b0\u1eddi d\u00f9ng<\/span><\/li><li><span style=\"font-size: 18px; font-family: Arial;\">Li\u00ean h\u1ec7, h\u1ed7 tr\u1ee3 kh\u00e1ch h\u00e0ng<\/span><\/li><li><span style=\"font-size: 18px; font-family: Arial;\">G\u1eedi th\u00f4ng tin khuy\u1ebfn m\u00e3i, \u01b0u \u0111\u00e3i (n\u1ebfu b\u1ea1n \u0111\u1ed3ng \u00fd)<\/span><\/li><li><span style=\"font-size: 18px; font-family: Arial;\">\u0110\u00e1p \u1ee9ng c\u00e1c y\u00eau c\u1ea7u ph\u00e1p l\u00fd<\/span><\/li><\/ul>\n<p><span style=\"font-size: 18px; font-family: Arial;\"><\/span><\/p>\n<p><span style=\"font-size: 18px; font-family: Arial;\"><strong>3. Chia s\u1ebb th\u00f4ng tin<\/strong> Ch\u00fang t\u00f4i kh\u00f4ng b\u00e1n ho\u1eb7c chia s\u1ebb th\u00f4ng tin c\u00e1 nh\u00e2n c\u1ee7a b\u1ea1n v\u1edbi b\u00ean th\u1ee9 ba, ngo\u1ea1i tr\u1eeb trong c\u00e1c tr\u01b0\u1eddng h\u1ee3p sau:<\/span><\/p>\n<p><span style=\"font-size: 18px; font-family: Arial;\"><\/span><\/p>\n<ul class=\"wp-block-list\"><li><span style=\"font-size: 18px; font-family: Arial;\">Cung c\u1ea5p cho \u0111\u1ed1i t\u00e1c giao h\u00e0ng, thanh to\u00e1n \u0111\u1ec3 x\u1eed l\u00fd \u0111\u01a1n h\u00e0ng<\/span><\/li><li><span style=\"font-size: 18px; font-family: Arial;\">Theo y\u00eau c\u1ea7u c\u1ee7a c\u01a1 quan ph\u00e1p lu\u1eadt<\/span><\/li><li><span style=\"font-size: 18px; font-family: Arial;\">Khi c\u00f3 s\u1ef1 \u0111\u1ed3ng \u00fd c\u1ee7a b\u1ea1n<\/span><\/li><\/ul>\n<p><span style=\"font-size: 18px; font-family: Arial;\"><\/span><\/p>\n<p><span style=\"font-size: 18px; font-family: Arial;\"><strong>4. B\u1ea3o m\u1eadt th\u00f4ng tin<\/strong> Ch\u00fang t\u00f4i \u00e1p d\u1ee5ng c\u00e1c bi\u1ec7n ph\u00e1p b\u1ea3o m\u1eadt th\u00edch h\u1ee3p \u0111\u1ec3 b\u1ea3o v\u1ec7 th\u00f4ng tin c\u00e1 nh\u00e2n c\u1ee7a b\u1ea1n kh\u1ecfi truy c\u1eadp tr\u00e1i ph\u00e9p, m\u1ea5t m\u00e1t ho\u1eb7c r\u00f2 r\u1ec9.<\/span><\/p>\n<p><span style=\"font-size: 18px; font-family: Arial;\"><\/span><\/p>\n<p><span style=\"font-size: 18px; font-family: Arial;\"><strong>5. Quy\u1ec1n c\u1ee7a b\u1ea1n<\/strong> B\u1ea1n c\u00f3 quy\u1ec1n:<\/span><\/p>\n<p><span style=\"font-size: 18px; font-family: Arial;\"><\/span><\/p>\n<ul class=\"wp-block-list\"><li><span style=\"font-size: 18px; font-family: Arial;\">Y\u00eau c\u1ea7u truy c\u1eadp, ch\u1ec9nh s\u1eeda ho\u1eb7c x\u00f3a th\u00f4ng tin c\u00e1 nh\u00e2n c\u1ee7a m\u00ecnh<\/span><\/li><li><span style=\"font-size: 18px; font-family: Arial;\">T\u1eeb ch\u1ed1i nh\u1eadn email qu\u1ea3ng c\u00e1o b\u1ea5t c\u1ee9 l\u00fac n\u00e0o<\/span><\/li><li><span style=\"font-size: 18px; font-family: Arial;\">Ki\u1ec3m so\u00e1t c\u00e0i \u0111\u1eb7t cookie tr\u00ean tr\u00ecnh duy\u1ec7t c\u1ee7a b\u1ea1n<\/span><\/li><\/ul>\n<p><span style=\"font-size: 18px; font-family: Arial;\"><\/span><\/p>\n<p><span style=\"font-size: 18px; font-family: Arial;\"><strong>6. Thay \u0111\u1ed5i ch\u00ednh s\u00e1ch<\/strong> Ch\u00ednh s\u00e1ch n\u00e0y c\u00f3 th\u1ec3 \u0111\u01b0\u1ee3c c\u1eadp nh\u1eadt theo th\u1eddi gian. M\u1ecdi thay \u0111\u1ed5i s\u1ebd \u0111\u01b0\u1ee3c th\u00f4ng b\u00e1o tr\u00ean trang web.<\/span><\/p>\n<p><span style=\"font-size: 18px; font-family: Arial;\"><\/span><\/p>\n<p><span style=\"font-size: 18px; font-family: Arial;\">N\u1ebfu b\u1ea1n c\u00f3 b\u1ea5t k\u1ef3 c\u00e2u h\u1ecfi n\u00e0o v\u1ec1 ch\u00ednh s\u00e1ch quy\u1ec1n ri\u00eang t\u01b0, vui l\u00f2ng li\u00ean h\u1ec7 v\u1edbi ch\u00fang t\u00f4i qua email ho\u1eb7c s\u1ed1 \u0111i\u1ec7n tho\u1ea1i \u0111\u01b0\u1ee3c cung c\u1ea5p tr\u00ean trang web.<\/span><\/p><\/div>\n\t\t\t\t<\/div>\n\t\t\t\t\t<\/div>\n\t\t\t\t<\/div>\t\t<\/div>","protected":false},"excerpt":{"rendered":"<p>CH\u00cdNH S\u00c1CH QUY\u1ec0N RI\u00caNG T\u01af C\u1ea3m \u01a1n b\u1ea1n \u0111\u00e3 truy c\u1eadp &#8230; <\/p>","protected":false},"author":1,"featured_media":0,"parent":0,"menu_order":0,"comment_status":"closed","ping_status":"closed","template":"","meta":{"footnotes":""},"class_list":["post-2570","page","type-page","status-publish","hentry"],"yoast_head":"<!-- This site is optimized with the Yoast SEO plugin v24.8.1 - https:\/\/yoast.com\/wordpress\/plugins\/seo\/ -->\n<title>Ch\u00ednh s\u00e1ch b\u1ea3o m\u1eadt - Puttercorner.com<\/title>\n<meta name=\"robots\" content=\"index, follow, max-snippet:-1, max-image-preview:large, max-video-preview:-1\" \/>\n<link rel=\"canonical\" href=\"https:\/\/puttercorner.com\/en\/chinh-sach-bao-mat\/\" \/>\n<meta property=\"og:locale\" content=\"en_US\" \/>\n<meta property=\"og:type\" content=\"article\" \/>\n<meta property=\"og:title\" content=\"Ch\u00ednh s\u00e1ch b\u1ea3o m\u1eadt - Puttercorner.com\" \/>\n<meta property=\"og:description\" content=\"CH\u00cdNH S\u00c1CH QUY\u1ec0N RI\u00caNG T\u01af C\u1ea3m \u01a1n b\u1ea1n \u0111\u00e3 truy c\u1eadp ...\" \/>\n<meta property=\"og:url\" content=\"https:\/\/puttercorner.com\/en\/chinh-sach-bao-mat\/\" \/>\n<meta property=\"og:site_name\" content=\"Puttercorner.com\" \/>\n<meta property=\"article:publisher\" content=\"https:\/\/www.facebook.com\/people\/Putter-Corner\/61569123132539\/\" \/>\n<meta property=\"article:modified_time\" content=\"2025-04-04T07:22:20+00:00\" \/>\n<meta name=\"twitter:card\" content=\"summary_large_image\" \/>\n<meta name=\"twitter:label1\" content=\"Est. reading time\" \/>\n\t<meta name=\"twitter:data1\" content=\"3 minutes\" \/>\n<script type=\"application\/ld+json\" class=\"yoast-schema-graph\">{\"@context\":\"https:\/\/schema.org\",\"@graph\":[{\"@type\":\"WebPage\",\"@id\":\"https:\/\/puttercorner.com\/chinh-sach-bao-mat\/\",\"url\":\"https:\/\/puttercorner.com\/chinh-sach-bao-mat\/\",\"name\":\"Ch\u00ednh s\u00e1ch b\u1ea3o m\u1eadt - Puttercorner.com\",\"isPartOf\":{\"@id\":\"https:\/\/puttercorner.com\/#website\"},\"datePublished\":\"2025-04-04T07:16:18+00:00\",\"dateModified\":\"2025-04-04T07:22:20+00:00\",\"breadcrumb\":{\"@id\":\"https:\/\/puttercorner.com\/chinh-sach-bao-mat\/#breadcrumb\"},\"inLanguage\":\"en-US\",\"potentialAction\":[{\"@type\":\"ReadAction\",\"target\":[\"https:\/\/puttercorner.com\/chinh-sach-bao-mat\/\"]}]},{\"@type\":\"BreadcrumbList\",\"@id\":\"https:\/\/puttercorner.com\/chinh-sach-bao-mat\/#breadcrumb\",\"itemListElement\":[{\"@type\":\"ListItem\",\"position\":1,\"name\":\"Home\",\"item\":\"https:\/\/puttercorner.com\/\"},{\"@type\":\"ListItem\",\"position\":2,\"name\":\"Ch\u00ednh s\u00e1ch b\u1ea3o m\u1eadt\"}]},{\"@type\":\"WebSite\",\"@id\":\"https:\/\/puttercorner.com\/#website\",\"url\":\"https:\/\/puttercorner.com\/\",\"name\":\"Putter Corner - \u0111\u01a1n v\u1ecb \u0111\u1ea7u ti\u00ean t\u1ea1i Vi\u1ec7t Nam chuy\u00ean v\u1ec1 d\u1ecbch v\u1ee5 t\u00e2n trang v\u00e0 c\u00e1 nh\u00e2n h\u00f3a g\u1eady golf.\",\"description\":\"\u0110\u01a1n v\u1ecb \u0111\u1ea7u ti\u00ean t\u1ea1i Vi\u1ec7t Nam chuy\u00ean v\u1ec1 d\u1ecbch v\u1ee5 t\u00e2n trang v\u00e0 c\u00e1 nh\u00e2n h\u00f3a g\u1eady golf.\",\"publisher\":{\"@id\":\"https:\/\/puttercorner.com\/#organization\"},\"potentialAction\":[{\"@type\":\"SearchAction\",\"target\":{\"@type\":\"EntryPoint\",\"urlTemplate\":\"https:\/\/puttercorner.com\/?s={search_term_string}\"},\"query-input\":{\"@type\":\"PropertyValueSpecification\",\"valueRequired\":true,\"valueName\":\"search_term_string\"}}],\"inLanguage\":\"en-US\"},{\"@type\":\"Organization\",\"@id\":\"https:\/\/puttercorner.com\/#organization\",\"name\":\"Putter Corner\",\"url\":\"https:\/\/puttercorner.com\/\",\"logo\":{\"@type\":\"ImageObject\",\"inLanguage\":\"en-US\",\"@id\":\"https:\/\/puttercorner.com\/#\/schema\/logo\/image\/\",\"url\":\"https:\/\/puttercorner.com\/wp-content\/uploads\/2025\/03\/logo50-1.png\",\"contentUrl\":\"https:\/\/puttercorner.com\/wp-content\/uploads\/2025\/03\/logo50-1.png\",\"width\":2300,\"height\":500,\"caption\":\"Putter Corner\"},\"image\":{\"@id\":\"https:\/\/puttercorner.com\/#\/schema\/logo\/image\/\"},\"sameAs\":[\"https:\/\/www.facebook.com\/people\/Putter-Corner\/61569123132539\/\"]}]}<\/script>\n<!-- \/ Yoast SEO plugin. -->","yoast_head_json":{"title":"Ch\u00ednh s\u00e1ch b\u1ea3o m\u1eadt - Puttercorner.com","robots":{"index":"index","follow":"follow","max-snippet":"max-snippet:-1","max-image-preview":"max-image-preview:large","max-video-preview":"max-video-preview:-1"},"canonical":"https:\/\/puttercorner.com\/en\/chinh-sach-bao-mat\/","og_locale":"en_US","og_type":"article","og_title":"Ch\u00ednh s\u00e1ch b\u1ea3o m\u1eadt - Puttercorner.com","og_description":"CH\u00cdNH S\u00c1CH QUY\u1ec0N RI\u00caNG T\u01af C\u1ea3m \u01a1n b\u1ea1n \u0111\u00e3 truy c\u1eadp ...","og_url":"https:\/\/puttercorner.com\/en\/chinh-sach-bao-mat\/","og_site_name":"Puttercorner.com","article_publisher":"https:\/\/www.facebook.com\/people\/Putter-Corner\/61569123132539\/","article_modified_time":"2025-04-04T07:22:20+00:00","twitter_card":"summary_large_image","twitter_misc":{"Est. reading time":"3 minutes"},"schema":{"@context":"https:\/\/schema.org","@graph":[{"@type":"WebPage","@id":"https:\/\/puttercorner.com\/chinh-sach-bao-mat\/","url":"https:\/\/puttercorner.com\/chinh-sach-bao-mat\/","name":"Ch\u00ednh s\u00e1ch b\u1ea3o m\u1eadt - Puttercorner.com","isPartOf":{"@id":"https:\/\/puttercorner.com\/#website"},"datePublished":"2025-04-04T07:16:18+00:00","dateModified":"2025-04-04T07:22:20+00:00","breadcrumb":{"@id":"https:\/\/puttercorner.com\/chinh-sach-bao-mat\/#breadcrumb"},"inLanguage":"en-US","potentialAction":[{"@type":"ReadAction","target":["https:\/\/puttercorner.com\/chinh-sach-bao-mat\/"]}]},{"@type":"BreadcrumbList","@id":"https:\/\/puttercorner.com\/chinh-sach-bao-mat\/#breadcrumb","itemListElement":[{"@type":"ListItem","position":1,"name":"Home","item":"https:\/\/puttercorner.com\/"},{"@type":"ListItem","position":2,"name":"Ch\u00ednh s\u00e1ch b\u1ea3o m\u1eadt"}]},{"@type":"WebSite","@id":"https:\/\/puttercorner.com\/#website","url":"https:\/\/puttercorner.com\/","name":"Putter Corner - \u0111\u01a1n v\u1ecb \u0111\u1ea7u ti\u00ean t\u1ea1i Vi\u1ec7t Nam chuy\u00ean v\u1ec1 d\u1ecbch v\u1ee5 t\u00e2n trang v\u00e0 c\u00e1 nh\u00e2n h\u00f3a g\u1eady golf.","description":"\u0110\u01a1n v\u1ecb \u0111\u1ea7u ti\u00ean t\u1ea1i Vi\u1ec7t Nam chuy\u00ean v\u1ec1 d\u1ecbch v\u1ee5 t\u00e2n trang v\u00e0 c\u00e1 nh\u00e2n h\u00f3a g\u1eady golf.","publisher":{"@id":"https:\/\/puttercorner.com\/#organization"},"potentialAction":[{"@type":"SearchAction","target":{"@type":"EntryPoint","urlTemplate":"https:\/\/puttercorner.com\/?s={search_term_string}"},"query-input":{"@type":"PropertyValueSpecification","valueRequired":true,"valueName":"search_term_string"}}],"inLanguage":"en-US"},{"@type":"Organization","@id":"https:\/\/puttercorner.com\/#organization","name":"Putter Corner","url":"https:\/\/puttercorner.com\/","logo":{"@type":"ImageObject","inLanguage":"en-US","@id":"https:\/\/puttercorner.com\/#\/schema\/logo\/image\/","url":"https:\/\/puttercorner.com\/wp-content\/uploads\/2025\/03\/logo50-1.png","contentUrl":"https:\/\/puttercorner.com\/wp-content\/uploads\/2025\/03\/logo50-1.png","width":2300,"height":500,"caption":"Putter Corner"},"image":{"@id":"https:\/\/puttercorner.com\/#\/schema\/logo\/image\/"},"sameAs":["https:\/\/www.facebook.com\/people\/Putter-Corner\/61569123132539\/"]}]}},"_links":{"self":[{"href":"https:\/\/puttercorner.com\/en\/wp-json\/wp\/v2\/pages\/2570","targetHints":{"allow":["GET"]}}],"collection":[{"href":"https:\/\/puttercorner.com\/en\/wp-json\/wp\/v2\/pages"}],"about":[{"href":"https:\/\/puttercorner.com\/en\/wp-json\/wp\/v2\/types\/page"}],"author":[{"embeddable":true,"href":"https:\/\/puttercorner.com\/en\/wp-json\/wp\/v2\/users\/1"}],"replies":[{"embeddable":true,"href":"https:\/\/puttercorner.com\/en\/wp-json\/wp\/v2\/comments?post=2570"}],"version-history":[{"count":4,"href":"https:\/\/puttercorner.com\/en\/wp-json\/wp\/v2\/pages\/2570\/revisions"}],"predecessor-version":[{"id":2584,"href":"https:\/\/puttercorner.com\/en\/wp-json\/wp\/v2\/pages\/2570\/revisions\/2584"}],"wp:attachment":[{"href":"https:\/\/puttercorner.com\/en\/wp-json\/wp\/v2\/media?parent=2570"}],"curies":[{"name":"wp","href":"https:\/\/api.w.org\/{rel}","templated":true}]}}