{"id":2069,"date":"2025-03-20T15:53:12","date_gmt":"2025-03-20T08:53:12","guid":{"rendered":"https:\/\/puttercorner.com\/?page_id=2069"},"modified":"2025-03-20T16:19:28","modified_gmt":"2025-03-20T09:19:28","slug":"hai-tay-cam","status":"publish","type":"page","link":"https:\/\/puttercorner.com\/en\/hai-tay-cam\/","title":{"rendered":"\u0110\u1ed4I GRIP"},"content":{"rendered":"<div data-elementor-type=\"wp-page\" data-elementor-id=\"2069\" class=\"elementor elementor-2069\">\n\t\t\t\t<div class=\"elementor-element elementor-element-3c07afa e-grid e-con-boxed e-con e-parent\" data-id=\"3c07afa\" data-element_type=\"container\">\n\t\t\t\t\t<div class=\"e-con-inner\">\n\t\t\t\t<div class=\"elementor-element elementor-element-c134f76 elementor-widget elementor-widget-image\" data-id=\"c134f76\" data-element_type=\"widget\" data-widget_type=\"image.default\">\n\t\t\t\t<div class=\"elementor-widget-container\">\n\t\t\t\t\t\t\t\t\t\t\t\t\t\t\t<img fetchpriority=\"high\" decoding=\"async\" width=\"768\" height=\"1024\" src=\"data:image\/svg+xml,%3Csvg%20xmlns%3D&#39;http%3A%2F%2Fwww.w3.org%2F2000%2Fsvg&#39;%20width=&#39;768&#39;%20height=&#39;1024&#39;%20viewBox%3D&#39;0%200%20768%201024&#39;%2F%3E\" data-czlz data-src=\"https:\/\/puttercorner.com\/wp-content\/uploads\/2025\/03\/482008876_122122971806637437_8390810066301167872_n-768x1024.jpg\" class=\"attachment-large size-large wp-image-1859\" alt=\"\" data-srcset=\"https:\/\/puttercorner.com\/wp-content\/uploads\/2025\/03\/482008876_122122971806637437_8390810066301167872_n-768x1024.jpg 768w, https:\/\/puttercorner.com\/wp-content\/uploads\/2025\/03\/482008876_122122971806637437_8390810066301167872_n-225x300.jpg 225w, https:\/\/puttercorner.com\/wp-content\/uploads\/2025\/03\/482008876_122122971806637437_8390810066301167872_n-1152x1536.jpg 1152w, https:\/\/puttercorner.com\/wp-content\/uploads\/2025\/03\/482008876_122122971806637437_8390810066301167872_n-9x12.jpg 9w, https:\/\/puttercorner.com\/wp-content\/uploads\/2025\/03\/482008876_122122971806637437_8390810066301167872_n-600x800.jpg 600w, https:\/\/puttercorner.com\/wp-content\/uploads\/2025\/03\/482008876_122122971806637437_8390810066301167872_n-1000x1333.jpg 1000w, https:\/\/puttercorner.com\/wp-content\/uploads\/2025\/03\/482008876_122122971806637437_8390810066301167872_n.jpg 1536w\" data-sizes=\"(max-width: 768px) 100vw, 768px\" \/>\t\t\t\t\t\t\t\t\t\t\t\t\t\t\t<\/div>\n\t\t\t\t<\/div>\n\t\t\t\t<div class=\"elementor-element elementor-element-d04dbb2 elementor-widget elementor-widget-image\" data-id=\"d04dbb2\" data-element_type=\"widget\" data-widget_type=\"image.default\">\n\t\t\t\t<div class=\"elementor-widget-container\">\n\t\t\t\t\t\t\t\t\t\t\t\t\t\t\t<img decoding=\"async\" width=\"768\" height=\"1024\" src=\"data:image\/svg+xml,%3Csvg%20xmlns%3D&#39;http%3A%2F%2Fwww.w3.org%2F2000%2Fsvg&#39;%20width=&#39;768&#39;%20height=&#39;1024&#39;%20viewBox%3D&#39;0%200%20768%201024&#39;%2F%3E\" data-czlz data-src=\"https:\/\/puttercorner.com\/wp-content\/uploads\/2025\/03\/481907704_122122971932637437_1243895223314489792_n-768x1024.jpg\" class=\"attachment-large size-large wp-image-1858\" alt=\"\" data-srcset=\"https:\/\/puttercorner.com\/wp-content\/uploads\/2025\/03\/481907704_122122971932637437_1243895223314489792_n-768x1024.jpg 768w, https:\/\/puttercorner.com\/wp-content\/uploads\/2025\/03\/481907704_122122971932637437_1243895223314489792_n-225x300.jpg 225w, https:\/\/puttercorner.com\/wp-content\/uploads\/2025\/03\/481907704_122122971932637437_1243895223314489792_n-1152x1536.jpg 1152w, https:\/\/puttercorner.com\/wp-content\/uploads\/2025\/03\/481907704_122122971932637437_1243895223314489792_n-9x12.jpg 9w, https:\/\/puttercorner.com\/wp-content\/uploads\/2025\/03\/481907704_122122971932637437_1243895223314489792_n-600x800.jpg 600w, https:\/\/puttercorner.com\/wp-content\/uploads\/2025\/03\/481907704_122122971932637437_1243895223314489792_n-1000x1333.jpg 1000w, https:\/\/puttercorner.com\/wp-content\/uploads\/2025\/03\/481907704_122122971932637437_1243895223314489792_n.jpg 1536w\" data-sizes=\"(max-width: 768px) 100vw, 768px\" \/>\t\t\t\t\t\t\t\t\t\t\t\t\t\t\t<\/div>\n\t\t\t\t<\/div>\n\t\t\t\t<div class=\"elementor-element elementor-element-56e7960 elementor-widget elementor-widget-image\" data-id=\"56e7960\" data-element_type=\"widget\" data-widget_type=\"image.default\">\n\t\t\t\t<div class=\"elementor-widget-container\">\n\t\t\t\t\t\t\t\t\t\t\t\t\t\t\t<img decoding=\"async\" width=\"768\" height=\"1024\" src=\"data:image\/svg+xml,%3Csvg%20xmlns%3D&#39;http%3A%2F%2Fwww.w3.org%2F2000%2Fsvg&#39;%20width=&#39;768&#39;%20height=&#39;1024&#39;%20viewBox%3D&#39;0%200%20768%201024&#39;%2F%3E\" data-czlz data-src=\"https:\/\/puttercorner.com\/wp-content\/uploads\/2025\/03\/z6377096117342_4c5ab58bf622bd442a0b9aeead14b640-768x1024.jpg\" class=\"attachment-large size-large wp-image-2071\" alt=\"\" data-srcset=\"https:\/\/puttercorner.com\/wp-content\/uploads\/2025\/03\/z6377096117342_4c5ab58bf622bd442a0b9aeead14b640-768x1024.jpg 768w, https:\/\/puttercorner.com\/wp-content\/uploads\/2025\/03\/z6377096117342_4c5ab58bf622bd442a0b9aeead14b640-225x300.jpg 225w, https:\/\/puttercorner.com\/wp-content\/uploads\/2025\/03\/z6377096117342_4c5ab58bf622bd442a0b9aeead14b640-1152x1536.jpg 1152w, https:\/\/puttercorner.com\/wp-content\/uploads\/2025\/03\/z6377096117342_4c5ab58bf622bd442a0b9aeead14b640-1536x2048.jpg 1536w, https:\/\/puttercorner.com\/wp-content\/uploads\/2025\/03\/z6377096117342_4c5ab58bf622bd442a0b9aeead14b640-9x12.jpg 9w, https:\/\/puttercorner.com\/wp-content\/uploads\/2025\/03\/z6377096117342_4c5ab58bf622bd442a0b9aeead14b640-600x800.jpg 600w, https:\/\/puttercorner.com\/wp-content\/uploads\/2025\/03\/z6377096117342_4c5ab58bf622bd442a0b9aeead14b640-1000x1333.jpg 1000w, https:\/\/puttercorner.com\/wp-content\/uploads\/2025\/03\/z6377096117342_4c5ab58bf622bd442a0b9aeead14b640-scaled.jpg 1920w\" data-sizes=\"(max-width: 768px) 100vw, 768px\" \/>\t\t\t\t\t\t\t\t\t\t\t\t\t\t\t<\/div>\n\t\t\t\t<\/div>\n\t\t\t\t<div class=\"elementor-element elementor-element-21cff39 elementor-widget elementor-widget-image\" data-id=\"21cff39\" data-element_type=\"widget\" data-widget_type=\"image.default\">\n\t\t\t\t<div class=\"elementor-widget-container\">\n\t\t\t\t\t\t\t\t\t\t\t\t\t\t\t<img loading=\"lazy\" decoding=\"async\" width=\"768\" height=\"1024\" src=\"data:image\/svg+xml,%3Csvg%20xmlns%3D&#39;http%3A%2F%2Fwww.w3.org%2F2000%2Fsvg&#39;%20width=&#39;768&#39;%20height=&#39;1024&#39;%20viewBox%3D&#39;0%200%20768%201024&#39;%2F%3E\" data-czlz data-src=\"https:\/\/puttercorner.com\/wp-content\/uploads\/2025\/03\/z6377096117602_84158d0d8cabc0431a8ddf55b7d3f314-768x1024.jpg\" class=\"attachment-large size-large wp-image-2072\" alt=\"\" data-srcset=\"https:\/\/puttercorner.com\/wp-content\/uploads\/2025\/03\/z6377096117602_84158d0d8cabc0431a8ddf55b7d3f314-768x1024.jpg 768w, https:\/\/puttercorner.com\/wp-content\/uploads\/2025\/03\/z6377096117602_84158d0d8cabc0431a8ddf55b7d3f314-225x300.jpg 225w, https:\/\/puttercorner.com\/wp-content\/uploads\/2025\/03\/z6377096117602_84158d0d8cabc0431a8ddf55b7d3f314-1152x1536.jpg 1152w, https:\/\/puttercorner.com\/wp-content\/uploads\/2025\/03\/z6377096117602_84158d0d8cabc0431a8ddf55b7d3f314-1536x2048.jpg 1536w, https:\/\/puttercorner.com\/wp-content\/uploads\/2025\/03\/z6377096117602_84158d0d8cabc0431a8ddf55b7d3f314-9x12.jpg 9w, https:\/\/puttercorner.com\/wp-content\/uploads\/2025\/03\/z6377096117602_84158d0d8cabc0431a8ddf55b7d3f314-600x800.jpg 600w, https:\/\/puttercorner.com\/wp-content\/uploads\/2025\/03\/z6377096117602_84158d0d8cabc0431a8ddf55b7d3f314-1000x1333.jpg 1000w, https:\/\/puttercorner.com\/wp-content\/uploads\/2025\/03\/z6377096117602_84158d0d8cabc0431a8ddf55b7d3f314-scaled.jpg 1920w\" data-sizes=\"(max-width: 768px) 100vw, 768px\" \/>\t\t\t\t\t\t\t\t\t\t\t\t\t\t\t<\/div>\n\t\t\t\t<\/div>\n\t\t\t\t<div class=\"elementor-element elementor-element-0429922 elementor-widget elementor-widget-image\" data-id=\"0429922\" data-element_type=\"widget\" data-widget_type=\"image.default\">\n\t\t\t\t<div class=\"elementor-widget-container\">\n\t\t\t\t\t\t\t\t\t\t\t\t\t\t\t<img loading=\"lazy\" decoding=\"async\" width=\"768\" height=\"1024\" src=\"data:image\/svg+xml,%3Csvg%20xmlns%3D&#39;http%3A%2F%2Fwww.w3.org%2F2000%2Fsvg&#39;%20width=&#39;768&#39;%20height=&#39;1024&#39;%20viewBox%3D&#39;0%200%20768%201024&#39;%2F%3E\" data-czlz data-src=\"https:\/\/puttercorner.com\/wp-content\/uploads\/2025\/03\/z6377096101656_bef30cd7b256ac891c3803506d9d953b-768x1024.jpg\" class=\"attachment-large size-large wp-image-2073\" alt=\"\" data-srcset=\"https:\/\/puttercorner.com\/wp-content\/uploads\/2025\/03\/z6377096101656_bef30cd7b256ac891c3803506d9d953b-768x1024.jpg 768w, https:\/\/puttercorner.com\/wp-content\/uploads\/2025\/03\/z6377096101656_bef30cd7b256ac891c3803506d9d953b-225x300.jpg 225w, https:\/\/puttercorner.com\/wp-content\/uploads\/2025\/03\/z6377096101656_bef30cd7b256ac891c3803506d9d953b-1152x1536.jpg 1152w, https:\/\/puttercorner.com\/wp-content\/uploads\/2025\/03\/z6377096101656_bef30cd7b256ac891c3803506d9d953b-1536x2048.jpg 1536w, https:\/\/puttercorner.com\/wp-content\/uploads\/2025\/03\/z6377096101656_bef30cd7b256ac891c3803506d9d953b-9x12.jpg 9w, https:\/\/puttercorner.com\/wp-content\/uploads\/2025\/03\/z6377096101656_bef30cd7b256ac891c3803506d9d953b-600x800.jpg 600w, https:\/\/puttercorner.com\/wp-content\/uploads\/2025\/03\/z6377096101656_bef30cd7b256ac891c3803506d9d953b-1000x1333.jpg 1000w, https:\/\/puttercorner.com\/wp-content\/uploads\/2025\/03\/z6377096101656_bef30cd7b256ac891c3803506d9d953b-scaled.jpg 1920w\" data-sizes=\"(max-width: 768px) 100vw, 768px\" \/>\t\t\t\t\t\t\t\t\t\t\t\t\t\t\t<\/div>\n\t\t\t\t<\/div>\n\t\t\t\t<div class=\"elementor-element elementor-element-dd2117a elementor-widget elementor-widget-image\" data-id=\"dd2117a\" data-element_type=\"widget\" data-widget_type=\"image.default\">\n\t\t\t\t<div class=\"elementor-widget-container\">\n\t\t\t\t\t\t\t\t\t\t\t\t\t\t\t<img loading=\"lazy\" decoding=\"async\" width=\"768\" height=\"1024\" src=\"data:image\/svg+xml,%3Csvg%20xmlns%3D&#39;http%3A%2F%2Fwww.w3.org%2F2000%2Fsvg&#39;%20width=&#39;768&#39;%20height=&#39;1024&#39;%20viewBox%3D&#39;0%200%20768%201024&#39;%2F%3E\" data-czlz data-src=\"https:\/\/puttercorner.com\/wp-content\/uploads\/2025\/03\/z6377096101909_45174c855b55491399feacd53b448f42-768x1024.jpg\" class=\"attachment-large size-large wp-image-2074\" alt=\"\" data-srcset=\"https:\/\/puttercorner.com\/wp-content\/uploads\/2025\/03\/z6377096101909_45174c855b55491399feacd53b448f42-768x1024.jpg 768w, https:\/\/puttercorner.com\/wp-content\/uploads\/2025\/03\/z6377096101909_45174c855b55491399feacd53b448f42-225x300.jpg 225w, https:\/\/puttercorner.com\/wp-content\/uploads\/2025\/03\/z6377096101909_45174c855b55491399feacd53b448f42-1152x1536.jpg 1152w, https:\/\/puttercorner.com\/wp-content\/uploads\/2025\/03\/z6377096101909_45174c855b55491399feacd53b448f42-1536x2048.jpg 1536w, https:\/\/puttercorner.com\/wp-content\/uploads\/2025\/03\/z6377096101909_45174c855b55491399feacd53b448f42-9x12.jpg 9w, https:\/\/puttercorner.com\/wp-content\/uploads\/2025\/03\/z6377096101909_45174c855b55491399feacd53b448f42-600x800.jpg 600w, https:\/\/puttercorner.com\/wp-content\/uploads\/2025\/03\/z6377096101909_45174c855b55491399feacd53b448f42-1000x1333.jpg 1000w, https:\/\/puttercorner.com\/wp-content\/uploads\/2025\/03\/z6377096101909_45174c855b55491399feacd53b448f42-scaled.jpg 1920w\" data-sizes=\"(max-width: 768px) 100vw, 768px\" \/>\t\t\t\t\t\t\t\t\t\t\t\t\t\t\t<\/div>\n\t\t\t\t<\/div>\n\t\t\t\t\t<\/div>\n\t\t\t\t<\/div>\n\t\t\t\t<\/div>","protected":false},"excerpt":{"rendered":"","protected":false},"author":1,"featured_media":0,"parent":0,"menu_order":0,"comment_status":"closed","ping_status":"closed","template":"","meta":{"footnotes":""},"class_list":["post-2069","page","type-page","status-publish","hentry"],"yoast_head":"<!-- This site is optimized with the Yoast SEO plugin v24.8.1 - https:\/\/yoast.com\/wordpress\/plugins\/seo\/ -->\n<title>\u0110\u1ed4I GRIP - Puttercorner.com<\/title>\n<meta name=\"robots\" content=\"index, follow, max-snippet:-1, max-image-preview:large, max-video-preview:-1\" \/>\n<link rel=\"canonical\" href=\"https:\/\/puttercorner.com\/en\/hai-tay-cam\/\" \/>\n<meta property=\"og:locale\" content=\"en_US\" \/>\n<meta property=\"og:type\" content=\"article\" \/>\n<meta property=\"og:title\" content=\"\u0110\u1ed4I GRIP - Puttercorner.com\" \/>\n<meta property=\"og:url\" content=\"https:\/\/puttercorner.com\/en\/hai-tay-cam\/\" \/>\n<meta property=\"og:site_name\" content=\"Puttercorner.com\" \/>\n<meta property=\"article:publisher\" content=\"https:\/\/www.facebook.com\/people\/Putter-Corner\/61569123132539\/\" \/>\n<meta property=\"article:modified_time\" content=\"2025-03-20T09:19:28+00:00\" \/>\n<meta property=\"og:image\" content=\"https:\/\/puttercorner.com\/wp-content\/uploads\/2025\/03\/482008876_122122971806637437_8390810066301167872_n-768x1024.jpg\" \/>\n<meta name=\"twitter:card\" content=\"summary_large_image\" \/>\n<script type=\"application\/ld+json\" class=\"yoast-schema-graph\">{\"@context\":\"https:\/\/schema.org\",\"@graph\":[{\"@type\":\"WebPage\",\"@id\":\"https:\/\/puttercorner.com\/hai-tay-cam\/\",\"url\":\"https:\/\/puttercorner.com\/hai-tay-cam\/\",\"name\":\"\u0110\u1ed4I GRIP - Puttercorner.com\",\"isPartOf\":{\"@id\":\"https:\/\/puttercorner.com\/#website\"},\"primaryImageOfPage\":{\"@id\":\"https:\/\/puttercorner.com\/hai-tay-cam\/#primaryimage\"},\"image\":{\"@id\":\"https:\/\/puttercorner.com\/hai-tay-cam\/#primaryimage\"},\"thumbnailUrl\":\"https:\/\/puttercorner.com\/wp-content\/uploads\/2025\/03\/482008876_122122971806637437_8390810066301167872_n-768x1024.jpg\",\"datePublished\":\"2025-03-20T08:53:12+00:00\",\"dateModified\":\"2025-03-20T09:19:28+00:00\",\"breadcrumb\":{\"@id\":\"https:\/\/puttercorner.com\/hai-tay-cam\/#breadcrumb\"},\"inLanguage\":\"en-US\",\"potentialAction\":[{\"@type\":\"ReadAction\",\"target\":[\"https:\/\/puttercorner.com\/hai-tay-cam\/\"]}]},{\"@type\":\"ImageObject\",\"inLanguage\":\"en-US\",\"@id\":\"https:\/\/puttercorner.com\/hai-tay-cam\/#primaryimage\",\"url\":\"https:\/\/puttercorner.com\/wp-content\/uploads\/2025\/03\/482008876_122122971806637437_8390810066301167872_n-768x1024.jpg\",\"contentUrl\":\"https:\/\/puttercorner.com\/wp-content\/uploads\/2025\/03\/482008876_122122971806637437_8390810066301167872_n-768x1024.jpg\"},{\"@type\":\"BreadcrumbList\",\"@id\":\"https:\/\/puttercorner.com\/hai-tay-cam\/#breadcrumb\",\"itemListElement\":[{\"@type\":\"ListItem\",\"position\":1,\"name\":\"Home\",\"item\":\"https:\/\/puttercorner.com\/\"},{\"@type\":\"ListItem\",\"position\":2,\"name\":\"\u0110\u1ed4I GRIP\"}]},{\"@type\":\"WebSite\",\"@id\":\"https:\/\/puttercorner.com\/#website\",\"url\":\"https:\/\/puttercorner.com\/\",\"name\":\"Putter Corner - \u0111\u01a1n v\u1ecb \u0111\u1ea7u ti\u00ean t\u1ea1i Vi\u1ec7t Nam chuy\u00ean v\u1ec1 d\u1ecbch v\u1ee5 t\u00e2n trang v\u00e0 c\u00e1 nh\u00e2n h\u00f3a g\u1eady golf.\",\"description\":\"\u0110\u01a1n v\u1ecb \u0111\u1ea7u ti\u00ean t\u1ea1i Vi\u1ec7t Nam chuy\u00ean v\u1ec1 d\u1ecbch v\u1ee5 t\u00e2n trang v\u00e0 c\u00e1 nh\u00e2n h\u00f3a g\u1eady golf.\",\"publisher\":{\"@id\":\"https:\/\/puttercorner.com\/#organization\"},\"potentialAction\":[{\"@type\":\"SearchAction\",\"target\":{\"@type\":\"EntryPoint\",\"urlTemplate\":\"https:\/\/puttercorner.com\/?s={search_term_string}\"},\"query-input\":{\"@type\":\"PropertyValueSpecification\",\"valueRequired\":true,\"valueName\":\"search_term_string\"}}],\"inLanguage\":\"en-US\"},{\"@type\":\"Organization\",\"@id\":\"https:\/\/puttercorner.com\/#organization\",\"name\":\"Putter Corner\",\"url\":\"https:\/\/puttercorner.com\/\",\"logo\":{\"@type\":\"ImageObject\",\"inLanguage\":\"en-US\",\"@id\":\"https:\/\/puttercorner.com\/#\/schema\/logo\/image\/\",\"url\":\"https:\/\/puttercorner.com\/wp-content\/uploads\/2025\/03\/logo50-1.png\",\"contentUrl\":\"https:\/\/puttercorner.com\/wp-content\/uploads\/2025\/03\/logo50-1.png\",\"width\":2300,\"height\":500,\"caption\":\"Putter Corner\"},\"image\":{\"@id\":\"https:\/\/puttercorner.com\/#\/schema\/logo\/image\/\"},\"sameAs\":[\"https:\/\/www.facebook.com\/people\/Putter-Corner\/61569123132539\/\"]}]}<\/script>\n<!-- \/ Yoast SEO plugin. -->","yoast_head_json":{"title":"\u0110\u1ed4I GRIP - Puttercorner.com","robots":{"index":"index","follow":"follow","max-snippet":"max-snippet:-1","max-image-preview":"max-image-preview:large","max-video-preview":"max-video-preview:-1"},"canonical":"https:\/\/puttercorner.com\/en\/hai-tay-cam\/","og_locale":"en_US","og_type":"article","og_title":"\u0110\u1ed4I GRIP - Puttercorner.com","og_url":"https:\/\/puttercorner.com\/en\/hai-tay-cam\/","og_site_name":"Puttercorner.com","article_publisher":"https:\/\/www.facebook.com\/people\/Putter-Corner\/61569123132539\/","article_modified_time":"2025-03-20T09:19:28+00:00","og_image":[{"url":"https:\/\/puttercorner.com\/wp-content\/uploads\/2025\/03\/482008876_122122971806637437_8390810066301167872_n-768x1024.jpg","type":"","width":"","height":""}],"twitter_card":"summary_large_image","schema":{"@context":"https:\/\/schema.org","@graph":[{"@type":"WebPage","@id":"https:\/\/puttercorner.com\/hai-tay-cam\/","url":"https:\/\/puttercorner.com\/hai-tay-cam\/","name":"\u0110\u1ed4I GRIP - Puttercorner.com","isPartOf":{"@id":"https:\/\/puttercorner.com\/#website"},"primaryImageOfPage":{"@id":"https:\/\/puttercorner.com\/hai-tay-cam\/#primaryimage"},"image":{"@id":"https:\/\/puttercorner.com\/hai-tay-cam\/#primaryimage"},"thumbnailUrl":"https:\/\/puttercorner.com\/wp-content\/uploads\/2025\/03\/482008876_122122971806637437_8390810066301167872_n-768x1024.jpg","datePublished":"2025-03-20T08:53:12+00:00","dateModified":"2025-03-20T09:19:28+00:00","breadcrumb":{"@id":"https:\/\/puttercorner.com\/hai-tay-cam\/#breadcrumb"},"inLanguage":"en-US","potentialAction":[{"@type":"ReadAction","target":["https:\/\/puttercorner.com\/hai-tay-cam\/"]}]},{"@type":"ImageObject","inLanguage":"en-US","@id":"https:\/\/puttercorner.com\/hai-tay-cam\/#primaryimage","url":"https:\/\/puttercorner.com\/wp-content\/uploads\/2025\/03\/482008876_122122971806637437_8390810066301167872_n-768x1024.jpg","contentUrl":"https:\/\/puttercorner.com\/wp-content\/uploads\/2025\/03\/482008876_122122971806637437_8390810066301167872_n-768x1024.jpg"},{"@type":"BreadcrumbList","@id":"https:\/\/puttercorner.com\/hai-tay-cam\/#breadcrumb","itemListElement":[{"@type":"ListItem","position":1,"name":"Home","item":"https:\/\/puttercorner.com\/"},{"@type":"ListItem","position":2,"name":"\u0110\u1ed4I GRIP"}]},{"@type":"WebSite","@id":"https:\/\/puttercorner.com\/#website","url":"https:\/\/puttercorner.com\/","name":"Putter Corner - \u0111\u01a1n v\u1ecb \u0111\u1ea7u ti\u00ean t\u1ea1i Vi\u1ec7t Nam chuy\u00ean v\u1ec1 d\u1ecbch v\u1ee5 t\u00e2n trang v\u00e0 c\u00e1 nh\u00e2n h\u00f3a g\u1eady golf.","description":"\u0110\u01a1n v\u1ecb \u0111\u1ea7u ti\u00ean t\u1ea1i Vi\u1ec7t Nam chuy\u00ean v\u1ec1 d\u1ecbch v\u1ee5 t\u00e2n trang v\u00e0 c\u00e1 nh\u00e2n h\u00f3a g\u1eady golf.","publisher":{"@id":"https:\/\/puttercorner.com\/#organization"},"potentialAction":[{"@type":"SearchAction","target":{"@type":"EntryPoint","urlTemplate":"https:\/\/puttercorner.com\/?s={search_term_string}"},"query-input":{"@type":"PropertyValueSpecification","valueRequired":true,"valueName":"search_term_string"}}],"inLanguage":"en-US"},{"@type":"Organization","@id":"https:\/\/puttercorner.com\/#organization","name":"Putter Corner","url":"https:\/\/puttercorner.com\/","logo":{"@type":"ImageObject","inLanguage":"en-US","@id":"https:\/\/puttercorner.com\/#\/schema\/logo\/image\/","url":"https:\/\/puttercorner.com\/wp-content\/uploads\/2025\/03\/logo50-1.png","contentUrl":"https:\/\/puttercorner.com\/wp-content\/uploads\/2025\/03\/logo50-1.png","width":2300,"height":500,"caption":"Putter Corner"},"image":{"@id":"https:\/\/puttercorner.com\/#\/schema\/logo\/image\/"},"sameAs":["https:\/\/www.facebook.com\/people\/Putter-Corner\/61569123132539\/"]}]}},"_links":{"self":[{"href":"https:\/\/puttercorner.com\/en\/wp-json\/wp\/v2\/pages\/2069","targetHints":{"allow":["GET"]}}],"collection":[{"href":"https:\/\/puttercorner.com\/en\/wp-json\/wp\/v2\/pages"}],"about":[{"href":"https:\/\/puttercorner.com\/en\/wp-json\/wp\/v2\/types\/page"}],"author":[{"embeddable":true,"href":"https:\/\/puttercorner.com\/en\/wp-json\/wp\/v2\/users\/1"}],"replies":[{"embeddable":true,"href":"https:\/\/puttercorner.com\/en\/wp-json\/wp\/v2\/comments?post=2069"}],"version-history":[{"count":5,"href":"https:\/\/puttercorner.com\/en\/wp-json\/wp\/v2\/pages\/2069\/revisions"}],"predecessor-version":[{"id":2079,"href":"https:\/\/puttercorner.com\/en\/wp-json\/wp\/v2\/pages\/2069\/revisions\/2079"}],"wp:attachment":[{"href":"https:\/\/puttercorner.com\/en\/wp-json\/wp\/v2\/media?parent=2069"}],"curies":[{"name":"wp","href":"https:\/\/api.w.org\/{rel}","templated":true}]}}