{"id":2015,"date":"2025-03-20T08:55:37","date_gmt":"2025-03-20T01:55:37","guid":{"rendered":"https:\/\/puttercorner.com\/?page_id=2015"},"modified":"2025-04-03T16:35:05","modified_gmt":"2025-04-03T09:35:05","slug":"son","status":"publish","type":"page","link":"https:\/\/puttercorner.com\/en\/son\/","title":{"rendered":"S\u01a0N"},"content":{"rendered":"<div data-elementor-type=\"wp-page\" data-elementor-id=\"2015\" class=\"elementor elementor-2015\">\n\t\t\t\t<div class=\"elementor-element elementor-element-2818b095 e-flex e-con-boxed e-con e-parent\" data-id=\"2818b095\" data-element_type=\"container\">\n\t\t\t\t\t<div class=\"e-con-inner\">\n\t\t\t\t<div class=\"elementor-element elementor-element-48c13ad5 elementor-widget elementor-widget-text-editor\" data-id=\"48c13ad5\" data-element_type=\"widget\" data-widget_type=\"text-editor.default\">\n\t\t\t\t<div class=\"elementor-widget-container\">\n\t\t\t\t\t\t\t\t\t<p>Gi\u1edbi Thi\u1ec7u V\u1ec1 Ch\u00fang T\u00f4i<br \/>Ch\u00e0o m\u1eebng b\u1ea1n \u0111\u1ebfn v\u1edbi Putter Corner &#8211; \u0111\u01a1n v\u1ecb \u0111\u1ea7u ti\u00ean t\u1ea1i Vi\u1ec7t Nam chuy\u00ean v\u1ec1 d\u1ecbch v\u1ee5 t\u00e2n trang v\u00e0 c\u00e1 nh\u00e2n h\u00f3a g\u1eady golf. Ch\u00fang t\u00f4i chuy\u00ean ph\u1ee5c h\u1ed3i, l\u00e0m m\u1edbi v\u00e0 t\u00f9y ch\u1ec9nh g\u1eady golf, \u0111\u1eb7c bi\u1ec7t l\u00e0 g\u1eady putter v\u00e0 wedge, gi\u00fap m\u1ed7i chi\u1ebfc g\u1eady kh\u00f4ng ch\u1ec9 \u0111\u1ea1t hi\u1ec7u su\u1ea5t t\u1ed1i \u01b0u m\u00e0 c\u00f2n th\u1ec3 hi\u1ec7n c\u00e1 t\u00ednh ri\u00eang c\u1ee7a ch\u1ee7 s\u1edf h\u1eefu.<br \/>S\u1ee9 M\u1ec7nh C\u1ee7a Ch\u00fang T\u00f4i<br \/>Putter Corner (PC), ch\u00fang t\u00f4i tin r\u1eb1ng m\u1ed7i golfer x\u1ee9ng \u0111\u00e1ng c\u00f3 nh\u1eefng c\u00e2y g\u1eady mang \u0111\u1eadm d\u1ea5u \u1ea5n c\u00e1 nh\u00e2n. D\u00f9 b\u1ea1n mu\u1ed1n ph\u1ee5c h\u1ed3i m\u1ed9t c\u00e2y g\u1eady y\u00eau th\u00edch hay t\u00f9y ch\u1ec9nh thi\u1ebft k\u1ebf theo phong c\u00e1ch ri\u00eang, \u0111\u1ed9i ng\u0169 c\u1ee7a ch\u00fang t\u00f4i lu\u00f4n s\u1eb5n s\u00e0ng bi\u1ebfn \u00fd t\u01b0\u1edfng c\u1ee7a b\u1ea1n th\u00e0nh hi\u1ec7n th\u1ef1c.<br \/>D\u1ecbch V\u1ee5 C\u1ee7a Ch\u00fang T\u00f4i<br \/>\u2022 T\u00e2n Trang G\u1eady Golf: Kh\u00f4i ph\u1ee5c g\u1eady c\u0169, l\u00e0m m\u1edbi di\u1ec7n m\u1ea1o v\u00e0 c\u1ea3i thi\u1ec7n hi\u1ec7u su\u1ea5t s\u1eed d\u1ee5ng.<br \/>\u2022 C\u00e1 Nh\u00e2n H\u00f3a &amp; T\u00f9y Ch\u1ec9nh: Thi\u1ebft k\u1ebf m\u00e0u s\u1eafc, thay th\u1ebf ferru c\u00e1ch \u0111i\u1ec7u, kh\u1eafc t\u00ean, logo ho\u1eb7c h\u1ecda ti\u1ebft theo y\u00eau c\u1ea7u \u0111\u1ec3 t\u1ea1o d\u1ea5u \u1ea5n ri\u00eang.<br \/>\u2022 Thay Grip &amp; Shaft: C\u1ea3i thi\u1ec7n c\u1ea3m gi\u00e1c c\u1ea7m g\u1eady v\u00e0 hi\u1ec7u su\u1ea5t \u0111\u00e1nh b\u00f3ng v\u1edbi c\u00e1c t\u00f9y ch\u1ecdn shaft v\u00e0 grip cao c\u1ea5p.<br \/>\u2022 Ho\u00e0n Thi\u1ec7n B\u1ec1 M\u1eb7t: L\u1edbp ph\u1ee7 \u0111\u1ed9c \u0111\u00e1o nh\u01b0 \u0111en m\u1edd, satin, ho\u1eb7c c\u00e1c l\u1edbp ho\u00e0n thi\u1ec7n theo phong c\u00e1ch tour chuy\u00ean nghi\u1ec7p. V\u1edbi ch\u1ea5t li\u1ec7u s\u01a1n g\u1ed1m Cerakote t\u1eeb M\u1ef9 s\u1ebd gi\u00fap ch\u1ea5t l\u01b0\u1ee3ng s\u1ea3n ph\u1ea9m \u0111\u01b0\u1ee3c t\u1ed1i \u01b0u h\u01a1n.<br \/>\u2022 Ch\u1ec9nh S\u1eeda &amp; L\u00e0m L\u1ea1i R\u00e3nh G\u1eady: Kh\u00f4i ph\u1ee5c m\u1eb7t g\u1eady, r\u00e3nh v\u00e0 th\u1ea9m m\u1ef9 t\u1ed5ng th\u1ec3 \u0111\u1ec3 g\u1eady tr\u00f4ng nh\u01b0 m\u1edbi.<br \/>M\u1ed7i c\u00e2y g\u1eady \u0111\u1ec1u c\u00f3 m\u1ed9t c\u00e2u chuy\u1ec7n ri\u00eang. D\u00f9 b\u1ea1n mu\u1ed1n ph\u1ee5c h\u1ed3i m\u1ed9t c\u00e2y putter k\u1ef7 ni\u1ec7m, n\u00e2ng c\u1ea5p thi\u1ebft b\u1ecb hay t\u1ea1o ra m\u1ed9t thi\u1ebft k\u1ebf \u0111\u1ed9c \u0111\u00e1o, ch\u00fang t\u00f4i s\u1ebd gi\u00fap b\u1ea1n th\u1ef1c hi\u1ec7n. V\u1edbi tay ngh\u1ec1 chuy\u00ean nghi\u1ec7p, v\u1eadt li\u1ec7u cao c\u1ea5p v\u00e0 s\u1ef1 t\u1ec9 m\u1ec9 trong t\u1eebng chi ti\u1ebft, ch\u00fang t\u00f4i \u0111\u1ea3m b\u1ea3o g\u1eady c\u1ee7a b\u1ea1n s\u1ebd \u0111\u01b0\u1ee3c ch\u0103m s\u00f3c t\u1ed1t nh\u1ea5t.<br \/>Ch\u00fang t\u00f4i t\u1ef1 h\u00e0o l\u00e0 \u0111\u01a1n v\u1ecb ti\u00ean phong trong l\u0129nh v\u1ef1c c\u00e1 nh\u00e2n h\u00f3a g\u1eady golf t\u1ea1i Vi\u1ec7t Nam v\u00e0 lu\u00f4n cam k\u1ebft mang \u0111\u1ebfn tr\u1ea3i nghi\u1ec7m t\u1ed1t nh\u1ea5t cho golfer.<br \/>H\u00e3y \u0111\u1ec3 ch\u00fang t\u00f4i gi\u00fap b\u1ea1n mang \u0111\u1ebfn di\u1ec7n m\u1ea1o m\u1edbi cho b\u1ed9 g\u1eady\u2014b\u1edfi v\u00ec m\u1ed7i golfer \u0111\u1ec1u x\u1ee9ng \u0111\u00e1ng c\u00f3 m\u1ed9t b\u1ed9 g\u1eady \u0111\u1ed9c nh\u1ea5t.<br \/>Li\u00ean h\u1ec7 ngay v\u1edbi ch\u00fang t\u00f4i \u0111\u1ec3 b\u1eaft \u0111\u1ea7u h\u00e0nh tr\u00ecnh c\u00e1 nh\u00e2n h\u00f3a c\u1ee7a b\u1ea1n!<\/p><p><img fetchpriority=\"high\" decoding=\"async\" class=\"alignnone wp-image-2471 size-large\" src=\"data:image\/svg+xml,%3Csvg%20xmlns%3D&#39;http%3A%2F%2Fwww.w3.org%2F2000%2Fsvg&#39;%20width=&#39;1024&#39;%20height=&#39;1024&#39;%20viewBox%3D&#39;0%200%201024%201024&#39;%2F%3E\" data-czlz data-src=\"https:\/\/puttercorner.com\/wp-content\/uploads\/2025\/04\/z6431030595860_29e6fd548d8a45c38b4e40b3c708262c-1024x1024.jpg\" alt=\"\" width=\"1024\" height=\"1024\" \/> <img decoding=\"async\" class=\"alignnone wp-image-2470 size-large\" src=\"data:image\/svg+xml,%3Csvg%20xmlns%3D&#39;http%3A%2F%2Fwww.w3.org%2F2000%2Fsvg&#39;%20width=&#39;1024&#39;%20height=&#39;1024&#39;%20viewBox%3D&#39;0%200%201024%201024&#39;%2F%3E\" data-czlz data-src=\"https:\/\/puttercorner.com\/wp-content\/uploads\/2025\/04\/z6431019943553_dafa25aff2a611289acc921b285456c6-1024x1024.jpg\" alt=\"\" width=\"1024\" height=\"1024\" \/> <img decoding=\"async\" class=\"alignnone wp-image-2469 size-large\" src=\"data:image\/svg+xml,%3Csvg%20xmlns%3D&#39;http%3A%2F%2Fwww.w3.org%2F2000%2Fsvg&#39;%20width=&#39;1024&#39;%20height=&#39;1024&#39;%20viewBox%3D&#39;0%200%201024%201024&#39;%2F%3E\" data-czlz data-src=\"https:\/\/puttercorner.com\/wp-content\/uploads\/2025\/04\/z6430558351115_f496b007d48d5e319981520821e4c53b-1024x1024.jpg\" alt=\"\" width=\"1024\" height=\"1024\" \/> <img loading=\"lazy\" decoding=\"async\" class=\"alignnone wp-image-2468 size-large\" src=\"data:image\/svg+xml,%3Csvg%20xmlns%3D&#39;http%3A%2F%2Fwww.w3.org%2F2000%2Fsvg&#39;%20width=&#39;1024&#39;%20height=&#39;1024&#39;%20viewBox%3D&#39;0%200%201024%201024&#39;%2F%3E\" data-czlz data-src=\"https:\/\/puttercorner.com\/wp-content\/uploads\/2025\/04\/z6430558344019_3cc9e130d40bc2ae59bb0dcde77b45a0-1024x1024.jpg\" alt=\"\" width=\"1024\" height=\"1024\" \/> <img loading=\"lazy\" decoding=\"async\" class=\"alignnone wp-image-2467 size-large\" src=\"data:image\/svg+xml,%3Csvg%20xmlns%3D&#39;http%3A%2F%2Fwww.w3.org%2F2000%2Fsvg&#39;%20width=&#39;1024&#39;%20height=&#39;1024&#39;%20viewBox%3D&#39;0%200%201024%201024&#39;%2F%3E\" data-czlz data-src=\"https:\/\/puttercorner.com\/wp-content\/uploads\/2025\/04\/z6430558327845_734ffa2eb3a77d90e3ab53b4c80b50ae-1024x1024.jpg\" alt=\"\" width=\"1024\" height=\"1024\" \/> <img loading=\"lazy\" decoding=\"async\" class=\"alignnone wp-image-2466 size-large\" src=\"data:image\/svg+xml,%3Csvg%20xmlns%3D&#39;http%3A%2F%2Fwww.w3.org%2F2000%2Fsvg&#39;%20width=&#39;1024&#39;%20height=&#39;1024&#39;%20viewBox%3D&#39;0%200%201024%201024&#39;%2F%3E\" data-czlz data-src=\"https:\/\/puttercorner.com\/wp-content\/uploads\/2025\/04\/z6430558327569_6cc606fe2c6bb9ea090ea9b708372d1b-1024x1024.jpg\" alt=\"\" width=\"1024\" height=\"1024\" \/> <img loading=\"lazy\" decoding=\"async\" class=\"alignnone wp-image-2464 size-large\" src=\"data:image\/svg+xml,%3Csvg%20xmlns%3D&#39;http%3A%2F%2Fwww.w3.org%2F2000%2Fsvg&#39;%20width=&#39;1024&#39;%20height=&#39;1024&#39;%20viewBox%3D&#39;0%200%201024%201024&#39;%2F%3E\" data-czlz data-src=\"https:\/\/puttercorner.com\/wp-content\/uploads\/2025\/04\/z6424942972678_692e010943cbf286e4470ead3abdadad-1024x1024.jpg\" alt=\"\" width=\"1024\" height=\"1024\" \/> <img loading=\"lazy\" decoding=\"async\" class=\"alignnone wp-image-2472 size-large\" src=\"data:image\/svg+xml,%3Csvg%20xmlns%3D&#39;http%3A%2F%2Fwww.w3.org%2F2000%2Fsvg&#39;%20width=&#39;1024&#39;%20height=&#39;1024&#39;%20viewBox%3D&#39;0%200%201024%201024&#39;%2F%3E\" data-czlz data-src=\"https:\/\/puttercorner.com\/wp-content\/uploads\/2025\/04\/z6431521691759_d776495dc41b19646c4cdfb555d61851-1024x1024.jpg\" alt=\"\" width=\"1024\" height=\"1024\" \/><\/p>\t\t\t\t\t\t\t\t<\/div>\n\t\t\t\t<\/div>\n\t\t\t\t\t<\/div>\n\t\t\t\t<\/div>\n\t\t\t\t<\/div>","protected":false},"excerpt":{"rendered":"<p>Gi\u1edbi Thi\u1ec7u V\u1ec1 Ch\u00fang T\u00f4iCh\u00e0o m\u1eebng b\u1ea1n \u0111\u1ebfn v\u1edbi Putter Corner &#8230; <\/p>","protected":false},"author":1,"featured_media":0,"parent":0,"menu_order":0,"comment_status":"closed","ping_status":"closed","template":"","meta":{"footnotes":""},"class_list":["post-2015","page","type-page","status-publish","hentry"],"yoast_head":"<!-- This site is optimized with the Yoast SEO plugin v24.8.1 - https:\/\/yoast.com\/wordpress\/plugins\/seo\/ -->\n<title>S\u01a0N - Puttercorner.com<\/title>\n<meta name=\"robots\" content=\"index, follow, max-snippet:-1, max-image-preview:large, max-video-preview:-1\" \/>\n<link rel=\"canonical\" href=\"https:\/\/puttercorner.com\/en\/son\/\" \/>\n<meta property=\"og:locale\" content=\"en_US\" \/>\n<meta property=\"og:type\" content=\"article\" \/>\n<meta property=\"og:title\" content=\"S\u01a0N - Puttercorner.com\" \/>\n<meta property=\"og:description\" content=\"Gi\u1edbi Thi\u1ec7u V\u1ec1 Ch\u00fang T\u00f4iCh\u00e0o m\u1eebng b\u1ea1n \u0111\u1ebfn v\u1edbi Putter Corner ...\" \/>\n<meta property=\"og:url\" content=\"https:\/\/puttercorner.com\/en\/son\/\" \/>\n<meta property=\"og:site_name\" content=\"Puttercorner.com\" \/>\n<meta property=\"article:publisher\" content=\"https:\/\/www.facebook.com\/people\/Putter-Corner\/61569123132539\/\" \/>\n<meta property=\"article:modified_time\" content=\"2025-04-03T09:35:05+00:00\" \/>\n<meta property=\"og:image\" content=\"https:\/\/puttercorner.com\/wp-content\/uploads\/2025\/04\/z6431030595860_29e6fd548d8a45c38b4e40b3c708262c-1024x1024.jpg\" \/>\n<meta name=\"twitter:card\" content=\"summary_large_image\" \/>\n<meta name=\"twitter:label1\" content=\"Est. reading time\" \/>\n\t<meta name=\"twitter:data1\" content=\"3 minutes\" \/>\n<script type=\"application\/ld+json\" class=\"yoast-schema-graph\">{\"@context\":\"https:\/\/schema.org\",\"@graph\":[{\"@type\":\"WebPage\",\"@id\":\"https:\/\/puttercorner.com\/son\/\",\"url\":\"https:\/\/puttercorner.com\/son\/\",\"name\":\"S\u01a0N - Puttercorner.com\",\"isPartOf\":{\"@id\":\"https:\/\/puttercorner.com\/#website\"},\"primaryImageOfPage\":{\"@id\":\"https:\/\/puttercorner.com\/son\/#primaryimage\"},\"image\":{\"@id\":\"https:\/\/puttercorner.com\/son\/#primaryimage\"},\"thumbnailUrl\":\"https:\/\/puttercorner.com\/wp-content\/uploads\/2025\/04\/z6431030595860_29e6fd548d8a45c38b4e40b3c708262c-1024x1024.jpg\",\"datePublished\":\"2025-03-20T01:55:37+00:00\",\"dateModified\":\"2025-04-03T09:35:05+00:00\",\"breadcrumb\":{\"@id\":\"https:\/\/puttercorner.com\/son\/#breadcrumb\"},\"inLanguage\":\"en-US\",\"potentialAction\":[{\"@type\":\"ReadAction\",\"target\":[\"https:\/\/puttercorner.com\/son\/\"]}]},{\"@type\":\"ImageObject\",\"inLanguage\":\"en-US\",\"@id\":\"https:\/\/puttercorner.com\/son\/#primaryimage\",\"url\":\"https:\/\/puttercorner.com\/wp-content\/uploads\/2025\/04\/z6431030595860_29e6fd548d8a45c38b4e40b3c708262c-1024x1024.jpg\",\"contentUrl\":\"https:\/\/puttercorner.com\/wp-content\/uploads\/2025\/04\/z6431030595860_29e6fd548d8a45c38b4e40b3c708262c-1024x1024.jpg\"},{\"@type\":\"BreadcrumbList\",\"@id\":\"https:\/\/puttercorner.com\/son\/#breadcrumb\",\"itemListElement\":[{\"@type\":\"ListItem\",\"position\":1,\"name\":\"Home\",\"item\":\"https:\/\/puttercorner.com\/\"},{\"@type\":\"ListItem\",\"position\":2,\"name\":\"S\u01a0N\"}]},{\"@type\":\"WebSite\",\"@id\":\"https:\/\/puttercorner.com\/#website\",\"url\":\"https:\/\/puttercorner.com\/\",\"name\":\"Putter Corner - \u0111\u01a1n v\u1ecb \u0111\u1ea7u ti\u00ean t\u1ea1i Vi\u1ec7t Nam chuy\u00ean v\u1ec1 d\u1ecbch v\u1ee5 t\u00e2n trang v\u00e0 c\u00e1 nh\u00e2n h\u00f3a g\u1eady golf.\",\"description\":\"\u0110\u01a1n v\u1ecb \u0111\u1ea7u ti\u00ean t\u1ea1i Vi\u1ec7t Nam chuy\u00ean v\u1ec1 d\u1ecbch v\u1ee5 t\u00e2n trang v\u00e0 c\u00e1 nh\u00e2n h\u00f3a g\u1eady golf.\",\"publisher\":{\"@id\":\"https:\/\/puttercorner.com\/#organization\"},\"potentialAction\":[{\"@type\":\"SearchAction\",\"target\":{\"@type\":\"EntryPoint\",\"urlTemplate\":\"https:\/\/puttercorner.com\/?s={search_term_string}\"},\"query-input\":{\"@type\":\"PropertyValueSpecification\",\"valueRequired\":true,\"valueName\":\"search_term_string\"}}],\"inLanguage\":\"en-US\"},{\"@type\":\"Organization\",\"@id\":\"https:\/\/puttercorner.com\/#organization\",\"name\":\"Putter Corner\",\"url\":\"https:\/\/puttercorner.com\/\",\"logo\":{\"@type\":\"ImageObject\",\"inLanguage\":\"en-US\",\"@id\":\"https:\/\/puttercorner.com\/#\/schema\/logo\/image\/\",\"url\":\"https:\/\/puttercorner.com\/wp-content\/uploads\/2025\/03\/logo50-1.png\",\"contentUrl\":\"https:\/\/puttercorner.com\/wp-content\/uploads\/2025\/03\/logo50-1.png\",\"width\":2300,\"height\":500,\"caption\":\"Putter Corner\"},\"image\":{\"@id\":\"https:\/\/puttercorner.com\/#\/schema\/logo\/image\/\"},\"sameAs\":[\"https:\/\/www.facebook.com\/people\/Putter-Corner\/61569123132539\/\"]}]}<\/script>\n<!-- \/ Yoast SEO plugin. -->","yoast_head_json":{"title":"S\u01a0N - Puttercorner.com","robots":{"index":"index","follow":"follow","max-snippet":"max-snippet:-1","max-image-preview":"max-image-preview:large","max-video-preview":"max-video-preview:-1"},"canonical":"https:\/\/puttercorner.com\/en\/son\/","og_locale":"en_US","og_type":"article","og_title":"S\u01a0N - Puttercorner.com","og_description":"Gi\u1edbi Thi\u1ec7u V\u1ec1 Ch\u00fang T\u00f4iCh\u00e0o m\u1eebng b\u1ea1n \u0111\u1ebfn v\u1edbi Putter Corner ...","og_url":"https:\/\/puttercorner.com\/en\/son\/","og_site_name":"Puttercorner.com","article_publisher":"https:\/\/www.facebook.com\/people\/Putter-Corner\/61569123132539\/","article_modified_time":"2025-04-03T09:35:05+00:00","og_image":[{"url":"https:\/\/puttercorner.com\/wp-content\/uploads\/2025\/04\/z6431030595860_29e6fd548d8a45c38b4e40b3c708262c-1024x1024.jpg","type":"","width":"","height":""}],"twitter_card":"summary_large_image","twitter_misc":{"Est. reading time":"3 minutes"},"schema":{"@context":"https:\/\/schema.org","@graph":[{"@type":"WebPage","@id":"https:\/\/puttercorner.com\/son\/","url":"https:\/\/puttercorner.com\/son\/","name":"S\u01a0N - Puttercorner.com","isPartOf":{"@id":"https:\/\/puttercorner.com\/#website"},"primaryImageOfPage":{"@id":"https:\/\/puttercorner.com\/son\/#primaryimage"},"image":{"@id":"https:\/\/puttercorner.com\/son\/#primaryimage"},"thumbnailUrl":"https:\/\/puttercorner.com\/wp-content\/uploads\/2025\/04\/z6431030595860_29e6fd548d8a45c38b4e40b3c708262c-1024x1024.jpg","datePublished":"2025-03-20T01:55:37+00:00","dateModified":"2025-04-03T09:35:05+00:00","breadcrumb":{"@id":"https:\/\/puttercorner.com\/son\/#breadcrumb"},"inLanguage":"en-US","potentialAction":[{"@type":"ReadAction","target":["https:\/\/puttercorner.com\/son\/"]}]},{"@type":"ImageObject","inLanguage":"en-US","@id":"https:\/\/puttercorner.com\/son\/#primaryimage","url":"https:\/\/puttercorner.com\/wp-content\/uploads\/2025\/04\/z6431030595860_29e6fd548d8a45c38b4e40b3c708262c-1024x1024.jpg","contentUrl":"https:\/\/puttercorner.com\/wp-content\/uploads\/2025\/04\/z6431030595860_29e6fd548d8a45c38b4e40b3c708262c-1024x1024.jpg"},{"@type":"BreadcrumbList","@id":"https:\/\/puttercorner.com\/son\/#breadcrumb","itemListElement":[{"@type":"ListItem","position":1,"name":"Home","item":"https:\/\/puttercorner.com\/"},{"@type":"ListItem","position":2,"name":"S\u01a0N"}]},{"@type":"WebSite","@id":"https:\/\/puttercorner.com\/#website","url":"https:\/\/puttercorner.com\/","name":"Putter Corner - \u0111\u01a1n v\u1ecb \u0111\u1ea7u ti\u00ean t\u1ea1i Vi\u1ec7t Nam chuy\u00ean v\u1ec1 d\u1ecbch v\u1ee5 t\u00e2n trang v\u00e0 c\u00e1 nh\u00e2n h\u00f3a g\u1eady golf.","description":"\u0110\u01a1n v\u1ecb \u0111\u1ea7u ti\u00ean t\u1ea1i Vi\u1ec7t Nam chuy\u00ean v\u1ec1 d\u1ecbch v\u1ee5 t\u00e2n trang v\u00e0 c\u00e1 nh\u00e2n h\u00f3a g\u1eady golf.","publisher":{"@id":"https:\/\/puttercorner.com\/#organization"},"potentialAction":[{"@type":"SearchAction","target":{"@type":"EntryPoint","urlTemplate":"https:\/\/puttercorner.com\/?s={search_term_string}"},"query-input":{"@type":"PropertyValueSpecification","valueRequired":true,"valueName":"search_term_string"}}],"inLanguage":"en-US"},{"@type":"Organization","@id":"https:\/\/puttercorner.com\/#organization","name":"Putter Corner","url":"https:\/\/puttercorner.com\/","logo":{"@type":"ImageObject","inLanguage":"en-US","@id":"https:\/\/puttercorner.com\/#\/schema\/logo\/image\/","url":"https:\/\/puttercorner.com\/wp-content\/uploads\/2025\/03\/logo50-1.png","contentUrl":"https:\/\/puttercorner.com\/wp-content\/uploads\/2025\/03\/logo50-1.png","width":2300,"height":500,"caption":"Putter Corner"},"image":{"@id":"https:\/\/puttercorner.com\/#\/schema\/logo\/image\/"},"sameAs":["https:\/\/www.facebook.com\/people\/Putter-Corner\/61569123132539\/"]}]}},"_links":{"self":[{"href":"https:\/\/puttercorner.com\/en\/wp-json\/wp\/v2\/pages\/2015","targetHints":{"allow":["GET"]}}],"collection":[{"href":"https:\/\/puttercorner.com\/en\/wp-json\/wp\/v2\/pages"}],"about":[{"href":"https:\/\/puttercorner.com\/en\/wp-json\/wp\/v2\/types\/page"}],"author":[{"embeddable":true,"href":"https:\/\/puttercorner.com\/en\/wp-json\/wp\/v2\/users\/1"}],"replies":[{"embeddable":true,"href":"https:\/\/puttercorner.com\/en\/wp-json\/wp\/v2\/comments?post=2015"}],"version-history":[{"count":8,"href":"https:\/\/puttercorner.com\/en\/wp-json\/wp\/v2\/pages\/2015\/revisions"}],"predecessor-version":[{"id":2558,"href":"https:\/\/puttercorner.com\/en\/wp-json\/wp\/v2\/pages\/2015\/revisions\/2558"}],"wp:attachment":[{"href":"https:\/\/puttercorner.com\/en\/wp-json\/wp\/v2\/media?parent=2015"}],"curies":[{"name":"wp","href":"https:\/\/api.w.org\/{rel}","templated":true}]}}