{"id":2000,"date":"2025-03-19T15:26:32","date_gmt":"2025-03-19T08:26:32","guid":{"rendered":"https:\/\/puttercorner.com\/?page_id=2000"},"modified":"2025-04-19T13:52:30","modified_gmt":"2025-04-19T06:52:30","slug":"phong-trung-bay","status":"publish","type":"page","link":"https:\/\/puttercorner.com\/en\/phong-trung-bay\/","title":{"rendered":"PH\u00d2NG TR\u01afNG B\u00c0Y"},"content":{"rendered":"<div data-elementor-type=\"wp-page\" data-elementor-id=\"2000\" class=\"elementor elementor-2000\">\n\t\t\t\t<div class=\"elementor-element elementor-element-8546973 e-flex e-con-boxed e-con e-parent\" data-id=\"8546973\" data-element_type=\"container\">\n\t\t\t\t\t<div class=\"e-con-inner\">\n\t\t\t\t<div class=\"elementor-element elementor-element-dc53e7f elementor-widget elementor-widget-heading\" data-id=\"dc53e7f\" data-element_type=\"widget\" data-widget_type=\"heading.default\">\n\t\t\t\t<div class=\"elementor-widget-container\">\n\t\t\t\t\t<h2 class=\"elementor-heading-title elementor-size-default\">SCOTTY CAMERON<\/h2>\t\t\t\t<\/div>\n\t\t\t\t<\/div>\n\t\t\t\t\t<\/div>\n\t\t\t\t<\/div>\n\t\t<div class=\"elementor-element elementor-element-cb084e1 e-grid e-con-boxed e-con e-parent\" data-id=\"cb084e1\" data-element_type=\"container\">\n\t\t\t\t\t<div class=\"e-con-inner\">\n\t\t\t\t<div class=\"elementor-element elementor-element-764d6b4 elementor-widget elementor-widget-image\" data-id=\"764d6b4\" data-element_type=\"widget\" data-widget_type=\"image.default\">\n\t\t\t\t<div class=\"elementor-widget-container\">\n\t\t\t\t\t\t\t\t\t\t\t\t\t\t\t<img fetchpriority=\"high\" decoding=\"async\" width=\"1024\" height=\"1024\" src=\"data:image\/svg+xml,%3Csvg%20xmlns%3D&#39;http%3A%2F%2Fwww.w3.org%2F2000%2Fsvg&#39;%20width=&#39;1024&#39;%20height=&#39;1024&#39;%20viewBox%3D&#39;0%200%201024%201024&#39;%2F%3E\" data-czlz data-src=\"https:\/\/puttercorner.com\/wp-content\/uploads\/2019\/08\/z6310911036840_db9ef75f142bd5e8efc771cbb6e926b3-1024x1024.jpg\" class=\"attachment-large size-large wp-image-2138\" alt=\"\" data-srcset=\"https:\/\/puttercorner.com\/wp-content\/uploads\/2019\/08\/z6310911036840_db9ef75f142bd5e8efc771cbb6e926b3-1024x1024.jpg 1024w, https:\/\/puttercorner.com\/wp-content\/uploads\/2019\/08\/z6310911036840_db9ef75f142bd5e8efc771cbb6e926b3-300x300.jpg 300w, https:\/\/puttercorner.com\/wp-content\/uploads\/2019\/08\/z6310911036840_db9ef75f142bd5e8efc771cbb6e926b3-150x150.jpg 150w, https:\/\/puttercorner.com\/wp-content\/uploads\/2019\/08\/z6310911036840_db9ef75f142bd5e8efc771cbb6e926b3-768x768.jpg 768w, https:\/\/puttercorner.com\/wp-content\/uploads\/2019\/08\/z6310911036840_db9ef75f142bd5e8efc771cbb6e926b3-1536x1536.jpg 1536w, https:\/\/puttercorner.com\/wp-content\/uploads\/2019\/08\/z6310911036840_db9ef75f142bd5e8efc771cbb6e926b3-2048x2048.jpg 2048w, https:\/\/puttercorner.com\/wp-content\/uploads\/2019\/08\/z6310911036840_db9ef75f142bd5e8efc771cbb6e926b3-12x12.jpg 12w, https:\/\/puttercorner.com\/wp-content\/uploads\/2019\/08\/z6310911036840_db9ef75f142bd5e8efc771cbb6e926b3-600x600.jpg 600w, https:\/\/puttercorner.com\/wp-content\/uploads\/2019\/08\/z6310911036840_db9ef75f142bd5e8efc771cbb6e926b3-1000x1000.jpg 1000w, https:\/\/puttercorner.com\/wp-content\/uploads\/2019\/08\/z6310911036840_db9ef75f142bd5e8efc771cbb6e926b3-100x100.jpg 100w\" data-sizes=\"(max-width: 1024px) 100vw, 1024px\" \/>\t\t\t\t\t\t\t\t\t\t\t\t\t\t\t<\/div>\n\t\t\t\t<\/div>\n\t\t\t\t<div class=\"elementor-element elementor-element-662105d elementor-widget elementor-widget-image\" data-id=\"662105d\" data-element_type=\"widget\" data-widget_type=\"image.default\">\n\t\t\t\t<div class=\"elementor-widget-container\">\n\t\t\t\t\t\t\t\t\t\t\t\t\t\t\t<img decoding=\"async\" width=\"1024\" height=\"1024\" src=\"data:image\/svg+xml,%3Csvg%20xmlns%3D&#39;http%3A%2F%2Fwww.w3.org%2F2000%2Fsvg&#39;%20width=&#39;1024&#39;%20height=&#39;1024&#39;%20viewBox%3D&#39;0%200%201024%201024&#39;%2F%3E\" data-czlz data-src=\"https:\/\/puttercorner.com\/wp-content\/uploads\/2025\/03\/z6424942972678_692e010943cbf286e4470ead3abdadad-1024x1024.jpg\" class=\"attachment-large size-large wp-image-2050\" alt=\"\" data-srcset=\"https:\/\/puttercorner.com\/wp-content\/uploads\/2025\/03\/z6424942972678_692e010943cbf286e4470ead3abdadad-1024x1024.jpg 1024w, https:\/\/puttercorner.com\/wp-content\/uploads\/2025\/03\/z6424942972678_692e010943cbf286e4470ead3abdadad-300x300.jpg 300w, https:\/\/puttercorner.com\/wp-content\/uploads\/2025\/03\/z6424942972678_692e010943cbf286e4470ead3abdadad-150x150.jpg 150w, https:\/\/puttercorner.com\/wp-content\/uploads\/2025\/03\/z6424942972678_692e010943cbf286e4470ead3abdadad-768x768.jpg 768w, https:\/\/puttercorner.com\/wp-content\/uploads\/2025\/03\/z6424942972678_692e010943cbf286e4470ead3abdadad-12x12.jpg 12w, https:\/\/puttercorner.com\/wp-content\/uploads\/2025\/03\/z6424942972678_692e010943cbf286e4470ead3abdadad-600x600.jpg 600w, https:\/\/puttercorner.com\/wp-content\/uploads\/2025\/03\/z6424942972678_692e010943cbf286e4470ead3abdadad-1000x1000.jpg 1000w, https:\/\/puttercorner.com\/wp-content\/uploads\/2025\/03\/z6424942972678_692e010943cbf286e4470ead3abdadad-100x100.jpg 100w, https:\/\/puttercorner.com\/wp-content\/uploads\/2025\/03\/z6424942972678_692e010943cbf286e4470ead3abdadad.jpg 1280w\" data-sizes=\"(max-width: 1024px) 100vw, 1024px\" \/>\t\t\t\t\t\t\t\t\t\t\t\t\t\t\t<\/div>\n\t\t\t\t<\/div>\n\t\t\t\t<div class=\"elementor-element elementor-element-dc72dd8 elementor-widget elementor-widget-image\" data-id=\"dc72dd8\" data-element_type=\"widget\" data-widget_type=\"image.default\">\n\t\t\t\t<div class=\"elementor-widget-container\">\n\t\t\t\t\t\t\t\t\t\t\t\t\t\t\t<img decoding=\"async\" width=\"1024\" height=\"1024\" src=\"data:image\/svg+xml,%3Csvg%20xmlns%3D&#39;http%3A%2F%2Fwww.w3.org%2F2000%2Fsvg&#39;%20width=&#39;1024&#39;%20height=&#39;1024&#39;%20viewBox%3D&#39;0%200%201024%201024&#39;%2F%3E\" data-czlz data-src=\"https:\/\/puttercorner.com\/wp-content\/uploads\/2025\/03\/473999926_604149102264500_567901245967731301_n-1024x1024.jpg\" class=\"attachment-large size-large wp-image-2004\" alt=\"\" data-srcset=\"https:\/\/puttercorner.com\/wp-content\/uploads\/2025\/03\/473999926_604149102264500_567901245967731301_n-1024x1024.jpg 1024w, https:\/\/puttercorner.com\/wp-content\/uploads\/2025\/03\/473999926_604149102264500_567901245967731301_n-300x300.jpg 300w, https:\/\/puttercorner.com\/wp-content\/uploads\/2025\/03\/473999926_604149102264500_567901245967731301_n-150x150.jpg 150w, https:\/\/puttercorner.com\/wp-content\/uploads\/2025\/03\/473999926_604149102264500_567901245967731301_n-768x768.jpg 768w, https:\/\/puttercorner.com\/wp-content\/uploads\/2025\/03\/473999926_604149102264500_567901245967731301_n-1536x1536.jpg 1536w, https:\/\/puttercorner.com\/wp-content\/uploads\/2025\/03\/473999926_604149102264500_567901245967731301_n-12x12.jpg 12w, https:\/\/puttercorner.com\/wp-content\/uploads\/2025\/03\/473999926_604149102264500_567901245967731301_n-600x600.jpg 600w, https:\/\/puttercorner.com\/wp-content\/uploads\/2025\/03\/473999926_604149102264500_567901245967731301_n-1000x1000.jpg 1000w, https:\/\/puttercorner.com\/wp-content\/uploads\/2025\/03\/473999926_604149102264500_567901245967731301_n-100x100.jpg 100w, https:\/\/puttercorner.com\/wp-content\/uploads\/2025\/03\/473999926_604149102264500_567901245967731301_n.jpg 2048w\" data-sizes=\"(max-width: 1024px) 100vw, 1024px\" \/>\t\t\t\t\t\t\t\t\t\t\t\t\t\t\t<\/div>\n\t\t\t\t<\/div>\n\t\t\t\t\t<\/div>\n\t\t\t\t<\/div>\n\t\t<div class=\"elementor-element elementor-element-ace31fe e-flex e-con-boxed e-con e-parent\" data-id=\"ace31fe\" data-element_type=\"container\">\n\t\t\t\t\t<div class=\"e-con-inner\">\n\t\t\t\t<div class=\"elementor-element elementor-element-2af800b elementor-widget elementor-widget-heading\" data-id=\"2af800b\" data-element_type=\"widget\" data-widget_type=\"heading.default\">\n\t\t\t\t<div class=\"elementor-widget-container\">\n\t\t\t\t\t<h2 class=\"elementor-heading-title elementor-size-default\">TAYLORMADE<\/h2>\t\t\t\t<\/div>\n\t\t\t\t<\/div>\n\t\t\t\t\t<\/div>\n\t\t\t\t<\/div>\n\t\t<div class=\"elementor-element elementor-element-29e174e e-grid e-con-boxed e-con e-parent\" data-id=\"29e174e\" data-element_type=\"container\">\n\t\t\t\t\t<div class=\"e-con-inner\">\n\t\t\t\t<div class=\"elementor-element elementor-element-dcccd0a elementor-widget elementor-widget-image\" data-id=\"dcccd0a\" data-element_type=\"widget\" data-widget_type=\"image.default\">\n\t\t\t\t<div class=\"elementor-widget-container\">\n\t\t\t\t\t\t\t\t\t\t\t\t\t\t\t<img loading=\"lazy\" decoding=\"async\" width=\"1024\" height=\"1024\" src=\"data:image\/svg+xml,%3Csvg%20xmlns%3D&#39;http%3A%2F%2Fwww.w3.org%2F2000%2Fsvg&#39;%20width=&#39;1024&#39;%20height=&#39;1024&#39;%20viewBox%3D&#39;0%200%201024%201024&#39;%2F%3E\" data-czlz data-src=\"https:\/\/puttercorner.com\/wp-content\/uploads\/2025\/03\/z6424942978061_d8dfe801260278a332dd755edb151270-1024x1024.jpg\" class=\"attachment-large size-large wp-image-2051\" alt=\"\" data-srcset=\"https:\/\/puttercorner.com\/wp-content\/uploads\/2025\/03\/z6424942978061_d8dfe801260278a332dd755edb151270-1024x1024.jpg 1024w, https:\/\/puttercorner.com\/wp-content\/uploads\/2025\/03\/z6424942978061_d8dfe801260278a332dd755edb151270-300x300.jpg 300w, https:\/\/puttercorner.com\/wp-content\/uploads\/2025\/03\/z6424942978061_d8dfe801260278a332dd755edb151270-150x150.jpg 150w, https:\/\/puttercorner.com\/wp-content\/uploads\/2025\/03\/z6424942978061_d8dfe801260278a332dd755edb151270-768x768.jpg 768w, https:\/\/puttercorner.com\/wp-content\/uploads\/2025\/03\/z6424942978061_d8dfe801260278a332dd755edb151270-1536x1536.jpg 1536w, https:\/\/puttercorner.com\/wp-content\/uploads\/2025\/03\/z6424942978061_d8dfe801260278a332dd755edb151270-2048x2048.jpg 2048w, https:\/\/puttercorner.com\/wp-content\/uploads\/2025\/03\/z6424942978061_d8dfe801260278a332dd755edb151270-12x12.jpg 12w, https:\/\/puttercorner.com\/wp-content\/uploads\/2025\/03\/z6424942978061_d8dfe801260278a332dd755edb151270-600x600.jpg 600w, https:\/\/puttercorner.com\/wp-content\/uploads\/2025\/03\/z6424942978061_d8dfe801260278a332dd755edb151270-1000x1000.jpg 1000w, https:\/\/puttercorner.com\/wp-content\/uploads\/2025\/03\/z6424942978061_d8dfe801260278a332dd755edb151270-100x100.jpg 100w\" data-sizes=\"(max-width: 1024px) 100vw, 1024px\" \/>\t\t\t\t\t\t\t\t\t\t\t\t\t\t\t<\/div>\n\t\t\t\t<\/div>\n\t\t\t\t<div class=\"elementor-element elementor-element-d9629d0 elementor-widget elementor-widget-image\" data-id=\"d9629d0\" data-element_type=\"widget\" data-widget_type=\"image.default\">\n\t\t\t\t<div class=\"elementor-widget-container\">\n\t\t\t\t\t\t\t\t\t\t\t\t\t\t\t<img loading=\"lazy\" decoding=\"async\" width=\"1024\" height=\"1024\" src=\"data:image\/svg+xml,%3Csvg%20xmlns%3D&#39;http%3A%2F%2Fwww.w3.org%2F2000%2Fsvg&#39;%20width=&#39;1024&#39;%20height=&#39;1024&#39;%20viewBox%3D&#39;0%200%201024%201024&#39;%2F%3E\" data-czlz data-src=\"https:\/\/puttercorner.com\/wp-content\/uploads\/2025\/03\/z6430558344019_3cc9e130d40bc2ae59bb0dcde77b45a0-1024x1024.jpg\" class=\"attachment-large size-large wp-image-2156\" alt=\"\" data-srcset=\"https:\/\/puttercorner.com\/wp-content\/uploads\/2025\/03\/z6430558344019_3cc9e130d40bc2ae59bb0dcde77b45a0-1024x1024.jpg 1024w, https:\/\/puttercorner.com\/wp-content\/uploads\/2025\/03\/z6430558344019_3cc9e130d40bc2ae59bb0dcde77b45a0-300x300.jpg 300w, https:\/\/puttercorner.com\/wp-content\/uploads\/2025\/03\/z6430558344019_3cc9e130d40bc2ae59bb0dcde77b45a0-150x150.jpg 150w, https:\/\/puttercorner.com\/wp-content\/uploads\/2025\/03\/z6430558344019_3cc9e130d40bc2ae59bb0dcde77b45a0-768x768.jpg 768w, https:\/\/puttercorner.com\/wp-content\/uploads\/2025\/03\/z6430558344019_3cc9e130d40bc2ae59bb0dcde77b45a0-1536x1536.jpg 1536w, https:\/\/puttercorner.com\/wp-content\/uploads\/2025\/03\/z6430558344019_3cc9e130d40bc2ae59bb0dcde77b45a0-2048x2048.jpg 2048w, https:\/\/puttercorner.com\/wp-content\/uploads\/2025\/03\/z6430558344019_3cc9e130d40bc2ae59bb0dcde77b45a0-12x12.jpg 12w, https:\/\/puttercorner.com\/wp-content\/uploads\/2025\/03\/z6430558344019_3cc9e130d40bc2ae59bb0dcde77b45a0-600x600.jpg 600w, https:\/\/puttercorner.com\/wp-content\/uploads\/2025\/03\/z6430558344019_3cc9e130d40bc2ae59bb0dcde77b45a0-1000x1000.jpg 1000w, https:\/\/puttercorner.com\/wp-content\/uploads\/2025\/03\/z6430558344019_3cc9e130d40bc2ae59bb0dcde77b45a0-100x100.jpg 100w\" data-sizes=\"(max-width: 1024px) 100vw, 1024px\" \/>\t\t\t\t\t\t\t\t\t\t\t\t\t\t\t<\/div>\n\t\t\t\t<\/div>\n\t\t\t\t<div class=\"elementor-element elementor-element-70755c6 elementor-widget elementor-widget-image\" data-id=\"70755c6\" data-element_type=\"widget\" data-widget_type=\"image.default\">\n\t\t\t\t<div class=\"elementor-widget-container\">\n\t\t\t\t\t\t\t\t\t\t\t\t\t\t\t<img loading=\"lazy\" decoding=\"async\" width=\"1024\" height=\"1024\" src=\"data:image\/svg+xml,%3Csvg%20xmlns%3D&#39;http%3A%2F%2Fwww.w3.org%2F2000%2Fsvg&#39;%20width=&#39;1024&#39;%20height=&#39;1024&#39;%20viewBox%3D&#39;0%200%201024%201024&#39;%2F%3E\" data-czlz data-src=\"https:\/\/puttercorner.com\/wp-content\/uploads\/2025\/03\/z6430558327845_734ffa2eb3a77d90e3ab53b4c80b50ae-1024x1024.jpg\" class=\"attachment-large size-large wp-image-2155\" alt=\"\" data-srcset=\"https:\/\/puttercorner.com\/wp-content\/uploads\/2025\/03\/z6430558327845_734ffa2eb3a77d90e3ab53b4c80b50ae-1024x1024.jpg 1024w, https:\/\/puttercorner.com\/wp-content\/uploads\/2025\/03\/z6430558327845_734ffa2eb3a77d90e3ab53b4c80b50ae-300x300.jpg 300w, https:\/\/puttercorner.com\/wp-content\/uploads\/2025\/03\/z6430558327845_734ffa2eb3a77d90e3ab53b4c80b50ae-150x150.jpg 150w, https:\/\/puttercorner.com\/wp-content\/uploads\/2025\/03\/z6430558327845_734ffa2eb3a77d90e3ab53b4c80b50ae-768x768.jpg 768w, https:\/\/puttercorner.com\/wp-content\/uploads\/2025\/03\/z6430558327845_734ffa2eb3a77d90e3ab53b4c80b50ae-12x12.jpg 12w, https:\/\/puttercorner.com\/wp-content\/uploads\/2025\/03\/z6430558327845_734ffa2eb3a77d90e3ab53b4c80b50ae-600x600.jpg 600w, https:\/\/puttercorner.com\/wp-content\/uploads\/2025\/03\/z6430558327845_734ffa2eb3a77d90e3ab53b4c80b50ae-1000x1000.jpg 1000w, https:\/\/puttercorner.com\/wp-content\/uploads\/2025\/03\/z6430558327845_734ffa2eb3a77d90e3ab53b4c80b50ae-100x100.jpg 100w, https:\/\/puttercorner.com\/wp-content\/uploads\/2025\/03\/z6430558327845_734ffa2eb3a77d90e3ab53b4c80b50ae.jpg 1280w\" data-sizes=\"(max-width: 1024px) 100vw, 1024px\" \/>\t\t\t\t\t\t\t\t\t\t\t\t\t\t\t<\/div>\n\t\t\t\t<\/div>\n\t\t\t\t\t<\/div>\n\t\t\t\t<\/div>\n\t\t\t\t<\/div>","protected":false},"excerpt":{"rendered":"<p>SCOTTY CAMERON TAYLORMADE &#8230; <\/p>","protected":false},"author":1,"featured_media":0,"parent":0,"menu_order":0,"comment_status":"closed","ping_status":"closed","template":"","meta":{"footnotes":""},"class_list":["post-2000","page","type-page","status-publish","hentry"],"yoast_head":"<!-- This site is optimized with the Yoast SEO plugin v24.8.1 - https:\/\/yoast.com\/wordpress\/plugins\/seo\/ -->\n<title>PH\u00d2NG TR\u01afNG B\u00c0Y - Puttercorner.com<\/title>\n<meta name=\"robots\" content=\"index, follow, max-snippet:-1, max-image-preview:large, max-video-preview:-1\" \/>\n<link rel=\"canonical\" href=\"https:\/\/puttercorner.com\/en\/phong-trung-bay\/\" \/>\n<meta property=\"og:locale\" content=\"en_US\" \/>\n<meta property=\"og:type\" content=\"article\" \/>\n<meta property=\"og:title\" content=\"PH\u00d2NG TR\u01afNG B\u00c0Y - Puttercorner.com\" \/>\n<meta property=\"og:description\" content=\"SCOTTY CAMERON TAYLORMADE ...\" \/>\n<meta property=\"og:url\" content=\"https:\/\/puttercorner.com\/en\/phong-trung-bay\/\" \/>\n<meta property=\"og:site_name\" content=\"Puttercorner.com\" \/>\n<meta property=\"article:publisher\" content=\"https:\/\/www.facebook.com\/people\/Putter-Corner\/61569123132539\/\" \/>\n<meta property=\"article:modified_time\" content=\"2025-04-19T06:52:30+00:00\" \/>\n<meta property=\"og:image\" content=\"https:\/\/puttercorner.com\/wp-content\/uploads\/2019\/08\/z6310911036840_db9ef75f142bd5e8efc771cbb6e926b3.jpg\" \/>\n\t<meta property=\"og:image:width\" content=\"2560\" \/>\n\t<meta property=\"og:image:height\" content=\"2560\" \/>\n\t<meta property=\"og:image:type\" content=\"image\/jpeg\" \/>\n<meta name=\"twitter:card\" content=\"summary_large_image\" \/>\n<meta name=\"twitter:label1\" content=\"Est. reading time\" \/>\n\t<meta name=\"twitter:data1\" content=\"2 minutes\" \/>\n<script type=\"application\/ld+json\" class=\"yoast-schema-graph\">{\"@context\":\"https:\/\/schema.org\",\"@graph\":[{\"@type\":\"WebPage\",\"@id\":\"https:\/\/puttercorner.com\/phong-trung-bay\/\",\"url\":\"https:\/\/puttercorner.com\/phong-trung-bay\/\",\"name\":\"PH\u00d2NG TR\u01afNG B\u00c0Y - Puttercorner.com\",\"isPartOf\":{\"@id\":\"https:\/\/puttercorner.com\/#website\"},\"primaryImageOfPage\":{\"@id\":\"https:\/\/puttercorner.com\/phong-trung-bay\/#primaryimage\"},\"image\":{\"@id\":\"https:\/\/puttercorner.com\/phong-trung-bay\/#primaryimage\"},\"thumbnailUrl\":\"https:\/\/puttercorner.com\/wp-content\/uploads\/2019\/08\/z6310911036840_db9ef75f142bd5e8efc771cbb6e926b3-1024x1024.jpg\",\"datePublished\":\"2025-03-19T08:26:32+00:00\",\"dateModified\":\"2025-04-19T06:52:30+00:00\",\"breadcrumb\":{\"@id\":\"https:\/\/puttercorner.com\/phong-trung-bay\/#breadcrumb\"},\"inLanguage\":\"en-US\",\"potentialAction\":[{\"@type\":\"ReadAction\",\"target\":[\"https:\/\/puttercorner.com\/phong-trung-bay\/\"]}]},{\"@type\":\"ImageObject\",\"inLanguage\":\"en-US\",\"@id\":\"https:\/\/puttercorner.com\/phong-trung-bay\/#primaryimage\",\"url\":\"https:\/\/puttercorner.com\/wp-content\/uploads\/2019\/08\/z6310911036840_db9ef75f142bd5e8efc771cbb6e926b3-1024x1024.jpg\",\"contentUrl\":\"https:\/\/puttercorner.com\/wp-content\/uploads\/2019\/08\/z6310911036840_db9ef75f142bd5e8efc771cbb6e926b3-1024x1024.jpg\"},{\"@type\":\"BreadcrumbList\",\"@id\":\"https:\/\/puttercorner.com\/phong-trung-bay\/#breadcrumb\",\"itemListElement\":[{\"@type\":\"ListItem\",\"position\":1,\"name\":\"Home\",\"item\":\"https:\/\/puttercorner.com\/\"},{\"@type\":\"ListItem\",\"position\":2,\"name\":\"PH\u00d2NG TR\u01afNG B\u00c0Y\"}]},{\"@type\":\"WebSite\",\"@id\":\"https:\/\/puttercorner.com\/#website\",\"url\":\"https:\/\/puttercorner.com\/\",\"name\":\"Putter Corner - \u0111\u01a1n v\u1ecb \u0111\u1ea7u ti\u00ean t\u1ea1i Vi\u1ec7t Nam chuy\u00ean v\u1ec1 d\u1ecbch v\u1ee5 t\u00e2n trang v\u00e0 c\u00e1 nh\u00e2n h\u00f3a g\u1eady golf.\",\"description\":\"\u0110\u01a1n v\u1ecb \u0111\u1ea7u ti\u00ean t\u1ea1i Vi\u1ec7t Nam chuy\u00ean v\u1ec1 d\u1ecbch v\u1ee5 t\u00e2n trang v\u00e0 c\u00e1 nh\u00e2n h\u00f3a g\u1eady golf.\",\"publisher\":{\"@id\":\"https:\/\/puttercorner.com\/#organization\"},\"potentialAction\":[{\"@type\":\"SearchAction\",\"target\":{\"@type\":\"EntryPoint\",\"urlTemplate\":\"https:\/\/puttercorner.com\/?s={search_term_string}\"},\"query-input\":{\"@type\":\"PropertyValueSpecification\",\"valueRequired\":true,\"valueName\":\"search_term_string\"}}],\"inLanguage\":\"en-US\"},{\"@type\":\"Organization\",\"@id\":\"https:\/\/puttercorner.com\/#organization\",\"name\":\"Putter Corner\",\"url\":\"https:\/\/puttercorner.com\/\",\"logo\":{\"@type\":\"ImageObject\",\"inLanguage\":\"en-US\",\"@id\":\"https:\/\/puttercorner.com\/#\/schema\/logo\/image\/\",\"url\":\"https:\/\/puttercorner.com\/wp-content\/uploads\/2025\/03\/logo50-1.png\",\"contentUrl\":\"https:\/\/puttercorner.com\/wp-content\/uploads\/2025\/03\/logo50-1.png\",\"width\":2300,\"height\":500,\"caption\":\"Putter Corner\"},\"image\":{\"@id\":\"https:\/\/puttercorner.com\/#\/schema\/logo\/image\/\"},\"sameAs\":[\"https:\/\/www.facebook.com\/people\/Putter-Corner\/61569123132539\/\"]}]}<\/script>\n<!-- \/ Yoast SEO plugin. -->","yoast_head_json":{"title":"PH\u00d2NG TR\u01afNG B\u00c0Y - Puttercorner.com","robots":{"index":"index","follow":"follow","max-snippet":"max-snippet:-1","max-image-preview":"max-image-preview:large","max-video-preview":"max-video-preview:-1"},"canonical":"https:\/\/puttercorner.com\/en\/phong-trung-bay\/","og_locale":"en_US","og_type":"article","og_title":"PH\u00d2NG TR\u01afNG B\u00c0Y - Puttercorner.com","og_description":"SCOTTY CAMERON TAYLORMADE ...","og_url":"https:\/\/puttercorner.com\/en\/phong-trung-bay\/","og_site_name":"Puttercorner.com","article_publisher":"https:\/\/www.facebook.com\/people\/Putter-Corner\/61569123132539\/","article_modified_time":"2025-04-19T06:52:30+00:00","og_image":[{"width":2560,"height":2560,"url":"https:\/\/puttercorner.com\/wp-content\/uploads\/2019\/08\/z6310911036840_db9ef75f142bd5e8efc771cbb6e926b3.jpg","type":"image\/jpeg"}],"twitter_card":"summary_large_image","twitter_misc":{"Est. reading time":"2 minutes"},"schema":{"@context":"https:\/\/schema.org","@graph":[{"@type":"WebPage","@id":"https:\/\/puttercorner.com\/phong-trung-bay\/","url":"https:\/\/puttercorner.com\/phong-trung-bay\/","name":"PH\u00d2NG TR\u01afNG B\u00c0Y - Puttercorner.com","isPartOf":{"@id":"https:\/\/puttercorner.com\/#website"},"primaryImageOfPage":{"@id":"https:\/\/puttercorner.com\/phong-trung-bay\/#primaryimage"},"image":{"@id":"https:\/\/puttercorner.com\/phong-trung-bay\/#primaryimage"},"thumbnailUrl":"https:\/\/puttercorner.com\/wp-content\/uploads\/2019\/08\/z6310911036840_db9ef75f142bd5e8efc771cbb6e926b3-1024x1024.jpg","datePublished":"2025-03-19T08:26:32+00:00","dateModified":"2025-04-19T06:52:30+00:00","breadcrumb":{"@id":"https:\/\/puttercorner.com\/phong-trung-bay\/#breadcrumb"},"inLanguage":"en-US","potentialAction":[{"@type":"ReadAction","target":["https:\/\/puttercorner.com\/phong-trung-bay\/"]}]},{"@type":"ImageObject","inLanguage":"en-US","@id":"https:\/\/puttercorner.com\/phong-trung-bay\/#primaryimage","url":"https:\/\/puttercorner.com\/wp-content\/uploads\/2019\/08\/z6310911036840_db9ef75f142bd5e8efc771cbb6e926b3-1024x1024.jpg","contentUrl":"https:\/\/puttercorner.com\/wp-content\/uploads\/2019\/08\/z6310911036840_db9ef75f142bd5e8efc771cbb6e926b3-1024x1024.jpg"},{"@type":"BreadcrumbList","@id":"https:\/\/puttercorner.com\/phong-trung-bay\/#breadcrumb","itemListElement":[{"@type":"ListItem","position":1,"name":"Home","item":"https:\/\/puttercorner.com\/"},{"@type":"ListItem","position":2,"name":"PH\u00d2NG TR\u01afNG B\u00c0Y"}]},{"@type":"WebSite","@id":"https:\/\/puttercorner.com\/#website","url":"https:\/\/puttercorner.com\/","name":"Putter Corner - \u0111\u01a1n v\u1ecb \u0111\u1ea7u ti\u00ean t\u1ea1i Vi\u1ec7t Nam chuy\u00ean v\u1ec1 d\u1ecbch v\u1ee5 t\u00e2n trang v\u00e0 c\u00e1 nh\u00e2n h\u00f3a g\u1eady golf.","description":"\u0110\u01a1n v\u1ecb \u0111\u1ea7u ti\u00ean t\u1ea1i Vi\u1ec7t Nam chuy\u00ean v\u1ec1 d\u1ecbch v\u1ee5 t\u00e2n trang v\u00e0 c\u00e1 nh\u00e2n h\u00f3a g\u1eady golf.","publisher":{"@id":"https:\/\/puttercorner.com\/#organization"},"potentialAction":[{"@type":"SearchAction","target":{"@type":"EntryPoint","urlTemplate":"https:\/\/puttercorner.com\/?s={search_term_string}"},"query-input":{"@type":"PropertyValueSpecification","valueRequired":true,"valueName":"search_term_string"}}],"inLanguage":"en-US"},{"@type":"Organization","@id":"https:\/\/puttercorner.com\/#organization","name":"Putter Corner","url":"https:\/\/puttercorner.com\/","logo":{"@type":"ImageObject","inLanguage":"en-US","@id":"https:\/\/puttercorner.com\/#\/schema\/logo\/image\/","url":"https:\/\/puttercorner.com\/wp-content\/uploads\/2025\/03\/logo50-1.png","contentUrl":"https:\/\/puttercorner.com\/wp-content\/uploads\/2025\/03\/logo50-1.png","width":2300,"height":500,"caption":"Putter Corner"},"image":{"@id":"https:\/\/puttercorner.com\/#\/schema\/logo\/image\/"},"sameAs":["https:\/\/www.facebook.com\/people\/Putter-Corner\/61569123132539\/"]}]}},"_links":{"self":[{"href":"https:\/\/puttercorner.com\/en\/wp-json\/wp\/v2\/pages\/2000","targetHints":{"allow":["GET"]}}],"collection":[{"href":"https:\/\/puttercorner.com\/en\/wp-json\/wp\/v2\/pages"}],"about":[{"href":"https:\/\/puttercorner.com\/en\/wp-json\/wp\/v2\/types\/page"}],"author":[{"embeddable":true,"href":"https:\/\/puttercorner.com\/en\/wp-json\/wp\/v2\/users\/1"}],"replies":[{"embeddable":true,"href":"https:\/\/puttercorner.com\/en\/wp-json\/wp\/v2\/comments?post=2000"}],"version-history":[{"count":13,"href":"https:\/\/puttercorner.com\/en\/wp-json\/wp\/v2\/pages\/2000\/revisions"}],"predecessor-version":[{"id":2799,"href":"https:\/\/puttercorner.com\/en\/wp-json\/wp\/v2\/pages\/2000\/revisions\/2799"}],"wp:attachment":[{"href":"https:\/\/puttercorner.com\/en\/wp-json\/wp\/v2\/media?parent=2000"}],"curies":[{"name":"wp","href":"https:\/\/api.w.org\/{rel}","templated":true}]}}